{"id":30400,"date":"2023-09-21T10:48:49","date_gmt":"2023-09-21T08:48:49","guid":{"rendered":"https:\/\/result.uit.no\/musicificium\/laerematerialer\/melodidiktater\/"},"modified":"2024-02-26T14:38:16","modified_gmt":"2024-02-26T13:38:16","slug":"melodidiktater","status":"publish","type":"page","link":"https:\/\/result.uit.no\/musicificium\/laerematerialer\/melodidiktater\/","title":{"rendered":"Melodidiktater"},"content":{"rendered":"<p>[et_pb_section fb_built=&#8221;1&#8243; admin_label=&#8221;section&#8221; _builder_version=&#8221;4.16&#8243; global_colors_info=&#8221;{}&#8221;][et_pb_row column_structure=&#8221;1_2,1_2&#8243; admin_label=&#8221;row&#8221; _builder_version=&#8221;4.16&#8243; background_size=&#8221;initial&#8221; background_position=&#8221;top_left&#8221; background_repeat=&#8221;repeat&#8221; global_colors_info=&#8221;{}&#8221;][et_pb_column type=&#8221;1_2&#8243; _builder_version=&#8221;4.16&#8243; custom_padding=&#8221;|||&#8221; global_colors_info=&#8221;{}&#8221; custom_padding__hover=&#8221;|||&#8221;][et_pb_text _builder_version=&#8221;4.24.2&#8243; _module_preset=&#8221;default&#8221; global_colors_info=&#8221;{}&#8221;]<\/p>\n<h1>Melodidiktater<\/h1>\n<hr \/>\n<div class=\"spot-content\">\n<h3>Melody dictations<\/h3>\n<\/div>\n<p>[\/et_pb_text][et_pb_text _builder_version=&#8221;4.24.2&#8243; text_font_size=&#8221;18&#8243; text_line_height=&#8221;1.8em&#8221; background_size=&#8221;initial&#8221; background_position=&#8221;top_left&#8221; background_repeat=&#8221;repeat&#8221; use_border_color=&#8221;off&#8221; border_color=&#8221;#ffffff&#8221; border_style=&#8221;solid&#8221; saved_tabs=&#8221;all&#8221; global_colors_info=&#8221;{}&#8221;]<\/p>\n<p>Her finner du en samling melodidiktater. Samlingen er under utarbeidelse og suppleres den n\u00e6rmeste tiden. Diktatene bygger p\u00e5 trinntallsmetodikk, men kan ogs\u00e5 brukes i arbeid med andre relative melodimetoder. Alt skriftlig oppgavemateriale kan lastes ned gratis og skrives ut.<\/p>\n<p>[\/et_pb_text][et_pb_toggle title=&#8221;English introduction&#8221; _builder_version=&#8221;4.24.2&#8243; _module_preset=&#8221;default&#8221; global_colors_info=&#8221;{}&#8221;]<\/p>\n<p><em>This module presents a collection of melody dictations. The collection is constantly being developed and updated. The dictations are based on the scale nubmer methodology, but can also be used with other relative melody methods. All written task materials can be downloaded for free and printed.<\/em><\/p>\n<p>[\/et_pb_toggle][\/et_pb_column][et_pb_column type=&#8221;1_2&#8243; _builder_version=&#8221;4.16&#8243; custom_padding=&#8221;|||&#8221; global_colors_info=&#8221;{}&#8221; custom_padding__hover=&#8221;|||&#8221;][et_pb_image src=&#8221;https:\/\/result.uit.no\/musicificium\/wp-content\/uploads\/sites\/35\/2023\/09\/Aurorabilde-Harmoniske-vendinger-2.jpg&#8221; title_text=&#8221;Aurorabilde Harmoniske vendinger 2&#8243; align=&#8221;right&#8221; align_tablet=&#8221;center&#8221; align_phone=&#8221;&#8221; align_last_edited=&#8221;on|desktop&#8221; _builder_version=&#8221;4.22.2&#8243; use_border_color=&#8221;off&#8221; border_color=&#8221;#ffffff&#8221; border_style=&#8221;solid&#8221; animation=&#8221;off&#8221; sticky=&#8221;off&#8221; global_colors_info=&#8221;{}&#8221;]&nbsp;<br \/>\n[\/et_pb_image][\/et_pb_column][\/et_pb_row][et_pb_row column_structure=&#8221;1_2,1_2&#8243; _builder_version=&#8221;4.22.1&#8243; _module_preset=&#8221;default&#8221; global_colors_info=&#8221;{}&#8221;][et_pb_column type=&#8221;1_2&#8243; _builder_version=&#8221;4.22.1&#8243; _module_preset=&#8221;default&#8221; global_colors_info=&#8221;{}&#8221;][et_pb_button button_url=&#8221;http:\/\/result.uit.no\/musicificium\/laerematerialer\/melodidiktater\/korte-diktater-uten-modulasjon\/&#8221; button_text=&#8221;Korte melodidiktater\/ Short melody dictations&#8221; _builder_version=&#8221;4.24.2&#8243; _module_preset=&#8221;default&#8221; hover_enabled=&#8221;0&#8243; global_colors_info=&#8221;{}&#8221; sticky_enabled=&#8221;0&#8243;][\/et_pb_button][et_pb_button button_url=&#8221;http:\/\/result.uit.no\/musicificium\/laerematerialer\/melodidiktater\/diktater-uten-modulasjon\/&#8221; url_new_window=&#8221;on&#8221; button_text=&#8221;Lengre diktater uten modulasjon\/ Longer melodies without modulation&#8221; _builder_version=&#8221;4.24.2&#8243; _module_preset=&#8221;default&#8221; global_colors_info=&#8221;{}&#8221;][\/et_pb_button][\/et_pb_column][et_pb_column type=&#8221;1_2&#8243; _builder_version=&#8221;4.23.1&#8243; _module_preset=&#8221;default&#8221; global_colors_info=&#8221;{}&#8221;][et_pb_button button_url=&#8221;http:\/\/result.uit.no\/musicificium\/laerematerialer\/melodidiktater\/diktater-i-durtonearter-med-modulasjon\/&#8221; button_text=&#8221;Diktater i durtonearter med modulasjon\/ Melodies in major keys with modulation&#8221; _builder_version=&#8221;4.24.2&#8243; _module_preset=&#8221;default&#8221; global_colors_info=&#8221;{}&#8221;][\/et_pb_button][et_pb_button button_url=&#8221;http:\/\/result.uit.no\/musicificium\/laerematerialer\/melodidiktater\/diktater-i-molltonearter-med-modulasjon\/&#8221; button_text=&#8221;Diktater i molltonearter med modulasjon\/ Melodies in minor keys with modulation&#8221; _builder_version=&#8221;4.24.2&#8243; _module_preset=&#8221;default&#8221; global_colors_info=&#8221;{}&#8221;][\/et_pb_button][\/et_pb_column][\/et_pb_row][\/et_pb_section]<\/p>\n","protected":false},"excerpt":{"rendered":"<p>Melodidiktater Melody dictations Her finner du en samling melodidiktater. Samlingen er under utarbeidelse og suppleres den n\u00e6rmeste tiden. Diktatene bygger p\u00e5 trinntallsmetodikk, men kan ogs\u00e5 brukes i arbeid med andre relative melodimetoder. Alt skriftlig oppgavemateriale kan lastes ned gratis og skrives ut.This module presents a collection of melody dictations. The collection is constantly being developed [&hellip;]<\/p>\n","protected":false},"author":856,"featured_media":0,"parent":24948,"menu_order":8,"comment_status":"closed","ping_status":"closed","template":"","meta":{"_et_pb_use_builder":"on","_et_pb_old_content":"","_et_gb_content_width":"","iawp_total_views":947,"footnotes":""},"class_list":["post-30400","page","type-page","status-publish","hentry"],"yoast_head":"<!-- This site is optimized with the Yoast SEO plugin v27.4 - https:\/\/yoast.com\/product\/yoast-seo-wordpress\/ -->\n<title>Melodidiktater - Musicificium<\/title>\n<meta name=\"robots\" content=\"index, follow, max-snippet:-1, max-image-preview:large, max-video-preview:-1\" \/>\n<link rel=\"canonical\" href=\"https:\/\/result.uit.no\/musicificium\/laerematerialer\/melodidiktater\/\" \/>\n<script type=\"application\/ld+json\" class=\"yoast-schema-graph\">{\"@context\":\"https:\\\/\\\/schema.org\",\"@graph\":[{\"@type\":\"WebPage\",\"@id\":\"https:\\\/\\\/result.uit.no\\\/musicificium\\\/laerematerialer\\\/melodidiktater\\\/\",\"url\":\"https:\\\/\\\/result.uit.no\\\/musicificium\\\/laerematerialer\\\/melodidiktater\\\/\",\"name\":\"Melodidiktater - Musicificium\",\"isPartOf\":{\"@id\":\"https:\\\/\\\/result.uit.no\\\/musicificium\\\/#website\"},\"datePublished\":\"2023-09-21T08:48:49+00:00\",\"dateModified\":\"2024-02-26T13:38:16+00:00\",\"breadcrumb\":{\"@id\":\"https:\\\/\\\/result.uit.no\\\/musicificium\\\/laerematerialer\\\/melodidiktater\\\/#breadcrumb\"},\"inLanguage\":\"en-GB\",\"potentialAction\":[{\"@type\":\"ReadAction\",\"target\":[\"https:\\\/\\\/result.uit.no\\\/musicificium\\\/laerematerialer\\\/melodidiktater\\\/\"]}]},{\"@type\":\"BreadcrumbList\",\"@id\":\"https:\\\/\\\/result.uit.no\\\/musicificium\\\/laerematerialer\\\/melodidiktater\\\/#breadcrumb\",\"itemListElement\":[{\"@type\":\"ListItem\",\"position\":1,\"name\":\"Home\",\"item\":\"https:\\\/\\\/result.uit.no\\\/musicificium\\\/\"},{\"@type\":\"ListItem\",\"position\":2,\"name\":\"Oppgavemateriale\",\"item\":\"https:\\\/\\\/result.uit.no\\\/musicificium\\\/laerematerialer\\\/\"},{\"@type\":\"ListItem\",\"position\":3,\"name\":\"Melodidiktater\"}]},{\"@type\":\"WebSite\",\"@id\":\"https:\\\/\\\/result.uit.no\\\/musicificium\\\/#website\",\"url\":\"https:\\\/\\\/result.uit.no\\\/musicificium\\\/\",\"name\":\"Musicificium\",\"description\":\"En inspirasjonsbank for geh\u00f8rundervisning!\",\"publisher\":{\"@id\":\"https:\\\/\\\/result.uit.no\\\/musicificium\\\/#organization\"},\"potentialAction\":[{\"@type\":\"SearchAction\",\"target\":{\"@type\":\"EntryPoint\",\"urlTemplate\":\"https:\\\/\\\/result.uit.no\\\/musicificium\\\/?s={search_term_string}\"},\"query-input\":{\"@type\":\"PropertyValueSpecification\",\"valueRequired\":true,\"valueName\":\"search_term_string\"}}],\"inLanguage\":\"en-GB\"},{\"@type\":\"Organization\",\"@id\":\"https:\\\/\\\/result.uit.no\\\/musicificium\\\/#organization\",\"name\":\"UiT\",\"url\":\"https:\\\/\\\/result.uit.no\\\/musicificium\\\/\",\"logo\":{\"@type\":\"ImageObject\",\"inLanguage\":\"en-GB\",\"@id\":\"https:\\\/\\\/result.uit.no\\\/musicificium\\\/#\\\/schema\\\/logo\\\/image\\\/\",\"url\":\"https:\\\/\\\/result.uit.no\\\/musicificium\\\/wp-content\\\/uploads\\\/sites\\\/35\\\/2024\\\/11\\\/UiT_Segl_Eng_Bla_960px.png\",\"contentUrl\":\"https:\\\/\\\/result.uit.no\\\/musicificium\\\/wp-content\\\/uploads\\\/sites\\\/35\\\/2024\\\/11\\\/UiT_Segl_Eng_Bla_960px.png\",\"width\":960,\"height\":960,\"caption\":\"UiT\"},\"image\":{\"@id\":\"https:\\\/\\\/result.uit.no\\\/musicificium\\\/#\\\/schema\\\/logo\\\/image\\\/\"}}]}<\/script>\n<!-- \/ Yoast SEO plugin. -->","yoast_head_json":{"title":"Melodidiktater - Musicificium","robots":{"index":"index","follow":"follow","max-snippet":"max-snippet:-1","max-image-preview":"max-image-preview:large","max-video-preview":"max-video-preview:-1"},"canonical":"https:\/\/result.uit.no\/musicificium\/laerematerialer\/melodidiktater\/","schema":{"@context":"https:\/\/schema.org","@graph":[{"@type":"WebPage","@id":"https:\/\/result.uit.no\/musicificium\/laerematerialer\/melodidiktater\/","url":"https:\/\/result.uit.no\/musicificium\/laerematerialer\/melodidiktater\/","name":"Melodidiktater - Musicificium","isPartOf":{"@id":"https:\/\/result.uit.no\/musicificium\/#website"},"datePublished":"2023-09-21T08:48:49+00:00","dateModified":"2024-02-26T13:38:16+00:00","breadcrumb":{"@id":"https:\/\/result.uit.no\/musicificium\/laerematerialer\/melodidiktater\/#breadcrumb"},"inLanguage":"en-GB","potentialAction":[{"@type":"ReadAction","target":["https:\/\/result.uit.no\/musicificium\/laerematerialer\/melodidiktater\/"]}]},{"@type":"BreadcrumbList","@id":"https:\/\/result.uit.no\/musicificium\/laerematerialer\/melodidiktater\/#breadcrumb","itemListElement":[{"@type":"ListItem","position":1,"name":"Home","item":"https:\/\/result.uit.no\/musicificium\/"},{"@type":"ListItem","position":2,"name":"Oppgavemateriale","item":"https:\/\/result.uit.no\/musicificium\/laerematerialer\/"},{"@type":"ListItem","position":3,"name":"Melodidiktater"}]},{"@type":"WebSite","@id":"https:\/\/result.uit.no\/musicificium\/#website","url":"https:\/\/result.uit.no\/musicificium\/","name":"Musicificium","description":"En inspirasjonsbank for geh\u00f8rundervisning!","publisher":{"@id":"https:\/\/result.uit.no\/musicificium\/#organization"},"potentialAction":[{"@type":"SearchAction","target":{"@type":"EntryPoint","urlTemplate":"https:\/\/result.uit.no\/musicificium\/?s={search_term_string}"},"query-input":{"@type":"PropertyValueSpecification","valueRequired":true,"valueName":"search_term_string"}}],"inLanguage":"en-GB"},{"@type":"Organization","@id":"https:\/\/result.uit.no\/musicificium\/#organization","name":"UiT","url":"https:\/\/result.uit.no\/musicificium\/","logo":{"@type":"ImageObject","inLanguage":"en-GB","@id":"https:\/\/result.uit.no\/musicificium\/#\/schema\/logo\/image\/","url":"https:\/\/result.uit.no\/musicificium\/wp-content\/uploads\/sites\/35\/2024\/11\/UiT_Segl_Eng_Bla_960px.png","contentUrl":"https:\/\/result.uit.no\/musicificium\/wp-content\/uploads\/sites\/35\/2024\/11\/UiT_Segl_Eng_Bla_960px.png","width":960,"height":960,"caption":"UiT"},"image":{"@id":"https:\/\/result.uit.no\/musicificium\/#\/schema\/logo\/image\/"}}]}},"_links":{"self":[{"href":"https:\/\/result.uit.no\/musicificium\/wp-json\/wp\/v2\/pages\/30400","targetHints":{"allow":["GET"]}}],"collection":[{"href":"https:\/\/result.uit.no\/musicificium\/wp-json\/wp\/v2\/pages"}],"about":[{"href":"https:\/\/result.uit.no\/musicificium\/wp-json\/wp\/v2\/types\/page"}],"author":[{"embeddable":true,"href":"https:\/\/result.uit.no\/musicificium\/wp-json\/wp\/v2\/users\/856"}],"replies":[{"embeddable":true,"href":"https:\/\/result.uit.no\/musicificium\/wp-json\/wp\/v2\/comments?post=30400"}],"version-history":[{"count":0,"href":"https:\/\/result.uit.no\/musicificium\/wp-json\/wp\/v2\/pages\/30400\/revisions"}],"up":[{"embeddable":true,"href":"https:\/\/result.uit.no\/musicificium\/wp-json\/wp\/v2\/pages\/24948"}],"wp:attachment":[{"href":"https:\/\/result.uit.no\/musicificium\/wp-json\/wp\/v2\/media?parent=30400"}],"curies":[{"name":"wp","href":"https:\/\/api.w.org\/{rel}","templated":true}]}}