{"id":29822,"date":"2022-09-17T18:00:13","date_gmt":"2022-09-17T16:00:13","guid":{"rendered":"https:\/\/result.uit.no\/musicificium\/eksempelbank\/vekslende-taktarter\/hemioler\/"},"modified":"2025-01-28T13:48:33","modified_gmt":"2025-01-28T12:48:33","slug":"hemioler","status":"publish","type":"page","link":"https:\/\/result.uit.no\/musicificium\/eksempelbank\/vekslende-taktarter\/hemioler\/","title":{"rendered":"Hemioler"},"content":{"rendered":"<p>[et_pb_section fb_built=&#8221;1&#8243; specialty=&#8221;on&#8221; admin_label=&#8221;Section&#8221; _builder_version=&#8221;4.16&#8243; global_colors_info=&#8221;{}&#8221;][et_pb_column type=&#8221;3_4&#8243; specialty_columns=&#8221;3&#8243; _builder_version=&#8221;4.16&#8243; custom_padding=&#8221;|||&#8221; global_colors_info=&#8221;{}&#8221; custom_padding__hover=&#8221;|||&#8221;][et_pb_row_inner admin_label=&#8221;Row&#8221; _builder_version=&#8221;4.16&#8243; global_colors_info=&#8221;{}&#8221;][et_pb_column_inner saved_specialty_column_type=&#8221;3_4&#8243; _builder_version=&#8221;4.16&#8243; custom_padding=&#8221;|||&#8221; global_colors_info=&#8221;{}&#8221; custom_padding__hover=&#8221;|||&#8221;][et_pb_text admin_label=&#8221;Overskrift &#8211; Vekslende taktarter med ulike grunnslag&#8221; _builder_version=&#8221;4.24.2&#8243; background_size=&#8221;initial&#8221; background_position=&#8221;top_left&#8221; background_repeat=&#8221;repeat&#8221; use_border_color=&#8221;off&#8221; border_color=&#8221;#ffffff&#8221; border_style=&#8221;solid&#8221; global_colors_info=&#8221;{}&#8221;]<\/p>\n<h1>Hemioler<\/h1>\n<hr \/>\n<h3>\u00a0Hemiolas<\/h3>\n<div class=\"spot-content\"><\/div>\n<p>[\/et_pb_text][et_pb_text _builder_version=&#8221;4.18.0&#8243; _module_preset=&#8221;default&#8221; global_colors_info=&#8221;{}&#8221;]<\/p>\n<p><img decoding=\"async\" data-src=\"https:\/\/result.uit.no\/musicificium\/wp-content\/uploads\/sites\/35\/2022\/09\/Hemioleksempel.png\" width=\"1920\" height=\"142\" alt=\"\" class=\"wp-image-29828 alignnone size-full lazyload\" data-srcset=\"https:\/\/result.uit.no\/musicificium\/wp-content\/uploads\/sites\/35\/2022\/09\/Hemioleksempel.png 1920w, https:\/\/result.uit.no\/musicificium\/wp-content\/uploads\/sites\/35\/2022\/09\/Hemioleksempel-1280x94.png 1280w, https:\/\/result.uit.no\/musicificium\/wp-content\/uploads\/sites\/35\/2022\/09\/Hemioleksempel-980x72.png 980w, https:\/\/result.uit.no\/musicificium\/wp-content\/uploads\/sites\/35\/2022\/09\/Hemioleksempel-480x35.png 480w\" data-sizes=\"(min-width: 0px) and (max-width: 480px) 480px, (min-width: 481px) and (max-width: 980px) 980px, (min-width: 981px) and (max-width: 1280px) 1280px, (min-width: 1281px) 1920px, 100vw\" src=\"data:image\/svg+xml;base64,PHN2ZyB3aWR0aD0iMSIgaGVpZ2h0PSIxIiB4bWxucz0iaHR0cDovL3d3dy53My5vcmcvMjAwMC9zdmciPjwvc3ZnPg==\" style=\"--smush-placeholder-width: 1920px; --smush-placeholder-aspect-ratio: 1920\/142;\" \/><\/p>\n<p style=\"text-align: right\">fra America av L. Bernstein<\/p>\n<p>[\/et_pb_text][et_pb_text admin_label=&#8221;Eksempelsang+lyd&#8221; _builder_version=&#8221;4.18.0&#8243; background_size=&#8221;initial&#8221; background_position=&#8221;top_left&#8221; background_repeat=&#8221;repeat&#8221; use_border_color=&#8221;off&#8221; border_color=&#8221;#ffffff&#8221; border_style=&#8221;solid&#8221; global_colors_info=&#8221;{}&#8221;]<\/p>\n<div class=\"spot-content\"><\/div>\n<div class=\"spot-content\"><\/div>\n<div class=\"spot-content\"><\/div>\n<p>[\/et_pb_text][\/et_pb_column_inner][\/et_pb_row_inner][et_pb_row_inner admin_label=&#8221;Eksempler fra musikklitteraturen&#8221; _builder_version=&#8221;4.16&#8243; custom_padding=&#8221;0px|0px|0px|0px&#8221; global_colors_info=&#8221;{}&#8221;][et_pb_column_inner saved_specialty_column_type=&#8221;3_4&#8243; _builder_version=&#8221;4.16&#8243; custom_padding=&#8221;|||&#8221; global_colors_info=&#8221;{}&#8221; custom_padding__hover=&#8221;|||&#8221;][et_pb_text admin_label=&#8221;Eksempler fra musikklitteraturen (label)&#8221; _builder_version=&#8221;4.16&#8243; background_size=&#8221;initial&#8221; background_position=&#8221;top_left&#8221; background_repeat=&#8221;repeat&#8221; use_border_color=&#8221;off&#8221; border_style=&#8221;solid&#8221; saved_tabs=&#8221;all&#8221; global_colors_info=&#8221;{}&#8221;]<\/p>\n<h2>Eksempler fra musikklitteraturen<\/h2>\n<p>&nbsp;<br \/>\n[\/et_pb_text][\/et_pb_column_inner][\/et_pb_row_inner][et_pb_row_inner column_structure=&#8221;1_3,1_3,1_3&#8243; admin_label=&#8221;Row&#8221; _builder_version=&#8221;4.16&#8243; global_colors_info=&#8221;{}&#8221;][et_pb_column_inner type=&#8221;1_3&#8243; saved_specialty_column_type=&#8221;3_4&#8243; _builder_version=&#8221;4.16&#8243; custom_padding=&#8221;|||&#8221; global_colors_info=&#8221;{}&#8221; custom_padding__hover=&#8221;|||&#8221;][et_pb_text _builder_version=&#8221;4.18.0&#8243; _module_preset=&#8221;default&#8221; global_colors_info=&#8221;{}&#8221;]America<br \/>\n(L. Bernstein)[\/et_pb_text][et_pb_text _builder_version=&#8221;4.22.2&#8243; _module_preset=&#8221;default&#8221; global_colors_info=&#8221;{}&#8221;]<\/p>\n<p><iframe title=\"West Side Story: Act I: America\" width=\"1080\" height=\"810\" src=\"https:\/\/www.youtube.com\/embed\/_Tihl3pzWRc?start=55&#038;feature=oembed\"  allow=\"accelerometer; autoplay; clipboard-write; encrypted-media; gyroscope; picture-in-picture; web-share\" allowfullscreen><\/iframe><\/p>\n<p>[\/et_pb_text][et_pb_text _builder_version=&#8221;4.18.0&#8243; _module_preset=&#8221;default&#8221; global_colors_info=&#8221;{}&#8221;]<\/p>\n<p>Rytmen h\u00f8res fra ca 1:00.<\/p>\n<p>[\/et_pb_text][\/et_pb_column_inner][et_pb_column_inner type=&#8221;1_3&#8243; saved_specialty_column_type=&#8221;3_4&#8243; _builder_version=&#8221;4.16&#8243; custom_padding=&#8221;|||&#8221; global_colors_info=&#8221;{}&#8221; custom_padding__hover=&#8221;|||&#8221;][et_pb_text _builder_version=&#8221;4.18.0&#8243; _module_preset=&#8221;default&#8221; global_colors_info=&#8221;{}&#8221;]Can she excuse my wrongs<br \/>\n(J. Dowland)[\/et_pb_text][et_pb_text _builder_version=&#8221;4.22.2&#8243; _module_preset=&#8221;default&#8221; global_colors_info=&#8221;{}&#8221;]<\/p>\n<p><iframe title=\"John Dowland - Can she excuse my wrongs?\" width=\"1080\" height=\"810\" src=\"https:\/\/www.youtube.com\/embed\/Gke3FrGcNa8?feature=oembed\"  allow=\"accelerometer; autoplay; clipboard-write; encrypted-media; gyroscope; picture-in-picture; web-share\" allowfullscreen><\/iframe><\/p>\n<p>[\/et_pb_text][et_pb_text _builder_version=&#8221;4.18.0&#8243; _module_preset=&#8221;default&#8221; global_colors_info=&#8221;{}&#8221;]<\/p>\n<p><a href=\"https:\/\/s9.imslp.org\/files\/imglnks\/usimg\/3\/32\/IMSLP404090-PMLP654357-Dowland_J_-_Can_she_excuse_my_wrongs_-_EN220-02(2015).PDF\" title=\"Noter\" target=\"_blank\" rel=\"noopener\">Noter<\/a><\/p>\n<p>[\/et_pb_text][\/et_pb_column_inner][et_pb_column_inner type=&#8221;1_3&#8243; saved_specialty_column_type=&#8221;3_4&#8243; _builder_version=&#8221;4.16&#8243; custom_padding=&#8221;|||&#8221; global_colors_info=&#8221;{}&#8221; custom_padding__hover=&#8221;|||&#8221;][et_pb_text _builder_version=&#8221;4.18.0&#8243; _module_preset=&#8221;default&#8221; global_colors_info=&#8221;{}&#8221;]<\/p>\n<p>Konsert i D-moll, sats 3<br \/>(J.S. Bach)<\/p>\n<p>[\/et_pb_text][et_pb_text _builder_version=&#8221;4.22.2&#8243; _module_preset=&#8221;default&#8221; global_colors_info=&#8221;{}&#8221;]<\/p>\n<p><iframe title=\"J.S. Bach: Concerto in D Minor, BWV 974 - III. Presto\" width=\"1080\" height=\"810\" src=\"https:\/\/www.youtube.com\/embed\/RxpKGSojK8U?feature=oembed\"  allow=\"accelerometer; autoplay; clipboard-write; encrypted-media; gyroscope; picture-in-picture; web-share\" allowfullscreen><\/iframe><\/p>\n<p>[\/et_pb_text][\/et_pb_column_inner][\/et_pb_row_inner][et_pb_row_inner column_structure=&#8221;1_3,1_3,1_3&#8243; _builder_version=&#8221;4.16&#8243; global_colors_info=&#8221;{}&#8221;][et_pb_column_inner type=&#8221;1_3&#8243; saved_specialty_column_type=&#8221;3_4&#8243; _builder_version=&#8221;4.16&#8243; global_colors_info=&#8221;{}&#8221;][et_pb_text _builder_version=&#8221;4.18.0&#8243; _module_preset=&#8221;default&#8221; global_colors_info=&#8221;{}&#8221;]Myllargutens gangar<br \/>\n(E. Grieg)[\/et_pb_text][et_pb_text _builder_version=&#8221;4.22.2&#8243; _module_preset=&#8221;default&#8221; global_colors_info=&#8221;{}&#8221;]<\/p>\n<p><iframe title=\"Norwegian Peasant Dances, Op. 72: No. 6, Gangar\" width=\"1080\" height=\"810\" src=\"https:\/\/www.youtube.com\/embed\/K8_qh9NCc8c?feature=oembed\"  allow=\"accelerometer; autoplay; clipboard-write; encrypted-media; gyroscope; picture-in-picture; web-share\" allowfullscreen><\/iframe><\/p>\n<p>[\/et_pb_text][et_pb_text _builder_version=&#8221;4.18.0&#8243; _module_preset=&#8221;default&#8221; global_colors_info=&#8221;{}&#8221;]<\/p>\n<p><a href=\"https:\/\/imslp.hk\/files\/imglnks\/euimg\/0\/0a\/IMSLP212422-PMLP02554-Grieg,_Edvard-Samlede_Verker_Peters_Band_2_04_Op_72_scan.pdf\" target=\"_blank\" rel=\"noopener\" title=\"Noter: s.69\">Noter: s.69<\/a><\/p>\n<p>[\/et_pb_text][\/et_pb_column_inner][et_pb_column_inner type=&#8221;1_3&#8243; saved_specialty_column_type=&#8221;3_4&#8243; _builder_version=&#8221;4.16&#8243; global_colors_info=&#8221;{}&#8221;][et_pb_text _builder_version=&#8221;4.21.0&#8243; _module_preset=&#8221;default&#8221; global_colors_info=&#8221;{}&#8221;]Strykekvartett, M35, sats 2<br \/>\n(M. Ravel)[\/et_pb_text][et_pb_text _builder_version=&#8221;4.22.2&#8243; _module_preset=&#8221;default&#8221; global_colors_info=&#8221;{}&#8221;]<\/p>\n<p><iframe title=\"String Quartet, M. 35: II. Assez vif - Tr\u00e8s rythm\u00e9\" width=\"1080\" height=\"810\" src=\"https:\/\/www.youtube.com\/embed\/0VVYFlbLDOI?feature=oembed\"  allow=\"accelerometer; autoplay; clipboard-write; encrypted-media; gyroscope; picture-in-picture; web-share\" allowfullscreen><\/iframe><\/p>\n<p>[\/et_pb_text][et_pb_text _builder_version=&#8221;4.21.0&#8243; _module_preset=&#8221;default&#8221; global_colors_info=&#8221;{}&#8221;]<\/p>\n<p><a href=\"https:\/\/vmirror.imslp.org\/files\/imglnks\/usimg\/c\/c2\/IMSLP335585-SIBLEY1802.26086.4943-39087009241094score.pdf\" target=\"_blank\" rel=\"noopener\">noter s.14<\/a><\/p>\n<p>[\/et_pb_text][et_pb_toggle title=&#8221;Les mer\/ read more&#8221; _builder_version=&#8221;4.24.2&#8243; _module_preset=&#8221;default&#8221; global_colors_info=&#8221;{}&#8221;]<\/p>\n<p>Metrisk tvetydighet\/ hemioler er s\u00e6rlig utpreget i satsen 2 f\u00f8rste minutter, samt de siste 1,5 minuttene.<\/p>\n<p><em>Hemiolas are prominent in the first 2 minutes of the movement, and the 1,5 last minute.<\/em><\/p>\n<p>[\/et_pb_toggle][\/et_pb_column_inner][et_pb_column_inner type=&#8221;1_3&#8243; saved_specialty_column_type=&#8221;3_4&#8243; _builder_version=&#8221;4.16&#8243; global_colors_info=&#8221;{}&#8221;][et_pb_text _builder_version=&#8221;4.21.0&#8243; _module_preset=&#8221;default&#8221; global_colors_info=&#8221;{}&#8221;]Gandalf<br \/>\n(J. De Meij)[\/et_pb_text][et_pb_text _builder_version=&#8221;4.22.2&#8243; _module_preset=&#8221;default&#8221; global_colors_info=&#8221;{}&#8221;]<\/p>\n<p><iframe title=\"Gandalf, the Wizard\" width=\"1080\" height=\"810\" src=\"https:\/\/www.youtube.com\/embed\/TkQPv2CS77g?start=150&#038;feature=oembed\"  allow=\"accelerometer; autoplay; clipboard-write; encrypted-media; gyroscope; picture-in-picture; web-share\" allowfullscreen><\/iframe><\/p>\n<p>[\/et_pb_text][et_pb_text _builder_version=&#8221;4.24.0&#8243; _module_preset=&#8221;default&#8221; global_colors_info=&#8221;{}&#8221;]<\/p>\n<p>Hemioler i partiet fra 2:37.<\/p>\n<p><em>Hemiolas from 2:37.<\/em><\/p>\n<p>[\/et_pb_text][\/et_pb_column_inner][\/et_pb_row_inner][et_pb_row_inner column_structure=&#8221;1_3,1_3,1_3&#8243; _builder_version=&#8221;4.21.0&#8243; _module_preset=&#8221;default&#8221; global_colors_info=&#8221;{}&#8221;][et_pb_column_inner type=&#8221;1_3&#8243; saved_specialty_column_type=&#8221;3_4&#8243; _builder_version=&#8221;4.21.0&#8243; _module_preset=&#8221;default&#8221; global_colors_info=&#8221;{}&#8221;][et_pb_text _builder_version=&#8221;4.27.4&#8243; _module_preset=&#8221;default&#8221; hover_enabled=&#8221;0&#8243; sticky_enabled=&#8221;0&#8243;]Olin Blitch arie<br \/>\nfra Susannah<br \/>\n(C. Floyd)[\/et_pb_text][et_pb_video src=&#8221;https:\/\/youtu.be\/bhxMZYTAbfs?si=zi768UuPx8Z7Qe_7&#8243; _builder_version=&#8221;4.27.4&#8243; _module_preset=&#8221;default&#8221; hover_enabled=&#8221;0&#8243; sticky_enabled=&#8221;0&#8243;][\/et_pb_video][et_pb_toggle title=&#8221;Les mer\/ read more&#8221; _builder_version=&#8221;4.27.4&#8243; _module_preset=&#8221;default&#8221; hover_enabled=&#8221;0&#8243; sticky_enabled=&#8221;0&#8243;]<\/p>\n<p>Arien er skrevet i 6\/8, og sangerens melodi starter med alminnelig 6\/8-betoning. Akkompagnementet spiller fra ariens start hemioler, slik at det h\u00f8res ut som om de spiller i 3\/4. Melodien har tidvis ogs\u00e5 disse hemiolene. Resultatet er en tvetydig taktartsf\u00f8lelse gjennom hele arien: N\u00e5r en lytter til den, er det ikke godt \u00e5 si om den g\u00e5r i 6\/8 eller 3\/4. Denne tvetydigheten gjenspeiler kanskje reverend Blitch sin dobbeltmoral som prest og moralens vokter og overgriper?<\/p>\n<p><em>The aria is written in 6\/8, and the singer&#8217;s melody starts in a regular 6\/8. The accompaniment plays hemiolas from the beginning of the aria, making it sound as if they are playing in 3\/4. The melody also occasionally includes these hemiolas. The result is an ambiguous sense of time signature throughout the aria: when listening to it, it&#8217;s not clear whether it is in 6\/8 or 3\/4. This ambiguity perhaps reflects Reverend Blitch&#8217;s double standards as a priest and guardian of morality and as an abuser?<\/em><\/p>\n<p>[\/et_pb_toggle][\/et_pb_column_inner][et_pb_column_inner type=&#8221;1_3&#8243; saved_specialty_column_type=&#8221;3_4&#8243; _builder_version=&#8221;4.21.0&#8243; _module_preset=&#8221;default&#8221; global_colors_info=&#8221;{}&#8221;][\/et_pb_column_inner][et_pb_column_inner type=&#8221;1_3&#8243; saved_specialty_column_type=&#8221;3_4&#8243; _builder_version=&#8221;4.21.0&#8243; _module_preset=&#8221;default&#8221; global_colors_info=&#8221;{}&#8221;][\/et_pb_column_inner][\/et_pb_row_inner][\/et_pb_column][et_pb_column type=&#8221;1_4&#8243; _builder_version=&#8221;4.16&#8243; custom_padding=&#8221;|||&#8221; global_colors_info=&#8221;{}&#8221; custom_padding__hover=&#8221;|||&#8221;][et_pb_sidebar area=&#8221;et_pb_widget_area_7&#8243; admin_label=&#8221;Sidebar&#8221; _builder_version=&#8221;4.16&#8243; remove_border=&#8221;off&#8221; global_colors_info=&#8221;{}&#8221;] [\/et_pb_sidebar][\/et_pb_column][\/et_pb_section]<\/p>\n","protected":false},"excerpt":{"rendered":"<p>Hemioler \u00a0Hemiolas fra America av L. Bernstein Eksempler fra musikklitteraturen &nbsp; America (L. Bernstein)https:\/\/youtu.be\/_Tihl3pzWRc?si=mG79Sk5HDZSOzbSQ&amp;t=55Rytmen h\u00f8res fra ca 1:00.Can she excuse my wrongs (J. Dowland)https:\/\/youtu.be\/Gke3FrGcNa8?si=fIUDvys9goH15QrVNoterKonsert i D-moll, sats 3(J.S. Bach)https:\/\/youtu.be\/RxpKGSojK8U?si=TYOVqEUd0FmQq9T-Myllargutens gangar (E. Grieg)https:\/\/youtu.be\/K8_qh9NCc8c?si=fQF9Rg8suOrZD7ZRNoter: s.69Strykekvartett, M35, sats 2 (M. Ravel)https:\/\/youtu.be\/0VVYFlbLDOI?si=6BSD2LBKS6OVInAenoter s.14Metrisk tvetydighet\/ hemioler er s\u00e6rlig utpreget i satsen 2 f\u00f8rste minutter, samt de siste 1,5 minuttene. Hemiolas [&hellip;]<\/p>\n","protected":false},"author":856,"featured_media":0,"parent":24962,"menu_order":2,"comment_status":"closed","ping_status":"closed","template":"","meta":{"_et_pb_use_builder":"on","_et_pb_old_content":"","_et_gb_content_width":"","iawp_total_views":51,"footnotes":""},"class_list":["post-29822","page","type-page","status-publish","hentry"],"yoast_head":"<!-- This site is optimized with the Yoast SEO plugin v27.4 - https:\/\/yoast.com\/product\/yoast-seo-wordpress\/ -->\n<title>Hemioler - Musicificium<\/title>\n<meta name=\"robots\" content=\"index, follow, max-snippet:-1, max-image-preview:large, max-video-preview:-1\" \/>\n<link rel=\"canonical\" href=\"https:\/\/result.uit.no\/musicificium\/eksempelbank\/vekslende-taktarter\/hemioler\/\" \/>\n<script type=\"application\/ld+json\" class=\"yoast-schema-graph\">{\"@context\":\"https:\\\/\\\/schema.org\",\"@graph\":[{\"@type\":\"WebPage\",\"@id\":\"https:\\\/\\\/result.uit.no\\\/musicificium\\\/eksempelbank\\\/vekslende-taktarter\\\/hemioler\\\/\",\"url\":\"https:\\\/\\\/result.uit.no\\\/musicificium\\\/eksempelbank\\\/vekslende-taktarter\\\/hemioler\\\/\",\"name\":\"Hemioler - Musicificium\",\"isPartOf\":{\"@id\":\"https:\\\/\\\/result.uit.no\\\/musicificium\\\/#website\"},\"primaryImageOfPage\":{\"@id\":\"https:\\\/\\\/result.uit.no\\\/musicificium\\\/eksempelbank\\\/vekslende-taktarter\\\/hemioler\\\/#primaryimage\"},\"image\":{\"@id\":\"https:\\\/\\\/result.uit.no\\\/musicificium\\\/eksempelbank\\\/vekslende-taktarter\\\/hemioler\\\/#primaryimage\"},\"thumbnailUrl\":\"https:\\\/\\\/result.uit.no\\\/musicificium\\\/wp-content\\\/uploads\\\/sites\\\/35\\\/2022\\\/09\\\/Hemioleksempel.png\",\"datePublished\":\"2022-09-17T16:00:13+00:00\",\"dateModified\":\"2025-01-28T12:48:33+00:00\",\"breadcrumb\":{\"@id\":\"https:\\\/\\\/result.uit.no\\\/musicificium\\\/eksempelbank\\\/vekslende-taktarter\\\/hemioler\\\/#breadcrumb\"},\"inLanguage\":\"en-GB\",\"potentialAction\":[{\"@type\":\"ReadAction\",\"target\":[\"https:\\\/\\\/result.uit.no\\\/musicificium\\\/eksempelbank\\\/vekslende-taktarter\\\/hemioler\\\/\"]}]},{\"@type\":\"ImageObject\",\"inLanguage\":\"en-GB\",\"@id\":\"https:\\\/\\\/result.uit.no\\\/musicificium\\\/eksempelbank\\\/vekslende-taktarter\\\/hemioler\\\/#primaryimage\",\"url\":\"https:\\\/\\\/result.uit.no\\\/musicificium\\\/wp-content\\\/uploads\\\/sites\\\/35\\\/2022\\\/09\\\/Hemioleksempel.png\",\"contentUrl\":\"https:\\\/\\\/result.uit.no\\\/musicificium\\\/wp-content\\\/uploads\\\/sites\\\/35\\\/2022\\\/09\\\/Hemioleksempel.png\",\"width\":1920,\"height\":142,\"caption\":\"Eksempel p\u00e5 hemiol fra sangen Amerika av L. Bernstein.\"},{\"@type\":\"BreadcrumbList\",\"@id\":\"https:\\\/\\\/result.uit.no\\\/musicificium\\\/eksempelbank\\\/vekslende-taktarter\\\/hemioler\\\/#breadcrumb\",\"itemListElement\":[{\"@type\":\"ListItem\",\"position\":1,\"name\":\"Home\",\"item\":\"https:\\\/\\\/result.uit.no\\\/musicificium\\\/\"},{\"@type\":\"ListItem\",\"position\":2,\"name\":\"Eksempelbank\",\"item\":\"https:\\\/\\\/result.uit.no\\\/musicificium\\\/eksempelbank\\\/\"},{\"@type\":\"ListItem\",\"position\":3,\"name\":\"Vekslende taktarter\",\"item\":\"https:\\\/\\\/result.uit.no\\\/musicificium\\\/eksempelbank\\\/vekslende-taktarter\\\/\"},{\"@type\":\"ListItem\",\"position\":4,\"name\":\"Hemioler\"}]},{\"@type\":\"WebSite\",\"@id\":\"https:\\\/\\\/result.uit.no\\\/musicificium\\\/#website\",\"url\":\"https:\\\/\\\/result.uit.no\\\/musicificium\\\/\",\"name\":\"Musicificium\",\"description\":\"En inspirasjonsbank for geh\u00f8rundervisning!\",\"publisher\":{\"@id\":\"https:\\\/\\\/result.uit.no\\\/musicificium\\\/#organization\"},\"potentialAction\":[{\"@type\":\"SearchAction\",\"target\":{\"@type\":\"EntryPoint\",\"urlTemplate\":\"https:\\\/\\\/result.uit.no\\\/musicificium\\\/?s={search_term_string}\"},\"query-input\":{\"@type\":\"PropertyValueSpecification\",\"valueRequired\":true,\"valueName\":\"search_term_string\"}}],\"inLanguage\":\"en-GB\"},{\"@type\":\"Organization\",\"@id\":\"https:\\\/\\\/result.uit.no\\\/musicificium\\\/#organization\",\"name\":\"UiT\",\"url\":\"https:\\\/\\\/result.uit.no\\\/musicificium\\\/\",\"logo\":{\"@type\":\"ImageObject\",\"inLanguage\":\"en-GB\",\"@id\":\"https:\\\/\\\/result.uit.no\\\/musicificium\\\/#\\\/schema\\\/logo\\\/image\\\/\",\"url\":\"https:\\\/\\\/result.uit.no\\\/musicificium\\\/wp-content\\\/uploads\\\/sites\\\/35\\\/2024\\\/11\\\/UiT_Segl_Eng_Bla_960px.png\",\"contentUrl\":\"https:\\\/\\\/result.uit.no\\\/musicificium\\\/wp-content\\\/uploads\\\/sites\\\/35\\\/2024\\\/11\\\/UiT_Segl_Eng_Bla_960px.png\",\"width\":960,\"height\":960,\"caption\":\"UiT\"},\"image\":{\"@id\":\"https:\\\/\\\/result.uit.no\\\/musicificium\\\/#\\\/schema\\\/logo\\\/image\\\/\"}}]}<\/script>\n<!-- \/ Yoast SEO plugin. -->","yoast_head_json":{"title":"Hemioler - Musicificium","robots":{"index":"index","follow":"follow","max-snippet":"max-snippet:-1","max-image-preview":"max-image-preview:large","max-video-preview":"max-video-preview:-1"},"canonical":"https:\/\/result.uit.no\/musicificium\/eksempelbank\/vekslende-taktarter\/hemioler\/","schema":{"@context":"https:\/\/schema.org","@graph":[{"@type":"WebPage","@id":"https:\/\/result.uit.no\/musicificium\/eksempelbank\/vekslende-taktarter\/hemioler\/","url":"https:\/\/result.uit.no\/musicificium\/eksempelbank\/vekslende-taktarter\/hemioler\/","name":"Hemioler - Musicificium","isPartOf":{"@id":"https:\/\/result.uit.no\/musicificium\/#website"},"primaryImageOfPage":{"@id":"https:\/\/result.uit.no\/musicificium\/eksempelbank\/vekslende-taktarter\/hemioler\/#primaryimage"},"image":{"@id":"https:\/\/result.uit.no\/musicificium\/eksempelbank\/vekslende-taktarter\/hemioler\/#primaryimage"},"thumbnailUrl":"https:\/\/result.uit.no\/musicificium\/wp-content\/uploads\/sites\/35\/2022\/09\/Hemioleksempel.png","datePublished":"2022-09-17T16:00:13+00:00","dateModified":"2025-01-28T12:48:33+00:00","breadcrumb":{"@id":"https:\/\/result.uit.no\/musicificium\/eksempelbank\/vekslende-taktarter\/hemioler\/#breadcrumb"},"inLanguage":"en-GB","potentialAction":[{"@type":"ReadAction","target":["https:\/\/result.uit.no\/musicificium\/eksempelbank\/vekslende-taktarter\/hemioler\/"]}]},{"@type":"ImageObject","inLanguage":"en-GB","@id":"https:\/\/result.uit.no\/musicificium\/eksempelbank\/vekslende-taktarter\/hemioler\/#primaryimage","url":"https:\/\/result.uit.no\/musicificium\/wp-content\/uploads\/sites\/35\/2022\/09\/Hemioleksempel.png","contentUrl":"https:\/\/result.uit.no\/musicificium\/wp-content\/uploads\/sites\/35\/2022\/09\/Hemioleksempel.png","width":1920,"height":142,"caption":"Eksempel p\u00e5 hemiol fra sangen Amerika av L. Bernstein."},{"@type":"BreadcrumbList","@id":"https:\/\/result.uit.no\/musicificium\/eksempelbank\/vekslende-taktarter\/hemioler\/#breadcrumb","itemListElement":[{"@type":"ListItem","position":1,"name":"Home","item":"https:\/\/result.uit.no\/musicificium\/"},{"@type":"ListItem","position":2,"name":"Eksempelbank","item":"https:\/\/result.uit.no\/musicificium\/eksempelbank\/"},{"@type":"ListItem","position":3,"name":"Vekslende taktarter","item":"https:\/\/result.uit.no\/musicificium\/eksempelbank\/vekslende-taktarter\/"},{"@type":"ListItem","position":4,"name":"Hemioler"}]},{"@type":"WebSite","@id":"https:\/\/result.uit.no\/musicificium\/#website","url":"https:\/\/result.uit.no\/musicificium\/","name":"Musicificium","description":"En inspirasjonsbank for geh\u00f8rundervisning!","publisher":{"@id":"https:\/\/result.uit.no\/musicificium\/#organization"},"potentialAction":[{"@type":"SearchAction","target":{"@type":"EntryPoint","urlTemplate":"https:\/\/result.uit.no\/musicificium\/?s={search_term_string}"},"query-input":{"@type":"PropertyValueSpecification","valueRequired":true,"valueName":"search_term_string"}}],"inLanguage":"en-GB"},{"@type":"Organization","@id":"https:\/\/result.uit.no\/musicificium\/#organization","name":"UiT","url":"https:\/\/result.uit.no\/musicificium\/","logo":{"@type":"ImageObject","inLanguage":"en-GB","@id":"https:\/\/result.uit.no\/musicificium\/#\/schema\/logo\/image\/","url":"https:\/\/result.uit.no\/musicificium\/wp-content\/uploads\/sites\/35\/2024\/11\/UiT_Segl_Eng_Bla_960px.png","contentUrl":"https:\/\/result.uit.no\/musicificium\/wp-content\/uploads\/sites\/35\/2024\/11\/UiT_Segl_Eng_Bla_960px.png","width":960,"height":960,"caption":"UiT"},"image":{"@id":"https:\/\/result.uit.no\/musicificium\/#\/schema\/logo\/image\/"}}]}},"_links":{"self":[{"href":"https:\/\/result.uit.no\/musicificium\/wp-json\/wp\/v2\/pages\/29822","targetHints":{"allow":["GET"]}}],"collection":[{"href":"https:\/\/result.uit.no\/musicificium\/wp-json\/wp\/v2\/pages"}],"about":[{"href":"https:\/\/result.uit.no\/musicificium\/wp-json\/wp\/v2\/types\/page"}],"author":[{"embeddable":true,"href":"https:\/\/result.uit.no\/musicificium\/wp-json\/wp\/v2\/users\/856"}],"replies":[{"embeddable":true,"href":"https:\/\/result.uit.no\/musicificium\/wp-json\/wp\/v2\/comments?post=29822"}],"version-history":[{"count":0,"href":"https:\/\/result.uit.no\/musicificium\/wp-json\/wp\/v2\/pages\/29822\/revisions"}],"up":[{"embeddable":true,"href":"https:\/\/result.uit.no\/musicificium\/wp-json\/wp\/v2\/pages\/24962"}],"wp:attachment":[{"href":"https:\/\/result.uit.no\/musicificium\/wp-json\/wp\/v2\/media?parent=29822"}],"curies":[{"name":"wp","href":"https:\/\/api.w.org\/{rel}","templated":true}]}}