{"id":27251,"date":"2019-06-17T16:48:10","date_gmt":"2019-06-17T14:48:10","guid":{"rendered":"https:\/\/result.uit.no\/musicificium\/laerematerialer\/auditiv-analyse-av-harmonikk\/hovedtreklanger\/auditiv-analyse-subdominantens-submediant\/"},"modified":"2019-08-08T12:38:25","modified_gmt":"2019-08-08T10:38:25","slug":"auditiv-analyse-subdominantens-submediant","status":"publish","type":"page","link":"https:\/\/result.uit.no\/musicificium\/laerematerialer\/auditiv-analyse-av-harmonikk\/hovedtreklanger\/auditiv-analyse-subdominantens-submediant\/","title":{"rendered":"Auditiv analyse: Subdominantens submediant"},"content":{"rendered":"<p>[et_pb_section fb_built=&#8221;1&#8243; specialty=&#8221;on&#8221; _builder_version=&#8221;3.0.47&#8243;][et_pb_column type=&#8221;3_4&#8243; specialty_columns=&#8221;3&#8243; _builder_version=&#8221;3.0.47&#8243;][et_pb_row_inner admin_label=&#8221;Row&#8221; _builder_version=&#8221;3.0.47&#8243;][et_pb_column_inner type=&#8221;4_4&#8243; saved_specialty_column_type=&#8221;3_4&#8243; _builder_version=&#8221;3.0.47&#8243;][et_pb_text admin_label=&#8221;Overskrift &#8211; Rytmefigurer med sekstendeler&#8221; _builder_version=&#8221;3.19.18&#8243; background_size=&#8221;initial&#8221; background_position=&#8221;top_left&#8221; background_repeat=&#8221;repeat&#8221; use_border_color=&#8221;off&#8221; border_color=&#8221;#ffffff&#8221; border_style=&#8221;solid&#8221;]<\/p>\n<h1>Subdominantens submediant (Ss): 251-progresjon<\/h1>\n<hr \/>\n<p>&nbsp;<\/p>\n<div class=\"spot-content\"><\/div>\n<p>[\/et_pb_text][et_pb_image src=&#8221;https:\/\/result.uit.no\/musicificium\/wp-content\/uploads\/sites\/35\/2019\/06\/251durrask2.xml_.png&#8221; _builder_version=&#8221;3.19.18&#8243;][\/et_pb_image][\/et_pb_column_inner][\/et_pb_row_inner][et_pb_row_inner custom_padding=&#8221;0px|0px|0px|0px&#8221; parallax_method_1=&#8221;off&#8221; admin_label=&#8221;Eksempler fra musikklitteraturen&#8221; _builder_version=&#8221;3.0.47&#8243;][et_pb_column_inner type=&#8221;4_4&#8243; saved_specialty_column_type=&#8221;3_4&#8243; _builder_version=&#8221;3.0.47&#8243;][et_pb_text admin_label=&#8221;Eksempler fra musikklitteraturen (label)&#8221; _builder_version=&#8221;3.19.18&#8243; background_size=&#8221;initial&#8221; background_position=&#8221;top_left&#8221; background_repeat=&#8221;repeat&#8221; use_border_color=&#8221;off&#8221; border_style=&#8221;solid&#8221; saved_tabs=&#8221;all&#8221;]<\/p>\n<h2>Oppgaver<\/h2>\n<p>[\/et_pb_text][et_pb_text admin_label=&#8221;Eksempler fra musikklitteraturen (label)&#8221; _builder_version=&#8221;3.19.18&#8243; background_size=&#8221;initial&#8221; background_position=&#8221;top_left&#8221; background_repeat=&#8221;repeat&#8221; use_border_color=&#8221;off&#8221; border_style=&#8221;solid&#8221; saved_tabs=&#8221;all&#8221;]<\/p>\n<h4>Forslag til arbeidsgang:<\/h4>\n<p>&nbsp;<\/p>\n<p>[\/et_pb_text][\/et_pb_column_inner][\/et_pb_row_inner][et_pb_row_inner custom_padding=&#8221;0px|0px|0px|0px&#8221; parallax_method_1=&#8221;off&#8221; admin_label=&#8221;Eksempler fra musikklitteraturen&#8221; _builder_version=&#8221;3.0.47&#8243;][et_pb_column_inner type=&#8221;4_4&#8243; saved_specialty_column_type=&#8221;3_4&#8243; _builder_version=&#8221;3.0.47&#8243;][et_pb_text _builder_version=&#8221;3.19.18&#8243;]<\/p>\n<ul>\n<li>Lytt til musikkutdraget som oppgaven bygger p\u00e5. Innspilling fins i eksempelbanken.<\/li>\n<li>Syng og not\u00e9r utdragets bassgang, ledelinjer etc. p\u00e5 den tomme linjen p\u00e5 oppgavearket.\u00a0Alternativ oppgave: mark\u00e9r i oppgavearket hver gang du h\u00f8rer den aktuelle harmoniske strukturen.<\/li>\n<li>Bestem musikkutdragets harmonikk.<\/li>\n<li>&#8220;Oversett&#8221; harmonikken til besifring.<\/li>\n<\/ul>\n<p>&nbsp;<\/p>\n<p>[\/et_pb_text][\/et_pb_column_inner][\/et_pb_row_inner][et_pb_row_inner custom_padding=&#8221;0px|0px|0px|0px&#8221; parallax_method_1=&#8221;off&#8221; admin_label=&#8221;Eksempler fra musikklitteraturen&#8221; _builder_version=&#8221;3.0.47&#8243;][et_pb_column_inner type=&#8221;4_4&#8243; saved_specialty_column_type=&#8221;3_4&#8243; _builder_version=&#8221;3.0.47&#8243;][et_pb_text _builder_version=&#8221;3.19.18&#8243;]<\/p>\n<p><a href=\"https:\/\/result.uit.no\/musicificium\/wp-content\/uploads\/sites\/35\/2019\/06\/Liten-russisk-sang-oppgave-Full-Score.pdf\" rel=\"attachment wp-att-27867 noopener noreferrer\" target=\"_blank\">Beethoven: Liten russisk sang<\/a><\/p>\n<p>[\/et_pb_text][et_pb_text _builder_version=&#8221;3.19.18&#8243;]<\/p>\n<p><a href=\"https:\/\/result.uit.no\/musicificium\/wp-content\/uploads\/sites\/35\/2019\/06\/Patineursoppgave-Full-Score.pdf\" rel=\"attachment wp-att-27872 noopener noreferrer\" target=\"_blank\">Waldteufel: Les Patineurs<\/a><\/p>\n<p>[\/et_pb_text][\/et_pb_column_inner][\/et_pb_row_inner][et_pb_row_inner custom_padding=&#8221;28.2969px|0px|4px|0px|false|false&#8221; admin_label=&#8221;Row&#8221; _builder_version=&#8221;3.0.47&#8243;][et_pb_column_inner type=&#8221;4_4&#8243; saved_specialty_column_type=&#8221;3_4&#8243; _builder_version=&#8221;3.0.47&#8243;][et_pb_text admin_label=&#8221;Eksempler fra musikklitteraturen (label)&#8221; _builder_version=&#8221;3.19.18&#8243; background_size=&#8221;initial&#8221; background_position=&#8221;top_left&#8221; background_repeat=&#8221;repeat&#8221; use_border_color=&#8221;off&#8221; border_style=&#8221;solid&#8221; saved_tabs=&#8221;all&#8221;]<\/p>\n<h2><\/h2>\n<h2><\/h2>\n<h2>Fasiter\/ reduksjoner<\/h2>\n<p>[\/et_pb_text][\/et_pb_column_inner][\/et_pb_row_inner][et_pb_row_inner custom_padding=&#8221;11px|0px|28.2969px|0px|false|false&#8221; _builder_version=&#8221;3.19.18&#8243;][et_pb_column_inner type=&#8221;1_2&#8243; saved_specialty_column_type=&#8221;3_4&#8243; _builder_version=&#8221;3.0.47&#8243;][et_pb_text _builder_version=&#8221;3.19.18&#8243;]<\/p>\n<p><a href=\"https:\/\/result.uit.no\/musicificium\/wp-content\/uploads\/sites\/35\/2019\/06\/Liten-russisk-u.besifring-Full-Score.pdf\" rel=\"attachment wp-att-27868 noopener noreferrer\" target=\"_blank\">Beethoven: Liten russisk sang<\/a><\/p>\n<p>[\/et_pb_text][et_pb_text _builder_version=&#8221;3.19.18&#8243;]<\/p>\n<p><a href=\"https:\/\/result.uit.no\/musicificium\/wp-content\/uploads\/sites\/35\/2019\/06\/Patineursfasit-Full-Score.pdf\" rel=\"attachment wp-att-27873 noopener noreferrer\" target=\"_blank\">Waldteufel: Les Patineurs<\/a><\/p>\n<p>[\/et_pb_text][\/et_pb_column_inner][et_pb_column_inner type=&#8221;1_2&#8243; saved_specialty_column_type=&#8221;3_4&#8243; _builder_version=&#8221;3.0.47&#8243;][et_pb_text _builder_version=&#8221;3.19.18&#8243;]<\/p>\n<p><a href=\"https:\/\/result.uit.no\/musicificium\/wp-content\/uploads\/sites\/35\/2019\/06\/Liten-russisk-besifring.pdf\" rel=\"attachment wp-att-27869 noopener noreferrer\" target=\"_blank\">Beethoven: Liten russisk sang (med besifring)<\/a><\/p>\n<p>[\/et_pb_text][et_pb_text _builder_version=&#8221;3.19.18&#8243;]<\/p>\n<p><a href=\"https:\/\/result.uit.no\/musicificium\/wp-content\/uploads\/sites\/35\/2019\/06\/Patineursfasitbesifring-Full-Score.pdf\" rel=\"attachment wp-att-27874 noopener noreferrer\" target=\"_blank\">Waldteufel: Les Patineurs (med besifring)<\/a><\/p>\n<p>[\/et_pb_text][\/et_pb_column_inner][\/et_pb_row_inner][et_pb_row_inner custom_padding=&#8221;28.2969px|0px|0|0px|false|false&#8221; admin_label=&#8221;Row&#8221; _builder_version=&#8221;3.0.47&#8243;][et_pb_column_inner type=&#8221;4_4&#8243; saved_specialty_column_type=&#8221;3_4&#8243; _builder_version=&#8221;3.0.47&#8243;][et_pb_text _builder_version=&#8221;3.19.18&#8243;][\/et_pb_text][et_pb_text admin_label=&#8221;Overskrift &#8211; Rytmefigurer med sekstendeler&#8221; _builder_version=&#8221;3.19.18&#8243; background_size=&#8221;initial&#8221; background_position=&#8221;top_left&#8221; background_repeat=&#8221;repeat&#8221; use_border_color=&#8221;off&#8221; border_color=&#8221;#ffffff&#8221; border_style=&#8221;solid&#8221;]<\/p>\n<h1>Rundgang<\/h1>\n<h1><\/h1>\n<hr \/>\n<p>&nbsp;<\/p>\n<p>[\/et_pb_text][\/et_pb_column_inner][\/et_pb_row_inner][et_pb_row_inner custom_padding=&#8221;0|0px|28.2969px|0px|false|false&#8221; admin_label=&#8221;Row&#8221; _builder_version=&#8221;3.0.47&#8243;][et_pb_column_inner type=&#8221;4_4&#8243; saved_specialty_column_type=&#8221;3_4&#8243; _builder_version=&#8221;3.0.47&#8243;][et_pb_text _builder_version=&#8221;3.19.18&#8243;]<\/p>\n<p><img decoding=\"async\" data-src=\"https:\/\/result.uit.no\/musicificium\/wp-content\/uploads\/sites\/35\/2019\/06\/rundgangrask.xml_.png\" width=\"763\" height=\"217\" alt=\"\" class=\"wp-image-27593 alignnone size-full lazyload\" data-srcset=\"https:\/\/result.uit.no\/musicificium\/wp-content\/uploads\/sites\/35\/2019\/06\/rundgangrask.xml_.png 763w, https:\/\/result.uit.no\/musicificium\/wp-content\/uploads\/sites\/35\/2019\/06\/rundgangrask.xml_-300x85.png 300w\" data-sizes=\"(max-width: 763px) 100vw, 763px\" src=\"data:image\/svg+xml;base64,PHN2ZyB3aWR0aD0iMSIgaGVpZ2h0PSIxIiB4bWxucz0iaHR0cDovL3d3dy53My5vcmcvMjAwMC9zdmciPjwvc3ZnPg==\" style=\"--smush-placeholder-width: 763px; --smush-placeholder-aspect-ratio: 763\/217;\" \/><\/p>\n<p>[\/et_pb_text][\/et_pb_column_inner][\/et_pb_row_inner][et_pb_row_inner admin_label=&#8221;Row&#8221; _builder_version=&#8221;3.0.47&#8243;][et_pb_column_inner type=&#8221;4_4&#8243; saved_specialty_column_type=&#8221;3_4&#8243; _builder_version=&#8221;3.0.47&#8243;][et_pb_text admin_label=&#8221;Eksempler fra musikklitteraturen (label)&#8221; _builder_version=&#8221;3.19.18&#8243; background_size=&#8221;initial&#8221; background_position=&#8221;top_left&#8221; background_repeat=&#8221;repeat&#8221; use_border_color=&#8221;off&#8221; border_style=&#8221;solid&#8221; saved_tabs=&#8221;all&#8221;]<\/p>\n<h2>Oppgaver<\/h2>\n<p>[\/et_pb_text][et_pb_text _builder_version=&#8221;3.19.18&#8243;]<\/p>\n<p><a href=\"https:\/\/result.uit.no\/musicificium\/wp-content\/uploads\/sites\/35\/2019\/07\/I-like-the-flowers-oppgaveark-Full-Score.pdf\" rel=\"attachment wp-att-27904 noopener noreferrer\" target=\"_blank\">I like the flowers<\/a><\/p>\n<p>[\/et_pb_text][et_pb_text admin_label=&#8221;Eksempler fra musikklitteraturen (label)&#8221; _builder_version=&#8221;3.19.18&#8243; background_size=&#8221;initial&#8221; background_position=&#8221;top_left&#8221; background_repeat=&#8221;repeat&#8221; use_border_color=&#8221;off&#8221; border_style=&#8221;solid&#8221; saved_tabs=&#8221;all&#8221;]<\/p>\n<h2><\/h2>\n<h2><\/h2>\n<h2>Fasiter\/ reduksjoner<\/h2>\n<p>[\/et_pb_text][\/et_pb_column_inner][\/et_pb_row_inner][et_pb_row_inner custom_padding=&#8221;0|0px|28.2969px|0px|false|false&#8221; _builder_version=&#8221;3.19.18&#8243;][et_pb_column_inner type=&#8221;1_2&#8243; saved_specialty_column_type=&#8221;3_4&#8243; _builder_version=&#8221;3.0.47&#8243;][et_pb_text _builder_version=&#8221;3.19.18&#8243;]<\/p>\n<p><a href=\"https:\/\/result.uit.no\/musicificium\/wp-content\/uploads\/sites\/35\/2019\/07\/I-like-the-flowers-Full-Score.pdf\" rel=\"attachment wp-att-27905 noopener noreferrer\" target=\"_blank\">I like the flowers<\/a><\/p>\n<p>[\/et_pb_text][\/et_pb_column_inner][et_pb_column_inner type=&#8221;1_2&#8243; saved_specialty_column_type=&#8221;3_4&#8243; _builder_version=&#8221;3.0.47&#8243;][et_pb_text _builder_version=&#8221;3.19.18&#8243;]<\/p>\n<p><a href=\"https:\/\/result.uit.no\/musicificium\/wp-content\/uploads\/sites\/35\/2019\/07\/I-like-the-flowersbesifring_1-Full-Score.pdf\" rel=\"attachment wp-att-27906 noopener noreferrer\" target=\"_blank\">I like the flowers (med besifring)<\/a><\/p>\n<p>[\/et_pb_text][\/et_pb_column_inner][\/et_pb_row_inner][et_pb_row_inner admin_label=&#8221;Row&#8221; _builder_version=&#8221;3.0.47&#8243;][et_pb_column_inner type=&#8221;4_4&#8243; saved_specialty_column_type=&#8221;3_4&#8243; _builder_version=&#8221;3.0.47&#8243;][et_pb_text admin_label=&#8221;Overskrift &#8211; Rytmefigurer med sekstendeler&#8221; _builder_version=&#8221;3.19.18&#8243; background_size=&#8221;initial&#8221; background_position=&#8221;top_left&#8221; background_repeat=&#8221;repeat&#8221; use_border_color=&#8221;off&#8221; border_color=&#8221;#ffffff&#8221; border_style=&#8221;solid&#8221;]<\/p>\n<h1>Ss etter subdominant<\/h1>\n<h1><\/h1>\n<hr \/>\n<p>&nbsp;<\/p>\n<p>[\/et_pb_text][et_pb_text admin_label=&#8221;Eksempler fra musikklitteraturen (label)&#8221; _builder_version=&#8221;3.19.18&#8243; background_size=&#8221;initial&#8221; background_position=&#8221;top_left&#8221; background_repeat=&#8221;repeat&#8221; use_border_color=&#8221;off&#8221; border_style=&#8221;solid&#8221; saved_tabs=&#8221;all&#8221;]<\/p>\n<h2><img decoding=\"async\" data-src=\"https:\/\/result.uit.no\/musicificium\/wp-content\/uploads\/sites\/35\/2019\/06\/Ss-etter-S.png\" width=\"842\" height=\"185\" alt=\"\" class=\"wp-image-27613 alignnone size-full lazyload\" data-srcset=\"https:\/\/result.uit.no\/musicificium\/wp-content\/uploads\/sites\/35\/2019\/06\/Ss-etter-S.png 842w, https:\/\/result.uit.no\/musicificium\/wp-content\/uploads\/sites\/35\/2019\/06\/Ss-etter-S-300x66.png 300w, https:\/\/result.uit.no\/musicificium\/wp-content\/uploads\/sites\/35\/2019\/06\/Ss-etter-S-768x169.png 768w\" data-sizes=\"(max-width: 842px) 100vw, 842px\" src=\"data:image\/svg+xml;base64,PHN2ZyB3aWR0aD0iMSIgaGVpZ2h0PSIxIiB4bWxucz0iaHR0cDovL3d3dy53My5vcmcvMjAwMC9zdmciPjwvc3ZnPg==\" style=\"--smush-placeholder-width: 842px; --smush-placeholder-aspect-ratio: 842\/185;\" \/><\/h2>\n<p>&nbsp;<\/p>\n<p>[\/et_pb_text][et_pb_text admin_label=&#8221;Eksempler fra musikklitteraturen (label)&#8221; _builder_version=&#8221;3.19.18&#8243; background_size=&#8221;initial&#8221; background_position=&#8221;top_left&#8221; background_repeat=&#8221;repeat&#8221; use_border_color=&#8221;off&#8221; border_style=&#8221;solid&#8221; saved_tabs=&#8221;all&#8221;]<\/p>\n<h2>Oppgaver<\/h2>\n<p>&nbsp;<\/p>\n<p>[\/et_pb_text][et_pb_text admin_label=&#8221;Eksempler fra musikklitteraturen (label)&#8221; _builder_version=&#8221;3.19.18&#8243; background_size=&#8221;initial&#8221; background_position=&#8221;top_left&#8221; background_repeat=&#8221;repeat&#8221; use_border_color=&#8221;off&#8221; border_style=&#8221;solid&#8221; saved_tabs=&#8221;all&#8221;]<\/p>\n<h2><\/h2>\n<h2><\/h2>\n<h2>Fasiter\/ reduksjoner<\/h2>\n<p>[\/et_pb_text][\/et_pb_column_inner][\/et_pb_row_inner][\/et_pb_column][et_pb_column type=&#8221;1_4&#8243; _builder_version=&#8221;3.0.47&#8243;][et_pb_text _builder_version=&#8221;3.19.18&#8243;]<\/p>\n<p><img decoding=\"async\" data-src=\"https:\/\/result.uit.no\/musicificium\/wp-content\/uploads\/sites\/35\/2019\/08\/Aurora-serie-27.jpg\" width=\"6966\" height=\"4715\" alt=\"\" class=\"wp-image-27940 alignnone size-full lazyload\" src=\"data:image\/svg+xml;base64,PHN2ZyB3aWR0aD0iMSIgaGVpZ2h0PSIxIiB4bWxucz0iaHR0cDovL3d3dy53My5vcmcvMjAwMC9zdmciPjwvc3ZnPg==\" style=\"--smush-placeholder-width: 6966px; --smush-placeholder-aspect-ratio: 6966\/4715;\" \/><\/p>\n<p>[\/et_pb_text][\/et_pb_column][\/et_pb_section][et_pb_section fb_built=&#8221;1&#8243; _builder_version=&#8221;3.19.18&#8243;][et_pb_row _builder_version=&#8221;3.19.18&#8243;][et_pb_column type=&#8221;4_4&#8243; _builder_version=&#8221;3.19.18&#8243;][\/et_pb_column][\/et_pb_row][\/et_pb_section]<\/p>\n","protected":false},"excerpt":{"rendered":"<p>Subdominantens submediant (Ss): 251-progresjon &nbsp; OppgaverForslag til arbeidsgang: &nbsp; Lytt til musikkutdraget som oppgaven bygger p\u00e5. Innspilling fins i eksempelbanken. Syng og not\u00e9r utdragets bassgang, ledelinjer etc. p\u00e5 den tomme linjen p\u00e5 oppgavearket.\u00a0Alternativ oppgave: mark\u00e9r i oppgavearket hver gang du h\u00f8rer den aktuelle harmoniske strukturen. Bestem musikkutdragets harmonikk. &#8220;Oversett&#8221; harmonikken til besifring. &nbsp;Beethoven: Liten russisk [&hellip;]<\/p>\n","protected":false},"author":856,"featured_media":0,"parent":26896,"menu_order":4,"comment_status":"closed","ping_status":"closed","template":"","meta":{"_et_pb_use_builder":"on","_et_pb_old_content":"","_et_gb_content_width":"","iawp_total_views":1,"footnotes":""},"class_list":["post-27251","page","type-page","status-publish","hentry"],"yoast_head":"<!-- This site is optimized with the Yoast SEO plugin v27.4 - https:\/\/yoast.com\/product\/yoast-seo-wordpress\/ -->\n<title>Auditiv analyse: Subdominantens submediant - Musicificium<\/title>\n<meta name=\"robots\" content=\"index, follow, max-snippet:-1, max-image-preview:large, max-video-preview:-1\" \/>\n<link rel=\"canonical\" href=\"https:\/\/result.uit.no\/musicificium\/laerematerialer\/auditiv-analyse-av-harmonikk\/hovedtreklanger\/auditiv-analyse-subdominantens-submediant\/\" \/>\n<script type=\"application\/ld+json\" class=\"yoast-schema-graph\">{\"@context\":\"https:\\\/\\\/schema.org\",\"@graph\":[{\"@type\":\"WebPage\",\"@id\":\"https:\\\/\\\/result.uit.no\\\/musicificium\\\/laerematerialer\\\/auditiv-analyse-av-harmonikk\\\/hovedtreklanger\\\/auditiv-analyse-subdominantens-submediant\\\/\",\"url\":\"https:\\\/\\\/result.uit.no\\\/musicificium\\\/laerematerialer\\\/auditiv-analyse-av-harmonikk\\\/hovedtreklanger\\\/auditiv-analyse-subdominantens-submediant\\\/\",\"name\":\"Auditiv analyse: Subdominantens submediant - Musicificium\",\"isPartOf\":{\"@id\":\"https:\\\/\\\/result.uit.no\\\/musicificium\\\/#website\"},\"primaryImageOfPage\":{\"@id\":\"https:\\\/\\\/result.uit.no\\\/musicificium\\\/laerematerialer\\\/auditiv-analyse-av-harmonikk\\\/hovedtreklanger\\\/auditiv-analyse-subdominantens-submediant\\\/#primaryimage\"},\"image\":{\"@id\":\"https:\\\/\\\/result.uit.no\\\/musicificium\\\/laerematerialer\\\/auditiv-analyse-av-harmonikk\\\/hovedtreklanger\\\/auditiv-analyse-subdominantens-submediant\\\/#primaryimage\"},\"thumbnailUrl\":\"https:\\\/\\\/result.uit.no\\\/musicificium\\\/wp-content\\\/uploads\\\/sites\\\/35\\\/2019\\\/06\\\/rundgangrask.xml_.png\",\"datePublished\":\"2019-06-17T14:48:10+00:00\",\"dateModified\":\"2019-08-08T10:38:25+00:00\",\"breadcrumb\":{\"@id\":\"https:\\\/\\\/result.uit.no\\\/musicificium\\\/laerematerialer\\\/auditiv-analyse-av-harmonikk\\\/hovedtreklanger\\\/auditiv-analyse-subdominantens-submediant\\\/#breadcrumb\"},\"inLanguage\":\"en-GB\",\"potentialAction\":[{\"@type\":\"ReadAction\",\"target\":[\"https:\\\/\\\/result.uit.no\\\/musicificium\\\/laerematerialer\\\/auditiv-analyse-av-harmonikk\\\/hovedtreklanger\\\/auditiv-analyse-subdominantens-submediant\\\/\"]}]},{\"@type\":\"ImageObject\",\"inLanguage\":\"en-GB\",\"@id\":\"https:\\\/\\\/result.uit.no\\\/musicificium\\\/laerematerialer\\\/auditiv-analyse-av-harmonikk\\\/hovedtreklanger\\\/auditiv-analyse-subdominantens-submediant\\\/#primaryimage\",\"url\":\"https:\\\/\\\/result.uit.no\\\/musicificium\\\/wp-content\\\/uploads\\\/sites\\\/35\\\/2019\\\/06\\\/rundgangrask.xml_.png\",\"contentUrl\":\"https:\\\/\\\/result.uit.no\\\/musicificium\\\/wp-content\\\/uploads\\\/sites\\\/35\\\/2019\\\/06\\\/rundgangrask.xml_.png\",\"width\":763,\"height\":217,\"caption\":\"Notebilde av akkordprogresjon.\"},{\"@type\":\"BreadcrumbList\",\"@id\":\"https:\\\/\\\/result.uit.no\\\/musicificium\\\/laerematerialer\\\/auditiv-analyse-av-harmonikk\\\/hovedtreklanger\\\/auditiv-analyse-subdominantens-submediant\\\/#breadcrumb\",\"itemListElement\":[{\"@type\":\"ListItem\",\"position\":1,\"name\":\"Home\",\"item\":\"https:\\\/\\\/result.uit.no\\\/musicificium\\\/\"},{\"@type\":\"ListItem\",\"position\":2,\"name\":\"Oppgavemateriale\",\"item\":\"https:\\\/\\\/result.uit.no\\\/musicificium\\\/laerematerialer\\\/\"},{\"@type\":\"ListItem\",\"position\":3,\"name\":\"Auditiv analyse av harmonikk\",\"item\":\"https:\\\/\\\/result.uit.no\\\/musicificium\\\/laerematerialer\\\/auditiv-analyse-av-harmonikk\\\/\"},{\"@type\":\"ListItem\",\"position\":4,\"name\":\"Hovedtreklanger\",\"item\":\"https:\\\/\\\/result.uit.no\\\/musicificium\\\/laerematerialer\\\/auditiv-analyse-av-harmonikk\\\/hovedtreklanger\\\/\"},{\"@type\":\"ListItem\",\"position\":5,\"name\":\"Auditiv analyse: Subdominantens submediant\"}]},{\"@type\":\"WebSite\",\"@id\":\"https:\\\/\\\/result.uit.no\\\/musicificium\\\/#website\",\"url\":\"https:\\\/\\\/result.uit.no\\\/musicificium\\\/\",\"name\":\"Musicificium\",\"description\":\"En inspirasjonsbank for geh\u00f8rundervisning!\",\"publisher\":{\"@id\":\"https:\\\/\\\/result.uit.no\\\/musicificium\\\/#organization\"},\"potentialAction\":[{\"@type\":\"SearchAction\",\"target\":{\"@type\":\"EntryPoint\",\"urlTemplate\":\"https:\\\/\\\/result.uit.no\\\/musicificium\\\/?s={search_term_string}\"},\"query-input\":{\"@type\":\"PropertyValueSpecification\",\"valueRequired\":true,\"valueName\":\"search_term_string\"}}],\"inLanguage\":\"en-GB\"},{\"@type\":\"Organization\",\"@id\":\"https:\\\/\\\/result.uit.no\\\/musicificium\\\/#organization\",\"name\":\"UiT\",\"url\":\"https:\\\/\\\/result.uit.no\\\/musicificium\\\/\",\"logo\":{\"@type\":\"ImageObject\",\"inLanguage\":\"en-GB\",\"@id\":\"https:\\\/\\\/result.uit.no\\\/musicificium\\\/#\\\/schema\\\/logo\\\/image\\\/\",\"url\":\"https:\\\/\\\/result.uit.no\\\/musicificium\\\/wp-content\\\/uploads\\\/sites\\\/35\\\/2024\\\/11\\\/UiT_Segl_Eng_Bla_960px.png\",\"contentUrl\":\"https:\\\/\\\/result.uit.no\\\/musicificium\\\/wp-content\\\/uploads\\\/sites\\\/35\\\/2024\\\/11\\\/UiT_Segl_Eng_Bla_960px.png\",\"width\":960,\"height\":960,\"caption\":\"UiT\"},\"image\":{\"@id\":\"https:\\\/\\\/result.uit.no\\\/musicificium\\\/#\\\/schema\\\/logo\\\/image\\\/\"}}]}<\/script>\n<!-- \/ Yoast SEO plugin. -->","yoast_head_json":{"title":"Auditiv analyse: Subdominantens submediant - Musicificium","robots":{"index":"index","follow":"follow","max-snippet":"max-snippet:-1","max-image-preview":"max-image-preview:large","max-video-preview":"max-video-preview:-1"},"canonical":"https:\/\/result.uit.no\/musicificium\/laerematerialer\/auditiv-analyse-av-harmonikk\/hovedtreklanger\/auditiv-analyse-subdominantens-submediant\/","schema":{"@context":"https:\/\/schema.org","@graph":[{"@type":"WebPage","@id":"https:\/\/result.uit.no\/musicificium\/laerematerialer\/auditiv-analyse-av-harmonikk\/hovedtreklanger\/auditiv-analyse-subdominantens-submediant\/","url":"https:\/\/result.uit.no\/musicificium\/laerematerialer\/auditiv-analyse-av-harmonikk\/hovedtreklanger\/auditiv-analyse-subdominantens-submediant\/","name":"Auditiv analyse: Subdominantens submediant - Musicificium","isPartOf":{"@id":"https:\/\/result.uit.no\/musicificium\/#website"},"primaryImageOfPage":{"@id":"https:\/\/result.uit.no\/musicificium\/laerematerialer\/auditiv-analyse-av-harmonikk\/hovedtreklanger\/auditiv-analyse-subdominantens-submediant\/#primaryimage"},"image":{"@id":"https:\/\/result.uit.no\/musicificium\/laerematerialer\/auditiv-analyse-av-harmonikk\/hovedtreklanger\/auditiv-analyse-subdominantens-submediant\/#primaryimage"},"thumbnailUrl":"https:\/\/result.uit.no\/musicificium\/wp-content\/uploads\/sites\/35\/2019\/06\/rundgangrask.xml_.png","datePublished":"2019-06-17T14:48:10+00:00","dateModified":"2019-08-08T10:38:25+00:00","breadcrumb":{"@id":"https:\/\/result.uit.no\/musicificium\/laerematerialer\/auditiv-analyse-av-harmonikk\/hovedtreklanger\/auditiv-analyse-subdominantens-submediant\/#breadcrumb"},"inLanguage":"en-GB","potentialAction":[{"@type":"ReadAction","target":["https:\/\/result.uit.no\/musicificium\/laerematerialer\/auditiv-analyse-av-harmonikk\/hovedtreklanger\/auditiv-analyse-subdominantens-submediant\/"]}]},{"@type":"ImageObject","inLanguage":"en-GB","@id":"https:\/\/result.uit.no\/musicificium\/laerematerialer\/auditiv-analyse-av-harmonikk\/hovedtreklanger\/auditiv-analyse-subdominantens-submediant\/#primaryimage","url":"https:\/\/result.uit.no\/musicificium\/wp-content\/uploads\/sites\/35\/2019\/06\/rundgangrask.xml_.png","contentUrl":"https:\/\/result.uit.no\/musicificium\/wp-content\/uploads\/sites\/35\/2019\/06\/rundgangrask.xml_.png","width":763,"height":217,"caption":"Notebilde av akkordprogresjon."},{"@type":"BreadcrumbList","@id":"https:\/\/result.uit.no\/musicificium\/laerematerialer\/auditiv-analyse-av-harmonikk\/hovedtreklanger\/auditiv-analyse-subdominantens-submediant\/#breadcrumb","itemListElement":[{"@type":"ListItem","position":1,"name":"Home","item":"https:\/\/result.uit.no\/musicificium\/"},{"@type":"ListItem","position":2,"name":"Oppgavemateriale","item":"https:\/\/result.uit.no\/musicificium\/laerematerialer\/"},{"@type":"ListItem","position":3,"name":"Auditiv analyse av harmonikk","item":"https:\/\/result.uit.no\/musicificium\/laerematerialer\/auditiv-analyse-av-harmonikk\/"},{"@type":"ListItem","position":4,"name":"Hovedtreklanger","item":"https:\/\/result.uit.no\/musicificium\/laerematerialer\/auditiv-analyse-av-harmonikk\/hovedtreklanger\/"},{"@type":"ListItem","position":5,"name":"Auditiv analyse: Subdominantens submediant"}]},{"@type":"WebSite","@id":"https:\/\/result.uit.no\/musicificium\/#website","url":"https:\/\/result.uit.no\/musicificium\/","name":"Musicificium","description":"En inspirasjonsbank for geh\u00f8rundervisning!","publisher":{"@id":"https:\/\/result.uit.no\/musicificium\/#organization"},"potentialAction":[{"@type":"SearchAction","target":{"@type":"EntryPoint","urlTemplate":"https:\/\/result.uit.no\/musicificium\/?s={search_term_string}"},"query-input":{"@type":"PropertyValueSpecification","valueRequired":true,"valueName":"search_term_string"}}],"inLanguage":"en-GB"},{"@type":"Organization","@id":"https:\/\/result.uit.no\/musicificium\/#organization","name":"UiT","url":"https:\/\/result.uit.no\/musicificium\/","logo":{"@type":"ImageObject","inLanguage":"en-GB","@id":"https:\/\/result.uit.no\/musicificium\/#\/schema\/logo\/image\/","url":"https:\/\/result.uit.no\/musicificium\/wp-content\/uploads\/sites\/35\/2024\/11\/UiT_Segl_Eng_Bla_960px.png","contentUrl":"https:\/\/result.uit.no\/musicificium\/wp-content\/uploads\/sites\/35\/2024\/11\/UiT_Segl_Eng_Bla_960px.png","width":960,"height":960,"caption":"UiT"},"image":{"@id":"https:\/\/result.uit.no\/musicificium\/#\/schema\/logo\/image\/"}}]}},"_links":{"self":[{"href":"https:\/\/result.uit.no\/musicificium\/wp-json\/wp\/v2\/pages\/27251","targetHints":{"allow":["GET"]}}],"collection":[{"href":"https:\/\/result.uit.no\/musicificium\/wp-json\/wp\/v2\/pages"}],"about":[{"href":"https:\/\/result.uit.no\/musicificium\/wp-json\/wp\/v2\/types\/page"}],"author":[{"embeddable":true,"href":"https:\/\/result.uit.no\/musicificium\/wp-json\/wp\/v2\/users\/856"}],"replies":[{"embeddable":true,"href":"https:\/\/result.uit.no\/musicificium\/wp-json\/wp\/v2\/comments?post=27251"}],"version-history":[{"count":0,"href":"https:\/\/result.uit.no\/musicificium\/wp-json\/wp\/v2\/pages\/27251\/revisions"}],"up":[{"embeddable":true,"href":"https:\/\/result.uit.no\/musicificium\/wp-json\/wp\/v2\/pages\/26896"}],"wp:attachment":[{"href":"https:\/\/result.uit.no\/musicificium\/wp-json\/wp\/v2\/media?parent=27251"}],"curies":[{"name":"wp","href":"https:\/\/api.w.org\/{rel}","templated":true}]}}