{"id":26597,"date":"2018-06-04T13:03:41","date_gmt":"2018-06-04T11:03:41","guid":{"rendered":"https:\/\/result.uit.no\/musicificium\/polyrytmer\/tre-over-to\/"},"modified":"2025-10-13T08:53:49","modified_gmt":"2025-10-13T06:53:49","slug":"tre-over-to","status":"publish","type":"page","link":"https:\/\/result.uit.no\/musicificium\/eksempelbank\/polyrytmer\/tre-over-to\/","title":{"rendered":"Tre over to"},"content":{"rendered":"<p>[et_pb_section fb_built=&#8221;1&#8243; specialty=&#8221;on&#8221; _builder_version=&#8221;4.16&#8243; global_colors_info=&#8221;{}&#8221;][et_pb_column type=&#8221;3_4&#8243; specialty_columns=&#8221;3&#8243; _builder_version=&#8221;4.16&#8243; custom_padding=&#8221;|||&#8221; global_colors_info=&#8221;{}&#8221; custom_padding__hover=&#8221;|||&#8221;][et_pb_row_inner admin_label=&#8221;Row&#8221; _builder_version=&#8221;4.16&#8243; background_size=&#8221;initial&#8221; background_position=&#8221;top_left&#8221; background_repeat=&#8221;repeat&#8221; global_colors_info=&#8221;{}&#8221;][et_pb_column_inner saved_specialty_column_type=&#8221;3_4&#8243; _builder_version=&#8221;4.16&#8243; custom_padding=&#8221;|||&#8221; global_colors_info=&#8221;{}&#8221; custom_padding__hover=&#8221;|||&#8221;][et_pb_text admin_label=&#8221;Overskrift &#8211; Tre mot to&#8221; _builder_version=&#8221;4.24.2&#8243; use_border_color=&#8221;off&#8221; global_colors_info=&#8221;{}&#8221;]<\/p>\n<h1>Tre mot to<\/h1>\n<hr \/>\n<h2 class=\"spot-content\">Three over two<\/h2>\n<div><\/div>\n<p>[\/et_pb_text][\/et_pb_column_inner][\/et_pb_row_inner][et_pb_row_inner column_structure=&#8221;1_2,1_2&#8243; _builder_version=&#8221;4.19.2&#8243; _module_preset=&#8221;default&#8221; custom_padding=&#8221;||57px|||&#8221; global_colors_info=&#8221;{}&#8221;][et_pb_column_inner type=&#8221;1_2&#8243; saved_specialty_column_type=&#8221;3_4&#8243; _builder_version=&#8221;4.19.2&#8243; _module_preset=&#8221;default&#8221; global_colors_info=&#8221;{}&#8221;][et_pb_text _builder_version=&#8221;4.19.2&#8243; _module_preset=&#8221;default&#8221; global_colors_info=&#8221;{}&#8221;]<\/p>\n<p><img decoding=\"async\" data-src=\"https:\/\/result.uit.no\/musicificium\/wp-content\/uploads\/sites\/35\/2020\/06\/Aurorabilde-18-komprimert.jpg\" width=\"1365\" height=\"1080\" alt=\"\" class=\"wp-image-28468 alignnone size-full lazyload\" data-srcset=\"https:\/\/result.uit.no\/musicificium\/wp-content\/uploads\/sites\/35\/2020\/06\/Aurorabilde-18-komprimert.jpg 1365w, https:\/\/result.uit.no\/musicificium\/wp-content\/uploads\/sites\/35\/2020\/06\/Aurorabilde-18-komprimert-1280x1013.jpg 1280w, https:\/\/result.uit.no\/musicificium\/wp-content\/uploads\/sites\/35\/2020\/06\/Aurorabilde-18-komprimert-980x775.jpg 980w, https:\/\/result.uit.no\/musicificium\/wp-content\/uploads\/sites\/35\/2020\/06\/Aurorabilde-18-komprimert-480x380.jpg 480w\" data-sizes=\"(min-width: 0px) and (max-width: 480px) 480px, (min-width: 481px) and (max-width: 980px) 980px, (min-width: 981px) and (max-width: 1280px) 1280px, (min-width: 1281px) 1365px, 100vw\" src=\"data:image\/svg+xml;base64,PHN2ZyB3aWR0aD0iMSIgaGVpZ2h0PSIxIiB4bWxucz0iaHR0cDovL3d3dy53My5vcmcvMjAwMC9zdmciPjwvc3ZnPg==\" style=\"--smush-placeholder-width: 1365px; --smush-placeholder-aspect-ratio: 1365\/1080;\" \/><\/p>\n<p>[\/et_pb_text][\/et_pb_column_inner][et_pb_column_inner type=&#8221;1_2&#8243; saved_specialty_column_type=&#8221;3_4&#8243; _builder_version=&#8221;4.19.2&#8243; _module_preset=&#8221;default&#8221; global_colors_info=&#8221;{}&#8221;][et_pb_toggle title=&#8221;Om modulen&#8221; _builder_version=&#8221;4.24.0&#8243; _module_preset=&#8221;default&#8221; global_colors_info=&#8221;{}&#8221;]<\/p>\n<p>Denne modulen inneholder eksempler p\u00e5 ulike varianter av polyrytmen tre over to. Hvordan eksemplene originalt er notert er ikke vektlagt her, det er den <em>auditive opplevelsen<\/em> av polyrytmen som er utgangspunkt for valg av eksempler. Eksempelvis er &#8220;He&#8217;s a pirate&#8221; originalt notert i 12\/8. Melodistemmen er ikke notert med trioltegn, men gjennom bruk av de \u00e5ttendelene som ligger implisitt i det tredelte grunnslaget. Melodirytmen oppleves like fullt som et forl\u00f8p best\u00e5ende av fjerdedelstrioler, og kan i pedagogisk sammenheng egne seg godt som eksempel p\u00e5 polyrytmen tre over to.<\/p>\n<p>[\/et_pb_toggle][et_pb_toggle title=&#8221;Introduction to the module&#8221; _builder_version=&#8221;4.24.2&#8243; _module_preset=&#8221;default&#8221; global_colors_info=&#8221;{}&#8221;]<\/p>\n<p>This module presents examples of various variants of the polyrhythm three over two. The original notation of the examples is not emphasized here; rather, the auditory experience of the polyrhythm serves as the basis for selecting the examples. For instance, &#8220;He&#8217;s a pirate&#8221; was originally notated in 12\/8. The melody line is not indicated with triplet marks, but rather through the use of the implied eighth notes in the triple foundation. However, the melody rhythm is still perceived as a sequence consisting of quarter note triplets, making it well-suited as an educational example of the three over two polyrhythms.<\/p>\n<p>[\/et_pb_toggle][\/et_pb_column_inner][\/et_pb_row_inner][et_pb_row_inner admin_label=&#8221;Eksempler fra musikklitteraturen&#8221; _builder_version=&#8221;4.16&#8243; custom_padding=&#8221;0px|0px|0px|0px&#8221; global_colors_info=&#8221;{}&#8221;][et_pb_column_inner saved_specialty_column_type=&#8221;3_4&#8243; _builder_version=&#8221;4.16&#8243; custom_padding=&#8221;|||&#8221; global_colors_info=&#8221;{}&#8221; custom_padding__hover=&#8221;|||&#8221;][et_pb_text admin_label=&#8221;Eksempler fra musikklitteraturen (label)&#8221; _builder_version=&#8221;4.16&#8243; use_border_color=&#8221;off&#8221; saved_tabs=&#8221;all&#8221; global_colors_info=&#8221;{}&#8221;]<\/p>\n<h2>Eksempler fra musikklitteraturen<\/h2>\n<p>&nbsp;<br \/>\n[\/et_pb_text][et_pb_text admin_label=&#8221;Notebilde&#8221; _builder_version=&#8221;4.16&#8243; use_border_color=&#8221;off&#8221; global_colors_info=&#8221;{}&#8221;]<img decoding=\"async\" class=\"alignnone wp-image-26615 size-full lazyload\" data-src=\"https:\/\/result.uit.no\/musicificium\/wp-content\/uploads\/sites\/35\/2018\/06\/Trioleksempel.png\" alt=\"\" width=\"821\" height=\"66\" data-srcset=\"https:\/\/result.uit.no\/musicificium\/wp-content\/uploads\/sites\/35\/2018\/06\/Trioleksempel.png 821w, https:\/\/result.uit.no\/musicificium\/wp-content\/uploads\/sites\/35\/2018\/06\/Trioleksempel-300x24.png 300w, https:\/\/result.uit.no\/musicificium\/wp-content\/uploads\/sites\/35\/2018\/06\/Trioleksempel-768x62.png 768w\" data-sizes=\"(max-width: 821px) 100vw, 821px\" src=\"data:image\/svg+xml;base64,PHN2ZyB3aWR0aD0iMSIgaGVpZ2h0PSIxIiB4bWxucz0iaHR0cDovL3d3dy53My5vcmcvMjAwMC9zdmciPjwvc3ZnPg==\" style=\"--smush-placeholder-width: 821px; --smush-placeholder-aspect-ratio: 821\/66;\" \/><\/p>\n<div class=\"spot-content\" style=\"text-align: right\">&#8220;Isn&#8217;t she lovely&#8221; (S. Wonder).<\/div>\n<div class=\"spot-content\"><\/div>\n<div><\/div>\n<div><\/div>\n<div class=\"spot-content\"><\/div>\n<div><\/div>\n<div><\/div>\n<div><\/div>\n<div><\/div>\n<div><\/div>\n<div><\/div>\n<div><\/div>\n<div><\/div>\n<p>[\/et_pb_text][\/et_pb_column_inner][\/et_pb_row_inner][et_pb_row_inner column_structure=&#8221;1_3,1_3,1_3&#8243; admin_label=&#8221;Row&#8221; _builder_version=&#8221;4.16&#8243; custom_padding=&#8221;54px|0px|28.2969px|0px&#8221; global_colors_info=&#8221;{}&#8221;][et_pb_column_inner type=&#8221;1_3&#8243; saved_specialty_column_type=&#8221;3_4&#8243; _builder_version=&#8221;4.16&#8243; custom_padding=&#8221;|||&#8221; global_colors_info=&#8221;{}&#8221; custom_padding__hover=&#8221;|||&#8221;][et_pb_text _builder_version=&#8221;4.16&#8243; use_border_color=&#8221;off&#8221; global_colors_info=&#8221;{}&#8221;]Trois Nouvelles etudes,<br \/>\nOp. Posth. no 1 (F. Chopin)<br \/>\n[\/et_pb_text][et_pb_text admin_label=&#8221;Spotifylenke&#8221; _builder_version=&#8221;4.22.2&#8243; custom_margin=&#8221;||8px|||&#8221; use_border_color=&#8221;off&#8221; global_colors_info=&#8221;{}&#8221;]<\/p>\n<p><iframe title=\"3 Nouvelles \u00c9tudes: No. 1 in F Minor\" width=\"1080\" height=\"810\" src=\"https:\/\/www.youtube.com\/embed\/Lkba9f-aQxE?feature=oembed\"  allow=\"accelerometer; autoplay; clipboard-write; encrypted-media; gyroscope; picture-in-picture; web-share\" allowfullscreen><\/iframe><\/p>\n<p>[\/et_pb_text][et_pb_text admin_label=&#8221;Noter&#8221; _builder_version=&#8221;4.16&#8243; use_border_color=&#8221;off&#8221; global_colors_info=&#8221;{}&#8221;]<a href=\"http:\/\/hz.imslp.info\/files\/imglnks\/usimg\/e\/e9\/IMSLP00329-Chopin_-_3NEW_1.PDF\" target=\"_blank\" rel=\"noopener noreferrer\">Noter<\/a><br \/>\n[\/et_pb_text][\/et_pb_column_inner][et_pb_column_inner type=&#8221;1_3&#8243; saved_specialty_column_type=&#8221;3_4&#8243; _builder_version=&#8221;4.16&#8243; custom_padding=&#8221;|||&#8221; global_colors_info=&#8221;{}&#8221; custom_padding__hover=&#8221;|||&#8221;][et_pb_text _builder_version=&#8221;4.16&#8243; use_border_color=&#8221;off&#8221; global_colors_info=&#8221;{}&#8221;]Klaverkonsert i a-moll,<br \/>\nsats 3 (E. Grieg)<br \/>\n[\/et_pb_text][et_pb_text _builder_version=&#8221;4.24.2&#8243; _module_preset=&#8221;default&#8221; global_colors_info=&#8221;{}&#8221;]<\/p>\n<p><iframe title=\"Leif Ove Andsnes Plays Grieg Piano Concerto in A Minor, Op. 16\" width=\"1080\" height=\"608\" src=\"https:\/\/www.youtube.com\/embed\/liFdIN2vUr4?start=1356&#038;feature=oembed\"  allow=\"accelerometer; autoplay; clipboard-write; encrypted-media; gyroscope; picture-in-picture; web-share\" allowfullscreen><\/iframe><\/p>\n<p>[\/et_pb_text][et_pb_text admin_label=&#8221;Spotifylenke&#8221; _builder_version=&#8221;4.24.2&#8243; custom_margin=&#8221;||0px|||&#8221; use_border_color=&#8221;off&#8221; global_colors_info=&#8221;{}&#8221;]<\/p>\n<p>Polyrytmen kan h\u00f8res i satsens sidetema.<\/p>\n<p>[\/et_pb_text][et_pb_text admin_label=&#8221;Noter&#8221; _builder_version=&#8221;4.16&#8243; use_border_color=&#8221;off&#8221; global_colors_info=&#8221;{}&#8221;]<a href=\"http:\/\/hz.imslp.info\/files\/imglnks\/usimg\/c\/c9\/IMSLP02173-Grieg_-_Piano_Concerto,_3rd_Mvt_(Full_Score).pdf\" target=\"_blank\" rel=\"noopener noreferrer\">Noter (se s.56)<\/a><br \/>\n[\/et_pb_text][\/et_pb_column_inner][et_pb_column_inner type=&#8221;1_3&#8243; saved_specialty_column_type=&#8221;3_4&#8243; _builder_version=&#8221;4.16&#8243; custom_padding=&#8221;|||&#8221; global_colors_info=&#8221;{}&#8221; custom_padding__hover=&#8221;|||&#8221;][et_pb_text _builder_version=&#8221;4.16&#8243; use_border_color=&#8221;off&#8221; global_colors_info=&#8221;{}&#8221;]&#8221;He&#8217;s a pirate&#8221;<br \/>\n(C. Badelt, H. Zimmer)<br \/>\n[\/et_pb_text][et_pb_text admin_label=&#8221;Spotifylenke&#8221; _builder_version=&#8221;4.22.2&#8243; use_border_color=&#8221;off&#8221; global_colors_info=&#8221;{}&#8221;]<\/p>\n<p><iframe title=\"He&#039;s a Pirate\" width=\"1080\" height=\"810\" src=\"https:\/\/www.youtube.com\/embed\/BuYf0taXoNw?feature=oembed\"  allow=\"accelerometer; autoplay; clipboard-write; encrypted-media; gyroscope; picture-in-picture; web-share\" allowfullscreen><\/iframe><\/p>\n<p>[\/et_pb_text][\/et_pb_column_inner][\/et_pb_row_inner][et_pb_row_inner column_structure=&#8221;1_3,1_3,1_3&#8243; admin_label=&#8221;Row&#8221; _builder_version=&#8221;4.16&#8243; global_colors_info=&#8221;{}&#8221;][et_pb_column_inner type=&#8221;1_3&#8243; saved_specialty_column_type=&#8221;3_4&#8243; _builder_version=&#8221;4.16&#8243; custom_padding=&#8221;|||&#8221; global_colors_info=&#8221;{}&#8221; custom_padding__hover=&#8221;|||&#8221;][et_pb_text _builder_version=&#8221;4.16&#8243; use_border_color=&#8221;off&#8221; global_colors_info=&#8221;{}&#8221;]&#8221;In the upper room&#8221;,<br \/>\ndans 8 (P. Glass)<br \/>\n[\/et_pb_text][et_pb_text admin_label=&#8221;Spotifylenke&#8221; _builder_version=&#8221;4.22.2&#8243; use_border_color=&#8221;off&#8221; global_colors_info=&#8221;{}&#8221;]<\/p>\n<p><iframe title=\"In the Upper Room: Dance VIII\" width=\"1080\" height=\"810\" src=\"https:\/\/www.youtube.com\/embed\/XW_vLyWGYTo?feature=oembed\"  allow=\"accelerometer; autoplay; clipboard-write; encrypted-media; gyroscope; picture-in-picture; web-share\" allowfullscreen><\/iframe><\/p>\n<p>[\/et_pb_text][\/et_pb_column_inner][et_pb_column_inner type=&#8221;1_3&#8243; saved_specialty_column_type=&#8221;3_4&#8243; _builder_version=&#8221;4.16&#8243; custom_padding=&#8221;|||&#8221; global_colors_info=&#8221;{}&#8221; custom_padding__hover=&#8221;|||&#8221;][et_pb_text _builder_version=&#8221;4.22.2&#8243; use_border_color=&#8221;off&#8221; global_colors_info=&#8221;{}&#8221;]Bestelanden<br \/>\n(Trad.\/K. Heddi)[\/et_pb_text][et_pb_text admin_label=&#8221;Spotifylenke&#8221; _builder_version=&#8221;4.27.4&#8243; hover_enabled=&#8221;0&#8243; use_border_color=&#8221;off&#8221; global_colors_info=&#8221;{}&#8221; sticky_enabled=&#8221;0&#8243;]<\/p>\n<p><iframe title=\"Bestelanden\" width=\"1080\" height=\"810\" src=\"https:\/\/www.youtube.com\/embed\/RvhCaswu3_U?feature=oembed\"  allow=\"accelerometer; autoplay; clipboard-write; encrypted-media; gyroscope; picture-in-picture; web-share\" referrerpolicy=\"strict-origin-when-cross-origin\" allowfullscreen><\/iframe><\/p>\n<p>[\/et_pb_text][et_pb_toggle title=&#8221;Les mer\/ Read more&#8221; _builder_version=&#8221;4.24.2&#8243; _module_preset=&#8221;default&#8221; global_colors_info=&#8221;{}&#8221;]<\/p>\n<p>Sl\u00e5tten g\u00e5r i 6\/8, men i hver B-del spilles trioler over 6\/8-m\u00f8nsteret.<\/p>\n<p><em>The song is set in 6\/8 time signature, with triplets playing in each B-section over the 6\/8 pattern.<\/em><\/p>\n<p>[\/et_pb_toggle][\/et_pb_column_inner][et_pb_column_inner type=&#8221;1_3&#8243; saved_specialty_column_type=&#8221;3_4&#8243; _builder_version=&#8221;4.16&#8243; custom_padding=&#8221;|||&#8221; global_colors_info=&#8221;{}&#8221; custom_padding__hover=&#8221;|||&#8221;][et_pb_text _builder_version=&#8221;4.16&#8243; use_border_color=&#8221;off&#8221; global_colors_info=&#8221;{}&#8221;]Trois Nouvelles etudes,<br \/>\nOp. Posth. no 2 (F. Chopin)<br \/>\n[\/et_pb_text][et_pb_text admin_label=&#8221;Spotifylenke&#8221; _builder_version=&#8221;4.22.2&#8243; custom_margin=&#8221;||8px|||&#8221; use_border_color=&#8221;off&#8221; global_colors_info=&#8221;{}&#8221;]<\/p>\n<p><iframe title=\"Chopin - Trois Nouvelles Etudes No  2: Etude in As Dur : Claire Pasquier #livestreamingconcert\" width=\"1080\" height=\"608\" src=\"https:\/\/www.youtube.com\/embed\/eibZooWN-gA?feature=oembed\"  allow=\"accelerometer; autoplay; clipboard-write; encrypted-media; gyroscope; picture-in-picture; web-share\" allowfullscreen><\/iframe><\/p>\n<p>[\/et_pb_text][et_pb_text admin_label=&#8221;Noter&#8221; _builder_version=&#8221;4.16&#8243; use_border_color=&#8221;off&#8221; global_colors_info=&#8221;{}&#8221;]<a href=\"http:\/\/hz.imslp.info\/files\/imglnks\/usimg\/e\/ed\/IMSLP00330-Chopin_-_3NEW_2.PDF\" target=\"_blank\" rel=\"noopener noreferrer\">Noter<\/a><br \/>\n[\/et_pb_text][et_pb_text admin_label=&#8221;Noter&#8221; _builder_version=&#8221;4.16&#8243; use_border_color=&#8221;off&#8221; global_colors_info=&#8221;{}&#8221;]&nbsp;<br \/>\n[\/et_pb_text][\/et_pb_column_inner][\/et_pb_row_inner][\/et_pb_column][et_pb_column type=&#8221;1_4&#8243; _builder_version=&#8221;4.16&#8243; custom_padding=&#8221;|||&#8221; global_colors_info=&#8221;{}&#8221; custom_padding__hover=&#8221;|||&#8221;][et_pb_sidebar area=&#8221;et_pb_widget_area_17&#8243; _builder_version=&#8221;4.16&#8243; global_colors_info=&#8221;{}&#8221;]&nbsp;<br \/>\n[\/et_pb_sidebar][\/et_pb_column][\/et_pb_section]<\/p>\n","protected":false},"excerpt":{"rendered":"<p>Tre mot to Three over two Denne modulen inneholder eksempler p\u00e5 ulike varianter av polyrytmen tre over to. Hvordan eksemplene originalt er notert er ikke vektlagt her, det er den auditive opplevelsen av polyrytmen som er utgangspunkt for valg av eksempler. Eksempelvis er &#8220;He&#8217;s a pirate&#8221; originalt notert i 12\/8. Melodistemmen er ikke notert med [&hellip;]<\/p>\n","protected":false},"author":856,"featured_media":0,"parent":26582,"menu_order":0,"comment_status":"closed","ping_status":"closed","template":"","meta":{"_et_pb_use_builder":"on","_et_pb_old_content":"","_et_gb_content_width":"","iawp_total_views":17,"footnotes":""},"class_list":["post-26597","page","type-page","status-publish","hentry"],"yoast_head":"<!-- This site is optimized with the Yoast SEO plugin v27.5 - https:\/\/yoast.com\/product\/yoast-seo-wordpress\/ -->\n<title>Tre over to - Musicificium<\/title>\n<meta name=\"robots\" content=\"index, follow, max-snippet:-1, max-image-preview:large, max-video-preview:-1\" \/>\n<link rel=\"canonical\" href=\"https:\/\/result.uit.no\/musicificium\/eksempelbank\/polyrytmer\/tre-over-to\/\" \/>\n<script type=\"application\/ld+json\" class=\"yoast-schema-graph\">{\"@context\":\"https:\\\/\\\/schema.org\",\"@graph\":[{\"@type\":\"WebPage\",\"@id\":\"https:\\\/\\\/result.uit.no\\\/musicificium\\\/eksempelbank\\\/polyrytmer\\\/tre-over-to\\\/\",\"url\":\"https:\\\/\\\/result.uit.no\\\/musicificium\\\/eksempelbank\\\/polyrytmer\\\/tre-over-to\\\/\",\"name\":\"Tre over to - Musicificium\",\"isPartOf\":{\"@id\":\"https:\\\/\\\/result.uit.no\\\/musicificium\\\/#website\"},\"primaryImageOfPage\":{\"@id\":\"https:\\\/\\\/result.uit.no\\\/musicificium\\\/eksempelbank\\\/polyrytmer\\\/tre-over-to\\\/#primaryimage\"},\"image\":{\"@id\":\"https:\\\/\\\/result.uit.no\\\/musicificium\\\/eksempelbank\\\/polyrytmer\\\/tre-over-to\\\/#primaryimage\"},\"thumbnailUrl\":\"https:\\\/\\\/result.uit.no\\\/musicificium\\\/wp-content\\\/uploads\\\/sites\\\/35\\\/2020\\\/06\\\/Aurorabilde-18-komprimert.jpg\",\"datePublished\":\"2018-06-04T11:03:41+00:00\",\"dateModified\":\"2025-10-13T06:53:49+00:00\",\"breadcrumb\":{\"@id\":\"https:\\\/\\\/result.uit.no\\\/musicificium\\\/eksempelbank\\\/polyrytmer\\\/tre-over-to\\\/#breadcrumb\"},\"inLanguage\":\"en-GB\",\"potentialAction\":[{\"@type\":\"ReadAction\",\"target\":[\"https:\\\/\\\/result.uit.no\\\/musicificium\\\/eksempelbank\\\/polyrytmer\\\/tre-over-to\\\/\"]}]},{\"@type\":\"ImageObject\",\"inLanguage\":\"en-GB\",\"@id\":\"https:\\\/\\\/result.uit.no\\\/musicificium\\\/eksempelbank\\\/polyrytmer\\\/tre-over-to\\\/#primaryimage\",\"url\":\"https:\\\/\\\/result.uit.no\\\/musicificium\\\/wp-content\\\/uploads\\\/sites\\\/35\\\/2020\\\/06\\\/Aurorabilde-18-komprimert.jpg\",\"contentUrl\":\"https:\\\/\\\/result.uit.no\\\/musicificium\\\/wp-content\\\/uploads\\\/sites\\\/35\\\/2020\\\/06\\\/Aurorabilde-18-komprimert.jpg\",\"width\":1365,\"height\":1080,\"caption\":\"Navigasjonsplakat til Polyrytmer og metrisk modulasjon. Strektegning av slagverker som spiller p\u00e5 chimes.\"},{\"@type\":\"BreadcrumbList\",\"@id\":\"https:\\\/\\\/result.uit.no\\\/musicificium\\\/eksempelbank\\\/polyrytmer\\\/tre-over-to\\\/#breadcrumb\",\"itemListElement\":[{\"@type\":\"ListItem\",\"position\":1,\"name\":\"Home\",\"item\":\"https:\\\/\\\/result.uit.no\\\/musicificium\\\/\"},{\"@type\":\"ListItem\",\"position\":2,\"name\":\"Eksempelbank\",\"item\":\"https:\\\/\\\/result.uit.no\\\/musicificium\\\/eksempelbank\\\/\"},{\"@type\":\"ListItem\",\"position\":3,\"name\":\"Polyrytmer\",\"item\":\"https:\\\/\\\/result.uit.no\\\/musicificium\\\/eksempelbank\\\/polyrytmer\\\/\"},{\"@type\":\"ListItem\",\"position\":4,\"name\":\"Tre over to\"}]},{\"@type\":\"WebSite\",\"@id\":\"https:\\\/\\\/result.uit.no\\\/musicificium\\\/#website\",\"url\":\"https:\\\/\\\/result.uit.no\\\/musicificium\\\/\",\"name\":\"Musicificium\",\"description\":\"En inspirasjonsbank for geh\u00f8rundervisning!\",\"publisher\":{\"@id\":\"https:\\\/\\\/result.uit.no\\\/musicificium\\\/#organization\"},\"potentialAction\":[{\"@type\":\"SearchAction\",\"target\":{\"@type\":\"EntryPoint\",\"urlTemplate\":\"https:\\\/\\\/result.uit.no\\\/musicificium\\\/?s={search_term_string}\"},\"query-input\":{\"@type\":\"PropertyValueSpecification\",\"valueRequired\":true,\"valueName\":\"search_term_string\"}}],\"inLanguage\":\"en-GB\"},{\"@type\":\"Organization\",\"@id\":\"https:\\\/\\\/result.uit.no\\\/musicificium\\\/#organization\",\"name\":\"UiT\",\"url\":\"https:\\\/\\\/result.uit.no\\\/musicificium\\\/\",\"logo\":{\"@type\":\"ImageObject\",\"inLanguage\":\"en-GB\",\"@id\":\"https:\\\/\\\/result.uit.no\\\/musicificium\\\/#\\\/schema\\\/logo\\\/image\\\/\",\"url\":\"https:\\\/\\\/result.uit.no\\\/musicificium\\\/wp-content\\\/uploads\\\/sites\\\/35\\\/2024\\\/11\\\/UiT_Segl_Eng_Bla_960px.png\",\"contentUrl\":\"https:\\\/\\\/result.uit.no\\\/musicificium\\\/wp-content\\\/uploads\\\/sites\\\/35\\\/2024\\\/11\\\/UiT_Segl_Eng_Bla_960px.png\",\"width\":960,\"height\":960,\"caption\":\"UiT\"},\"image\":{\"@id\":\"https:\\\/\\\/result.uit.no\\\/musicificium\\\/#\\\/schema\\\/logo\\\/image\\\/\"}}]}<\/script>\n<!-- \/ Yoast SEO plugin. -->","yoast_head_json":{"title":"Tre over to - Musicificium","robots":{"index":"index","follow":"follow","max-snippet":"max-snippet:-1","max-image-preview":"max-image-preview:large","max-video-preview":"max-video-preview:-1"},"canonical":"https:\/\/result.uit.no\/musicificium\/eksempelbank\/polyrytmer\/tre-over-to\/","schema":{"@context":"https:\/\/schema.org","@graph":[{"@type":"WebPage","@id":"https:\/\/result.uit.no\/musicificium\/eksempelbank\/polyrytmer\/tre-over-to\/","url":"https:\/\/result.uit.no\/musicificium\/eksempelbank\/polyrytmer\/tre-over-to\/","name":"Tre over to - Musicificium","isPartOf":{"@id":"https:\/\/result.uit.no\/musicificium\/#website"},"primaryImageOfPage":{"@id":"https:\/\/result.uit.no\/musicificium\/eksempelbank\/polyrytmer\/tre-over-to\/#primaryimage"},"image":{"@id":"https:\/\/result.uit.no\/musicificium\/eksempelbank\/polyrytmer\/tre-over-to\/#primaryimage"},"thumbnailUrl":"https:\/\/result.uit.no\/musicificium\/wp-content\/uploads\/sites\/35\/2020\/06\/Aurorabilde-18-komprimert.jpg","datePublished":"2018-06-04T11:03:41+00:00","dateModified":"2025-10-13T06:53:49+00:00","breadcrumb":{"@id":"https:\/\/result.uit.no\/musicificium\/eksempelbank\/polyrytmer\/tre-over-to\/#breadcrumb"},"inLanguage":"en-GB","potentialAction":[{"@type":"ReadAction","target":["https:\/\/result.uit.no\/musicificium\/eksempelbank\/polyrytmer\/tre-over-to\/"]}]},{"@type":"ImageObject","inLanguage":"en-GB","@id":"https:\/\/result.uit.no\/musicificium\/eksempelbank\/polyrytmer\/tre-over-to\/#primaryimage","url":"https:\/\/result.uit.no\/musicificium\/wp-content\/uploads\/sites\/35\/2020\/06\/Aurorabilde-18-komprimert.jpg","contentUrl":"https:\/\/result.uit.no\/musicificium\/wp-content\/uploads\/sites\/35\/2020\/06\/Aurorabilde-18-komprimert.jpg","width":1365,"height":1080,"caption":"Navigasjonsplakat til Polyrytmer og metrisk modulasjon. Strektegning av slagverker som spiller p\u00e5 chimes."},{"@type":"BreadcrumbList","@id":"https:\/\/result.uit.no\/musicificium\/eksempelbank\/polyrytmer\/tre-over-to\/#breadcrumb","itemListElement":[{"@type":"ListItem","position":1,"name":"Home","item":"https:\/\/result.uit.no\/musicificium\/"},{"@type":"ListItem","position":2,"name":"Eksempelbank","item":"https:\/\/result.uit.no\/musicificium\/eksempelbank\/"},{"@type":"ListItem","position":3,"name":"Polyrytmer","item":"https:\/\/result.uit.no\/musicificium\/eksempelbank\/polyrytmer\/"},{"@type":"ListItem","position":4,"name":"Tre over to"}]},{"@type":"WebSite","@id":"https:\/\/result.uit.no\/musicificium\/#website","url":"https:\/\/result.uit.no\/musicificium\/","name":"Musicificium","description":"En inspirasjonsbank for geh\u00f8rundervisning!","publisher":{"@id":"https:\/\/result.uit.no\/musicificium\/#organization"},"potentialAction":[{"@type":"SearchAction","target":{"@type":"EntryPoint","urlTemplate":"https:\/\/result.uit.no\/musicificium\/?s={search_term_string}"},"query-input":{"@type":"PropertyValueSpecification","valueRequired":true,"valueName":"search_term_string"}}],"inLanguage":"en-GB"},{"@type":"Organization","@id":"https:\/\/result.uit.no\/musicificium\/#organization","name":"UiT","url":"https:\/\/result.uit.no\/musicificium\/","logo":{"@type":"ImageObject","inLanguage":"en-GB","@id":"https:\/\/result.uit.no\/musicificium\/#\/schema\/logo\/image\/","url":"https:\/\/result.uit.no\/musicificium\/wp-content\/uploads\/sites\/35\/2024\/11\/UiT_Segl_Eng_Bla_960px.png","contentUrl":"https:\/\/result.uit.no\/musicificium\/wp-content\/uploads\/sites\/35\/2024\/11\/UiT_Segl_Eng_Bla_960px.png","width":960,"height":960,"caption":"UiT"},"image":{"@id":"https:\/\/result.uit.no\/musicificium\/#\/schema\/logo\/image\/"}}]}},"_links":{"self":[{"href":"https:\/\/result.uit.no\/musicificium\/wp-json\/wp\/v2\/pages\/26597","targetHints":{"allow":["GET"]}}],"collection":[{"href":"https:\/\/result.uit.no\/musicificium\/wp-json\/wp\/v2\/pages"}],"about":[{"href":"https:\/\/result.uit.no\/musicificium\/wp-json\/wp\/v2\/types\/page"}],"author":[{"embeddable":true,"href":"https:\/\/result.uit.no\/musicificium\/wp-json\/wp\/v2\/users\/856"}],"replies":[{"embeddable":true,"href":"https:\/\/result.uit.no\/musicificium\/wp-json\/wp\/v2\/comments?post=26597"}],"version-history":[{"count":0,"href":"https:\/\/result.uit.no\/musicificium\/wp-json\/wp\/v2\/pages\/26597\/revisions"}],"up":[{"embeddable":true,"href":"https:\/\/result.uit.no\/musicificium\/wp-json\/wp\/v2\/pages\/26582"}],"wp:attachment":[{"href":"https:\/\/result.uit.no\/musicificium\/wp-json\/wp\/v2\/media?parent=26597"}],"curies":[{"name":"wp","href":"https:\/\/api.w.org\/{rel}","templated":true}]}}