{"id":26478,"date":"2018-01-16T14:48:12","date_gmt":"2018-01-16T13:48:12","guid":{"rendered":"https:\/\/result.uit.no\/musicificium\/laerematerialer\/rytmekort\/inspirasjon\/"},"modified":"2024-02-23T14:15:48","modified_gmt":"2024-02-23T13:15:48","slug":"inspirasjon","status":"publish","type":"page","link":"https:\/\/result.uit.no\/musicificium\/laerematerialer\/rytmekort\/inspirasjon\/","title":{"rendered":"Inspirasjon"},"content":{"rendered":"<p>[et_pb_section fb_built=&#8221;1&#8243; admin_label=&#8221;section&#8221; _builder_version=&#8221;4.16&#8243; global_colors_info=&#8221;{}&#8221;][et_pb_row column_structure=&#8221;1_2,1_2&#8243; admin_label=&#8221;row&#8221; _builder_version=&#8221;4.16&#8243; background_size=&#8221;initial&#8221; background_position=&#8221;top_left&#8221; background_repeat=&#8221;repeat&#8221; global_colors_info=&#8221;{}&#8221;][et_pb_column type=&#8221;1_2&#8243; _builder_version=&#8221;4.16&#8243; custom_padding=&#8221;|||&#8221; global_colors_info=&#8221;{}&#8221; custom_padding__hover=&#8221;|||&#8221;][et_pb_text _builder_version=&#8221;4.24.2&#8243; _module_preset=&#8221;default&#8221; hover_enabled=&#8221;0&#8243; sticky_enabled=&#8221;0&#8243;]<\/p>\n<h1>L\u00e6ringsaktiviteter<\/h1>\n<hr \/>\n<div class=\"spot-content\">\n<h3>Learning activities<\/h3>\n<\/div>\n<p>[\/et_pb_text][et_pb_text _builder_version=&#8221;4.16&#8243; text_font_size=&#8221;18&#8243; text_line_height=&#8221;1.8em&#8221; background_size=&#8221;initial&#8221; background_position=&#8221;top_left&#8221; background_repeat=&#8221;repeat&#8221; use_border_color=&#8221;off&#8221; border_color=&#8221;#ffffff&#8221; border_style=&#8221;solid&#8221; saved_tabs=&#8221;all&#8221; global_colors_info=&#8221;{}&#8221;]<\/p>\n<p>La elevene bli kjent med rytmefigurer og noteverdier gjennom \u00e5 bruke rytmekort!<\/p>\n<p>P\u00e5 denne siden beskrives ulike l\u00e6ringsaktiviteter myntet p\u00e5 geh\u00f8rtreningsundervisning. Noen av \u00f8velsene egner seg ogs\u00e5 godt som en del av oppvarmingen i kor-\/ korps\u00f8velsen!<\/p>\n<p>[\/et_pb_text][et_pb_toggle title=&#8221;English introduction&#8221; _builder_version=&#8221;4.24.2&#8243; _module_preset=&#8221;default&#8221; global_colors_info=&#8221;{}&#8221;]<\/p>\n<p>Get to know the rhythm figures and note values by using rhythm cards! On this page, you will find various learning activities focused on ear training. Some of these exercises are also ideal for warming up during choir or band rehearsals!<\/p>\n<p>[\/et_pb_toggle][\/et_pb_column][et_pb_column type=&#8221;1_2&#8243; _builder_version=&#8221;4.16&#8243; custom_padding=&#8221;|||&#8221; global_colors_info=&#8221;{}&#8221; custom_padding__hover=&#8221;|||&#8221;][et_pb_image src=&#8221;https:\/\/result.uit.no\/musicificium\/wp-content\/uploads\/sites\/35\/2023\/09\/Aurorabilde-Harmoniske-vendinger-1.jpg&#8221; title_text=&#8221;Aurorabilde Harmoniske vendinger 1&#8243; align=&#8221;right&#8221; align_tablet=&#8221;center&#8221; align_phone=&#8221;&#8221; align_last_edited=&#8221;on|desktop&#8221; _builder_version=&#8221;4.22.2&#8243; use_border_color=&#8221;off&#8221; border_color=&#8221;#ffffff&#8221; border_style=&#8221;solid&#8221; animation=&#8221;off&#8221; sticky=&#8221;off&#8221; global_colors_info=&#8221;{}&#8221;]&nbsp;<br \/>\n[\/et_pb_image][\/et_pb_column][\/et_pb_row][et_pb_row column_structure=&#8221;1_2,1_2&#8243; _builder_version=&#8221;4.16&#8243; background_size=&#8221;initial&#8221; background_position=&#8221;top_left&#8221; background_repeat=&#8221;repeat&#8221; global_colors_info=&#8221;{}&#8221;][et_pb_column type=&#8221;1_2&#8243; _builder_version=&#8221;4.16&#8243; custom_padding=&#8221;|||&#8221; global_colors_info=&#8221;{}&#8221; custom_padding__hover=&#8221;|||&#8221;][et_pb_toggle title=&#8221;Rytmekortdiktat\/ rhythm card dictation&#8221; _builder_version=&#8221;4.24.2&#8243; global_colors_info=&#8221;{}&#8221;]<\/p>\n<ol>\n<li>L\u00e6reren synger en kort melodi eller &#8220;dakker&#8221; en rytme som inneholder rytmefigurene som skal l\u00e6res.<\/li>\n<li>Elevene gjentar sangen eller rytmen helt til de kan den.<\/li>\n<li>Elevene pusler det rytmiske forl\u00f8pet ved hjelp av rytmekort.<\/li>\n<\/ol>\n<p>Tips: Tilpass aktivitetens vanskelighetsgrad p\u00e5 f\u00f8lgende m\u00e5ter:<\/p>\n<p>Enkel versjon: Eleven har foran seg de rytmekortene som er n\u00f8dvendige for \u00e5 pusle rytmen. Elevens oppgave er \u00e5 legge dem i riktig rekkef\u00f8lge.<\/p>\n<p>Viderekommen versjon: Eleven har et st\u00f8rre utvalg av rytmekort tilgjengelig. Her m\u00e5 eleven ta stilling til hvilke rytmefigurer som ble brukt, i tillegg til \u00e5 legge dem i riktig rekkef\u00f8lge.<\/p>\n<p>Enda mer viderekommen versjon: Eleven noterer selv rytmen som blir foresunget, men kan bruke rytmekortene som st\u00f8tte i arbeidet. I tillegg til \u00e5 avgrense hvilke rytmefigurer som kan v\u00e6re i spill, vil rytmekortene v\u00e6re til hjelp for \u00e5 huske hvordan rytmefigurene noteres.<\/p>\n<p>Tips: Tilpass aktiviteten gjennom kun \u00e5 bruke deler av et rytmekortsett. Etterhvert som elevene mestrer rytmene, kan du supplere med flere kort fra samme sett.<\/p>\n<p>&nbsp;<\/p>\n<p><em>1. The teacher sings a short melody or taps out a rhythm that includes the rhythm figures to be learned. <\/em><\/p>\n<p><em>2. The students repeat the melody or rhythm until they have mastered it. <\/em><\/p>\n<p><em>3. The students assemble the rhythm sequence using rhythm cards.<\/em><\/p>\n<p><em>To accommodate different skill levels, the difficulty of the activity can be adjusted in several ways. In the basic version, students have the necessary rhythm cards in front of them and their task is to arrange them in the correct order. In the advanced version, students have a wider selection of rhythm cards available and must also identify which rhythm figures were used in addition to arranging them correctly. For the most advanced version, students notate the rhythm themselves, using the rhythm cards as a guide. This version not only limits the available rhythm figures but also helps students remember how they are notated.<\/em><\/p>\n<p><em>To further customize the activity, you can use only certain parts of a rhythm card set. As students become more proficient in their understanding of rhythm, you can gradually introduce more cards from the same set.<\/em><\/p>\n<p>[\/et_pb_toggle][\/et_pb_column][et_pb_column type=&#8221;1_2&#8243; _builder_version=&#8221;4.16&#8243; custom_padding=&#8221;|||&#8221; global_colors_info=&#8221;{}&#8221; custom_padding__hover=&#8221;|||&#8221;][et_pb_toggle title=&#8221;F\u00f8rstemann!\/ Be the first!&#8221; _builder_version=&#8221;4.24.2&#8243; global_colors_info=&#8221;{}&#8221;]<\/p>\n<ol>\n<li>\u00c9n elev lager en rytme ved hjelp av rytmekort.<\/li>\n<li>Eleven synger sin rytme for de andre elevene. Medelevene gjentar rytmen til de kan den.<\/li>\n<li>N\u00e5r alle elevene har l\u00e6rt rytmen, legger de rytmen ved hjelp av egne rytmekort.<\/li>\n<li>F\u00f8rstemann som legger riktig rytme, lager neste rytme.<\/li>\n<\/ol>\n<p>Tips:<\/p>\n<ul>\n<li>La elevene jobbe i par istedenfor individuelt.<\/li>\n<li>Bestem p\u00e5 forh\u00e5nd hvor lang rytmen skal v\u00e6re.<\/li>\n<li>Tilpass aktiviteten gjennom kun \u00e5 bruke deler av et rytmekortsett. Etterhvert som elevene mestrer rytmene, kan du supplere med flere kort fra samme sett.<\/li>\n<\/ul>\n<p>&nbsp;<\/p>\n<p><em>Become the rhythm master! <\/em><\/p>\n<p><em>1. Create a rhythm using rhythm cards. <\/em><\/p>\n<p><em>2. Sing your rhythm for the other students, and they will repeat it until they have it. <\/em><\/p>\n<p><em>3. Once everyone has learned the rhythm, they can &#8220;write&#8221; the rhythm using their own rhythm cards. <\/em><\/p>\n<p><em>4. The first person to create the correct rhythm gets to create the next one. <\/em><\/p>\n<p><em>Here are some tips: <\/em><\/p>\n<p><em>1. Let the students work in pairs instead of individually. <\/em><\/p>\n<p><em>2. Decide in advance how long the rhythm should be. <\/em><\/p>\n<p><em>3. Customize the activity by using only parts of a set of rhythm cards. As the students master the rhythms, you can add more cards from the same set.<\/em><\/p>\n<p>[\/et_pb_toggle][\/et_pb_column][\/et_pb_row][et_pb_row column_structure=&#8221;1_2,1_2&#8243; _builder_version=&#8221;4.16&#8243; global_colors_info=&#8221;{}&#8221;][et_pb_column type=&#8221;1_2&#8243; _builder_version=&#8221;4.16&#8243; global_colors_info=&#8221;{}&#8221;][et_pb_toggle title=&#8221;Aktivitet med store rytmekort\/ activity with large rhythm cards&#8221; _builder_version=&#8221;4.24.2&#8243; global_colors_info=&#8221;{}&#8221;]<\/p>\n<p>Denne aktiviteten passer godt for barn i gruppe, eller for en gruppe med nybegynnere i alle aldere. Den utvidede \u00f8velsen (se nedenfor) passer godt som aktivitet ogs\u00e5 for musikanter med litt erfaring.<\/p>\n<ol>\n<li>Gruppen st\u00e5r i ring og g\u00e5r\/ tramper fjerdedelspuls. Fokuser p\u00e5 \u00e5 finne og holde en felles puls f\u00f8r rytmekort tas i bruk.<\/li>\n<li>L\u00e6reren holder opp et av de store rytmekortene. Gruppen klapper rytmefiguren p\u00e5 rytmekortet. Klapp rytmen helt til nytt rytmekort blir vist, bytt da til den nye rytmefiguren.\u00a0Pulsen g\u00e5s\/ trampes kontinuerlig gjennom hele aktiviteten.<\/li>\n<\/ol>\n<p>&nbsp;<\/p>\n<p>Utvidelse av \u00f8velsen:<\/p>\n<ol>\n<li>Bestem taktart.<\/li>\n<li>Elevene markerer taktarten mens de g\u00e5r pulsen. Dette kan eksempelvis gj\u00f8res gjennom\u00a0\u00e5 ta et steg frem p\u00e5 hver \u00e9ner, eller ved \u00e5 trampe hard p\u00e5 \u00e9neren og g\u00e5 p\u00e5 t\u00e5 p\u00e5 \u00f8vrige slag. Fokuser p\u00e5 felles puls og taktartsf\u00f8lelse f\u00f8r rytmekortene tas i bruk.<\/li>\n<li>L\u00e6reren holder opp et av de store rytmekortene. Bestem n\u00e5r i takten rytmefiguren skal klappes. Eksempel: &#8220;Rytmefiguren p\u00e5 bildet skal klappes p\u00e5 hver toer&#8221;. Bytt rytmekort etter eget \u00f8nske.<\/li>\n<li>For ytterligere utvidelse av \u00f8velsen: Gj\u00f8r som beskrevet i punkt 3, men <em>uten<\/em> \u00e5 g\u00e5 pulsen. N\u00e5 m\u00e5 b\u00e5de puls og taktart behandles i elevens indre. Greier gruppen \u00e5 holde samme puls, slik at rytmefiguren klappes samtidig av alle?<\/li>\n<\/ol>\n<p>Tips:<\/p>\n<p>Bruk anledningen til \u00e5 l\u00e6re elevene begrepene puls og rytme.<\/p>\n<p><em>\u00a0<\/em><\/p>\n<p><em>This activity is well-suited for children in a group or for a group of beginners of all ages. The extended exercise (see below) is also a great activity for musicians with some experience.<\/em><\/p>\n<p><em>1. The group stands in a circle and walks in quarter-note pulse. Focus on finding and maintaining a common pulse before using the rhythm cards.<\/em><\/p>\n<p><em>2. The teacher holds up one of the large rhythm cards while the group claps the rhythm figure on the card. Continue clapping the rhythm until a new card is shown, then switch to the new rhythm figure. The pulse is maintained throughout the entire activity.<\/em><\/p>\n<p><em>Expansion of the Exercise:<\/em><\/p>\n<p><em>1. Determine the time signature.<\/em><\/p>\n<p><em>2. Students should mark the time signature while keeping a steady pulse. This can be done by taking a step forward on each beat one, or by stomping hard on beat one and tiptoeing on the remaining beats. Emphasize the common pulse and sense of time signature before using rhythm cards.<\/em><\/p>\n<p><em>3. The teachers put up one of the large rhtyhm cards. Decide on which beat of the meter the rhythm pattern on the card shall be clapped or sung. Ex: &#8220;The rhythm pattern on the picture shall be clapped on the fourth beat of every bar&#8221;. Change rhythm card when appropriate.<\/em><\/p>\n<p><em>4. For further extension: Do like in 3, but without walking the steady beat. Try to keep the beat inside.<\/em><\/p>\n<p>&nbsp;<\/p>\n<p>&nbsp;<\/p>\n<p>[\/et_pb_toggle][\/et_pb_column][et_pb_column type=&#8221;1_2&#8243; _builder_version=&#8221;4.16&#8243; global_colors_info=&#8221;{}&#8221;][et_pb_video src=&#8221;https:\/\/result.uit.no\/musicificium\/wp-content\/uploads\/sites\/35\/2021\/05\/Forstemann.mp4&#8243; _builder_version=&#8221;4.16&#8243; global_colors_info=&#8221;{}&#8221;][\/et_pb_video][\/et_pb_column][\/et_pb_row][et_pb_row column_structure=&#8221;1_2,1_2&#8243; _builder_version=&#8221;4.16&#8243; global_colors_info=&#8221;{}&#8221;][et_pb_column type=&#8221;1_2&#8243; _builder_version=&#8221;4.16&#8243; global_colors_info=&#8221;{}&#8221;][\/et_pb_column][et_pb_column type=&#8221;1_2&#8243; _builder_version=&#8221;4.16&#8243; global_colors_info=&#8221;{}&#8221;][et_pb_text _builder_version=&#8221;4.24.2&#8243; global_colors_info=&#8221;{}&#8221;]<\/p>\n<p>I videoen demonstrerer studenter ved UiT-Musikkonservatoriet aktiviteten F\u00f8rstemann!<\/p>\n<p><em>In the video, students from UiT-Academy of Music showcase the activity &#8220;F\u00f8rstemann!&#8221;<\/em><\/p>\n<p>[\/et_pb_text][\/et_pb_column][\/et_pb_row][et_pb_row column_structure=&#8221;1_2,1_2&#8243; _builder_version=&#8221;4.16&#8243; global_colors_info=&#8221;{}&#8221;][et_pb_column type=&#8221;1_2&#8243; _builder_version=&#8221;4.16&#8243; global_colors_info=&#8221;{}&#8221;][\/et_pb_column][et_pb_column type=&#8221;1_2&#8243; _builder_version=&#8221;4.16&#8243; global_colors_info=&#8221;{}&#8221;][\/et_pb_column][\/et_pb_row][\/et_pb_section]<\/p>\n","protected":false},"excerpt":{"rendered":"<p>L\u00e6ringsaktiviteter Learning activities La elevene bli kjent med rytmefigurer og noteverdier gjennom \u00e5 bruke rytmekort! P\u00e5 denne siden beskrives ulike l\u00e6ringsaktiviteter myntet p\u00e5 geh\u00f8rtreningsundervisning. Noen av \u00f8velsene egner seg ogs\u00e5 godt som en del av oppvarmingen i kor-\/ korps\u00f8velsen!Get to know the rhythm figures and note values by using rhythm cards! On this page, you [&hellip;]<\/p>\n","protected":false},"author":856,"featured_media":0,"parent":26351,"menu_order":4,"comment_status":"closed","ping_status":"closed","template":"","meta":{"_et_pb_use_builder":"on","_et_pb_old_content":"","_et_gb_content_width":"","iawp_total_views":174,"footnotes":""},"class_list":["post-26478","page","type-page","status-publish","hentry"],"yoast_head":"<!-- This site is optimized with the Yoast SEO plugin v27.4 - https:\/\/yoast.com\/product\/yoast-seo-wordpress\/ -->\n<title>Inspirasjon - Musicificium<\/title>\n<meta name=\"robots\" content=\"index, follow, max-snippet:-1, max-image-preview:large, max-video-preview:-1\" \/>\n<link rel=\"canonical\" href=\"https:\/\/result.uit.no\/musicificium\/laerematerialer\/rytmekort\/inspirasjon\/\" \/>\n<script type=\"application\/ld+json\" class=\"yoast-schema-graph\">{\"@context\":\"https:\\\/\\\/schema.org\",\"@graph\":[{\"@type\":\"WebPage\",\"@id\":\"https:\\\/\\\/result.uit.no\\\/musicificium\\\/laerematerialer\\\/rytmekort\\\/inspirasjon\\\/\",\"url\":\"https:\\\/\\\/result.uit.no\\\/musicificium\\\/laerematerialer\\\/rytmekort\\\/inspirasjon\\\/\",\"name\":\"Inspirasjon - Musicificium\",\"isPartOf\":{\"@id\":\"https:\\\/\\\/result.uit.no\\\/musicificium\\\/#website\"},\"datePublished\":\"2018-01-16T13:48:12+00:00\",\"dateModified\":\"2024-02-23T13:15:48+00:00\",\"breadcrumb\":{\"@id\":\"https:\\\/\\\/result.uit.no\\\/musicificium\\\/laerematerialer\\\/rytmekort\\\/inspirasjon\\\/#breadcrumb\"},\"inLanguage\":\"en-GB\",\"potentialAction\":[{\"@type\":\"ReadAction\",\"target\":[\"https:\\\/\\\/result.uit.no\\\/musicificium\\\/laerematerialer\\\/rytmekort\\\/inspirasjon\\\/\"]}]},{\"@type\":\"BreadcrumbList\",\"@id\":\"https:\\\/\\\/result.uit.no\\\/musicificium\\\/laerematerialer\\\/rytmekort\\\/inspirasjon\\\/#breadcrumb\",\"itemListElement\":[{\"@type\":\"ListItem\",\"position\":1,\"name\":\"Home\",\"item\":\"https:\\\/\\\/result.uit.no\\\/musicificium\\\/\"},{\"@type\":\"ListItem\",\"position\":2,\"name\":\"Oppgavemateriale\",\"item\":\"https:\\\/\\\/result.uit.no\\\/musicificium\\\/laerematerialer\\\/\"},{\"@type\":\"ListItem\",\"position\":3,\"name\":\"Rytmekort\",\"item\":\"https:\\\/\\\/result.uit.no\\\/musicificium\\\/laerematerialer\\\/rytmekort\\\/\"},{\"@type\":\"ListItem\",\"position\":4,\"name\":\"Inspirasjon\"}]},{\"@type\":\"WebSite\",\"@id\":\"https:\\\/\\\/result.uit.no\\\/musicificium\\\/#website\",\"url\":\"https:\\\/\\\/result.uit.no\\\/musicificium\\\/\",\"name\":\"Musicificium\",\"description\":\"En inspirasjonsbank for geh\u00f8rundervisning!\",\"publisher\":{\"@id\":\"https:\\\/\\\/result.uit.no\\\/musicificium\\\/#organization\"},\"potentialAction\":[{\"@type\":\"SearchAction\",\"target\":{\"@type\":\"EntryPoint\",\"urlTemplate\":\"https:\\\/\\\/result.uit.no\\\/musicificium\\\/?s={search_term_string}\"},\"query-input\":{\"@type\":\"PropertyValueSpecification\",\"valueRequired\":true,\"valueName\":\"search_term_string\"}}],\"inLanguage\":\"en-GB\"},{\"@type\":\"Organization\",\"@id\":\"https:\\\/\\\/result.uit.no\\\/musicificium\\\/#organization\",\"name\":\"UiT\",\"url\":\"https:\\\/\\\/result.uit.no\\\/musicificium\\\/\",\"logo\":{\"@type\":\"ImageObject\",\"inLanguage\":\"en-GB\",\"@id\":\"https:\\\/\\\/result.uit.no\\\/musicificium\\\/#\\\/schema\\\/logo\\\/image\\\/\",\"url\":\"https:\\\/\\\/result.uit.no\\\/musicificium\\\/wp-content\\\/uploads\\\/sites\\\/35\\\/2024\\\/11\\\/UiT_Segl_Eng_Bla_960px.png\",\"contentUrl\":\"https:\\\/\\\/result.uit.no\\\/musicificium\\\/wp-content\\\/uploads\\\/sites\\\/35\\\/2024\\\/11\\\/UiT_Segl_Eng_Bla_960px.png\",\"width\":960,\"height\":960,\"caption\":\"UiT\"},\"image\":{\"@id\":\"https:\\\/\\\/result.uit.no\\\/musicificium\\\/#\\\/schema\\\/logo\\\/image\\\/\"}}]}<\/script>\n<!-- \/ Yoast SEO plugin. -->","yoast_head_json":{"title":"Inspirasjon - Musicificium","robots":{"index":"index","follow":"follow","max-snippet":"max-snippet:-1","max-image-preview":"max-image-preview:large","max-video-preview":"max-video-preview:-1"},"canonical":"https:\/\/result.uit.no\/musicificium\/laerematerialer\/rytmekort\/inspirasjon\/","schema":{"@context":"https:\/\/schema.org","@graph":[{"@type":"WebPage","@id":"https:\/\/result.uit.no\/musicificium\/laerematerialer\/rytmekort\/inspirasjon\/","url":"https:\/\/result.uit.no\/musicificium\/laerematerialer\/rytmekort\/inspirasjon\/","name":"Inspirasjon - Musicificium","isPartOf":{"@id":"https:\/\/result.uit.no\/musicificium\/#website"},"datePublished":"2018-01-16T13:48:12+00:00","dateModified":"2024-02-23T13:15:48+00:00","breadcrumb":{"@id":"https:\/\/result.uit.no\/musicificium\/laerematerialer\/rytmekort\/inspirasjon\/#breadcrumb"},"inLanguage":"en-GB","potentialAction":[{"@type":"ReadAction","target":["https:\/\/result.uit.no\/musicificium\/laerematerialer\/rytmekort\/inspirasjon\/"]}]},{"@type":"BreadcrumbList","@id":"https:\/\/result.uit.no\/musicificium\/laerematerialer\/rytmekort\/inspirasjon\/#breadcrumb","itemListElement":[{"@type":"ListItem","position":1,"name":"Home","item":"https:\/\/result.uit.no\/musicificium\/"},{"@type":"ListItem","position":2,"name":"Oppgavemateriale","item":"https:\/\/result.uit.no\/musicificium\/laerematerialer\/"},{"@type":"ListItem","position":3,"name":"Rytmekort","item":"https:\/\/result.uit.no\/musicificium\/laerematerialer\/rytmekort\/"},{"@type":"ListItem","position":4,"name":"Inspirasjon"}]},{"@type":"WebSite","@id":"https:\/\/result.uit.no\/musicificium\/#website","url":"https:\/\/result.uit.no\/musicificium\/","name":"Musicificium","description":"En inspirasjonsbank for geh\u00f8rundervisning!","publisher":{"@id":"https:\/\/result.uit.no\/musicificium\/#organization"},"potentialAction":[{"@type":"SearchAction","target":{"@type":"EntryPoint","urlTemplate":"https:\/\/result.uit.no\/musicificium\/?s={search_term_string}"},"query-input":{"@type":"PropertyValueSpecification","valueRequired":true,"valueName":"search_term_string"}}],"inLanguage":"en-GB"},{"@type":"Organization","@id":"https:\/\/result.uit.no\/musicificium\/#organization","name":"UiT","url":"https:\/\/result.uit.no\/musicificium\/","logo":{"@type":"ImageObject","inLanguage":"en-GB","@id":"https:\/\/result.uit.no\/musicificium\/#\/schema\/logo\/image\/","url":"https:\/\/result.uit.no\/musicificium\/wp-content\/uploads\/sites\/35\/2024\/11\/UiT_Segl_Eng_Bla_960px.png","contentUrl":"https:\/\/result.uit.no\/musicificium\/wp-content\/uploads\/sites\/35\/2024\/11\/UiT_Segl_Eng_Bla_960px.png","width":960,"height":960,"caption":"UiT"},"image":{"@id":"https:\/\/result.uit.no\/musicificium\/#\/schema\/logo\/image\/"}}]}},"_links":{"self":[{"href":"https:\/\/result.uit.no\/musicificium\/wp-json\/wp\/v2\/pages\/26478","targetHints":{"allow":["GET"]}}],"collection":[{"href":"https:\/\/result.uit.no\/musicificium\/wp-json\/wp\/v2\/pages"}],"about":[{"href":"https:\/\/result.uit.no\/musicificium\/wp-json\/wp\/v2\/types\/page"}],"author":[{"embeddable":true,"href":"https:\/\/result.uit.no\/musicificium\/wp-json\/wp\/v2\/users\/856"}],"replies":[{"embeddable":true,"href":"https:\/\/result.uit.no\/musicificium\/wp-json\/wp\/v2\/comments?post=26478"}],"version-history":[{"count":0,"href":"https:\/\/result.uit.no\/musicificium\/wp-json\/wp\/v2\/pages\/26478\/revisions"}],"up":[{"embeddable":true,"href":"https:\/\/result.uit.no\/musicificium\/wp-json\/wp\/v2\/pages\/26351"}],"wp:attachment":[{"href":"https:\/\/result.uit.no\/musicificium\/wp-json\/wp\/v2\/media?parent=26478"}],"curies":[{"name":"wp","href":"https:\/\/api.w.org\/{rel}","templated":true}]}}