{"id":26462,"date":"2018-01-16T14:10:53","date_gmt":"2018-01-16T13:10:53","guid":{"rendered":"https:\/\/result.uit.no\/musicificium\/laerematerialer\/rytmekort\/rytmekort-i-3-4\/"},"modified":"2025-09-17T20:54:14","modified_gmt":"2025-09-17T18:54:14","slug":"rytmekort-i-3-4","status":"publish","type":"page","link":"https:\/\/result.uit.no\/musicificium\/laerematerialer\/rytmekort\/rytmekort-i-3-4\/","title":{"rendered":"Rytmekort i 3\/4"},"content":{"rendered":"<p>[et_pb_section fb_built=&#8221;1&#8243; admin_label=&#8221;section&#8221; _builder_version=&#8221;4.16&#8243; global_colors_info=&#8221;{}&#8221;][et_pb_row column_structure=&#8221;1_2,1_2&#8243; admin_label=&#8221;row&#8221; _builder_version=&#8221;4.16&#8243; background_size=&#8221;initial&#8221; background_position=&#8221;top_left&#8221; background_repeat=&#8221;repeat&#8221; global_colors_info=&#8221;{}&#8221;][et_pb_column type=&#8221;1_2&#8243; _builder_version=&#8221;4.16&#8243; custom_padding=&#8221;|||&#8221; global_colors_info=&#8221;{}&#8221; custom_padding__hover=&#8221;|||&#8221;][et_pb_text _builder_version=&#8221;4.24.2&#8243; _module_preset=&#8221;default&#8221; global_colors_info=&#8221;{}&#8221;]<\/p>\n<h1>Rytmekort i 3\/4-takt<\/h1>\n<hr \/>\n<div class=\"spot-content\">\n<h3>Rhythm cards in 3\/4<\/h3>\n<\/div>\n<p>[\/et_pb_text][et_pb_text _builder_version=&#8221;4.24.2&#8243; text_font_size=&#8221;18&#8243; text_line_height=&#8221;1.8em&#8221; background_size=&#8221;initial&#8221; background_position=&#8221;top_left&#8221; background_repeat=&#8221;repeat&#8221; use_border_color=&#8221;off&#8221; border_color=&#8221;#ffffff&#8221; border_style=&#8221;solid&#8221; saved_tabs=&#8221;all&#8221; global_colors_info=&#8221;{}&#8221;]<\/p>\n<p><span>Her finner du rytmekort der hvert rytmebilde utgj\u00f8r \u00e9n takt i \u00a03\/4 . Klikk p\u00e5 bildene nedenfor for \u00e5 hente pfd-filer. Skriv ut, kopier opp og klipp ut, og kortene er klare til bruk.<\/span><\/p>\n<p>Tips til l\u00e6ringsaktiviteter med rytmekort finner du under<em> l\u00e6ringsaktiviteter<\/em>.<\/p>\n<p>[\/et_pb_text][et_pb_toggle title=&#8221;English introduction&#8221; _builder_version=&#8221;4.24.2&#8243; _module_preset=&#8221;default&#8221; global_colors_info=&#8221;{}&#8221;]<\/p>\n<p>In this module, you can find rhythm cards where each rhythmic image represents one bar in 3\/4 time. Click on the images below to download PDF files. Simply print, make copies, and cut out the cards for immediate use. Discover learning activities with rhythm cards under &#8220;Learning Activities.<\/p>\n<p>[\/et_pb_toggle][\/et_pb_column][et_pb_column type=&#8221;1_2&#8243; _builder_version=&#8221;4.16&#8243; custom_padding=&#8221;|||&#8221; global_colors_info=&#8221;{}&#8221; custom_padding__hover=&#8221;|||&#8221;][et_pb_image src=&#8221;https:\/\/result.uit.no\/musicificium\/wp-content\/uploads\/sites\/35\/2023\/09\/Aurorabilde-Harmoniske-vendinger-1.jpg&#8221; title_text=&#8221;Aurorabilde Harmoniske vendinger 1&#8243; align=&#8221;right&#8221; align_tablet=&#8221;center&#8221; align_phone=&#8221;&#8221; align_last_edited=&#8221;on|desktop&#8221; _builder_version=&#8221;4.22.2&#8243; use_border_color=&#8221;off&#8221; border_color=&#8221;#ffffff&#8221; border_style=&#8221;solid&#8221; animation=&#8221;off&#8221; sticky=&#8221;off&#8221; global_colors_info=&#8221;{}&#8221;]&nbsp;<br \/>\n[\/et_pb_image][\/et_pb_column][\/et_pb_row][et_pb_row column_structure=&#8221;1_4,1_4,1_4,1_4&#8243; _builder_version=&#8221;4.16&#8243; global_colors_info=&#8221;{}&#8221;][et_pb_column type=&#8221;1_4&#8243; _builder_version=&#8221;4.16&#8243; global_colors_info=&#8221;{}&#8221;][et_pb_image src=&#8221;https:\/\/result.uit.no\/musicificium\/wp-content\/uploads\/sites\/35\/2025\/09\/Rytmekort-1-3-4-fjerdedeler-attendeler.jpg&#8221; _builder_version=&#8221;4.27.4&#8243; _module_preset=&#8221;default&#8221; title_text=&#8221;Rytmekort 1 3-4, fjerdedeler, \u00e5ttendeler&#8221; hover_enabled=&#8221;0&#8243; sticky_enabled=&#8221;0&#8243; url=&#8221;https:\/\/result.uit.no\/musicificium\/wp-content\/uploads\/sites\/35\/2025\/09\/Rytmekort-1-3-4-fjerdedeler-attendeler.pdf&#8221;][\/et_pb_image][et_pb_text _builder_version=&#8221;4.24.2&#8243; global_colors_info=&#8221;{}&#8221;]<\/p>\n<p>Fjerdedeler og \u00e5ttendeler<\/p>\n<p><em>Quarters and eights<\/em><\/p>\n<p>[\/et_pb_text][\/et_pb_column][et_pb_column type=&#8221;1_4&#8243; _builder_version=&#8221;4.16&#8243; global_colors_info=&#8221;{}&#8221;][et_pb_image src=&#8221;https:\/\/result.uit.no\/musicificium\/wp-content\/uploads\/sites\/35\/2025\/09\/Rytmekort-2-3-4-attendeler-sekstendeler.jpg&#8221; _builder_version=&#8221;4.27.4&#8243; _module_preset=&#8221;default&#8221; title_text=&#8221;Rytmekort 2 3-4, \u00e5ttendeler, sekstendeler&#8221; hover_enabled=&#8221;0&#8243; sticky_enabled=&#8221;0&#8243; url=&#8221;https:\/\/result.uit.no\/musicificium\/wp-content\/uploads\/sites\/35\/2021\/06\/Rytmekort-2-3-4-attendeler-sekstendeler-1.pdf&#8221;][\/et_pb_image][et_pb_text _builder_version=&#8221;4.24.2&#8243; global_colors_info=&#8221;{}&#8221;]<\/p>\n<p>\u00c5ttendeler og sekstendeler<\/p>\n<p><em>Eights and sixteenths<\/em><\/p>\n<p>[\/et_pb_text][\/et_pb_column][et_pb_column type=&#8221;1_4&#8243; _builder_version=&#8221;4.16&#8243; global_colors_info=&#8221;{}&#8221;][et_pb_image src=&#8221;https:\/\/result.uit.no\/musicificium\/wp-content\/uploads\/sites\/35\/2025\/09\/Rytmekort-3-3-4-sekstendelsfigurer.jpg&#8221; _builder_version=&#8221;4.27.4&#8243; _module_preset=&#8221;default&#8221; title_text=&#8221;Rytmekort 3 3-4, sekstendelsfigurer&#8221; hover_enabled=&#8221;0&#8243; sticky_enabled=&#8221;0&#8243; url=&#8221;https:\/\/result.uit.no\/musicificium\/wp-content\/uploads\/sites\/35\/2021\/06\/Rytmekort-3-3-4-sekstendelsfigurer-2.pdf&#8221;][\/et_pb_image][et_pb_text _builder_version=&#8221;4.24.2&#8243; global_colors_info=&#8221;{}&#8221;]Sekstendels-<br \/>\nfigurer<\/p>\n<p><em>Sixteenths<\/em>[\/et_pb_text][\/et_pb_column][et_pb_column type=&#8221;1_4&#8243; _builder_version=&#8221;4.16&#8243; global_colors_info=&#8221;{}&#8221;][et_pb_image src=&#8221;https:\/\/result.uit.no\/musicificium\/wp-content\/uploads\/sites\/35\/2025\/09\/Rytmekort-4-3-4-punktert-fjerdedel.jpg&#8221; _builder_version=&#8221;4.27.4&#8243; _module_preset=&#8221;default&#8221; title_text=&#8221;Rytmekort 4 3-4, punktert fjerdedel&#8221; hover_enabled=&#8221;0&#8243; sticky_enabled=&#8221;0&#8243; url=&#8221;https:\/\/result.uit.no\/musicificium\/wp-content\/uploads\/sites\/35\/2021\/06\/Rytmekort-4-3-4-punktert-fjerdedel.pdf&#8221;][\/et_pb_image][et_pb_text _builder_version=&#8221;4.24.2&#8243; global_colors_info=&#8221;{}&#8221;]<\/p>\n<p>Punktert<br \/>fjerdedel<\/p>\n<p><em>Dotted quarters<\/em><\/p>\n<p>[\/et_pb_text][\/et_pb_column][\/et_pb_row][et_pb_row _builder_version=&#8221;4.16&#8243; background_size=&#8221;initial&#8221; background_position=&#8221;top_left&#8221; background_repeat=&#8221;repeat&#8221; global_colors_info=&#8221;{}&#8221;][et_pb_column type=&#8221;4_4&#8243; _builder_version=&#8221;4.16&#8243; custom_padding=&#8221;|||&#8221; global_colors_info=&#8221;{}&#8221; custom_padding__hover=&#8221;|||&#8221;][\/et_pb_column][\/et_pb_row][\/et_pb_section]<\/p>\n","protected":false},"excerpt":{"rendered":"<p>Rytmekort i 3\/4-takt Rhythm cards in 3\/4 Her finner du rytmekort der hvert rytmebilde utgj\u00f8r \u00e9n takt i \u00a03\/4 . Klikk p\u00e5 bildene nedenfor for \u00e5 hente pfd-filer. Skriv ut, kopier opp og klipp ut, og kortene er klare til bruk. Tips til l\u00e6ringsaktiviteter med rytmekort finner du under l\u00e6ringsaktiviteter.In this module, you can find [&hellip;]<\/p>\n","protected":false},"author":856,"featured_media":0,"parent":26351,"menu_order":1,"comment_status":"closed","ping_status":"closed","template":"","meta":{"_et_pb_use_builder":"on","_et_pb_old_content":"","_et_gb_content_width":"","iawp_total_views":93,"footnotes":""},"class_list":["post-26462","page","type-page","status-publish","hentry"],"yoast_head":"<!-- This site is optimized with the Yoast SEO plugin v27.4 - https:\/\/yoast.com\/product\/yoast-seo-wordpress\/ -->\n<title>Rytmekort i 3\/4 - Musicificium<\/title>\n<meta name=\"robots\" content=\"index, follow, max-snippet:-1, max-image-preview:large, max-video-preview:-1\" \/>\n<link rel=\"canonical\" href=\"https:\/\/result.uit.no\/musicificium\/laerematerialer\/rytmekort\/rytmekort-i-3-4\/\" \/>\n<script type=\"application\/ld+json\" class=\"yoast-schema-graph\">{\"@context\":\"https:\\\/\\\/schema.org\",\"@graph\":[{\"@type\":\"WebPage\",\"@id\":\"https:\\\/\\\/result.uit.no\\\/musicificium\\\/laerematerialer\\\/rytmekort\\\/rytmekort-i-3-4\\\/\",\"url\":\"https:\\\/\\\/result.uit.no\\\/musicificium\\\/laerematerialer\\\/rytmekort\\\/rytmekort-i-3-4\\\/\",\"name\":\"Rytmekort i 3\\\/4 - Musicificium\",\"isPartOf\":{\"@id\":\"https:\\\/\\\/result.uit.no\\\/musicificium\\\/#website\"},\"datePublished\":\"2018-01-16T13:10:53+00:00\",\"dateModified\":\"2025-09-17T18:54:14+00:00\",\"breadcrumb\":{\"@id\":\"https:\\\/\\\/result.uit.no\\\/musicificium\\\/laerematerialer\\\/rytmekort\\\/rytmekort-i-3-4\\\/#breadcrumb\"},\"inLanguage\":\"en-GB\",\"potentialAction\":[{\"@type\":\"ReadAction\",\"target\":[\"https:\\\/\\\/result.uit.no\\\/musicificium\\\/laerematerialer\\\/rytmekort\\\/rytmekort-i-3-4\\\/\"]}]},{\"@type\":\"BreadcrumbList\",\"@id\":\"https:\\\/\\\/result.uit.no\\\/musicificium\\\/laerematerialer\\\/rytmekort\\\/rytmekort-i-3-4\\\/#breadcrumb\",\"itemListElement\":[{\"@type\":\"ListItem\",\"position\":1,\"name\":\"Home\",\"item\":\"https:\\\/\\\/result.uit.no\\\/musicificium\\\/\"},{\"@type\":\"ListItem\",\"position\":2,\"name\":\"Oppgavemateriale\",\"item\":\"https:\\\/\\\/result.uit.no\\\/musicificium\\\/laerematerialer\\\/\"},{\"@type\":\"ListItem\",\"position\":3,\"name\":\"Rytmekort\",\"item\":\"https:\\\/\\\/result.uit.no\\\/musicificium\\\/laerematerialer\\\/rytmekort\\\/\"},{\"@type\":\"ListItem\",\"position\":4,\"name\":\"Rytmekort i 3\\\/4\"}]},{\"@type\":\"WebSite\",\"@id\":\"https:\\\/\\\/result.uit.no\\\/musicificium\\\/#website\",\"url\":\"https:\\\/\\\/result.uit.no\\\/musicificium\\\/\",\"name\":\"Musicificium\",\"description\":\"En inspirasjonsbank for geh\u00f8rundervisning!\",\"publisher\":{\"@id\":\"https:\\\/\\\/result.uit.no\\\/musicificium\\\/#organization\"},\"potentialAction\":[{\"@type\":\"SearchAction\",\"target\":{\"@type\":\"EntryPoint\",\"urlTemplate\":\"https:\\\/\\\/result.uit.no\\\/musicificium\\\/?s={search_term_string}\"},\"query-input\":{\"@type\":\"PropertyValueSpecification\",\"valueRequired\":true,\"valueName\":\"search_term_string\"}}],\"inLanguage\":\"en-GB\"},{\"@type\":\"Organization\",\"@id\":\"https:\\\/\\\/result.uit.no\\\/musicificium\\\/#organization\",\"name\":\"UiT\",\"url\":\"https:\\\/\\\/result.uit.no\\\/musicificium\\\/\",\"logo\":{\"@type\":\"ImageObject\",\"inLanguage\":\"en-GB\",\"@id\":\"https:\\\/\\\/result.uit.no\\\/musicificium\\\/#\\\/schema\\\/logo\\\/image\\\/\",\"url\":\"https:\\\/\\\/result.uit.no\\\/musicificium\\\/wp-content\\\/uploads\\\/sites\\\/35\\\/2024\\\/11\\\/UiT_Segl_Eng_Bla_960px.png\",\"contentUrl\":\"https:\\\/\\\/result.uit.no\\\/musicificium\\\/wp-content\\\/uploads\\\/sites\\\/35\\\/2024\\\/11\\\/UiT_Segl_Eng_Bla_960px.png\",\"width\":960,\"height\":960,\"caption\":\"UiT\"},\"image\":{\"@id\":\"https:\\\/\\\/result.uit.no\\\/musicificium\\\/#\\\/schema\\\/logo\\\/image\\\/\"}}]}<\/script>\n<!-- \/ Yoast SEO plugin. -->","yoast_head_json":{"title":"Rytmekort i 3\/4 - Musicificium","robots":{"index":"index","follow":"follow","max-snippet":"max-snippet:-1","max-image-preview":"max-image-preview:large","max-video-preview":"max-video-preview:-1"},"canonical":"https:\/\/result.uit.no\/musicificium\/laerematerialer\/rytmekort\/rytmekort-i-3-4\/","schema":{"@context":"https:\/\/schema.org","@graph":[{"@type":"WebPage","@id":"https:\/\/result.uit.no\/musicificium\/laerematerialer\/rytmekort\/rytmekort-i-3-4\/","url":"https:\/\/result.uit.no\/musicificium\/laerematerialer\/rytmekort\/rytmekort-i-3-4\/","name":"Rytmekort i 3\/4 - Musicificium","isPartOf":{"@id":"https:\/\/result.uit.no\/musicificium\/#website"},"datePublished":"2018-01-16T13:10:53+00:00","dateModified":"2025-09-17T18:54:14+00:00","breadcrumb":{"@id":"https:\/\/result.uit.no\/musicificium\/laerematerialer\/rytmekort\/rytmekort-i-3-4\/#breadcrumb"},"inLanguage":"en-GB","potentialAction":[{"@type":"ReadAction","target":["https:\/\/result.uit.no\/musicificium\/laerematerialer\/rytmekort\/rytmekort-i-3-4\/"]}]},{"@type":"BreadcrumbList","@id":"https:\/\/result.uit.no\/musicificium\/laerematerialer\/rytmekort\/rytmekort-i-3-4\/#breadcrumb","itemListElement":[{"@type":"ListItem","position":1,"name":"Home","item":"https:\/\/result.uit.no\/musicificium\/"},{"@type":"ListItem","position":2,"name":"Oppgavemateriale","item":"https:\/\/result.uit.no\/musicificium\/laerematerialer\/"},{"@type":"ListItem","position":3,"name":"Rytmekort","item":"https:\/\/result.uit.no\/musicificium\/laerematerialer\/rytmekort\/"},{"@type":"ListItem","position":4,"name":"Rytmekort i 3\/4"}]},{"@type":"WebSite","@id":"https:\/\/result.uit.no\/musicificium\/#website","url":"https:\/\/result.uit.no\/musicificium\/","name":"Musicificium","description":"En inspirasjonsbank for geh\u00f8rundervisning!","publisher":{"@id":"https:\/\/result.uit.no\/musicificium\/#organization"},"potentialAction":[{"@type":"SearchAction","target":{"@type":"EntryPoint","urlTemplate":"https:\/\/result.uit.no\/musicificium\/?s={search_term_string}"},"query-input":{"@type":"PropertyValueSpecification","valueRequired":true,"valueName":"search_term_string"}}],"inLanguage":"en-GB"},{"@type":"Organization","@id":"https:\/\/result.uit.no\/musicificium\/#organization","name":"UiT","url":"https:\/\/result.uit.no\/musicificium\/","logo":{"@type":"ImageObject","inLanguage":"en-GB","@id":"https:\/\/result.uit.no\/musicificium\/#\/schema\/logo\/image\/","url":"https:\/\/result.uit.no\/musicificium\/wp-content\/uploads\/sites\/35\/2024\/11\/UiT_Segl_Eng_Bla_960px.png","contentUrl":"https:\/\/result.uit.no\/musicificium\/wp-content\/uploads\/sites\/35\/2024\/11\/UiT_Segl_Eng_Bla_960px.png","width":960,"height":960,"caption":"UiT"},"image":{"@id":"https:\/\/result.uit.no\/musicificium\/#\/schema\/logo\/image\/"}}]}},"_links":{"self":[{"href":"https:\/\/result.uit.no\/musicificium\/wp-json\/wp\/v2\/pages\/26462","targetHints":{"allow":["GET"]}}],"collection":[{"href":"https:\/\/result.uit.no\/musicificium\/wp-json\/wp\/v2\/pages"}],"about":[{"href":"https:\/\/result.uit.no\/musicificium\/wp-json\/wp\/v2\/types\/page"}],"author":[{"embeddable":true,"href":"https:\/\/result.uit.no\/musicificium\/wp-json\/wp\/v2\/users\/856"}],"replies":[{"embeddable":true,"href":"https:\/\/result.uit.no\/musicificium\/wp-json\/wp\/v2\/comments?post=26462"}],"version-history":[{"count":0,"href":"https:\/\/result.uit.no\/musicificium\/wp-json\/wp\/v2\/pages\/26462\/revisions"}],"up":[{"embeddable":true,"href":"https:\/\/result.uit.no\/musicificium\/wp-json\/wp\/v2\/pages\/26351"}],"wp:attachment":[{"href":"https:\/\/result.uit.no\/musicificium\/wp-json\/wp\/v2\/media?parent=26462"}],"curies":[{"name":"wp","href":"https:\/\/api.w.org\/{rel}","templated":true}]}}