{"id":26401,"date":"2018-01-11T14:29:03","date_gmt":"2018-01-11T13:29:03","guid":{"rendered":"https:\/\/result.uit.no\/musicificium\/laerematerialer\/polyrytmiske-duetter\/tre-over-to\/"},"modified":"2025-11-17T16:28:11","modified_gmt":"2025-11-17T15:28:11","slug":"tre-over-to","status":"publish","type":"page","link":"https:\/\/result.uit.no\/musicificium\/laerematerialer\/polyrytmiske-duetter\/tre-over-to\/","title":{"rendered":"Tre over to"},"content":{"rendered":"<p>[et_pb_section fb_built=&#8221;1&#8243; admin_label=&#8221;section&#8221; _builder_version=&#8221;4.16&#8243; global_colors_info=&#8221;{}&#8221;][et_pb_row column_structure=&#8221;1_2,1_2&#8243; admin_label=&#8221;Row&#8221; _builder_version=&#8221;4.16&#8243; background_size=&#8221;initial&#8221; background_position=&#8221;top_left&#8221; background_repeat=&#8221;repeat&#8221; global_colors_info=&#8221;{}&#8221;][et_pb_column type=&#8221;1_2&#8243; _builder_version=&#8221;4.16&#8243; custom_padding=&#8221;|||&#8221; global_colors_info=&#8221;{}&#8221; custom_padding__hover=&#8221;|||&#8221;][et_pb_text admin_label=&#8221;Title &#8221; _builder_version=&#8221;4.24.2&#8243; header_font_size=&#8221;35px&#8221; background_size=&#8221;initial&#8221; background_position=&#8221;top_left&#8221; background_repeat=&#8221;repeat&#8221; use_border_color=&#8221;off&#8221; border_color=&#8221;#ffffff&#8221; border_style=&#8221;solid&#8221; global_colors_info=&#8221;{}&#8221;]<\/p>\n<h1>Tre over to (3:2)<\/h1>\n<hr \/>\n<div class=\"spot-content\">\n<h3>Three against two<\/h3>\n<\/div>\n<p>[\/et_pb_text][et_pb_text admin_label=&#8221;Text&#8221; _builder_version=&#8221;4.24.2&#8243; text_font_size=&#8221;18&#8243; text_line_height=&#8221;1.8em&#8221; background_size=&#8221;initial&#8221; background_position=&#8221;top_left&#8221; background_repeat=&#8221;repeat&#8221; use_border_color=&#8221;off&#8221; border_color=&#8221;#ffffff&#8221; border_style=&#8221;solid&#8221; global_colors_info=&#8221;{}&#8221;]<\/p>\n<p>P\u00e5 denne siden finner du \u00f8vingsmateriale til arbeid med polyrytmen 3:2. <span>\u00d8vingsmaterialet foreligger som pdf&#8217; er. Pdf\u00b4ene kan lastes ned og skrives ut vederlagsfritt. Syng eller spill &#8211; eller syng <em>og<\/em> spill!<\/span><\/p>\n<p><em>On this page, you will find practice materials for working with the polyrhythm 3:2. The practice materials are available as downloadable and printable PDFs, free of charge. Sing or play &#8211; or sing <\/em>and<em> play!<\/em><\/p>\n<p>[\/et_pb_text][\/et_pb_column][et_pb_column type=&#8221;1_2&#8243; _builder_version=&#8221;4.16&#8243; custom_padding=&#8221;|||&#8221; global_colors_info=&#8221;{}&#8221; custom_padding__hover=&#8221;|||&#8221;][et_pb_image src=&#8221;https:\/\/result.uit.no\/musicificium\/wp-content\/uploads\/sites\/35\/2023\/09\/Aurorabilder-Harmoniske-vendinger-5.jpg&#8221; title_text=&#8221;Aurorabilder Harmoniske vendinger 5&#8243; show_bottom_space=&#8221;off&#8221; align=&#8221;right&#8221; force_fullwidth=&#8221;on&#8221; align_tablet=&#8221;center&#8221; align_phone=&#8221;&#8221; align_last_edited=&#8221;on|desktop&#8221; admin_label=&#8221;Image&#8221; _builder_version=&#8221;4.22.2&#8243; animation_style=&#8221;slide&#8221; animation_direction=&#8221;right&#8221; animation_duration=&#8221;500ms&#8221; animation_intensity_slide=&#8221;10%&#8221; use_border_color=&#8221;off&#8221; border_color=&#8221;#ffffff&#8221; border_style=&#8221;solid&#8221; animation=&#8221;right&#8221; sticky=&#8221;on&#8221; global_colors_info=&#8221;{}&#8221;]&nbsp;<br \/>\n[\/et_pb_image][\/et_pb_column][\/et_pb_row][et_pb_row column_structure=&#8221;3_5,2_5&#8243; _builder_version=&#8221;4.22.2&#8243; _module_preset=&#8221;default&#8221; global_colors_info=&#8221;{}&#8221;][et_pb_column type=&#8221;3_5&#8243; _builder_version=&#8221;4.22.2&#8243; _module_preset=&#8221;default&#8221; global_colors_info=&#8221;{}&#8221;][et_pb_toggle title=&#8221;Etuder\/ etudes&#8221; _builder_version=&#8221;4.24.2&#8243; _module_preset=&#8221;default&#8221; global_colors_info=&#8221;{}&#8221;]<\/p>\n<p><a href=\"https:\/\/result.uit.no\/musicificium\/wp-content\/uploads\/sites\/35\/2019\/05\/Triolduett-1-Marsj-Full-Score.pdf\" rel=\"attachment noopener wp-att-27114\" target=\"_blank\">Triolduett 1- Marsj<\/a><\/p>\n<p><a href=\"https:\/\/result.uit.no\/musicificium\/wp-content\/uploads\/sites\/35\/2023\/10\/Fjerdedelstriol-2-Full-Score-kopi.pdf\" rel=\"attachment noopener wp-att-30664\" target=\"_blank\">Triolduett 2 &#8211; Lamento<\/a><\/p>\n<p><a href=\"https:\/\/result.uit.no\/musicificium\/wp-content\/uploads\/sites\/35\/2023\/10\/Underdelingstriolduett-Adagio.pdf\" rel=\"attachment noopener wp-att-31162\" target=\"_blank\">Triolduett 3 &#8211; Adagio<\/a><\/p>\n<p><a href=\"https:\/\/result.uit.no\/musicificium\/wp-content\/uploads\/sites\/35\/2019\/06\/Fjerdedelstriolduett-2-Full-Score.pdf\" rel=\"attachment noopener wp-att-27208\" target=\"_blank\">Triolduett 4 &#8211; Maestoso<\/a><\/p>\n<p><a href=\"https:\/\/result.uit.no\/musicificium\/wp-content\/uploads\/sites\/35\/2021\/06\/Fjerdedelstriol-5-Trioler-i-tretakt-kopi.pdf\" rel=\"attachment noopener wp-att-28977\" target=\"_blank\">Triolduett 5 &#8211; Trioler i tretakt<\/a><\/p>\n<p><a href=\"https:\/\/result.uit.no\/musicificium\/wp-content\/uploads\/sites\/35\/2021\/06\/Fjerdedelstriol-3-Griegs-klaverkonsert-i-a-moll-sats-3-sidetema-kopi.pdf\" rel=\"attachment noopener wp-att-28972\" target=\"_blank\">Trioletude med Griegs klaverkonsert<\/a><\/p>\n<p><a href=\"https:\/\/result.uit.no\/musicificium\/wp-content\/uploads\/sites\/35\/2023\/10\/Tre-mot-to-underdel-med-attendelstriol.pdf\" rel=\"attachment noopener wp-att-31159\" target=\"_blank\">Underdelings\u00f8velse\/ etude for subdividing<\/a><\/p>\n<p>[\/et_pb_toggle][\/et_pb_column][et_pb_column type=&#8221;2_5&#8243; _builder_version=&#8221;4.22.2&#8243; _module_preset=&#8221;default&#8221; global_colors_info=&#8221;{}&#8221;][et_pb_text _builder_version=&#8221;4.24.2&#8243; _module_preset=&#8221;default&#8221; global_colors_info=&#8221;{}&#8221;]<\/p>\n<p><iframe title=\"Piano Concerto in A Minor, Op. 16: III. Allegro moderato molto e marcato\" width=\"1080\" height=\"810\" src=\"https:\/\/www.youtube.com\/embed\/Ji9dmcUXjqw?start=159&#038;feature=oembed\"  allow=\"accelerometer; autoplay; clipboard-write; encrypted-media; gyroscope; picture-in-picture; web-share\" allowfullscreen><\/iframe><\/p>\n<p>[\/et_pb_text][\/et_pb_column][\/et_pb_row][\/et_pb_section]<\/p>\n","protected":false},"excerpt":{"rendered":"<p>Tre over to (3:2) Three against two P\u00e5 denne siden finner du \u00f8vingsmateriale til arbeid med polyrytmen 3:2. \u00d8vingsmaterialet foreligger som pdf&#8217; er. Pdf\u00b4ene kan lastes ned og skrives ut vederlagsfritt. Syng eller spill &#8211; eller syng og spill! On this page, you will find practice materials for working with the polyrhythm 3:2. The practice [&hellip;]<\/p>\n","protected":false},"author":856,"featured_media":0,"parent":26353,"menu_order":2,"comment_status":"closed","ping_status":"closed","template":"","meta":{"_et_pb_use_builder":"on","_et_pb_old_content":"","_et_gb_content_width":"","iawp_total_views":64,"footnotes":""},"class_list":["post-26401","page","type-page","status-publish","hentry"],"yoast_head":"<!-- This site is optimized with the Yoast SEO plugin v27.5 - https:\/\/yoast.com\/product\/yoast-seo-wordpress\/ -->\n<title>Tre over to - Musicificium<\/title>\n<meta name=\"robots\" content=\"index, follow, max-snippet:-1, max-image-preview:large, max-video-preview:-1\" \/>\n<link rel=\"canonical\" href=\"https:\/\/result.uit.no\/musicificium\/laerematerialer\/polyrytmiske-duetter\/tre-over-to\/\" \/>\n<script type=\"application\/ld+json\" class=\"yoast-schema-graph\">{\"@context\":\"https:\\\/\\\/schema.org\",\"@graph\":[{\"@type\":\"WebPage\",\"@id\":\"https:\\\/\\\/result.uit.no\\\/musicificium\\\/laerematerialer\\\/polyrytmiske-duetter\\\/tre-over-to\\\/\",\"url\":\"https:\\\/\\\/result.uit.no\\\/musicificium\\\/laerematerialer\\\/polyrytmiske-duetter\\\/tre-over-to\\\/\",\"name\":\"Tre over to - Musicificium\",\"isPartOf\":{\"@id\":\"https:\\\/\\\/result.uit.no\\\/musicificium\\\/#website\"},\"datePublished\":\"2018-01-11T13:29:03+00:00\",\"dateModified\":\"2025-11-17T15:28:11+00:00\",\"breadcrumb\":{\"@id\":\"https:\\\/\\\/result.uit.no\\\/musicificium\\\/laerematerialer\\\/polyrytmiske-duetter\\\/tre-over-to\\\/#breadcrumb\"},\"inLanguage\":\"en-GB\",\"potentialAction\":[{\"@type\":\"ReadAction\",\"target\":[\"https:\\\/\\\/result.uit.no\\\/musicificium\\\/laerematerialer\\\/polyrytmiske-duetter\\\/tre-over-to\\\/\"]}]},{\"@type\":\"BreadcrumbList\",\"@id\":\"https:\\\/\\\/result.uit.no\\\/musicificium\\\/laerematerialer\\\/polyrytmiske-duetter\\\/tre-over-to\\\/#breadcrumb\",\"itemListElement\":[{\"@type\":\"ListItem\",\"position\":1,\"name\":\"Home\",\"item\":\"https:\\\/\\\/result.uit.no\\\/musicificium\\\/\"},{\"@type\":\"ListItem\",\"position\":2,\"name\":\"Oppgavemateriale\",\"item\":\"https:\\\/\\\/result.uit.no\\\/musicificium\\\/laerematerialer\\\/\"},{\"@type\":\"ListItem\",\"position\":3,\"name\":\"Polyrytmiske duetter\",\"item\":\"https:\\\/\\\/result.uit.no\\\/musicificium\\\/laerematerialer\\\/polyrytmiske-duetter\\\/\"},{\"@type\":\"ListItem\",\"position\":4,\"name\":\"Tre over to\"}]},{\"@type\":\"WebSite\",\"@id\":\"https:\\\/\\\/result.uit.no\\\/musicificium\\\/#website\",\"url\":\"https:\\\/\\\/result.uit.no\\\/musicificium\\\/\",\"name\":\"Musicificium\",\"description\":\"En inspirasjonsbank for geh\u00f8rundervisning!\",\"publisher\":{\"@id\":\"https:\\\/\\\/result.uit.no\\\/musicificium\\\/#organization\"},\"potentialAction\":[{\"@type\":\"SearchAction\",\"target\":{\"@type\":\"EntryPoint\",\"urlTemplate\":\"https:\\\/\\\/result.uit.no\\\/musicificium\\\/?s={search_term_string}\"},\"query-input\":{\"@type\":\"PropertyValueSpecification\",\"valueRequired\":true,\"valueName\":\"search_term_string\"}}],\"inLanguage\":\"en-GB\"},{\"@type\":\"Organization\",\"@id\":\"https:\\\/\\\/result.uit.no\\\/musicificium\\\/#organization\",\"name\":\"UiT\",\"url\":\"https:\\\/\\\/result.uit.no\\\/musicificium\\\/\",\"logo\":{\"@type\":\"ImageObject\",\"inLanguage\":\"en-GB\",\"@id\":\"https:\\\/\\\/result.uit.no\\\/musicificium\\\/#\\\/schema\\\/logo\\\/image\\\/\",\"url\":\"https:\\\/\\\/result.uit.no\\\/musicificium\\\/wp-content\\\/uploads\\\/sites\\\/35\\\/2024\\\/11\\\/UiT_Segl_Eng_Bla_960px.png\",\"contentUrl\":\"https:\\\/\\\/result.uit.no\\\/musicificium\\\/wp-content\\\/uploads\\\/sites\\\/35\\\/2024\\\/11\\\/UiT_Segl_Eng_Bla_960px.png\",\"width\":960,\"height\":960,\"caption\":\"UiT\"},\"image\":{\"@id\":\"https:\\\/\\\/result.uit.no\\\/musicificium\\\/#\\\/schema\\\/logo\\\/image\\\/\"}}]}<\/script>\n<!-- \/ Yoast SEO plugin. -->","yoast_head_json":{"title":"Tre over to - Musicificium","robots":{"index":"index","follow":"follow","max-snippet":"max-snippet:-1","max-image-preview":"max-image-preview:large","max-video-preview":"max-video-preview:-1"},"canonical":"https:\/\/result.uit.no\/musicificium\/laerematerialer\/polyrytmiske-duetter\/tre-over-to\/","schema":{"@context":"https:\/\/schema.org","@graph":[{"@type":"WebPage","@id":"https:\/\/result.uit.no\/musicificium\/laerematerialer\/polyrytmiske-duetter\/tre-over-to\/","url":"https:\/\/result.uit.no\/musicificium\/laerematerialer\/polyrytmiske-duetter\/tre-over-to\/","name":"Tre over to - Musicificium","isPartOf":{"@id":"https:\/\/result.uit.no\/musicificium\/#website"},"datePublished":"2018-01-11T13:29:03+00:00","dateModified":"2025-11-17T15:28:11+00:00","breadcrumb":{"@id":"https:\/\/result.uit.no\/musicificium\/laerematerialer\/polyrytmiske-duetter\/tre-over-to\/#breadcrumb"},"inLanguage":"en-GB","potentialAction":[{"@type":"ReadAction","target":["https:\/\/result.uit.no\/musicificium\/laerematerialer\/polyrytmiske-duetter\/tre-over-to\/"]}]},{"@type":"BreadcrumbList","@id":"https:\/\/result.uit.no\/musicificium\/laerematerialer\/polyrytmiske-duetter\/tre-over-to\/#breadcrumb","itemListElement":[{"@type":"ListItem","position":1,"name":"Home","item":"https:\/\/result.uit.no\/musicificium\/"},{"@type":"ListItem","position":2,"name":"Oppgavemateriale","item":"https:\/\/result.uit.no\/musicificium\/laerematerialer\/"},{"@type":"ListItem","position":3,"name":"Polyrytmiske duetter","item":"https:\/\/result.uit.no\/musicificium\/laerematerialer\/polyrytmiske-duetter\/"},{"@type":"ListItem","position":4,"name":"Tre over to"}]},{"@type":"WebSite","@id":"https:\/\/result.uit.no\/musicificium\/#website","url":"https:\/\/result.uit.no\/musicificium\/","name":"Musicificium","description":"En inspirasjonsbank for geh\u00f8rundervisning!","publisher":{"@id":"https:\/\/result.uit.no\/musicificium\/#organization"},"potentialAction":[{"@type":"SearchAction","target":{"@type":"EntryPoint","urlTemplate":"https:\/\/result.uit.no\/musicificium\/?s={search_term_string}"},"query-input":{"@type":"PropertyValueSpecification","valueRequired":true,"valueName":"search_term_string"}}],"inLanguage":"en-GB"},{"@type":"Organization","@id":"https:\/\/result.uit.no\/musicificium\/#organization","name":"UiT","url":"https:\/\/result.uit.no\/musicificium\/","logo":{"@type":"ImageObject","inLanguage":"en-GB","@id":"https:\/\/result.uit.no\/musicificium\/#\/schema\/logo\/image\/","url":"https:\/\/result.uit.no\/musicificium\/wp-content\/uploads\/sites\/35\/2024\/11\/UiT_Segl_Eng_Bla_960px.png","contentUrl":"https:\/\/result.uit.no\/musicificium\/wp-content\/uploads\/sites\/35\/2024\/11\/UiT_Segl_Eng_Bla_960px.png","width":960,"height":960,"caption":"UiT"},"image":{"@id":"https:\/\/result.uit.no\/musicificium\/#\/schema\/logo\/image\/"}}]}},"_links":{"self":[{"href":"https:\/\/result.uit.no\/musicificium\/wp-json\/wp\/v2\/pages\/26401","targetHints":{"allow":["GET"]}}],"collection":[{"href":"https:\/\/result.uit.no\/musicificium\/wp-json\/wp\/v2\/pages"}],"about":[{"href":"https:\/\/result.uit.no\/musicificium\/wp-json\/wp\/v2\/types\/page"}],"author":[{"embeddable":true,"href":"https:\/\/result.uit.no\/musicificium\/wp-json\/wp\/v2\/users\/856"}],"replies":[{"embeddable":true,"href":"https:\/\/result.uit.no\/musicificium\/wp-json\/wp\/v2\/comments?post=26401"}],"version-history":[{"count":0,"href":"https:\/\/result.uit.no\/musicificium\/wp-json\/wp\/v2\/pages\/26401\/revisions"}],"up":[{"embeddable":true,"href":"https:\/\/result.uit.no\/musicificium\/wp-json\/wp\/v2\/pages\/26353"}],"wp:attachment":[{"href":"https:\/\/result.uit.no\/musicificium\/wp-json\/wp\/v2\/media?parent=26401"}],"curies":[{"name":"wp","href":"https:\/\/api.w.org\/{rel}","templated":true}]}}