{"id":26042,"date":"2017-07-29T12:14:26","date_gmt":"2017-07-29T10:14:26","guid":{"rendered":"https:\/\/result.uit.no\/musicificium\/front\/om-produsentene\/"},"modified":"2024-11-15T20:44:40","modified_gmt":"2024-11-15T19:44:40","slug":"om-produsentene","status":"publish","type":"page","link":"https:\/\/result.uit.no\/musicificium\/front\/om-produsentene\/","title":{"rendered":"Om produsentene"},"content":{"rendered":"<p>[et_pb_section fb_built=&#8221;1&#8243; _builder_version=&#8221;4.16&#8243; global_colors_info=&#8221;{}&#8221;][et_pb_row _builder_version=&#8221;4.16&#8243; background_size=&#8221;initial&#8221; background_position=&#8221;top_left&#8221; background_repeat=&#8221;repeat&#8221; global_colors_info=&#8221;{}&#8221;][et_pb_column type=&#8221;4_4&#8243; _builder_version=&#8221;4.16&#8243; custom_padding=&#8221;|||&#8221; global_colors_info=&#8221;{}&#8221; custom_padding__hover=&#8221;|||&#8221;][et_pb_text admin_label=&#8221;Intro&#8221; _builder_version=&#8221;4.24.1&#8243; global_colors_info=&#8221;{}&#8221;]<\/p>\n<p><strong>Musicificium produseres av Maria Medby Tollefsen, universitetslektor i h\u00f8rel\u00e6re og studieprogramleder for bachelorstudiet i musikkut\u00f8ving ved UiT- Musikkonservatoriet. Nettstedet er laget i samarbeid med Mark Stenersen, grafisk designer ved UiT-Result, og kunstner Aurora S\u00e6terhaug Bye.<\/strong><\/p>\n<p><em><strong>Musicificium is produced by Maria Medby Tollefsen, a university lecturer in aural training and the head of the Bachelor studies in Music performance at The Academy of Music in Troms\u00f8. The website is created in collaboration with Mark Stenersen, a graphic designer at the University of Troms\u00f8, and painter Aurora S\u00e6terhaug Bye.<\/strong><\/em><\/p>\n<p>[\/et_pb_text][et_pb_text admin_label=&#8221;Maria&#8221; _builder_version=&#8221;4.27.3&#8243; hover_enabled=&#8221;0&#8243; global_colors_info=&#8221;{}&#8221; sticky_enabled=&#8221;0&#8243;]<\/p>\n<h1>Maria Medby Tollefsen<\/h1>\n<p>&nbsp;<\/p>\n<p style=\"text-align: right\"><img decoding=\"async\" class=\"size-full wp-image-26044 alignleft lazyload\" data-src=\"https:\/\/result.uit.no\/musicificium\/wp-content\/uploads\/sites\/35\/2017\/07\/18870905_10158608062805062_1137235536_n.jpg\" alt=\"\" width=\"280\" height=\"280\" data-srcset=\"https:\/\/result.uit.no\/musicificium\/wp-content\/uploads\/sites\/35\/2017\/07\/18870905_10158608062805062_1137235536_n.jpg 280w, https:\/\/result.uit.no\/musicificium\/wp-content\/uploads\/sites\/35\/2017\/07\/18870905_10158608062805062_1137235536_n-150x150.jpg 150w\" data-sizes=\"(max-width: 280px) 100vw, 280px\" src=\"data:image\/svg+xml;base64,PHN2ZyB3aWR0aD0iMSIgaGVpZ2h0PSIxIiB4bWxucz0iaHR0cDovL3d3dy53My5vcmcvMjAwMC9zdmciPjwvc3ZnPg==\" style=\"--smush-placeholder-width: 280px; --smush-placeholder-aspect-ratio: 280\/280;\" \/><\/p>\n<p style=\"text-align: left\">Maria jobber til daglig som geh\u00f8rpedagog og studieprogramleder ved Musikkonservatoriet i Troms\u00f8, hvor hun har v\u00e6rt ansatt siden 2011. Hun underviser bachelorstudenter i musikkut\u00f8ving i geh\u00f8r og masterstudenter p\u00e5 studieprogrammet H\u00f8rel\u00e6redidaktikk i emnene Egne ferdigheter, Metodikk og Didaktikk. Hun er ogs\u00e5 emneansvarlig for alle geh\u00f8rfagene p\u00e5 instituttet. \u00a0Hun underviser i tillegg p\u00e5 det geh\u00f8rdidaktiske masterstudiet ved Conservatorio Aggigo Boito i Parma, Italia. \u00a0Maria jobber jevnlig med \u00e5 utvikle metodikk og l\u00e6remateriale innen geh\u00f8rfaget, og er en aktiv foredrags- og workshopholder i faget, b\u00e5de i inn- og utland.<\/p>\n<p style=\"text-align: left\">Les mer p\u00e5 <a href=\"https:\/\/mariamedbytollefsen.com\" target=\"_blank\" rel=\"noopener noreferrer\">mariamedbytollefsen.com.<\/a><\/p>\n<p style=\"text-align: left\">Dersom du har tilbakemeldinger eller sp\u00f8rsm\u00e5l til nettstedet, kan Maria kontaktes p\u00e5 <a href=\"mailto:maria.m.tollefsen@uit.no\">maria.m.tollefsen@uit.no<\/a>.<\/p>\n<p style=\"text-align: left\">Sjekk gjerne ut Marias digitale kurs i geh\u00f8r og musikkteori: <a href=\"https:\/\/result.uit.no\/grunnleggende-gehor-musikkteori\/\">https:\/\/result.uit.no\/grunnleggende-gehor-musikkteori\/<\/a><\/p>\n<p style=\"text-align: left\">\n<h1 style=\"text-align: left\"><\/h1>\n<p>[\/et_pb_text][et_pb_toggle title=&#8221;English text&#8221; _builder_version=&#8221;4.24.1&#8243; _module_preset=&#8221;default&#8221; global_colors_info=&#8221;{}&#8221;]<\/p>\n<p style=\"text-align: left\">Maria is an aural training teacher, working at the Academy of Music in Troms\u00f8 since 2011. She is also the head of the Bachelor program in music performance. She teaches aural training on the Bachelor program in music performance and aural training and \u00a0aural training pedagogy on the Master program in aural training pedagogy. She is also responsible for the aural training subjects at the institute.<\/p>\n<p style=\"text-align: left\">Besides her work at the Music Academy in Troms\u00f8, Maria works as a teacher in aural training and aural training pedagogy at the Master program in aural training pedagogy at the Conservatorio Aggigo Boito in Parma, Italy. She works continuously on developing teaching methods and educational material in aural training and regularly conducts workshops and masterclasses all over Europe.\u00a0<\/p>\n<p style=\"text-align: left\">Read more at <a href=\"https:\/\/mariamedbytollefsen.com\" target=\"_blank\" rel=\"noopener noreferrer\">mariamedbytollefsen.com.<\/a><\/p>\n<p style=\"text-align: left\">Maria can be reached at <a href=\"mailto:maria.m.tollefsen@uit.no\">maria.m.tollefsen@uit.no<\/a>.<\/p>\n<p style=\"text-align: left\">[\/et_pb_toggle][et_pb_text admin_label=&#8221;Aurora&#8221; _builder_version=&#8221;4.24.1&#8243; global_colors_info=&#8221;{}&#8221;]<\/p>\n<h1 style=\"text-align: left\">Aurora S\u00e6terhaug Bye<\/h1>\n<p>&nbsp;<\/p>\n<div><img decoding=\"async\" class=\"alignnone wp-image-26753 alignleft lazyload\" data-src=\"https:\/\/result.uit.no\/musicificium\/wp-content\/uploads\/sites\/35\/2018\/10\/AuroraSB-200x300.jpg\" alt=\"\" width=\"211\" height=\"317\" data-srcset=\"https:\/\/result.uit.no\/musicificium\/wp-content\/uploads\/sites\/35\/2018\/10\/AuroraSB-200x300.jpg 200w, https:\/\/result.uit.no\/musicificium\/wp-content\/uploads\/sites\/35\/2018\/10\/AuroraSB.jpg 534w\" data-sizes=\"(max-width: 211px) 100vw, 211px\" src=\"data:image\/svg+xml;base64,PHN2ZyB3aWR0aD0iMSIgaGVpZ2h0PSIxIiB4bWxucz0iaHR0cDovL3d3dy53My5vcmcvMjAwMC9zdmciPjwvc3ZnPg==\" style=\"--smush-placeholder-width: 211px; --smush-placeholder-aspect-ratio: 211\/317;\" \/><\/div>\n<div style=\"text-align: left\">Aurora S\u00e6terhaug Bye er f\u00f8dt og oppvokst i Kirkenes i Finnmark. Hun er utdannet hornist, med bachelorutdannelse fra Musikkonservatoriet i Troms\u00f8 og mastergradsstudie fra G\u00f8teborg. Aurora er i dag ansatt som alternerende solohornist i Danske radios symfoniorkester. Aurora har alltid tegnet og malt ved siden av musikkut\u00f8velsen, og bildene hennes kjennetegnes av sterke farger og det livsglade uttrykket som kan sees i ikonbildene p\u00e5 Musicificium.<\/div>\n<div>I tillegg til \u00e5 illustrere Musicificium, har Aurora laget bilder til Alexander Aar\u00f8en Pedersens Suite &#8220;Tyven og kaleidoskopet&#8221;, samt til filmen &#8220;The Wrath of the Music God&#8221;.<\/div>\n<div><\/div>\n<div><\/div>\n<div><\/div>\n<div><\/div>\n<div style=\"text-align: left\">Auroras e-postadresse er <a href=\"mailto:aurorasbye@outlook.com\" target=\"_blank\" rel=\"noopener noreferrer\">aurorasbye@outlook.com<\/a><\/div>\n<div style=\"text-align: left\"><\/div>\n<div style=\"text-align: left\">\n<div style=\"text-align: left\"><\/div>\n<\/div>\n<p>[\/et_pb_text][\/et_pb_column][\/et_pb_row][et_pb_row _builder_version=&#8221;4.24.1&#8243; _module_preset=&#8221;default&#8221; global_colors_info=&#8221;{}&#8221;][et_pb_column type=&#8221;4_4&#8243; _builder_version=&#8221;4.24.1&#8243; _module_preset=&#8221;default&#8221; global_colors_info=&#8221;{}&#8221;][et_pb_toggle title=&#8221;English text&#8221; _builder_version=&#8221;4.24.1&#8243; _module_preset=&#8221;default&#8221; global_colors_info=&#8221;{}&#8221;]<\/p>\n<div style=\"text-align: left\">Aurora S\u00e6terhaug Bye is a North Norwegian hornist, educated from the Academies of music in Troms\u00f8 and Gothenburg. Today, Aurora works as an alternating solo hornist in the Danish Radio Symphony Orchestra. Aurora has always painted alongside her music career. Her paintings are characterized by vibrant colors and an expression of love for life. \u00a0In addition to creating all the illustrations and icons on Musicificium, she has also created artwork for Alexander Aar\u00f8en Pedersen&#8217;s suite &#8220;Tyven og kaleidoskopet&#8221; and for the movie &#8220;The Wrath of the Music God.&#8221; You can reach Aurora via email at\u00a0<a href=\"mailto:aurorasbye@outlook.com\" target=\"_blank\" rel=\"noopener noreferrer\">aurorasbye@outlook.com<\/a><\/div>\n<p>[\/et_pb_toggle][\/et_pb_column][\/et_pb_row][et_pb_row _builder_version=&#8221;4.24.1&#8243; _module_preset=&#8221;default&#8221; global_colors_info=&#8221;{}&#8221;][et_pb_column type=&#8221;4_4&#8243; _builder_version=&#8221;4.24.1&#8243; _module_preset=&#8221;default&#8221; global_colors_info=&#8221;{}&#8221;][et_pb_text _builder_version=&#8221;4.24.1&#8243; _module_preset=&#8221;default&#8221; global_colors_info=&#8221;{}&#8221;]<\/p>\n<h1 style=\"text-align: left\"><img decoding=\"async\" class=\"size-medium wp-image-26788 alignleft lazyload\" data-src=\"https:\/\/result.uit.no\/musicificium\/wp-content\/uploads\/sites\/35\/2018\/10\/Mark-Stenersen-231x300.jpg\" alt=\"\" width=\"231\" height=\"300\" data-srcset=\"https:\/\/result.uit.no\/musicificium\/wp-content\/uploads\/sites\/35\/2018\/10\/Mark-Stenersen-231x300.jpg 231w, https:\/\/result.uit.no\/musicificium\/wp-content\/uploads\/sites\/35\/2018\/10\/Mark-Stenersen.jpg 563w\" data-sizes=\"(max-width: 231px) 100vw, 231px\" src=\"data:image\/svg+xml;base64,PHN2ZyB3aWR0aD0iMSIgaGVpZ2h0PSIxIiB4bWxucz0iaHR0cDovL3d3dy53My5vcmcvMjAwMC9zdmciPjwvc3ZnPg==\" style=\"--smush-placeholder-width: 231px; --smush-placeholder-aspect-ratio: 231\/300;\" \/><\/h1>\n<h1 style=\"text-align: left\">Mark Stenersen<\/h1>\n<p>Mark er grafisk designer med 20 \u00e5rs bakgrunn fra reklamebransjen som Art Director, der han har hatt ansvar for utvikling av alle former for elektronisk og grafisk kommunikasjon. Hans spesielle fagomr\u00e5der er webdesign; UI, UX, GUI og usability design.<\/p>\n<p>Mark har v\u00e6rt ansatt hos UiT- Norges arktiske universitet, UB\/RESULT (Ressurssenter for undervisning, l\u00e6ring og teknologi) siden 2003 og fast ansatt siden\u00a02007. Hovedinteresser \u2013 alt er av interesse!<\/p>\n<p>&nbsp;<\/p>\n<p>[\/et_pb_text][\/et_pb_column][\/et_pb_row][et_pb_row _builder_version=&#8221;4.24.1&#8243; _module_preset=&#8221;default&#8221; global_colors_info=&#8221;{}&#8221;][et_pb_column type=&#8221;4_4&#8243; _builder_version=&#8221;4.24.1&#8243; _module_preset=&#8221;default&#8221; global_colors_info=&#8221;{}&#8221;][et_pb_toggle title=&#8221;English text&#8221; _builder_version=&#8221;4.24.1&#8243; _module_preset=&#8221;default&#8221; global_colors_info=&#8221;{}&#8221;]<\/p>\n<p>Mark is a graphic designer with 20 years of experience in the advertising industry as an Art Director. He has been responsible for the development of various forms of electronic and graphic communication, specializing in web design, UI, UX, GUI, and usability design. Mark has been employed at UiT- Norges arktiske universitet, UB\/RESULT (Resource Center for Teaching, Learning, and Technology) since 2003 and has been a permanent employee since 2007. His main interests include anything and everything.<\/p>\n<p>[\/et_pb_toggle][\/et_pb_column][\/et_pb_row][et_pb_row _builder_version=&#8221;4.16&#8243; global_colors_info=&#8221;{}&#8221;][et_pb_column type=&#8221;4_4&#8243; _builder_version=&#8221;4.16&#8243; custom_padding=&#8221;|||&#8221; global_colors_info=&#8221;{}&#8221; custom_padding__hover=&#8221;|||&#8221;][et_pb_text _builder_version=&#8221;4.24.1&#8243; global_colors_info=&#8221;{}&#8221;]<\/p>\n<h1>Bidragsytere\/ Contributors<\/h1>\n<p>[\/et_pb_text][et_pb_text _builder_version=&#8221;4.23.1&#8243; global_colors_info=&#8221;{}&#8221;]<\/p>\n<p>En stor bukett mennesker har bidratt til \u00e5 gj\u00f8re eksempelbanken s\u00e5 omfangsrik og sjangerbred som den er gjennom \u00e5 dele sine musikkeksempler med meg.<\/p>\n<p>Takk til:<\/p>\n<p>Min mentor og mitt store forbilde, dosent emeritus i h\u00f8rel\u00e6re Niels Eskild Johansen, som gener\u00f8st har latt meg bruke hans omfangsrike samling med polyrytmiske eksempler, med mer. Takk ogs\u00e5 for tips og gode r\u00e5d underveis.<\/p>\n<p>Teoriseksjonen ved konservatoriet i Maastrich, Nederland, for deres samling med gode eksempler p\u00e5 fritonale strukturer og modalitet.<\/p>\n<p>Professor i h\u00f8rel\u00e6re ved UiT, Hilde Blix.<\/p>\n<p>Dosent i h\u00f8rel\u00e6re ved UiO, \u00c5shild Watne.<\/p>\n<p>Mine bachelor- og masterstudenter for alle gode eksempler dere har bidratt med gjennom de siste \u00e5tte \u00e5rene! -og mine n\u00e5v\u00e6rende studenter for \u00e5 holde ut all pr\u00f8vekaninvirksomhet!<\/p>\n<p>[\/et_pb_text][et_pb_toggle title=&#8221;English text&#8221; _builder_version=&#8221;4.24.1&#8243; _module_preset=&#8221;default&#8221; global_colors_info=&#8221;{}&#8221;]<\/p>\n<p>Many individuals have contributed to making Musicificium as extensive and diverse as it is today by sharing their music examples with me. I am deeply thankful to the following individuals and institutions:<\/p>\n<p>My mentor and role model, Professor Emeritus in aural training Niels Eskild Johansen, for generously allowing me access to his extensive collection of polyrhythmic examples, among other resources, and for providing valuable tips and advice along the way.<\/p>\n<p>The Theory Department at the Conservatory in Maastricht, Netherlands, for their collection of excellent examples showcasing fritonal structures and modality.<\/p>\n<p>Professor of aural training at UiT, Hilde Blix.<\/p>\n<p>Associate Professor of aural training at UiO, \u00c5shild Watne.<\/p>\n<p>My past bachelor&#8217;s and master&#8217;s students for the numerous valuable examples they have contributed over the past eight years! And my current students for their endurance in all the trial and error experiments!<\/p>\n<p>[\/et_pb_toggle][\/et_pb_column][\/et_pb_row][\/et_pb_section]<\/p>\n","protected":false},"excerpt":{"rendered":"<p>Musicificium produseres av Maria Medby Tollefsen, universitetslektor i h\u00f8rel\u00e6re og studieprogramleder for bachelorstudiet i musikkut\u00f8ving ved UiT- Musikkonservatoriet. Nettstedet er laget i samarbeid med Mark Stenersen, grafisk designer ved UiT-Result, og kunstner Aurora S\u00e6terhaug Bye. Musicificium is produced by Maria Medby Tollefsen, a university lecturer in aural training and the head of the Bachelor studies [&hellip;]<\/p>\n","protected":false},"author":3,"featured_media":0,"parent":24763,"menu_order":0,"comment_status":"closed","ping_status":"closed","template":"","meta":{"_et_pb_use_builder":"on","_et_pb_old_content":"<p>Musicificium produseres av Maria Medby Tollefsen, universitetslektor i h\u00f8rel\u00e6re ved Musikkonservatoriet i Troms\u00f8, UiT-Norges arktiske universitet og Mark Stenersen, programmerer og grafisk designer ved RESULT, UiT- Norges arktiske universitet. Maria er ansvarlig for alt faglig innhold p\u00e5 nettstedet. Alle illustrasjoner og ikoner er malt av Aurora S\u00e6terhaug Bye.<\/p><p>\u00a0<\/p><h1>Maria Medby Tollefsen<\/h1><p style=\"text-align: right;\"><img class=\"size-full wp-image-26044 alignleft\" src=\"https:\/\/result.uit.no\/musicificium\/wp-content\/uploads\/sites\/35\/2017\/07\/18870905_10158608062805062_1137235536_n.jpg\" alt=\"\" width=\"280\" height=\"280\" \/><\/p><p style=\"text-align: left;\">Jeg jobber til daglig som h\u00f8rel\u00e6repedagog ved Musikkonservatoriet i Troms\u00f8, hvor jeg har v\u00e6rt ansatt siden 2011. Jeg har de siste \u00e5rene dedikert mye av min FoU-virksomhet til utvikling av digitalt l\u00e6remateriale i h\u00f8rel\u00e6re. I tillegg til Musicificium lager jeg appen Harmoniske vendinger sammen apputviklerfirmaet MuApps og bloggen P\u00e5\u00d8ret sammen dosent i h\u00f8rel\u00e6re og musikkpedagogikk Hilde Blix. Jeg har ogs\u00e5 gjort noe forskning p\u00e5 dagens musikkstudenters vaner n\u00e5r det gjelder bruk av digitale l\u00e6ringsressurser. Resultatet av dette kan blant annet leses i artikkelen \"Digitale l\u00e6ringsressurser i h\u00f8yere musikkutdanning\", som er publisert i det digitale tidsskriftet JASED.<\/p><p style=\"text-align: left;\">I tillegg til \u00e5 v\u00e6re en dedikert h\u00f8rel\u00e6repedagog, er jeg aktiv som dirigent i Troms\u00f8s amat\u00f8rmusikkliv. Bildet er hentet fra en konsert med Troms\u00f8 orkesterforenings janitsjarkorps. For \u00f8yeblikket leder jeg Troms\u00f8 byorkester, samt et prosjektkor som arbeider mot en stor oppsetning av operaen Carmen h\u00f8sten 2019.<\/p><p style=\"text-align: left;\">Les mer om min undervisningsfilosofi, p\u00e5g\u00e5ende FoU-prosjekter, publikasjoner og konferansebidrag, arbeidserfaring og utdanning p\u00e5 min hjemmeside, <a href=\"https:\/\/mariamedbytollefsen.com\" target=\"_blank\" rel=\"noopener noreferrer\">mariamedbytollefsen.com.<\/a>\u00a0Dersom du har tilbakemeldinger eller sp\u00f8rsm\u00e5l til nettstedet, kan jeg kontaktes p\u00e5 maria.m.tollefsen@uit.no.<\/p><h1 style=\"text-align: left;\">\u00a0<\/h1>","_et_gb_content_width":"","iawp_total_views":50,"footnotes":""},"class_list":["post-26042","page","type-page","status-publish","hentry"],"yoast_head":"<!-- This site is optimized with the Yoast SEO plugin v27.4 - https:\/\/yoast.com\/product\/yoast-seo-wordpress\/ -->\n<title>Om produsentene - Musicificium<\/title>\n<meta name=\"robots\" content=\"index, follow, max-snippet:-1, max-image-preview:large, max-video-preview:-1\" \/>\n<link rel=\"canonical\" href=\"https:\/\/result.uit.no\/musicificium\/front\/om-produsentene\/\" \/>\n<script type=\"application\/ld+json\" class=\"yoast-schema-graph\">{\"@context\":\"https:\\\/\\\/schema.org\",\"@graph\":[{\"@type\":\"WebPage\",\"@id\":\"https:\\\/\\\/result.uit.no\\\/musicificium\\\/front\\\/om-produsentene\\\/\",\"url\":\"https:\\\/\\\/result.uit.no\\\/musicificium\\\/front\\\/om-produsentene\\\/\",\"name\":\"Om produsentene - Musicificium\",\"isPartOf\":{\"@id\":\"https:\\\/\\\/result.uit.no\\\/musicificium\\\/#website\"},\"primaryImageOfPage\":{\"@id\":\"https:\\\/\\\/result.uit.no\\\/musicificium\\\/front\\\/om-produsentene\\\/#primaryimage\"},\"image\":{\"@id\":\"https:\\\/\\\/result.uit.no\\\/musicificium\\\/front\\\/om-produsentene\\\/#primaryimage\"},\"thumbnailUrl\":\"https:\\\/\\\/result.uit.no\\\/musicificium\\\/wp-content\\\/uploads\\\/sites\\\/35\\\/2017\\\/07\\\/18870905_10158608062805062_1137235536_n.jpg\",\"datePublished\":\"2017-07-29T10:14:26+00:00\",\"dateModified\":\"2024-11-15T19:44:40+00:00\",\"breadcrumb\":{\"@id\":\"https:\\\/\\\/result.uit.no\\\/musicificium\\\/front\\\/om-produsentene\\\/#breadcrumb\"},\"inLanguage\":\"en-GB\",\"potentialAction\":[{\"@type\":\"ReadAction\",\"target\":[\"https:\\\/\\\/result.uit.no\\\/musicificium\\\/front\\\/om-produsentene\\\/\"]}]},{\"@type\":\"ImageObject\",\"inLanguage\":\"en-GB\",\"@id\":\"https:\\\/\\\/result.uit.no\\\/musicificium\\\/front\\\/om-produsentene\\\/#primaryimage\",\"url\":\"https:\\\/\\\/result.uit.no\\\/musicificium\\\/wp-content\\\/uploads\\\/sites\\\/35\\\/2017\\\/07\\\/18870905_10158608062805062_1137235536_n.jpg\",\"contentUrl\":\"https:\\\/\\\/result.uit.no\\\/musicificium\\\/wp-content\\\/uploads\\\/sites\\\/35\\\/2017\\\/07\\\/18870905_10158608062805062_1137235536_n.jpg\",\"width\":280,\"height\":280,\"caption\":\"Bilde av produsent Maria\"},{\"@type\":\"BreadcrumbList\",\"@id\":\"https:\\\/\\\/result.uit.no\\\/musicificium\\\/front\\\/om-produsentene\\\/#breadcrumb\",\"itemListElement\":[{\"@type\":\"ListItem\",\"position\":1,\"name\":\"Home\",\"item\":\"https:\\\/\\\/result.uit.no\\\/musicificium\\\/\"},{\"@type\":\"ListItem\",\"position\":2,\"name\":\"Front\",\"item\":\"https:\\\/\\\/result.uit.no\\\/musicificium\\\/\"},{\"@type\":\"ListItem\",\"position\":3,\"name\":\"Om produsentene\"}]},{\"@type\":\"WebSite\",\"@id\":\"https:\\\/\\\/result.uit.no\\\/musicificium\\\/#website\",\"url\":\"https:\\\/\\\/result.uit.no\\\/musicificium\\\/\",\"name\":\"Musicificium\",\"description\":\"En inspirasjonsbank for geh\u00f8rundervisning!\",\"publisher\":{\"@id\":\"https:\\\/\\\/result.uit.no\\\/musicificium\\\/#organization\"},\"potentialAction\":[{\"@type\":\"SearchAction\",\"target\":{\"@type\":\"EntryPoint\",\"urlTemplate\":\"https:\\\/\\\/result.uit.no\\\/musicificium\\\/?s={search_term_string}\"},\"query-input\":{\"@type\":\"PropertyValueSpecification\",\"valueRequired\":true,\"valueName\":\"search_term_string\"}}],\"inLanguage\":\"en-GB\"},{\"@type\":\"Organization\",\"@id\":\"https:\\\/\\\/result.uit.no\\\/musicificium\\\/#organization\",\"name\":\"UiT\",\"url\":\"https:\\\/\\\/result.uit.no\\\/musicificium\\\/\",\"logo\":{\"@type\":\"ImageObject\",\"inLanguage\":\"en-GB\",\"@id\":\"https:\\\/\\\/result.uit.no\\\/musicificium\\\/#\\\/schema\\\/logo\\\/image\\\/\",\"url\":\"https:\\\/\\\/result.uit.no\\\/musicificium\\\/wp-content\\\/uploads\\\/sites\\\/35\\\/2024\\\/11\\\/UiT_Segl_Eng_Bla_960px.png\",\"contentUrl\":\"https:\\\/\\\/result.uit.no\\\/musicificium\\\/wp-content\\\/uploads\\\/sites\\\/35\\\/2024\\\/11\\\/UiT_Segl_Eng_Bla_960px.png\",\"width\":960,\"height\":960,\"caption\":\"UiT\"},\"image\":{\"@id\":\"https:\\\/\\\/result.uit.no\\\/musicificium\\\/#\\\/schema\\\/logo\\\/image\\\/\"}}]}<\/script>\n<!-- \/ Yoast SEO plugin. -->","yoast_head_json":{"title":"Om produsentene - Musicificium","robots":{"index":"index","follow":"follow","max-snippet":"max-snippet:-1","max-image-preview":"max-image-preview:large","max-video-preview":"max-video-preview:-1"},"canonical":"https:\/\/result.uit.no\/musicificium\/front\/om-produsentene\/","schema":{"@context":"https:\/\/schema.org","@graph":[{"@type":"WebPage","@id":"https:\/\/result.uit.no\/musicificium\/front\/om-produsentene\/","url":"https:\/\/result.uit.no\/musicificium\/front\/om-produsentene\/","name":"Om produsentene - Musicificium","isPartOf":{"@id":"https:\/\/result.uit.no\/musicificium\/#website"},"primaryImageOfPage":{"@id":"https:\/\/result.uit.no\/musicificium\/front\/om-produsentene\/#primaryimage"},"image":{"@id":"https:\/\/result.uit.no\/musicificium\/front\/om-produsentene\/#primaryimage"},"thumbnailUrl":"https:\/\/result.uit.no\/musicificium\/wp-content\/uploads\/sites\/35\/2017\/07\/18870905_10158608062805062_1137235536_n.jpg","datePublished":"2017-07-29T10:14:26+00:00","dateModified":"2024-11-15T19:44:40+00:00","breadcrumb":{"@id":"https:\/\/result.uit.no\/musicificium\/front\/om-produsentene\/#breadcrumb"},"inLanguage":"en-GB","potentialAction":[{"@type":"ReadAction","target":["https:\/\/result.uit.no\/musicificium\/front\/om-produsentene\/"]}]},{"@type":"ImageObject","inLanguage":"en-GB","@id":"https:\/\/result.uit.no\/musicificium\/front\/om-produsentene\/#primaryimage","url":"https:\/\/result.uit.no\/musicificium\/wp-content\/uploads\/sites\/35\/2017\/07\/18870905_10158608062805062_1137235536_n.jpg","contentUrl":"https:\/\/result.uit.no\/musicificium\/wp-content\/uploads\/sites\/35\/2017\/07\/18870905_10158608062805062_1137235536_n.jpg","width":280,"height":280,"caption":"Bilde av produsent Maria"},{"@type":"BreadcrumbList","@id":"https:\/\/result.uit.no\/musicificium\/front\/om-produsentene\/#breadcrumb","itemListElement":[{"@type":"ListItem","position":1,"name":"Home","item":"https:\/\/result.uit.no\/musicificium\/"},{"@type":"ListItem","position":2,"name":"Front","item":"https:\/\/result.uit.no\/musicificium\/"},{"@type":"ListItem","position":3,"name":"Om produsentene"}]},{"@type":"WebSite","@id":"https:\/\/result.uit.no\/musicificium\/#website","url":"https:\/\/result.uit.no\/musicificium\/","name":"Musicificium","description":"En inspirasjonsbank for geh\u00f8rundervisning!","publisher":{"@id":"https:\/\/result.uit.no\/musicificium\/#organization"},"potentialAction":[{"@type":"SearchAction","target":{"@type":"EntryPoint","urlTemplate":"https:\/\/result.uit.no\/musicificium\/?s={search_term_string}"},"query-input":{"@type":"PropertyValueSpecification","valueRequired":true,"valueName":"search_term_string"}}],"inLanguage":"en-GB"},{"@type":"Organization","@id":"https:\/\/result.uit.no\/musicificium\/#organization","name":"UiT","url":"https:\/\/result.uit.no\/musicificium\/","logo":{"@type":"ImageObject","inLanguage":"en-GB","@id":"https:\/\/result.uit.no\/musicificium\/#\/schema\/logo\/image\/","url":"https:\/\/result.uit.no\/musicificium\/wp-content\/uploads\/sites\/35\/2024\/11\/UiT_Segl_Eng_Bla_960px.png","contentUrl":"https:\/\/result.uit.no\/musicificium\/wp-content\/uploads\/sites\/35\/2024\/11\/UiT_Segl_Eng_Bla_960px.png","width":960,"height":960,"caption":"UiT"},"image":{"@id":"https:\/\/result.uit.no\/musicificium\/#\/schema\/logo\/image\/"}}]}},"_links":{"self":[{"href":"https:\/\/result.uit.no\/musicificium\/wp-json\/wp\/v2\/pages\/26042","targetHints":{"allow":["GET"]}}],"collection":[{"href":"https:\/\/result.uit.no\/musicificium\/wp-json\/wp\/v2\/pages"}],"about":[{"href":"https:\/\/result.uit.no\/musicificium\/wp-json\/wp\/v2\/types\/page"}],"author":[{"embeddable":true,"href":"https:\/\/result.uit.no\/musicificium\/wp-json\/wp\/v2\/users\/3"}],"replies":[{"embeddable":true,"href":"https:\/\/result.uit.no\/musicificium\/wp-json\/wp\/v2\/comments?post=26042"}],"version-history":[{"count":0,"href":"https:\/\/result.uit.no\/musicificium\/wp-json\/wp\/v2\/pages\/26042\/revisions"}],"up":[{"embeddable":true,"href":"https:\/\/result.uit.no\/musicificium\/wp-json\/wp\/v2\/pages\/24763"}],"wp:attachment":[{"href":"https:\/\/result.uit.no\/musicificium\/wp-json\/wp\/v2\/media?parent=26042"}],"curies":[{"name":"wp","href":"https:\/\/api.w.org\/{rel}","templated":true}]}}