{"id":2144,"date":"2023-04-17T11:28:53","date_gmt":"2023-04-17T10:28:53","guid":{"rendered":"https:\/\/result.uit.no\/mop\/?page_id=2144"},"modified":"2023-10-06T14:25:15","modified_gmt":"2023-10-06T13:25:15","slug":"huske","status":"publish","type":"page","link":"https:\/\/result.uit.no\/mop\/undervisning-pa-1-2-3\/huske\/","title":{"rendered":"Huske"},"content":{"rendered":"<p>[et_pb_section fb_built=&raquo;1&#8243; admin_label=&raquo;Header&raquo; _builder_version=&raquo;4.20.2&#8243; _module_preset=&raquo;default&raquo; background_color=&raquo;#FFFFFF&raquo; background_image=&raquo;https:\/\/result.uit.no\/mop\/wp-content\/uploads\/sites\/49\/2023\/03\/design-agency-22.png&raquo; background_size=&raquo;custom&raquo; background_image_width=&raquo;60%&raquo; background_position=&raquo;bottom_right&raquo; global_colors_info=&raquo;{}&raquo;][et_pb_row column_structure=&raquo;3_5,2_5&#8243; _builder_version=&raquo;4.20.2&#8243; _module_preset=&raquo;default&raquo; global_colors_info=&raquo;{}&raquo;][et_pb_column type=&raquo;3_5&#8243; _builder_version=&raquo;4.18.0&#8243; _module_preset=&raquo;default&raquo; global_colors_info=&raquo;{}&raquo;][et_pb_text _builder_version=&raquo;4.20.4&#8243; _module_preset=&raquo;e6504a1b-67eb-4b3d-b023-bcab277610b6&#8243; header_4_font=&raquo;Poppins|700||on|||||&raquo; header_4_font_size=&raquo;14px&raquo; header_4_letter_spacing=&raquo;0.05em&raquo; header_4_line_height=&raquo;1.5em&raquo; custom_margin=&raquo;||0px||false|false&raquo; global_colors_info=&raquo;{}&raquo;]<\/p>\n<h4>Taksonomisk niv\u00e5<\/h4>\n<p>[\/et_pb_text][et_pb_text _builder_version=&raquo;4.20.4&#8243; _module_preset=&raquo;c16985e1-e0d6-4022-964d-e2bfc04fa633&#8243; header_font=&raquo;Poppins|700|||||||&raquo; header_font_size=&raquo;72px&raquo; header_letter_spacing=&raquo;-0.01em&raquo; header_line_height=&raquo;1.3em&raquo; header_font_size_tablet=&raquo;40px&raquo; header_font_size_phone=&raquo;24px&raquo; header_font_size_last_edited=&raquo;on|desktop&raquo; global_colors_info=&raquo;{}&raquo;]<\/p>\n<h1>Huske<\/h1>\n<p>[\/et_pb_text][et_pb_text _builder_version=&raquo;4.20.4&#8243; _module_preset=&raquo;518880c8-46c7-4ffa-b5a6-93ffa99dcc17&#8243; text_font=&raquo;Raleway||||||||&raquo; text_font_size=&raquo;18px&raquo; text_line_height=&raquo;1.5em&raquo; text_font_size_tablet=&raquo;16px&raquo; text_font_size_phone=&raquo;14px&raquo; text_font_size_last_edited=&raquo;on|phone&raquo; global_colors_info=&raquo;{}&raquo;]<\/p>\n<p>I Bloom&#8217;s\u00a0 reviderte taksonomi fra 2001 har man utiviklet seks kategorier for \u00e5 hjelpe undervisere \u00e5 klassifisere l\u00e6ringsm\u00e5l. Disse reviderte kategoriene beskriver de kognitive prosessene studentene gjennomg\u00e5r n\u00e5r de jobber med l\u00e6ring.<\/p>\n<p>I kategorien &laquo;huske&raquo; er man p\u00e5 det laveste taksonomiske niv\u00e5et i modellen. N\u00e5r studenten befinner seg i denne prosessen jobber h*n mye med \u00e5 prosessere ny kunnskap for \u00e5 v\u00e6re i stand til \u00e5 gjenkjenne, gjengi, angi, definere, beskrive, referere, navngi, liste opp, presentere etc.<\/p>\n<p>Her kan du finne inspirasjon til undervisningsopplegg som hjelper studenten \u00e5 tilegne seg kunnskap gjennom \u00e5 huske fakta.<\/p>\n<p>En vanlig undervisningsform her er forelesning eller at studenten selv skal lese artikler, men her kan du finne inspirasjon til flere ulike tiln\u00e6rminger til dette.<\/p>\n<p>[\/et_pb_text][et_pb_button button_url=&raquo;@ET-DC@eyJkeW5hbWljIjp0cnVlLCJjb250ZW50IjoicG9zdF9saW5rX3VybF9wYWdlIiwic2V0dGluZ3MiOnsicG9zdF9pZCI6IjE5NzIifX0=@&raquo; button_text=&raquo;Tilbake til start&raquo; _builder_version=&raquo;4.22.2&#8243; _dynamic_attributes=&raquo;button_url&raquo; _module_preset=&raquo;3117bc07-6a8a-4679-b3bb-b6ed74b48a2f&raquo; custom_button=&raquo;on&raquo; button_text_size=&raquo;14px&raquo; button_text_color=&raquo;#000000&#8243; button_bg_color=&raquo;#ddceed&raquo; button_border_width=&raquo;5px&raquo; button_border_color=&raquo;#000000&#8243; button_border_radius=&raquo;10px&raquo; button_font=&raquo;Poppins|700||on|||||&raquo; transform_scale_tablet=&raquo;80%|80%&raquo; transform_scale_phone=&raquo;80%|80%&raquo; transform_scale_last_edited=&raquo;on|desktop&raquo; transform_translate_tablet=&raquo;-18px|0px&raquo; transform_translate_phone=&raquo;-25px|-8px&raquo; transform_translate_last_edited=&raquo;on|phone&raquo; transform_rotate_tablet=&raquo;&raquo; transform_rotate_phone=&raquo;&raquo; transform_rotate_last_edited=&raquo;on|desktop&raquo; transform_skew_tablet=&raquo;&raquo; transform_skew_phone=&raquo;&raquo; transform_skew_last_edited=&raquo;on|desktop&raquo; transform_origin_tablet=&raquo;&raquo; transform_origin_phone=&raquo;&raquo; transform_origin_last_edited=&raquo;on|desktop&raquo; transform_styles_last_edited=&raquo;on|desktop&raquo; custom_padding=&raquo;18px|30px|18px|30px|true|true&raquo; hover_enabled=&raquo;0&#8243; transform_styles_tablet=&raquo;&raquo; transform_styles_phone=&raquo;&raquo; box_shadow_style=&raquo;preset4&#8243; box_shadow_horizontal=&raquo;7px&raquo; box_shadow_vertical=&raquo;7px&raquo; box_shadow_color=&raquo;#222222&#8243; global_colors_info=&raquo;{}&raquo; sticky_enabled=&raquo;0&#8243;][\/et_pb_button][et_pb_image src=&raquo;https:\/\/result.uit.no\/mop\/wp-content\/uploads\/sites\/49\/2023\/04\/Blooms-reviderte-taksonomi.png&raquo; alt=&raquo;Bloom&#8217;s reviderte taksonomi&raquo; title_text=&raquo;Bloom&#8217;s reviderte taksonomi&raquo; _builder_version=&raquo;4.20.4&#8243; _module_preset=&raquo;default&raquo; transform_scale=&raquo;122%|122%&raquo; transform_scale_tablet=&raquo;188%|188%&raquo; transform_scale_phone=&raquo;114%|114%&raquo; transform_scale_last_edited=&raquo;on|desktop&raquo; transform_translate=&raquo;-314px|53px&raquo; transform_translate_tablet=&raquo;134px|-25px&raquo; transform_translate_phone=&raquo;15px|-1px&raquo; transform_translate_last_edited=&raquo;on|phone&raquo; transform_rotate_tablet=&raquo;&raquo; transform_rotate_phone=&raquo;&raquo; transform_rotate_last_edited=&raquo;on|desktop&raquo; transform_skew_tablet=&raquo;&raquo; transform_skew_phone=&raquo;&raquo; transform_skew_last_edited=&raquo;on|desktop&raquo; transform_origin_tablet=&raquo;&raquo; transform_origin_phone=&raquo;&raquo; transform_origin_last_edited=&raquo;on|desktop&raquo; transform_styles_last_edited=&raquo;on|phone&raquo; max_width_tablet=&raquo;300px&raquo; max_width_phone=&raquo;300px&raquo; max_width_last_edited=&raquo;on|tablet&raquo; custom_margin=&raquo;|||-4vw|false|false&raquo; transform_styles_tablet=&raquo;&raquo; transform_styles_phone=&raquo;&raquo; global_colors_info=&raquo;{}&raquo;][\/et_pb_image][\/et_pb_column][et_pb_column type=&raquo;2_5&#8243; _builder_version=&raquo;4.18.0&#8243; _module_preset=&raquo;default&raquo; global_colors_info=&raquo;{}&raquo;][et_pb_blog include_categories=&raquo;35&#8243; excerpt_length=&raquo;200&#8243; show_more=&raquo;on&raquo; show_author=&raquo;off&raquo; show_date=&raquo;off&raquo; show_categories=&raquo;off&raquo; show_pagination=&raquo;off&raquo; _builder_version=&raquo;4.20.4&#8243; _module_preset=&raquo;default&raquo; body_font_size=&raquo;13px&raquo; meta_line_height=&raquo;1.6em&raquo; read_more_text_color=&raquo;#a893f2&#8243; read_more_letter_spacing=&raquo;3px&raquo; width=&raquo;100%&raquo; module_alignment=&raquo;center&raquo; min_height=&raquo;1000px&raquo; custom_margin=&raquo;-9px||-9px||false|false&raquo; custom_padding=&raquo;7px||7px||false|false&raquo; border_radii_fullwidth=&raquo;on|16px|16px|16px|16px&raquo; border_width_all_fullwidth=&raquo;6px&raquo; global_colors_info=&raquo;{}&raquo;][\/et_pb_blog][\/et_pb_column][\/et_pb_row][\/et_pb_section][et_pb_section fb_built=&raquo;1&#8243; admin_label=&raquo;Footer&raquo; _builder_version=&raquo;4.18.0&#8243; _module_preset=&raquo;default&raquo; background_color=&raquo;#000000&#8243; custom_padding=&raquo;0px||||false|false&raquo; collapsed=&raquo;on&raquo; global_colors_info=&raquo;{}&raquo;][et_pb_row _builder_version=&raquo;4.18.0&#8243; _module_preset=&raquo;default&raquo; use_background_color_gradient=&raquo;on&raquo; background_color_gradient_direction=&raquo;182deg&raquo; background_color_gradient_stops=&raquo;#8388ef 20%|#ff89b4 50%|#f2cf65 80%&raquo; width=&raquo;100%&raquo; max_width=&raquo;100%&raquo; custom_margin=&raquo;||5vw||false|false&raquo; custom_padding=&raquo;0px||0px||false|false&raquo; border_color_all=&raquo;#000000&#8243; border_width_top=&raquo;5px&raquo; border_width_bottom=&raquo;5px&raquo; global_colors_info=&raquo;{}&raquo;][et_pb_column type=&raquo;4_4&#8243; _builder_version=&raquo;4.18.0&#8243; _module_preset=&raquo;default&raquo; global_colors_info=&raquo;{}&raquo;][et_pb_divider show_divider=&raquo;off&raquo; _builder_version=&raquo;4.18.0&#8243; _module_preset=&raquo;default&raquo; height=&raquo;1.5vw&raquo; locked=&raquo;off&raquo; global_colors_info=&raquo;{}&raquo;][\/et_pb_divider][\/et_pb_column][\/et_pb_row][et_pb_row column_structure=&raquo;1_2,1_2&#8243; _builder_version=&raquo;4.18.0&#8243; _module_preset=&raquo;default&raquo; custom_margin=&raquo;4vw||||false|false&raquo; border_color_all=&raquo;#FFFFFF&raquo; border_width_top=&raquo;1px&raquo; global_colors_info=&raquo;{}&raquo;][et_pb_column type=&raquo;1_2&#8243; _builder_version=&raquo;4.18.0&#8243; _module_preset=&raquo;default&raquo; global_colors_info=&raquo;{}&raquo;][et_pb_text _builder_version=&raquo;4.18.0&#8243; _dynamic_attributes=&raquo;content&raquo; _module_preset=&raquo;1f09816e-184e-4ce5-a4cf-b39c52c423ca&raquo; text_font=&raquo;Raleway||||||||&raquo; text_font_size=&raquo;16px&raquo; text_line_height=&raquo;1.5em&raquo; link_text_color=&raquo;#FFFFFF&raquo; background_layout=&raquo;dark&raquo; text_font_size_tablet=&raquo;15px&raquo; text_font_size_phone=&raquo;14px&raquo; text_font_size_last_edited=&raquo;on|phone&raquo; header_font_size_tablet=&raquo;55px&raquo; header_font_size_last_edited=&raquo;off|desktop&raquo; global_colors_info=&raquo;{}&raquo;]@ET-DC@eyJkeW5hbWljIjp0cnVlLCJjb250ZW50IjoiY3VycmVudF9kYXRlIiwic2V0dGluZ3MiOnsiYmVmb3JlIjoiQ29weXJpZ2h0ICZjb3B5OyAiLCJhZnRlciI6IiIsImRhdGVfZm9ybWF0IjoiY3VzdG9tIiwiY3VzdG9tX2RhdGVfZm9ybWF0IjoiWSJ9fQ==@[\/et_pb_text][\/et_pb_column][et_pb_column type=&raquo;1_2&#8243; _builder_version=&raquo;4.18.0&#8243; _module_preset=&raquo;default&raquo; global_colors_info=&raquo;{}&raquo;][et_pb_social_media_follow icon_color=&raquo;#FFFFFF&raquo; _builder_version=&raquo;4.18.0&#8243; _module_preset=&raquo;default&raquo; text_orientation=&raquo;right&raquo; text_orientation_tablet=&raquo;left&raquo; text_orientation_phone=&raquo;&raquo; text_orientation_last_edited=&raquo;on|tablet&raquo; global_colors_info=&raquo;{}&raquo;][et_pb_social_media_follow_network social_network=&raquo;facebook&raquo; _builder_version=&raquo;4.18.0&#8243; _module_preset=&raquo;default&raquo; global_colors_info=&raquo;{}&raquo; follow_button=&raquo;off&raquo; url_new_window=&raquo;on&raquo;]facebook[\/et_pb_social_media_follow_network][et_pb_social_media_follow_network social_network=&raquo;twitter&raquo; _builder_version=&raquo;4.18.0&#8243; _module_preset=&raquo;default&raquo; global_colors_info=&raquo;{}&raquo; follow_button=&raquo;off&raquo; url_new_window=&raquo;on&raquo;]twitter[\/et_pb_social_media_follow_network][et_pb_social_media_follow_network social_network=&raquo;instagram&raquo; _builder_version=&raquo;4.18.0&#8243; _module_preset=&raquo;default&raquo; global_colors_info=&raquo;{}&raquo; follow_button=&raquo;off&raquo; url_new_window=&raquo;on&raquo;]instagram[\/et_pb_social_media_follow_network][\/et_pb_social_media_follow][\/et_pb_column][\/et_pb_row][\/et_pb_section]<\/p>\n","protected":false},"excerpt":{"rendered":"<p>Taksonomisk niv\u00e5HuskeI Bloom&#8217;s\u00a0 reviderte taksonomi fra 2001 har man utiviklet seks kategorier for \u00e5 hjelpe undervisere \u00e5 klassifisere l\u00e6ringsm\u00e5l. Disse reviderte kategoriene beskriver de kognitive prosessene studentene gjennomg\u00e5r n\u00e5r de jobber med l\u00e6ring. I kategorien &laquo;huske&raquo; er man p\u00e5 det laveste taksonomiske niv\u00e5et i modellen. N\u00e5r studenten befinner seg i denne prosessen jobber h*n mye [&hellip;]<\/p>\n","protected":false},"author":1901,"featured_media":0,"parent":1972,"menu_order":0,"comment_status":"closed","ping_status":"closed","template":"","meta":{"_et_pb_use_builder":"on","_et_pb_old_content":"","_et_gb_content_width":"","iawp_total_views":502,"footnotes":""},"class_list":["post-2144","page","type-page","status-publish","hentry"],"_links":{"self":[{"href":"https:\/\/result.uit.no\/mop\/wp-json\/wp\/v2\/pages\/2144","targetHints":{"allow":["GET"]}}],"collection":[{"href":"https:\/\/result.uit.no\/mop\/wp-json\/wp\/v2\/pages"}],"about":[{"href":"https:\/\/result.uit.no\/mop\/wp-json\/wp\/v2\/types\/page"}],"author":[{"embeddable":true,"href":"https:\/\/result.uit.no\/mop\/wp-json\/wp\/v2\/users\/1901"}],"replies":[{"embeddable":true,"href":"https:\/\/result.uit.no\/mop\/wp-json\/wp\/v2\/comments?post=2144"}],"version-history":[{"count":0,"href":"https:\/\/result.uit.no\/mop\/wp-json\/wp\/v2\/pages\/2144\/revisions"}],"up":[{"embeddable":true,"href":"https:\/\/result.uit.no\/mop\/wp-json\/wp\/v2\/pages\/1972"}],"wp:attachment":[{"href":"https:\/\/result.uit.no\/mop\/wp-json\/wp\/v2\/media?parent=2144"}],"curies":[{"name":"wp","href":"https:\/\/api.w.org\/{rel}","templated":true}]}}