{"id":1972,"date":"2023-03-16T13:54:44","date_gmt":"2023-03-16T13:54:44","guid":{"rendered":"https:\/\/result.uit.no\/mop\/?page_id=1972"},"modified":"2023-10-06T09:51:03","modified_gmt":"2023-10-06T08:51:03","slug":"undervisning-pa-1-2-3","status":"publish","type":"page","link":"https:\/\/result.uit.no\/mop\/undervisning-pa-1-2-3\/","title":{"rendered":"Undervisning p\u00e5 1-2-3"},"content":{"rendered":"<p>[et_pb_section fb_built=&raquo;1&#8243; admin_label=&raquo;Header&raquo; _builder_version=&raquo;4.20.0&#8243; _module_preset=&raquo;default&raquo; background_color=&raquo;#FFFFFF&raquo; overflow-x=&raquo;hidden&raquo; overflow-y=&raquo;hidden&raquo; custom_padding=&raquo;||0px||false|false&raquo; global_colors_info=&raquo;{}&raquo;][et_pb_row _builder_version=&raquo;4.18.0&#8243; _module_preset=&raquo;default&raquo; use_background_color_gradient=&raquo;on&raquo; background_color_gradient_direction=&raquo;240deg&raquo; background_color_gradient_stops=&raquo;#8388ef 20%|#ff89b4 50%|#f2cf65 80%&raquo; custom_padding=&raquo;0px||0px||true|false&raquo; border_radii=&raquo;off|10px|10px||&raquo; border_width_all=&raquo;5px&raquo; border_color_all=&raquo;#000000&#8243; border_width_bottom=&raquo;0px&raquo; global_colors_info=&raquo;{}&raquo;][et_pb_column type=&raquo;4_4&#8243; _builder_version=&raquo;4.18.0&#8243; _module_preset=&raquo;default&raquo; global_colors_info=&raquo;{}&raquo;][et_pb_divider show_divider=&raquo;off&raquo; _builder_version=&raquo;4.18.0&#8243; _module_preset=&raquo;default&raquo; height=&raquo;30px&raquo; global_colors_info=&raquo;{}&raquo;][\/et_pb_divider][\/et_pb_column][\/et_pb_row][et_pb_row column_structure=&raquo;3_5,2_5&#8243; custom_padding_last_edited=&raquo;on|phone&raquo; _builder_version=&raquo;4.20.2&#8243; _module_preset=&raquo;default&raquo; min_height=&raquo;641.1px&raquo; custom_margin=&raquo;||0px||false|false&raquo; custom_padding=&raquo;121px|60px|121px|60px|true|true&raquo; custom_padding_tablet=&raquo;30px|30px|30px|30px|true|true&raquo; custom_padding_phone=&raquo;83px|20px|83px|20px|true|true&raquo; border_width_all=&raquo;5px&raquo; border_color_all=&raquo;#000000&#8243; border_width_bottom=&raquo;0px&raquo; locked=&raquo;off&raquo; global_colors_info=&raquo;{}&raquo;][et_pb_column type=&raquo;3_5&#8243; _builder_version=&raquo;4.18.0&#8243; _module_preset=&raquo;default&raquo; global_colors_info=&raquo;{}&raquo;][et_pb_image src=&raquo;https:\/\/result.uit.no\/mop\/wp-content\/uploads\/sites\/49\/2023\/03\/Blob.png&raquo; title_text=&raquo;Blob&raquo; _builder_version=&raquo;4.20.2&#8243; _module_preset=&raquo;default&raquo; max_width=&raquo;30%&raquo; global_colors_info=&raquo;{}&raquo;][\/et_pb_image][et_pb_text _builder_version=&raquo;4.20.2&#8243; _module_preset=&raquo;c16985e1-e0d6-4022-964d-e2bfc04fa633&#8243; header_font=&raquo;Poppins|700|||||||&raquo; header_font_size=&raquo;72px&raquo; header_letter_spacing=&raquo;-0.01em&raquo; header_line_height=&raquo;1.3em&raquo; header_font_size_tablet=&raquo;46px&raquo; header_font_size_phone=&raquo;22px&raquo; header_font_size_last_edited=&raquo;on|phone&raquo; global_colors_info=&raquo;{}&raquo;]<\/p>\n<h1>Undervisning\u00a0 p\u00e5 1-2-3<\/h1>\n<p>&nbsp;<\/p>\n<p>[\/et_pb_text][et_pb_text _builder_version=&raquo;4.20.2&#8243; _module_preset=&raquo;518880c8-46c7-4ffa-b5a6-93ffa99dcc17&#8243; text_font=&raquo;Raleway||||||||&raquo; text_font_size=&raquo;18px&raquo; text_line_height=&raquo;1.5em&raquo; header_2_font_size=&raquo;20px&raquo; text_font_size_tablet=&raquo;1px&raquo; text_font_size_phone=&raquo;7px&raquo; text_font_size_last_edited=&raquo;on|phone&raquo; header_font_size_tablet=&raquo;40px&raquo; header_font_size_phone=&raquo;40px&raquo; header_font_size_last_edited=&raquo;on|tablet&raquo; header_2_font_size_tablet=&raquo;20px&raquo; header_2_font_size_phone=&raquo;16px&raquo; header_2_font_size_last_edited=&raquo;on|phone&raquo; global_colors_info=&raquo;{}&raquo;]<\/p>\n<h2>Trenger du inspirasjon til din undervisning? Har du behov for en kjapp revidering av ditt undervisningsopplegg? Da har du\u00a0 kommet til rett plass.<\/h2>\n<p>[\/et_pb_text][et_pb_text _builder_version=&raquo;4.20.2&#8243; _module_preset=&raquo;518880c8-46c7-4ffa-b5a6-93ffa99dcc17&#8243; text_font=&raquo;Raleway||||||||&raquo; text_font_size=&raquo;16px&raquo; text_line_height=&raquo;1.5em&raquo; header_3_font_size=&raquo;17px&raquo; text_font_size_tablet=&raquo;16px&raquo; text_font_size_phone=&raquo;14px&raquo; text_font_size_last_edited=&raquo;on|phone&raquo; global_colors_info=&raquo;{}&raquo;]<\/p>\n<p>I feltene under kan du enten velge \u00e5 svare p\u00e5 noen sp\u00f8rsm\u00e5l for \u00e5 f\u00e5 ditt tilpassede undervisningsopplegg eller klikke deg inn p\u00e5 nedfellingsmenyene for \u00e5 utforske de ulike undervisningsressursene som finnes p\u00e5 siden. Enkelt, ikke sant?<\/p>\n<p>[\/et_pb_text][\/et_pb_column][et_pb_column type=&raquo;2_5&#8243; _builder_version=&raquo;4.18.0&#8243; _module_preset=&raquo;default&raquo; global_colors_info=&raquo;{}&raquo;][et_pb_image src=&raquo;https:\/\/result.uit.no\/mop\/wp-content\/uploads\/sites\/49\/2023\/03\/Frontfigur-undervisning_1-2-3.png&raquo; alt=&raquo;Girl planning education&raquo; title_text=&raquo;Frontfigur-undervisning_1-2-3&#8243; _builder_version=&raquo;4.20.2&#8243; _module_preset=&raquo;default&raquo; custom_margin=&raquo;|-8vw|||false|false&raquo; global_colors_info=&raquo;{}&raquo;][\/et_pb_image][\/et_pb_column][\/et_pb_row][et_pb_row column_structure=&raquo;1_3,1_3,1_3&#8243; make_equal=&raquo;on&raquo; custom_padding_last_edited=&raquo;on|desktop&raquo; _builder_version=&raquo;4.20.0&#8243; _module_preset=&raquo;default&raquo; custom_margin=&raquo;-74px|auto||auto||&raquo; custom_padding=&raquo;0px|60px|1px|60px|false|true&raquo; custom_padding_tablet=&raquo;|30px||30px|false|true&raquo; custom_padding_phone=&raquo;|20px||20px|false|true&raquo; border_color_all=&raquo;#000000&#8243; border_width_right=&raquo;5px&raquo; border_width_left=&raquo;5px&raquo; locked=&raquo;off&raquo; global_colors_info=&raquo;{}&raquo;][et_pb_column type=&raquo;1_3&#8243; _builder_version=&raquo;4.20.0&#8243; _module_preset=&raquo;default&raquo; custom_padding=&raquo;30px|20px|30px|20px|true|true&raquo; custom_padding_tablet=&raquo;30px|30px|30px|30px|true|true&raquo; custom_padding_phone=&raquo;20px|20px|20px|20px|true|true&raquo; custom_padding_last_edited=&raquo;off|desktop&raquo; border_radii=&raquo;on|10px|10px|10px|10px&raquo; border_width_all=&raquo;5px&raquo; border_color_all=&raquo;RGBA(255,255,255,0)&raquo; global_colors_info=&raquo;{}&raquo; background__hover_enabled=&raquo;on|desktop&raquo; background_color__hover=&raquo;#FFFFFF&raquo; background_enable_color__hover=&raquo;on&raquo;][et_pb_toggle title=&raquo;L\u00e6ringsmilj\u00f8&raquo; closed_toggle_text_color=&raquo;#000000&#8243; icon_color=&raquo;#8184c0&#8243; toggle_icon=&raquo;&#x43;||divi||400&#8243; use_icon_font_size=&raquo;on&raquo; icon_font_size=&raquo;33px&raquo; open_toggle_icon=&raquo;&#x42;||divi||400&#8243; open_use_icon_font_size=&raquo;on&raquo; open_icon_font_size=&raquo;33px&raquo; _builder_version=&raquo;4.20.2&#8243; _module_preset=&raquo;default&raquo; title_font=&raquo;|800||||on|||&raquo; closed_title_font=&raquo;|800||||on|||&raquo; background_color=&raquo;RGBA(255,255,255,0)&raquo; text_orientation=&raquo;center&raquo; custom_margin=&raquo;-1px|||||&raquo; custom_padding=&raquo;||5px|||&raquo; border_color_all=&raquo;RGBA(255,255,255,0)&raquo; global_colors_info=&raquo;{}&raquo;]<\/p>\n<p style=\"padding-left: 40px;\">Digitalt<\/p>\n<p style=\"padding-left: 40px;\">Klasserom<\/p>\n<p style=\"padding-left: 40px;\">Asynkront<\/p>\n<p>&nbsp;<\/p>\n<p>[\/et_pb_toggle][\/et_pb_column][et_pb_column type=&raquo;1_3&#8243; _builder_version=&raquo;4.20.0&#8243; _module_preset=&raquo;default&raquo; custom_padding=&raquo;30px|20px|30px|20px|true|true&raquo; border_radii=&raquo;on|10px|10px|10px|10px&raquo; border_width_all=&raquo;5px&raquo; border_color_all=&raquo;RGBA(255,255,255,0)&raquo; global_colors_info=&raquo;{}&raquo; background__hover_enabled=&raquo;on|desktop&raquo; background_color__hover=&raquo;#FFFFFF&raquo; background_enable_color__hover=&raquo;on&raquo;][et_pb_toggle title=&raquo;Aktivitetstype&raquo; closed_toggle_text_color=&raquo;#000000&#8243; icon_color=&raquo;#8184c0&#8243; toggle_icon=&raquo;&#x43;||divi||400&#8243; use_icon_font_size=&raquo;on&raquo; icon_font_size=&raquo;33px&raquo; open_toggle_icon=&raquo;&#x42;||divi||400&#8243; open_use_icon_font_size=&raquo;on&raquo; open_icon_font_size=&raquo;33px&raquo; _builder_version=&raquo;4.20.2&#8243; _module_preset=&raquo;default&raquo; title_font=&raquo;|800||||on|||&raquo; closed_title_font=&raquo;|800||||on|||&raquo; background_color=&raquo;RGBA(255,255,255,0)&raquo; text_orientation=&raquo;center&raquo; custom_margin=&raquo;-1px|||||&raquo; custom_padding=&raquo;||5px|||&raquo; border_color_all=&raquo;RGBA(255,255,255,0)&raquo; global_colors_info=&raquo;{}&raquo;]<\/p>\n<p style=\"padding-left: 40px;\"><a href=\"https:\/\/result.uit.no\/mop\/tilegnelse\/\">Tilegnelse<\/a><\/p>\n<p style=\"padding-left: 40px;\">Unders\u00f8kelse<\/p>\n<p style=\"padding-left: 40px;\">\u00d8ving<\/p>\n<p style=\"padding-left: 40px;\">Samarbeid<\/p>\n<p style=\"padding-left: 40px;\">Diskusjon<\/p>\n<p style=\"padding-left: 40px;\">Produksjon<\/p>\n<p>&nbsp;<\/p>\n<p>[\/et_pb_toggle][\/et_pb_column][et_pb_column type=&raquo;1_3&#8243; _builder_version=&raquo;4.20.0&#8243; _module_preset=&raquo;default&raquo; custom_padding=&raquo;30px|20px|30px|20px|true|true&raquo; border_radii=&raquo;on|10px|10px|10px|10px&raquo; border_width_all=&raquo;5px&raquo; border_color_all=&raquo;RGBA(255,255,255,0)&raquo; global_colors_info=&raquo;{}&raquo; background__hover_enabled=&raquo;on|desktop&raquo; background_color__hover=&raquo;#FFFFFF&raquo; background_enable_color__hover=&raquo;on&raquo;][et_pb_toggle title=&raquo;Taksonomisk niv\u00e5&raquo; closed_toggle_text_color=&raquo;#000000&#8243; icon_color=&raquo;#8184c0&#8243; toggle_icon=&raquo;&#x43;||divi||400&#8243; use_icon_font_size=&raquo;on&raquo; icon_font_size=&raquo;33px&raquo; open_toggle_icon=&raquo;&#x42;||divi||400&#8243; open_use_icon_font_size=&raquo;on&raquo; open_icon_font_size=&raquo;33px&raquo; _builder_version=&raquo;4.20.4&#8243; _module_preset=&raquo;default&raquo; title_font=&raquo;|800||||on|||&raquo; closed_title_font=&raquo;|800||||on|||&raquo; background_color=&raquo;RGBA(255,255,255,0)&raquo; text_orientation=&raquo;center&raquo; custom_margin=&raquo;-1px|||||&raquo; custom_padding=&raquo;||5px|||&raquo; hover_enabled=&raquo;0&#8243; border_color_all=&raquo;RGBA(255,255,255,0)&raquo; global_colors_info=&raquo;{}&raquo; sticky_enabled=&raquo;0&#8243;]<\/p>\n<p style=\"padding-left: 40px;\">Skape<\/p>\n<p style=\"padding-left: 40px;\">Vurdere<\/p>\n<p style=\"padding-left: 40px;\">Analysere<\/p>\n<p style=\"padding-left: 40px;\">Anvende<\/p>\n<p style=\"padding-left: 40px;\">Forst\u00e5<\/p>\n<p style=\"padding-left: 40px;\"><a href=\"https:\/\/result.uit.no\/mop\/huske\/\">Huske<\/a><\/p>\n<p>&nbsp;<\/p>\n<p>[\/et_pb_toggle][\/et_pb_column][\/et_pb_row][et_pb_row make_equal=&raquo;on&raquo; custom_padding_last_edited=&raquo;on|desktop&raquo; _builder_version=&raquo;4.20.0&#8243; _module_preset=&raquo;default&raquo; custom_padding=&raquo;|60px|48px|60px|false|true&raquo; custom_padding_tablet=&raquo;|30px||30px|false|true&raquo; custom_padding_phone=&raquo;|20px||20px|false|true&raquo; border_color_all=&raquo;#000000&#8243; border_width_right=&raquo;5px&raquo; border_width_left=&raquo;5px&raquo; locked=&raquo;off&raquo; global_colors_info=&raquo;{}&raquo;][et_pb_column type=&raquo;4_4&#8243; _builder_version=&raquo;4.20.0&#8243; _module_preset=&raquo;default&raquo; custom_padding=&raquo;30px|20px|30px|20px|true|true&raquo; custom_padding_tablet=&raquo;30px|30px|30px|30px|true|true&raquo; custom_padding_phone=&raquo;20px|20px|20px|20px|true|true&raquo; custom_padding_last_edited=&raquo;off|desktop&raquo; border_radii=&raquo;on|10px|10px|10px|10px&raquo; border_width_all=&raquo;5px&raquo; border_color_all=&raquo;RGBA(255,255,255,0)&raquo; global_colors_info=&raquo;{}&raquo; background__hover_enabled=&raquo;on|desktop&raquo; background_color__hover=&raquo;#FFFFFF&raquo; background_enable_color__hover=&raquo;on&raquo;][et_pb_text _builder_version=&raquo;4.20.2&#8243; _module_preset=&raquo;default&raquo; text_font=&raquo;|800||||on|||&raquo; text_font_size=&raquo;22px&raquo; header_5_font=&raquo;|800|||||||&raquo; global_colors_info=&raquo;{}&raquo;]<\/p>\n<p>Finn din tilpassede undervisningspakke<\/p>\n<p>[\/et_pb_text][et_pb_text _builder_version=&raquo;4.20.2&#8243; _module_preset=&raquo;default&raquo; global_colors_info=&raquo;{}&raquo;]<\/p>\n<p>I feltet under kan du gjennom \u00e5 svare p\u00e5 noen enkle sp\u00f8rsm\u00e5l finne de pakkene som passer best for deg og ditt undervisningsopplegg. Hva venter du p\u00e5?<\/p>\n<p>[\/et_pb_text][et_pb_code _builder_version=&raquo;4.20.0&#8243; _module_preset=&raquo;default&raquo; global_colors_info=&raquo;{}&raquo;]<iframe src=\"https:\/\/uit.h5p.com\/content\/1291836700015277537\/embed\" aria-label=\"Pedagogisk guide\" width=\"1088\" height=\"700\" frameborder=\"0\" allowfullscreen=\"allowfullscreen\" allow=\"autoplay *; geolocation *; microphone *; camera *; midi *; encrypted-media *\"><\/iframe><script src=\"https:\/\/uit.h5p.com\/js\/h5p-resizer.js\" charset=\"UTF-8\"><\/script>[\/et_pb_code][\/et_pb_column][\/et_pb_row][\/et_pb_section][et_pb_section fb_built=&raquo;1&#8243; admin_label=&raquo;Header&raquo; _builder_version=&raquo;4.20.0&#8243; _module_preset=&raquo;default&raquo; background_color=&raquo;#FFFFFF&raquo; custom_padding=&raquo;0px||||false|false&raquo; global_colors_info=&raquo;{}&raquo;][et_pb_row _builder_version=&raquo;4.18.0&#8243; _module_preset=&raquo;default&raquo; use_background_color_gradient=&raquo;on&raquo; background_color_gradient_direction=&raquo;4deg&raquo; background_color_gradient_stops=&raquo;#8388ef 20%|#ff89b4 50%|#f2cf65 80%&raquo; custom_padding=&raquo;0px||0px||true|false&raquo; border_radii=&raquo;off|||10px|10px&raquo; border_width_all=&raquo;5px&raquo; border_color_all=&raquo;#000000&#8243; border_width_top=&raquo;0px&raquo; saved_tabs=&raquo;all&raquo; global_colors_info=&raquo;{}&raquo;][et_pb_column type=&raquo;4_4&#8243; _builder_version=&raquo;4.18.0&#8243; _module_preset=&raquo;default&raquo; global_colors_info=&raquo;{}&raquo;][et_pb_divider show_divider=&raquo;off&raquo; _builder_version=&raquo;4.18.0&#8243; _module_preset=&raquo;default&raquo; height=&raquo;2vw&raquo; global_colors_info=&raquo;{}&raquo;][\/et_pb_divider][\/et_pb_column][\/et_pb_row][\/et_pb_section]<\/p>\n","protected":false},"excerpt":{"rendered":"<p>Undervisning\u00a0 p\u00e5 1-2-3 &nbsp;Trenger du inspirasjon til din undervisning? Har du behov for en kjapp revidering av ditt undervisningsopplegg? Da har du\u00a0 kommet til rett plass.I feltene under kan du enten velge \u00e5 svare p\u00e5 noen sp\u00f8rsm\u00e5l for \u00e5 f\u00e5 ditt tilpassede undervisningsopplegg eller klikke deg inn p\u00e5 nedfellingsmenyene for \u00e5 utforske de ulike undervisningsressursene [&hellip;]<\/p>\n","protected":false},"author":1901,"featured_media":0,"parent":0,"menu_order":0,"comment_status":"closed","ping_status":"closed","template":"","meta":{"_et_pb_use_builder":"on","_et_pb_old_content":"","_et_gb_content_width":"","iawp_total_views":68,"footnotes":""},"class_list":["post-1972","page","type-page","status-publish","hentry"],"_links":{"self":[{"href":"https:\/\/result.uit.no\/mop\/wp-json\/wp\/v2\/pages\/1972","targetHints":{"allow":["GET"]}}],"collection":[{"href":"https:\/\/result.uit.no\/mop\/wp-json\/wp\/v2\/pages"}],"about":[{"href":"https:\/\/result.uit.no\/mop\/wp-json\/wp\/v2\/types\/page"}],"author":[{"embeddable":true,"href":"https:\/\/result.uit.no\/mop\/wp-json\/wp\/v2\/users\/1901"}],"replies":[{"embeddable":true,"href":"https:\/\/result.uit.no\/mop\/wp-json\/wp\/v2\/comments?post=1972"}],"version-history":[{"count":0,"href":"https:\/\/result.uit.no\/mop\/wp-json\/wp\/v2\/pages\/1972\/revisions"}],"wp:attachment":[{"href":"https:\/\/result.uit.no\/mop\/wp-json\/wp\/v2\/media?parent=1972"}],"curies":[{"name":"wp","href":"https:\/\/api.w.org\/{rel}","templated":true}]}}