{"id":815,"date":"2019-10-14T14:34:30","date_gmt":"2019-10-14T12:34:30","guid":{"rendered":"https:\/\/result.uit.no\/merittering\/?page_id=815"},"modified":"2023-05-26T12:46:54","modified_gmt":"2023-05-26T10:46:54","slug":"hvem-kan-soke","status":"publish","type":"page","link":"https:\/\/result.uit.no\/merittering\/hvem-kan-soke\/","title":{"rendered":"Hvem kan s\u00f8ke"},"content":{"rendered":"<p>[et_pb_section fb_built=&raquo;1&#8243; next_background_color=&raquo;#ffffff&raquo; admin_label=&raquo;ToppBilde Section&raquo; _builder_version=&raquo;4.16&#8243; use_background_color_gradient=&raquo;on&raquo; background_color_gradient_direction=&raquo;3deg&raquo; background_color_gradient_stops=&raquo;rgba(0,0,0,0.3) 0%|rgba(0,0,0,0.4) 100%&raquo; background_color_gradient_overlays_image=&raquo;on&raquo; background_color_gradient_start=&raquo;rgba(0,0,0,0.3)&raquo; background_color_gradient_end=&raquo;rgba(0,0,0,0.4)&raquo; background_image=&raquo;https:\/\/result.uit.no\/merittering\/wp-content\/uploads\/sites\/37\/2017\/01\/COLOURBOX13073928-e1484908350899.jpg&raquo; background_position=&raquo;center_right&raquo; custom_margin=&raquo;0px||0px||false&raquo; custom_padding=&raquo;0||5%||false|false&raquo; bottom_divider_style=&raquo;ramp&raquo; bottom_divider_height=&raquo;80px&raquo; hover_transition_speed_curve=&raquo;ease-in&raquo; hover_enabled=&raquo;0&#8243; global_colors_info=&raquo;{}&raquo; background_color_gradient_direction__hover=&raquo;180deg&raquo; background_color_gradient_direction__hover_enabled=&raquo;180deg&raquo; background_color_gradient_start_position__hover=&raquo;0%&raquo; background_color_gradient_start_position__hover_enabled=&raquo;0%&raquo; background_color_gradient_end_position__hover=&raquo;100%&raquo; background_color_gradient_end_position__hover_enabled=&raquo;100%&raquo; background_color_gradient_stops__hover=&raquo;rgba(0,0,0,0.3) 0%|rgba(0,0,0,0.4) 100%&raquo; sticky_enabled=&raquo;0&#8243;][et_pb_row _builder_version=&raquo;4.16&#8243; global_colors_info=&raquo;{}&raquo;][et_pb_column type=&raquo;4_4&#8243; _builder_version=&raquo;4.16&#8243; global_colors_info=&raquo;{}&raquo; custom_padding__hover=&raquo;|||&raquo;][et_pb_text admin_label=&raquo;Toppbilde Section Title&raquo; _builder_version=&raquo;4.16&#8243; text_font=&raquo;Montserrat|800||on|||||&raquo; text_text_color=&raquo;#ffffff&raquo; text_font_size=&raquo;48px&raquo; text_letter_spacing=&raquo;3px&raquo; text_line_height=&raquo;1.3em&raquo; header_font=&raquo;Montserrat|600||on|||||&raquo; header_text_align=&raquo;center&raquo; header_text_color=&raquo;#ffffff&raquo; header_font_size=&raquo;48px&raquo; header_letter_spacing=&raquo;3px&raquo; header_line_height=&raquo;1.3em&raquo; header_2_font=&raquo;Montserrat|700|||||||&raquo; header_2_text_color=&raquo;rgba(255,255,255,0.6)&raquo; header_2_font_size=&raquo;90px&raquo; header_2_letter_spacing=&raquo;3px&raquo; header_2_line_height=&raquo;1.1em&raquo; text_orientation=&raquo;center&raquo; background_layout=&raquo;dark&raquo; module_alignment=&raquo;center&raquo; custom_margin=&raquo;60px||0px|&raquo; custom_padding=&raquo;||10px&raquo; animation_style=&raquo;slide&raquo; animation_direction=&raquo;bottom&raquo; animation_intensity_slide=&raquo;5%&raquo; header_font_size_tablet=&raquo;28px&raquo; header_font_size_phone=&raquo;20px&raquo; header_font_size_last_edited=&raquo;on|desktop&raquo; header_2_font_size_tablet=&raquo;&raquo; header_2_font_size_phone=&raquo;50px&raquo; header_2_font_size_last_edited=&raquo;on|phone&raquo; global_colors_info=&raquo;{}&raquo;]<\/p>\n<h1>Hvem kan s\u00f8ke?<\/h1>\n<p>[\/et_pb_text][et_pb_text _builder_version=&raquo;4.21.0&#8243; text_font=&raquo;Montserrat|500|||||||&raquo; text_text_color=&raquo;#ffffff&raquo; text_font_size=&raquo;22px&raquo; text_line_height=&raquo;1.5em&raquo; background_layout=&raquo;dark&raquo; max_width=&raquo;95%&raquo; module_alignment=&raquo;center&raquo; hover_enabled=&raquo;0&#8243; text_font_size_tablet=&raquo;20px&raquo; text_font_size_phone=&raquo;16px&raquo; text_font_size_last_edited=&raquo;on|phone&raquo; global_colors_info=&raquo;{}&raquo; sticky_enabled=&raquo;0&#8243; custom_padding_last_edited=&raquo;on|phone&raquo; custom_padding=&raquo;|30px||30px|false|false&raquo; custom_padding_phone=&raquo;|0px|26px|0px|false|false&raquo; custom_padding_tablet=&raquo;|30px||30px|false|false&raquo;]<\/p>\n<p style=\"text-align: center;\">Meritteringsordningen gjelder for de fleste &#8211; men ikke alle\u00a0 ansatte i undervisningstilling ved UiT Norges arktiske universitet.<\/p>\n<p style=\"text-align: center;\">Sjekk nedenfor om du kan s\u00f8ke.<\/p>\n<p>[\/et_pb_text][\/et_pb_column][\/et_pb_row][\/et_pb_section][et_pb_section fb_built=&raquo;1&#8243; next_background_color=&raquo;#f7f7f7&#8243; _builder_version=&raquo;4.16&#8243; custom_padding=&raquo;3px|0px|5%|0px|false|false&raquo; bottom_divider_style=&raquo;slant&raquo; bottom_divider_flip=&raquo;horizontal&raquo; global_colors_info=&raquo;{}&raquo;][et_pb_row column_structure=&raquo;1_2,1_2&#8243; admin_label=&raquo;Har du rett stilling&raquo; _builder_version=&raquo;4.21.0&#8243; custom_padding=&raquo;55px||||false|false&raquo; hover_enabled=&raquo;0&#8243; global_colors_info=&raquo;{}&raquo; custom_padding_last_edited=&raquo;on|phone&raquo; sticky_enabled=&raquo;0&#8243; custom_padding_tablet=&raquo;39px||||false|false&raquo; custom_padding_phone=&raquo;35px||||false|false&raquo;][et_pb_column type=&raquo;1_2&#8243; _builder_version=&raquo;4.16&#8243; custom_padding=&raquo;|||&raquo; global_colors_info=&raquo;{}&raquo; custom_padding__hover=&raquo;|||&raquo;][et_pb_text admin_label=&raquo;Title&raquo; _builder_version=&raquo;4.16&#8243; text_font=&raquo;||||||||&raquo; header_font=&raquo;||||||||&raquo; header_2_font=&raquo;Montserrat|600|||||||&raquo; header_2_text_align=&raquo;left&raquo; header_2_text_color=&raquo;#444444&#8243; header_2_font_size=&raquo;23px&raquo; header_2_line_height=&raquo;1.5em&raquo; custom_margin=&raquo;||5px||false|false&raquo; animation_style=&raquo;slide&raquo; animation_direction=&raquo;top&raquo; animation_intensity_slide=&raquo;20%&raquo; animation_starting_opacity=&raquo;100%&raquo; global_colors_info=&raquo;{}&raquo; header_2_text_color__hover_enabled=&raquo;on&raquo; header_2_text_color__hover=&raquo;#444444&#8243;]<\/p>\n<h2 style=\"text-align: left\">Har du rett\u00a0stilling ?<\/h2>\n<p>[\/et_pb_text][et_pb_text _builder_version=&raquo;4.16&#8243; text_font=&raquo;||||||||&raquo; text_font_size=&raquo;16px&raquo; text_line_height=&raquo;1.8em&raquo; global_colors_info=&raquo;{}&raquo;]<\/p>\n<p>Meritteringsordningen gjelder for stillingene f\u00f8rstelektor, f\u00f8rsteamanuensis, dosent og professor.<em>\u00a0<\/em><\/p>\n<p>Ansatte i <strong>IIerstillinger <\/strong>kan ikke s\u00f8ke<strong>. <\/strong><\/p>\n<p><strong>Universitetslektorer\u00a0<\/strong>kan ikke s\u00f8ke merittering, men oppfordres til \u00e5 satse p\u00e5 opprykk til f\u00f8rstelektor.\u00a0<em><\/em><\/p>\n<p>[\/et_pb_text][\/et_pb_column][et_pb_column type=&raquo;1_2&#8243; _builder_version=&raquo;4.16&#8243; custom_padding=&raquo;|||&raquo; global_colors_info=&raquo;{}&raquo; custom_padding__hover=&raquo;|||&raquo;][et_pb_image src=&raquo;https:\/\/result.uit.no\/merittering\/wp-content\/uploads\/sites\/37\/2019\/09\/writer-illustration_07.png&raquo; force_fullwidth=&raquo;on&raquo; align_tablet=&raquo;center&raquo; align_phone=&raquo;&raquo; align_last_edited=&raquo;on|desktop&raquo; _builder_version=&raquo;4.16&#8243; module_alignment=&raquo;left&raquo; global_colors_info=&raquo;{}&raquo;][\/et_pb_image][\/et_pb_column][\/et_pb_row][\/et_pb_section][et_pb_section fb_built=&raquo;1&#8243; next_background_color=&raquo;#ffffff&raquo; admin_label=&raquo;Har du 5 \u00e5rs erfaring?&raquo; _builder_version=&raquo;4.16&#8243; background_color=&raquo;#f7f7f7&#8243; background_color_gradient_direction=&raquo;-3deg&raquo; custom_padding=&raquo;60px|0px|5%|0px|false|false&raquo; bottom_divider_style=&raquo;slant&raquo; bottom_divider_flip=&raquo;horizontal&raquo; global_colors_info=&raquo;{}&raquo;][et_pb_row column_structure=&raquo;1_2,1_2&#8243; admin_label=&raquo;Har du 5 \u00e5rs erfaring&raquo; _builder_version=&raquo;4.16&#8243; custom_padding=&raquo;6px|0px|28px|0px|false|false&raquo; global_colors_info=&raquo;{}&raquo;][et_pb_column type=&raquo;1_2&#8243; _builder_version=&raquo;4.16&#8243; custom_padding=&raquo;|||&raquo; global_colors_info=&raquo;{}&raquo; custom_padding__hover=&raquo;|||&raquo;][et_pb_image src=&raquo;https:\/\/result.uit.no\/merittering\/wp-content\/uploads\/sites\/37\/2019\/09\/writer-illustration_04_v2.png&raquo; align_tablet=&raquo;center&raquo; align_phone=&raquo;&raquo; align_last_edited=&raquo;on|desktop&raquo; _builder_version=&raquo;4.16&#8243; module_alignment=&raquo;left&raquo; global_colors_info=&raquo;{}&raquo;][\/et_pb_image][\/et_pb_column][et_pb_column type=&raquo;1_2&#8243; _builder_version=&raquo;4.16&#8243; custom_padding=&raquo;|||&raquo; global_colors_info=&raquo;{}&raquo; custom_padding__hover=&raquo;|||&raquo;][et_pb_text admin_label=&raquo;Title&raquo; _builder_version=&raquo;4.16&#8243; text_font=&raquo;||||||||&raquo; header_font=&raquo;||||||||&raquo; header_2_font=&raquo;Montserrat|600|||||||&raquo; header_2_text_align=&raquo;left&raquo; header_2_text_color=&raquo;#444444&#8243; header_2_font_size=&raquo;23px&raquo; header_2_line_height=&raquo;1.5em&raquo; custom_margin=&raquo;||5px||false|false&raquo; animation_style=&raquo;slide&raquo; animation_direction=&raquo;top&raquo; animation_intensity_slide=&raquo;20%&raquo; animation_starting_opacity=&raquo;100%&raquo; global_colors_info=&raquo;{}&raquo; header_2_text_color__hover_enabled=&raquo;on&raquo; header_2_text_color__hover=&raquo;#444444&#8243;]<\/p>\n<h2 style=\"text-align: left\">Har du 5 \u00e5rs erfaring?<\/h2>\n<p>[\/et_pb_text][et_pb_text _builder_version=&raquo;4.16&#8243; text_font=&raquo;||||||||&raquo; text_font_size=&raquo;16px&raquo; text_line_height=&raquo;1.8em&raquo; global_colors_info=&raquo;{}&raquo;]<\/p>\n<p>For \u00e5 s\u00f8ke status som merittert underviser m\u00e5\u00a0du ha minst fem \u00e5rs erfaring fra undervisning i h\u00f8yere\u00a0utdanning. Har du\u00a0deltidsstilling som underviser, skal den samlede erfaring med undervisning og veiledning tilsvare 5 \u00e5r i heltids\u00a0 undervisningsstilling.<\/p>\n<p>&nbsp;<\/p>\n<p>[\/et_pb_text][\/et_pb_column][\/et_pb_row][\/et_pb_section][et_pb_section fb_built=&raquo;1&#8243; _builder_version=&raquo;4.21.0&#8243; background_color_gradient_direction=&raquo;-3deg&raquo; custom_padding=&raquo;45px|0px|21px|0px|false|false&raquo; hover_enabled=&raquo;0&#8243; global_colors_info=&raquo;{}&raquo; disabled_on=&raquo;on|on|on&raquo; disabled=&raquo;on&raquo; sticky_enabled=&raquo;0&#8243;][et_pb_row column_structure=&raquo;1_2,1_2&#8243; admin_label=&raquo;Har du basiskomp&raquo; _builder_version=&raquo;4.16&#8243; custom_padding=&raquo;42px|0px|8px|0px|false|false&raquo; global_colors_info=&raquo;{}&raquo;][et_pb_column type=&raquo;1_2&#8243; _builder_version=&raquo;4.16&#8243; custom_padding=&raquo;|||&raquo; global_colors_info=&raquo;{}&raquo; custom_padding__hover=&raquo;|||&raquo;][et_pb_text admin_label=&raquo;Title&raquo; _builder_version=&raquo;4.16&#8243; text_font=&raquo;||||||||&raquo; header_font=&raquo;||||||||&raquo; header_2_font=&raquo;Montserrat|600|||||||&raquo; header_2_text_align=&raquo;left&raquo; header_2_text_color=&raquo;#444444&#8243; header_2_font_size=&raquo;23px&raquo; header_2_line_height=&raquo;1.5em&raquo; custom_margin=&raquo;||5px||false|false&raquo; animation_style=&raquo;slide&raquo; animation_direction=&raquo;top&raquo; animation_intensity_slide=&raquo;20%&raquo; animation_starting_opacity=&raquo;100%&raquo; global_colors_info=&raquo;{}&raquo; header_2_text_color__hover_enabled=&raquo;on&raquo; header_2_text_color__hover=&raquo;#444444&#8243;]<\/p>\n<h2 style=\"text-align: left\">Har du\u00a0basiskompetanse?<\/h2>\n<p>[\/et_pb_text][et_pb_text _builder_version=&raquo;4.16&#8243; text_font=&raquo;||||||||&raquo; text_font_size=&raquo;16px&raquo; text_line_height=&raquo;1.8em&raquo; custom_padding=&raquo;6px|||||&raquo; global_colors_info=&raquo;{}&raquo;]<\/p>\n<p>For \u00e5 kunne s\u00f8ke merittering, m\u00e5 du ha <strong>utdanningsfaglig basiskompetanse<\/strong> p\u00e5 universitets- og h\u00f8gskoleniv\u00e5. Slik kompetanse kan opparbeides ved \u00e5 ta<strong> kurs\/utdanning <\/strong>eller<strong> <\/strong>gjennom<strong> praksis. <\/strong><\/p>\n<p><strong>Formell utdanningsfaglig basiskompetanse oppn\u00e5s ved \u00e5<\/strong><\/p>\n<p>[\/et_pb_text][et_pb_blurb title=&raquo;Ta eksamen fra kurs som er godkjent for form\u00e5let&raquo; use_icon=&raquo;on&raquo; font_icon=&raquo;&#x4e;||divi||400&#8243; icon_color=&raquo;#f16334&#8243; icon_placement=&raquo;left&raquo; _builder_version=&raquo;4.16&#8243; header_font=&raquo;Montserrat|500|||||||&raquo; header_font_size=&raquo;16px&raquo; header_line_height=&raquo;1.7em&raquo; body_font=&raquo;||||||||&raquo; body_font_size=&raquo;16px&raquo; body_line_height=&raquo;1.8em&raquo; custom_margin=&raquo;0px||10px||false|false&raquo; custom_padding=&raquo;0px|||||&raquo; animation_style=&raquo;fold&raquo; animation_direction=&raquo;bottom&raquo; animation_intensity_fold=&raquo;20%&raquo; animation_starting_opacity=&raquo;100%&raquo; global_colors_info=&raquo;{}&raquo;]<\/p>\n<p>Ved UiT er dette <a href=\"https:\/\/result.uit.no\/pedagogisk-basiskompetanse\/\" target=\"_blank\" rel=\"noopener noreferrer\">Program for pedagogisk basiskompetanse<\/a>. Tilsvarende kurs fra andre universitet vil ogs\u00e5 v\u00e6re godkjent.<\/p>\n<p>[\/et_pb_blurb][et_pb_blurb title=&raquo;Dokumentere at kompetansekravene er oppfylt i en pedagogisk mappe &raquo; use_icon=&raquo;on&raquo; font_icon=&raquo;&#x4e;||divi||400&#8243; icon_color=&raquo;#f16334&#8243; icon_placement=&raquo;left&raquo; _builder_version=&raquo;4.16&#8243; header_font=&raquo;Montserrat|500|||||||&raquo; header_font_size=&raquo;16px&raquo; header_line_height=&raquo;1.7em&raquo; body_font=&raquo;||||||||&raquo; body_font_size=&raquo;16px&raquo; body_line_height=&raquo;1.8em&raquo; animation_style=&raquo;fold&raquo; animation_direction=&raquo;bottom&raquo; animation_intensity_fold=&raquo;20%&raquo; animation_starting_opacity=&raquo;100%&raquo; global_colors_info=&raquo;{}&raquo;]<\/p>\n<p>Se UiTs <a href=\"https:\/\/result.uit.no\/merittering\/wp-content\/uploads\/sites\/37\/2019\/11\/Utfyllende-bestemmelser-for-ansettelse-og-opprykk-i-undervisnings-og-forskerstillinger-ved-UiT-2019.pdf\" target=\"_blank\" rel=\"noopener noreferrer\">utfyllende retningslinjer<\/a>\u00a0 om\u00a0tilsetting og opprykk i undervisnings- og forskerstillinger, avsnitt 4.5.<\/p>\n<p>[\/et_pb_blurb][et_pb_text _builder_version=&raquo;4.16&#8243; text_font=&raquo;||||||||&raquo; text_font_size=&raquo;16px&raquo; text_line_height=&raquo;1.8em&raquo; custom_padding=&raquo;6px|||||&raquo; global_colors_info=&raquo;{}&raquo;]<\/p>\n<p>Hvis du <strong>ikke har<\/strong> formell basiskompetanse,\u00a0<strong>skal s\u00f8knaden<\/strong> om merittering\u00a0<strong>dokumentere<\/strong>\u00a0at <strong>kravene for basiskompetanse er oppfylt<\/strong>. Vi anbefaler at slik <a href=\"https:\/\/result.uit.no\/merittering\/dokumentasjon\/\">dokumentasjon<\/a> skjer i et vedlegg til mappen.\u00a0<\/p>\n<p>[\/et_pb_text][\/et_pb_column][et_pb_column type=&raquo;1_2&#8243; _builder_version=&raquo;4.16&#8243; custom_padding=&raquo;|||&raquo; global_colors_info=&raquo;{}&raquo; custom_padding__hover=&raquo;|||&raquo;][et_pb_image src=&raquo;https:\/\/result.uit.no\/merittering\/wp-content\/uploads\/sites\/37\/2019\/09\/writer-illustration_03.png&raquo; align_tablet=&raquo;center&raquo; align_phone=&raquo;&raquo; align_last_edited=&raquo;on|desktop&raquo; _builder_version=&raquo;4.16&#8243; module_alignment=&raquo;left&raquo; global_colors_info=&raquo;{}&raquo;][\/et_pb_image][\/et_pb_column][\/et_pb_row][\/et_pb_section][et_pb_section fb_built=&raquo;1&#8243; admin_label=&raquo;Footer Section&raquo; _builder_version=&raquo;4.21.0&#8243; background_image=&raquo;https:\/\/result.uit.no\/merittering\/wp-content\/uploads\/sites\/37\/2019\/09\/trenger-du-hjelp.jpg&raquo; background_position=&raquo;top_center&raquo; top_divider_color=&raquo;#f7f7f7&#8243; top_divider_height=&raquo;60px&raquo; top_divider_flip=&raquo;horizontal&raquo; hover_enabled=&raquo;0&#8243; global_colors_info=&raquo;{}&raquo; min_height=&raquo;631px&raquo; sticky_enabled=&raquo;0&#8243;][\/et_pb_section]<\/p>\n","protected":false},"excerpt":{"rendered":"<p>Hvem kan s\u00f8ke?Meritteringsordningen gjelder for de fleste &#8211; men ikke alle\u00a0 ansatte i undervisningstilling ved UiT Norges arktiske universitet. Sjekk nedenfor om du kan s\u00f8ke.Har du rett\u00a0stilling ?Meritteringsordningen gjelder for stillingene f\u00f8rstelektor, f\u00f8rsteamanuensis, dosent og professor.\u00a0 Ansatte i IIerstillinger kan ikke s\u00f8ke. Universitetslektorer\u00a0kan ikke s\u00f8ke merittering, men oppfordres til \u00e5 satse p\u00e5 opprykk til f\u00f8rstelektor.\u00a0Har [&hellip;]<\/p>\n","protected":false},"author":3,"featured_media":0,"parent":0,"menu_order":0,"comment_status":"closed","ping_status":"closed","template":"","meta":{"_et_pb_use_builder":"on","_et_pb_old_content":"","_et_gb_content_width":"","iawp_total_views":176,"footnotes":""},"class_list":["post-815","page","type-page","status-publish","hentry"],"_links":{"self":[{"href":"https:\/\/result.uit.no\/merittering\/wp-json\/wp\/v2\/pages\/815","targetHints":{"allow":["GET"]}}],"collection":[{"href":"https:\/\/result.uit.no\/merittering\/wp-json\/wp\/v2\/pages"}],"about":[{"href":"https:\/\/result.uit.no\/merittering\/wp-json\/wp\/v2\/types\/page"}],"author":[{"embeddable":true,"href":"https:\/\/result.uit.no\/merittering\/wp-json\/wp\/v2\/users\/3"}],"replies":[{"embeddable":true,"href":"https:\/\/result.uit.no\/merittering\/wp-json\/wp\/v2\/comments?post=815"}],"version-history":[{"count":0,"href":"https:\/\/result.uit.no\/merittering\/wp-json\/wp\/v2\/pages\/815\/revisions"}],"wp:attachment":[{"href":"https:\/\/result.uit.no\/merittering\/wp-json\/wp\/v2\/media?parent=815"}],"curies":[{"name":"wp","href":"https:\/\/api.w.org\/{rel}","templated":true}]}}