{"id":1769,"date":"2023-08-11T13:36:55","date_gmt":"2023-08-11T11:36:55","guid":{"rendered":"https:\/\/result.uit.no\/merittering\/?page_id=1769"},"modified":"2026-02-06T10:21:02","modified_gmt":"2026-02-06T09:21:02","slug":"webinar-aa-soke-status-som-merittert-underviser","status":"publish","type":"page","link":"https:\/\/result.uit.no\/merittering\/webinar-aa-soke-status-som-merittert-underviser\/","title":{"rendered":"Webinar: \u00c5 s\u00f8ke status som merittert underviser"},"content":{"rendered":"<p>[et_pb_section fb_built=&raquo;1&#8243; next_background_color=&raquo;#ffffff&raquo; admin_label=&raquo;ToppBilde Section&raquo; _builder_version=&raquo;4.21.2&#8243; use_background_color_gradient=&raquo;on&raquo; background_color_gradient_stops=&raquo;rgba(0,0,0,0.2) 0%|rgba(0,0,0,0.4) 100%&raquo; background_color_gradient_overlays_image=&raquo;on&raquo; background_color_gradient_start=&raquo;rgba(0,0,0,0.2)&raquo; background_color_gradient_end=&raquo;rgba(0,0,0,0.4)&raquo; background_image=&raquo;https:\/\/result.uit.no\/merittering\/wp-content\/uploads\/sites\/37\/2017\/01\/COLOURBOX13073928-e1484908350899.jpg&raquo; background_position=&raquo;center_right&raquo; min_height=&raquo;451px&raquo; custom_padding=&raquo;0%||2.5%||false|false&raquo; bottom_divider_style=&raquo;curve&raquo; bottom_divider_height=&raquo;150px&raquo; hover_transition_speed_curve=&raquo;ease-in&raquo; global_colors_info=&raquo;{}&raquo; background_color_gradient_direction__hover=&raquo;180deg&raquo; background_color_gradient_direction__hover_enabled=&raquo;180deg&raquo; background_color_gradient_start_position__hover=&raquo;0%&raquo; background_color_gradient_start_position__hover_enabled=&raquo;0%&raquo; background_color_gradient_end_position__hover=&raquo;100%&raquo; background_color_gradient_end_position__hover_enabled=&raquo;100%&raquo; background_color_gradient_stops__hover=&raquo;rgba(0,0,0,0.2) 0%|rgba(0,0,0,0.4) 100%&raquo;][et_pb_row _builder_version=&raquo;4.16&#8243; global_colors_info=&raquo;{}&raquo;][et_pb_column type=&raquo;4_4&#8243; _builder_version=&raquo;4.16&#8243; global_colors_info=&raquo;{}&raquo; custom_padding__hover=&raquo;|||&raquo;][et_pb_text admin_label=&raquo;Toppbilde Section Title&raquo; _builder_version=&raquo;4.27.2&#8243; text_font=&raquo;Montserrat|800||on|||||&raquo; text_text_color=&raquo;#ffffff&raquo; text_font_size=&raquo;48px&raquo; text_letter_spacing=&raquo;3px&raquo; text_line_height=&raquo;1.3em&raquo; header_font=&raquo;Montserrat|600||on|||||&raquo; header_text_align=&raquo;center&raquo; header_text_color=&raquo;#ffffff&raquo; header_font_size=&raquo;48px&raquo; header_letter_spacing=&raquo;3px&raquo; header_line_height=&raquo;1.3em&raquo; header_2_font=&raquo;Montserrat|700|||||||&raquo; header_2_text_color=&raquo;rgba(255,255,255,0.6)&raquo; header_2_font_size=&raquo;90px&raquo; header_2_letter_spacing=&raquo;3px&raquo; header_2_line_height=&raquo;1.1em&raquo; text_orientation=&raquo;center&raquo; background_layout=&raquo;dark&raquo; module_alignment=&raquo;center&raquo; custom_margin=&raquo;60px||0px|&raquo; custom_padding=&raquo;||10px&raquo; animation_style=&raquo;slide&raquo; animation_direction=&raquo;bottom&raquo; animation_intensity_slide=&raquo;5%&raquo; header_font_size_tablet=&raquo;28px&raquo; header_font_size_phone=&raquo;20px&raquo; header_font_size_last_edited=&raquo;on|desktop&raquo; header_2_font_size_tablet=&raquo;&raquo; header_2_font_size_phone=&raquo;50px&raquo; header_2_font_size_last_edited=&raquo;on|phone&raquo; global_colors_info=&raquo;{}&raquo;]<\/p>\n<h1>Webinar:<br \/>\u00c5 s\u00f8ke status som merittert underviser<\/h1>\n<p>[\/et_pb_text][\/et_pb_column][\/et_pb_row][\/et_pb_section][et_pb_section fb_built=&raquo;1&#8243; _builder_version=&raquo;4.27.2&#8243; _module_preset=&raquo;default&raquo; global_colors_info=&raquo;{}&raquo; custom_padding__hover_enabled=&raquo;on|desktop&raquo;][et_pb_row _builder_version=&raquo;4.21.2&#8243; _module_preset=&raquo;default&raquo; global_colors_info=&raquo;{}&raquo;][et_pb_column type=&raquo;4_4&#8243; _builder_version=&raquo;4.21.2&#8243; _module_preset=&raquo;default&raquo; global_colors_info=&raquo;{}&raquo;][et_pb_text _builder_version=&raquo;4.27.4&#8243; _module_preset=&raquo;default&raquo; text_font_size=&raquo;18px&raquo; text_line_height=&raquo;1.8em&raquo; header_2_line_height=&raquo;1.3em&raquo; custom_margin=&raquo;||-118px||false|false&raquo; custom_margin_tablet=&raquo;||-118px||false|false&raquo; custom_margin_phone=&raquo;||-118px||false|false&raquo; custom_margin_last_edited=&raquo;on|desktop&raquo; text_font_size_tablet=&raquo;18px&raquo; text_font_size_phone=&raquo;17px&raquo; text_font_size_last_edited=&raquo;on|desktop&raquo; text_line_height_tablet=&raquo;1.8em&raquo; text_line_height_phone=&raquo;1.8em&raquo; text_line_height_last_edited=&raquo;on|phone&raquo; header_2_font_size_tablet=&raquo;&raquo; header_2_font_size_phone=&raquo;24px&raquo; header_2_font_size_last_edited=&raquo;on|desktop&raquo; header_2_line_height_tablet=&raquo;1.4em&raquo; header_2_line_height_phone=&raquo;1.3em&raquo; header_2_line_height_last_edited=&raquo;on|phone&raquo; global_colors_info=&raquo;{}&raquo;]<\/p>\n<h2>Ny mulighet til \u00e5 s\u00f8ke om status som merittert underviser ved UiT er lagt ut i Jobbnorge med <strong>s\u00f8knadsfrist 1. mars 2026.<\/strong><\/h2>\n<p>Seksjon for organisasjons- og personalutvikling (SEOP) har det administrative ansvaret for meritteringsordningen, mens Universitetsbiblioteket ved Result har det faglige ansvaret og s\u00f8rger for forankringen av kvalitetsutvikling av undervisning og l\u00e6ring &#8211; som ordningen bygger p\u00e5.<\/p>\n<p>I forbindelse med utlysning av s\u00f8knadsfrist i 2026 vil det holdes nye webinarer, der det gj\u00f8res opptak. Lenker til disse ligger under:<\/p>\n<p>[\/et_pb_text][\/et_pb_column][\/et_pb_row][\/et_pb_section][et_pb_section fb_built=&raquo;1&#8243; _builder_version=&raquo;4.27.2&#8243; background_enable_image=&raquo;off&raquo; parallax=&raquo;on&raquo; custom_margin=&raquo;30px||||false|false&raquo; global_colors_info=&raquo;{}&raquo;][et_pb_row column_structure=&raquo;1_2,1_2&#8243; _builder_version=&raquo;4.16&#8243; custom_padding=&raquo;||0px|||&raquo; global_colors_info=&raquo;{}&raquo;][et_pb_column type=&raquo;1_2&#8243; _builder_version=&raquo;4.16&#8243; global_colors_info=&raquo;{}&raquo;][et_pb_blurb title=&raquo;Webinar 1&#8243; url=&raquo;#&raquo; icon_placement=&raquo;left&raquo; content_max_width=&raquo;1100px&raquo; admin_label=&raquo;Trinn 1&#8243; _builder_version=&raquo;4.27.4&#8243; header_font=&raquo;Montserrat|700|||||||&raquo; header_text_color=&raquo;#f16334&#8243; header_font_size=&raquo;42px&raquo; header_line_height=&raquo;1.5em&raquo; body_font=&raquo;Montserrat||||||||&raquo; body_text_color=&raquo;#3c4357&#8243; body_font_size=&raquo;16px&raquo; background_color=&raquo;#ffffff&raquo; background_size=&raquo;initial&raquo; background_position=&raquo;top_left&raquo; background_repeat=&raquo;repeat&raquo; min_height=&raquo;424px&raquo; min_height_tablet=&raquo;424px&raquo; min_height_phone=&raquo;424px&raquo; min_height_last_edited=&raquo;on|tablet&raquo; custom_margin=&raquo;||10%||false|false&raquo; custom_margin_tablet=&raquo;||10%||false|false&raquo; custom_margin_phone=&raquo;||10%||false|false&raquo; custom_margin_last_edited=&raquo;on|phone&raquo; custom_padding=&raquo;30px|40px|30px|40px&raquo; animation_style=&raquo;zoom&raquo; animation_direction=&raquo;bottom&raquo; animation_intensity_zoom=&raquo;20%&raquo; animation_starting_opacity=&raquo;100%&raquo; header_font_size_tablet=&raquo;42px&raquo; header_font_size_phone=&raquo;42px&raquo; header_font_size_last_edited=&raquo;on|phone&raquo; header_text_shadow_style=&raquo;preset3&#8243; header_text_shadow_color=&raquo;rgba(241,99,52,0.4)&raquo; box_shadow_style=&raquo;preset2&#8243; box_shadow_horizontal=&raquo;0px&raquo; box_shadow_vertical=&raquo;0px&raquo; box_shadow_blur=&raquo;60px&raquo; box_shadow_color=&raquo;rgba(241,99,52,0.12)&raquo; locked=&raquo;off&raquo; global_colors_info=&raquo;{}&raquo;]<\/p>\n<h2>\u00c5 s\u00f8ke status som merittert underviser &#8211; Meritterings-ordningen ved UiT<\/h2>\n<p><strong><br \/>Torsdag 30.okt. 2025, kl. 13.00 \u2013 14.00<\/strong><\/p>\n<p>Utlysning, kompetansekrav og gode r\u00e5d for deg som vil s\u00f8ke status som merittert underviser v\/ Kristine Stangeland Olsen (administrativt ansvarlig for merittering ved UiT) og Ragnhild Sandvoll (faglig ansvarlig for merittering ved UiT).<\/p>\n<p>Vi anbefaler deg ogs\u00e5 \u00e5 se opptak fra webinar 2 fra v\u00e5ren 2024, der Maaren Beerepoot, dosent og merittert underviser ved Institutt for kjemi, ogs\u00e5 gir gode r\u00e5d til dere som skal s\u00f8ke status som merittert underviser.<\/p>\n<p style=\"text-align: center;\"><span><a href=\"https:\/\/universitetetitromso-my.sharepoint.com\/personal\/rsa002_uit_no\/_layouts\/15\/stream.aspx?id=%2fpersonal%2frsa002_uit_no%2fDocuments%2fRecordings%2fWebinar+Merittering-20251030_130839-Opptak+av+m\u00f8te.mp4&amp;ga=1&amp;referrer=StreamWebApp.Web&amp;referrerScenario=AddressBarCopied.view.25108abe-6b61-4042-8ee9-0e0f1a4db634&amp;xsdata=MDV8MDJ8bWFyay5zdGVuZXJzZW5AdWl0Lm5vfDQ0ZjY1MTMxZmRiMTQxYzRlYjY1MDhkZTE3YjZkMGQ3fDRlN2YyMTJkNzRkYjQ1NjNhNTdiOGFlNDRlZDA1NTI2fDB8MHw2Mzg5NzQyNzExMTM4NDcxODZ8VW5rbm93bnxUV0ZwYkdac2IzZDhleUpGYlhCMGVVMWhjR2tpT25SeWRXVXNJbFlpT2lJd0xqQXVNREF3TUNJc0lsQWlPaUpYYVc0ek1pSXNJa0ZPSWpvaVRXRnBiQ0lzSWxkVUlqb3lmUT09fDB8fHw%3d&amp;sdata=d21scjB5eEZmMy9qS3I3Ull0d1pyNUJobStlTzJEcEVHUnRQVjhPWUl1UT0%3d\" target=\"_blank\" class=\"pa-blurb-button_rec\" rel=\"noopener\">Webinar 1 &#8211; Se opptak<\/a><\/span><\/p>\n<p>[\/et_pb_blurb][et_pb_blurb title=&raquo;Webinar 2&#8243; url=&raquo;#&raquo; icon_placement=&raquo;left&raquo; content_max_width=&raquo;1100px&raquo; admin_label=&raquo;Trinn 2&#8243; _builder_version=&raquo;4.27.5&#8243; header_font=&raquo;Montserrat|700|||||||&raquo; header_text_color=&raquo;#f16334&#8243; header_font_size=&raquo;42px&raquo; header_line_height=&raquo;1.5em&raquo; body_font=&raquo;Montserrat||||||||&raquo; body_text_color=&raquo;#3c4357&#8243; body_font_size=&raquo;16px&raquo; background_color=&raquo;#ffffff&raquo; background_size=&raquo;initial&raquo; background_position=&raquo;top_left&raquo; background_repeat=&raquo;repeat&raquo; min_height=&raquo;424px&raquo; custom_margin=&raquo;||10%||false|false&raquo; custom_margin_tablet=&raquo;||10%||false|false&raquo; custom_margin_phone=&raquo;||10%||false|false&raquo; custom_margin_last_edited=&raquo;on|phone&raquo; custom_padding=&raquo;30px|40px|30px|40px&raquo; animation_style=&raquo;zoom&raquo; animation_direction=&raquo;bottom&raquo; animation_intensity_zoom=&raquo;20%&raquo; animation_starting_opacity=&raquo;100%&raquo; header_font_size_tablet=&raquo;42px&raquo; header_font_size_phone=&raquo;42px&raquo; header_font_size_last_edited=&raquo;on|phone&raquo; header_text_shadow_style=&raquo;preset3&#8243; header_text_shadow_color=&raquo;rgba(241,99,52,0.4)&raquo; box_shadow_style=&raquo;preset2&#8243; box_shadow_horizontal=&raquo;0px&raquo; box_shadow_vertical=&raquo;0px&raquo; box_shadow_blur=&raquo;60px&raquo; box_shadow_color=&raquo;rgba(241,99,52,0.12)&raquo; locked=&raquo;off&raquo; global_colors_info=&raquo;{}&raquo;]<\/p>\n<h2>\u00c5 skrive s\u00f8knad: struktur, dokumentasjon og utvalg.<\/h2>\n<p><strong><br \/>Torsdag 13. november 2025, kl. 13:00-14:00<\/strong><\/p>\n<p>Webinaret ble ikke gjennomf\u00f8rt fordi ingen kom. Se gjerne p\u00e5 tilsvarende webinar for 2024 som du finner i lenken.<\/p>\n<p style=\"text-align: center;\"><span><a href=\"https:\/\/vimeo.com\/1052952137?fl=pl&amp;fe=sh\" target=\"_blank\" class=\"pa-blurb-button_rec\" rel=\"noopener\">Webinar 2 &#8211; Se opptak fra 2024<\/a><\/span><\/p>\n<p>[\/et_pb_blurb][\/et_pb_column][et_pb_column type=&raquo;1_2&#8243; _builder_version=&raquo;4.16&#8243; global_colors_info=&raquo;{}&raquo;][et_pb_blurb title=&raquo;Webinar 3&#8243; url=&raquo;#&raquo; icon_placement=&raquo;left&raquo; content_max_width=&raquo;1100px&raquo; admin_label=&raquo;Trinn 3&#8243; _builder_version=&raquo;4.27.5&#8243; header_font=&raquo;Montserrat|700|||||||&raquo; header_text_color=&raquo;#f16334&#8243; header_font_size=&raquo;42px&raquo; header_line_height=&raquo;1.5em&raquo; body_font=&raquo;Montserrat||||||||&raquo; body_text_color=&raquo;#3c4357&#8243; body_font_size=&raquo;16px&raquo; background_color=&raquo;#ffffff&raquo; background_size=&raquo;initial&raquo; background_position=&raquo;top_left&raquo; background_repeat=&raquo;repeat&raquo; min_height=&raquo;424px&raquo; custom_margin=&raquo;||10%||false|false&raquo; custom_margin_tablet=&raquo;||10%||false|false&raquo; custom_margin_phone=&raquo;||10%||false|false&raquo; custom_margin_last_edited=&raquo;on|phone&raquo; custom_padding=&raquo;30px|40px|30px|40px&raquo; animation_style=&raquo;zoom&raquo; animation_direction=&raquo;bottom&raquo; animation_intensity_zoom=&raquo;20%&raquo; animation_starting_opacity=&raquo;100%&raquo; header_font_size_tablet=&raquo;42px&raquo; header_font_size_phone=&raquo;42px&raquo; header_font_size_last_edited=&raquo;on|phone&raquo; header_text_shadow_style=&raquo;preset3&#8243; header_text_shadow_color=&raquo;rgba(241,99,52,0.4)&raquo; box_shadow_style=&raquo;preset2&#8243; box_shadow_horizontal=&raquo;0px&raquo; box_shadow_vertical=&raquo;0px&raquo; box_shadow_blur=&raquo;60px&raquo; box_shadow_color=&raquo;rgba(241,99,52,0.12)&raquo; locked=&raquo;off&raquo; global_colors_info=&raquo;{}&raquo;]<\/p>\n<h2>Webinar 3: Pedagogisk mappe til glede og besv\u00e6r<strong><em><br \/>\n<\/em><\/strong><\/h2>\n<p><strong><br \/>\nTorsdag 5. februar 2026, kl. 13:00-14:00<\/strong><\/p>\n<p>Sp\u00f8rsm\u00e5l og svar vedr dokumentasjon av utdanningsfaglig kompetanse v\/ Ragnhild Sandvoll. Intervju av nylig merittert underviser Iris Borch (Helsefak) om hvordan hun jobbet med sin pedagogiske mappe.<\/p>\n<p style=\"text-align: center;\"><span><a href=\"https:\/\/universitetetitromso-my.sharepoint.com\/:v:\/g\/personal\/rsa002_uit_no\/IQDJBdCO7wtSTor1KNyNotkZAZ_q7ekhQbLUyTtxN3RLaoc?xsdata=MDV8MDJ8bWFyay5zdGVuZXJzZW5AdWl0Lm5vfDA2NjVmMmE0MDRjNzRlYzMxMWRiMDhkZTY0YmUxOTBlfDRlN2YyMTJkNzRkYjQ1NjNhNTdiOGFlNDRlZDA1NTI2fDB8MHw2MzkwNTg5NjQ3OTEwNjU2NTR8VW5rbm93bnxUV0ZwYkdac2IzZDhleUpGYlhCMGVVMWhjR2tpT25SeWRXVXNJbFlpT2lJd0xqQXVNREF3TUNJc0lsQWlPaUpYYVc0ek1pSXNJa0ZPSWpvaVRXRnBiQ0lzSWxkVUlqb3lmUT09fDB8fHw%3d&#038;sdata=VEJiMW41Mnh1dE5TZ0p0aFBKSVlmbU55MTNPWFZjVS80T3VNRDQwSkR6OD0%3d\" target=\"_blank\" class=\"pa-blurb-button_rec\" rel=\"noopener\">Webinar 3 &#8211; Se opptak<\/a><\/span><\/p>\n<p>[\/et_pb_blurb][\/et_pb_column][\/et_pb_row][et_pb_row custom_padding_last_edited=&raquo;on|desktop&raquo; _builder_version=&raquo;4.24.2&#8243; _module_preset=&raquo;default&raquo; use_background_color_gradient=&raquo;on&raquo; background_color_gradient_direction=&raquo;70deg&raquo; background_color_gradient_stops=&raquo;rgba(29,0,193,0.19) 0%|rgba(86,22,175,0.2) 100%&raquo; custom_margin=&raquo;|auto|92px|auto|false|false&raquo; custom_margin_tablet=&raquo;|auto|92px|auto|false|false&raquo; custom_margin_phone=&raquo;|auto|92px|auto|false|false&raquo; custom_margin_last_edited=&raquo;on|desktop&raquo; custom_padding=&raquo;18px|68px|20px|56px|false|false&raquo; custom_padding_tablet=&raquo;18px|68px|20px|56px|false|false&raquo; custom_padding_phone=&raquo;18px|68px|20px|56px|false|false&raquo; border_radii=&raquo;on|8px|8px|8px|8px&raquo; locked=&raquo;off&raquo; global_colors_info=&raquo;{}&raquo;][et_pb_column type=&raquo;4_4&#8243; _builder_version=&raquo;4.24.2&#8243; _module_preset=&raquo;default&raquo; global_colors_info=&raquo;{}&raquo;][et_pb_text _builder_version=&raquo;4.27.4&#8243; _module_preset=&raquo;default&raquo; text_text_color=&raquo;rgba(0,0,0,0.52)&raquo; text_font_size=&raquo;29px&raquo; text_line_height=&raquo;40px&raquo; link_font=&raquo;||||on||||&raquo; text_orientation=&raquo;center&raquo; custom_margin=&raquo;34px||3px|||&raquo; custom_margin_tablet=&raquo;34px||3px|||&raquo; custom_margin_phone=&raquo;10px|-41px|-4px|-32px|false|false&raquo; custom_margin_last_edited=&raquo;on|phone&raquo; custom_padding=&raquo;12px|40px|19px|39px|false|false&raquo; custom_padding_tablet=&raquo;2px|0px|19px|0px|false|false&raquo; custom_padding_phone=&raquo;0px|0px|21px|0px|false|false&raquo; custom_padding_last_edited=&raquo;on|desktop&raquo; text_font_size_tablet=&raquo;21px&raquo; text_font_size_phone=&raquo;17px&raquo; text_font_size_last_edited=&raquo;on|tablet&raquo; text_line_height_tablet=&raquo;33.9px&raquo; text_line_height_phone=&raquo;29.4px&raquo; text_line_height_last_edited=&raquo;on|phone&raquo; global_colors_info=&raquo;{}&raquo;]<\/p>\n<p><span><span class=\"ui-provider a b c d e f g h i j k l m n o p q r s t u v w x y z ab ac ae af ag ah ai aj ak\" dir=\"ltr\">Tidligere webinarer er arkivert, men fortsatt tilgjengelige her.<\/span><\/span><\/p>\n<p>[\/et_pb_text][et_pb_button button_url=&raquo;@ET-DC@eyJkeW5hbWljIjp0cnVlLCJjb250ZW50IjoicG9zdF9saW5rX3VybF9wYWdlIiwic2V0dGluZ3MiOnsicG9zdF9pZCI6IjE4MzcifX0=@&raquo; button_text=&raquo;Se arkiverte opptak av webinarer&raquo; button_alignment=&raquo;center&raquo; _builder_version=&raquo;4.27.4&#8243; _dynamic_attributes=&raquo;button_url&raquo; _module_preset=&raquo;default&raquo; custom_button=&raquo;on&raquo; button_text_size=&raquo;25px&raquo; button_bg_color=&raquo;gcid-1de94e81-0944-4988-ae63-007f881411aa&raquo; button_border_width=&raquo;0px&raquo; button_border_radius=&raquo;37px&raquo; custom_margin=&raquo;16px||12px||false|false&raquo; custom_margin_tablet=&raquo;-3px||14px||false|false&raquo; custom_margin_phone=&raquo;-3px||14px||false|false&raquo; custom_margin_last_edited=&raquo;on|phone&raquo; button_text_size_tablet=&raquo;19px&raquo; button_text_size_phone=&raquo;15px&raquo; button_text_size_last_edited=&raquo;on|tablet&raquo; global_colors_info=&raquo;{%22gcid-1de94e81-0944-4988-ae63-007f881411aa%22:%91%22button_bg_color%22%93}&raquo;][\/et_pb_button][\/et_pb_column][\/et_pb_row][et_pb_row _builder_version=&raquo;4.21.2&#8243; _module_preset=&raquo;default&raquo; custom_padding=&raquo;4px|||||&raquo; global_colors_info=&raquo;{}&raquo;][et_pb_column type=&raquo;4_4&#8243; _builder_version=&raquo;4.21.2&#8243; _module_preset=&raquo;default&raquo; global_colors_info=&raquo;{}&raquo;][et_pb_text _builder_version=&raquo;4.27.4&#8243; _module_preset=&raquo;default&raquo; text_font_size=&raquo;19px&raquo; text_line_height=&raquo;1.8em&raquo; text_font_size_tablet=&raquo;17px&raquo; text_font_size_phone=&raquo;16px&raquo; text_font_size_last_edited=&raquo;on|phone&raquo; text_line_height_tablet=&raquo;1.7em&raquo; text_line_height_phone=&raquo;1.6em&raquo; text_line_height_last_edited=&raquo;on|desktop&raquo; global_colors_info=&raquo;{}&raquo;]<\/p>\n<p>Sp\u00f8rsm\u00e5l om saksbehandling, rutiner og administrasjon av meritteringsordningen kan sendes til: Seksjon for personal- og organisasjonsutvikling (SEOP): <a href=\"mailto:opprykkogmerittering@uit.no\">opprykkogmerittering@uit.no<\/a><\/p>\n<p>For administrative henvendelser ang. webinarene, send e-post til: <a href=\"mailto:stephanie.r.hansen@uit.no\">stephanie.r.hansen@uit.no<\/a><\/p>\n<p>&nbsp;<\/p>\n<p>[\/et_pb_text][\/et_pb_column][\/et_pb_row][\/et_pb_section]<\/p>\n","protected":false},"excerpt":{"rendered":"<p>Webinar:\u00c5 s\u00f8ke status som merittert underviserNy mulighet til \u00e5 s\u00f8ke om status som merittert underviser ved UiT er lagt ut i Jobbnorge med s\u00f8knadsfrist 1. mars 2026. Seksjon for organisasjons- og personalutvikling (SEOP) har det administrative ansvaret for meritteringsordningen, mens Universitetsbiblioteket ved Result har det faglige ansvaret og s\u00f8rger for forankringen av kvalitetsutvikling av undervisning [&hellip;]<\/p>\n","protected":false},"author":1901,"featured_media":0,"parent":0,"menu_order":0,"comment_status":"closed","ping_status":"closed","template":"","meta":{"_et_pb_use_builder":"on","_et_pb_old_content":"","_et_gb_content_width":"","iawp_total_views":205,"footnotes":""},"class_list":["post-1769","page","type-page","status-publish","hentry"],"_links":{"self":[{"href":"https:\/\/result.uit.no\/merittering\/wp-json\/wp\/v2\/pages\/1769","targetHints":{"allow":["GET"]}}],"collection":[{"href":"https:\/\/result.uit.no\/merittering\/wp-json\/wp\/v2\/pages"}],"about":[{"href":"https:\/\/result.uit.no\/merittering\/wp-json\/wp\/v2\/types\/page"}],"author":[{"embeddable":true,"href":"https:\/\/result.uit.no\/merittering\/wp-json\/wp\/v2\/users\/1901"}],"replies":[{"embeddable":true,"href":"https:\/\/result.uit.no\/merittering\/wp-json\/wp\/v2\/comments?post=1769"}],"version-history":[{"count":0,"href":"https:\/\/result.uit.no\/merittering\/wp-json\/wp\/v2\/pages\/1769\/revisions"}],"wp:attachment":[{"href":"https:\/\/result.uit.no\/merittering\/wp-json\/wp\/v2\/media?parent=1769"}],"curies":[{"name":"wp","href":"https:\/\/api.w.org\/{rel}","templated":true}]}}