{"id":85,"date":"2017-02-13T14:43:34","date_gmt":"2017-02-13T14:43:34","guid":{"rendered":"https:\/\/result.uit.no\/kip\/?page_id=85"},"modified":"2018-07-13T10:59:15","modified_gmt":"2018-07-13T09:59:15","slug":"modul-1-a-laere-i-praksisstudier","status":"publish","type":"page","link":"https:\/\/result.uit.no\/kip\/modul-1-a-laere-i-praksisstudier\/","title":{"rendered":"Modul 1 &#8211; \u00c5 l\u00e6re i praksisstudier"},"content":{"rendered":"<p>[et_pb_section fb_built=&raquo;1&#8243; fullwidth=&raquo;on&raquo; disabled_on=&raquo;on|on|on&raquo; admin_label=&raquo;Seksjon&raquo; _builder_version=&raquo;3.0.47&#8243; transparent_background=&raquo;off&raquo; disabled=&raquo;on&raquo;][et_pb_fullwidth_header title=&raquo;\u00c5 l\u00e6re i prasisstudier&raquo; subhead=&raquo;Hva kan du l\u00e6re? Introduksjon til modul 1&#8243; background_layout=&raquo;dark&raquo; background_overlay_color=&raquo;rgba(224,43,34,0.8)&raquo; admin_label=&raquo;Modul_1_tittel&raquo; _builder_version=&raquo;3.0.47&#8243; title_font=&raquo;Chewy|on|||&raquo; title_font_size=&raquo;48px&raquo; subhead_font=&raquo;|on|||&raquo; background_image=&raquo;https:\/\/result.uit.no\/kip\/wp-content\/uploads\/sites\/38\/2017\/02\/1600px_COLOURBOX21334923-e1487002706544.jpg&raquo; parallax=&raquo;on&raquo; custom_css_main_element=&raquo;height: 400px;&raquo; background_url=&raquo;https:\/\/result.uit.no\/kip\/wp-content\/uploads\/sites\/38\/2017\/02\/1600px_COLOURBOX21334923-e1487002706544.jpg&raquo;]Hensikten med denne modulen er \u00e5 forberede deg p\u00e5 hva det inneb\u00e6rer \u00e5 l\u00e6re i praksisstudier. Gjennom \u00e5 arbeide deg gjennom videoene og refleksjonssp\u00f8rsm\u00e5lene som h\u00f8rer til kan du forberede deg til hvordan du kan f\u00e5r st\u00f8rst mulig utbytte av praksisstudiene.<\/p>\n<h4><strong>Du vil f\u00e5 innsikt i<\/strong><\/h4>\n<ul>\n<li>hva praksisstudier er<\/li>\n<li>hva l\u00e6ring i praksis inneb\u00e6rer<\/li>\n<li>hvordan du kan utforme m\u00e5lsetninger som kan bidra til \u00e5 gj\u00f8re din personlige utvikling st\u00f8rst mulig.<\/li>\n<\/ul>\n<h4><strong>Etter denne modulen skal du kunne<\/strong><\/h4>\n<ul>\n<li>Beskrive hva praksisstudier i sykepleie inneb\u00e6rer og hvordan du kan l\u00e6re gjennom praksisstudier<\/li>\n<li>Utforme personlige m\u00e5lsetninger for praksisperioden<\/li>\n<\/ul>\n<p>[\/et_pb_fullwidth_header][\/et_pb_section][et_pb_section fb_built=&raquo;1&#8243; background_color=&raquo;rgba(224,224,224,0)&raquo; admin_label=&raquo;section&raquo; custom_padding_last_edited=&raquo;on|desktop&raquo; _builder_version=&raquo;3.0.47&#8243; custom_padding_tablet=&raquo;50px|0|50px|0&#8243; transparent_background=&raquo;off&raquo; padding_mobile=&raquo;off&raquo;][et_pb_row make_fullwidth=&raquo;on&raquo; padding_mobile=&raquo;off&raquo; column_padding_mobile=&raquo;on&raquo; parallax_method_1=&raquo;off&raquo; admin_label=&raquo;row&raquo; _builder_version=&raquo;3.0.47&#8243; background_image=&raquo;https:\/\/result.uit.no\/kip\/wp-content\/uploads\/sites\/38\/2017\/03\/1600px_COLOURBOX21334923.jpg&raquo; parallax=&raquo;on&raquo; custom_css_main_element=&raquo;height: 250px;||border-bottom: 15px solid #e02b20;&raquo;][et_pb_column type=&raquo;4_4&#8243; _builder_version=&raquo;3.0.47&#8243; column_padding_mobile=&raquo;on&raquo; parallax=&raquo;off&raquo; parallax_method=&raquo;off&raquo;][et_pb_text background_layout=&raquo;dark&raquo; admin_label=&raquo;Intro overskrift&raquo; _builder_version=&raquo;3.0.47&#8243; header_font=&raquo;Chewy||||&raquo; header_font_size=&raquo;48px&raquo; header_font_size_phone=&raquo;26px&raquo; header_font_size_last_edited=&raquo;on|phone&raquo; background_color=&raquo;rgba(25,25,25,0.3)&raquo; background_size=&raquo;initial&raquo; background_position=&raquo;top_left&raquo; background_repeat=&raquo;repeat&raquo; custom_padding=&raquo;3em|3em|3em|3em&raquo; use_border_color=&raquo;off&raquo; border_style=&raquo;solid&raquo;]<\/p>\n<h1>\u00c5 l\u00e6re i praksisstudier<\/h1>\n<h3><em>Hva kan du l\u00e6re?<\/em><\/h3>\n<p>[\/et_pb_text][\/et_pb_column][\/et_pb_row][et_pb_row admin_label=&raquo;Rad&raquo; _builder_version=&raquo;3.0.47&#8243; background_size=&raquo;initial&raquo; background_position=&raquo;top_left&raquo; background_repeat=&raquo;repeat&raquo;][et_pb_column type=&raquo;2_3&#8243; _builder_version=&raquo;3.0.47&#8243; parallax=&raquo;off&raquo; parallax_method=&raquo;on&raquo;][et_pb_text admin_label=&raquo;Introtekst&raquo; _builder_version=&raquo;3.0.47&#8243; header_font_size=&raquo;26px&raquo; background_size=&raquo;initial&raquo; background_position=&raquo;top_left&raquo; background_repeat=&raquo;repeat&raquo; use_border_color=&raquo;off&raquo; border_color=&raquo;#ffffff&raquo; border_style=&raquo;solid&raquo; inline_fonts=&raquo;Arimo,Droid Serif&raquo;]<\/p>\n<h1><span style=\"font-family: 'Droid serif'; font-size: x-large;\"><strong>Introduksjon av modul 1<\/strong><\/span><\/h1>\n<p>Hensikten med denne modulen er \u00e5 forberede deg p\u00e5 hva det inneb\u00e6rer \u00e5 l\u00e6re i praksisstudier. Gjennom \u00e5 arbeide deg gjennom videoene og refleksjonssp\u00f8rsm\u00e5lene som h\u00f8rer til kan du forberede deg til hvordan du kan f\u00e5r st\u00f8rst mulig utbytte av praksisstudiene.<\/p>\n<p>.<br \/>\n[\/et_pb_text][\/et_pb_column][et_pb_column type=&raquo;1_3&#8243; _builder_version=&raquo;3.0.47&#8243; parallax=&raquo;off&raquo; parallax_method=&raquo;on&raquo;][et_pb_text admin_label=&raquo;Utbytte1&#8243; _builder_version=&raquo;3.0.47&#8243; background_size=&raquo;initial&raquo; background_position=&raquo;top_left&raquo; background_repeat=&raquo;repeat&raquo; use_border_color=&raquo;off&raquo; border_style=&raquo;solid&raquo;] <div class='et-box et-info'>\n\t\t\t\t\t<div class='et-box-content'><strong>Etter denne modulen skal du kunne:<\/strong><\/p>\n<ul>\n<li>Beskrive hva praksisstudier i sykepleie inneb\u00e6rer og hvordan du kan l\u00e6re gjennom praksisstudier<\/li>\n<li>Utforme personlige m\u00e5lsetninger for praksisperioden<\/li>\n<\/ul><\/div><\/div> [\/et_pb_text][\/et_pb_column][\/et_pb_row][et_pb_row admin_label=&raquo;Rad&raquo; _builder_version=&raquo;3.0.47&#8243; background_size=&raquo;initial&raquo; background_position=&raquo;top_left&raquo; background_repeat=&raquo;repeat&raquo;][et_pb_column type=&raquo;4_4&#8243; _builder_version=&raquo;3.0.47&#8243; parallax=&raquo;off&raquo; parallax_method=&raquo;on&raquo;][et_pb_divider color=&raquo;#dbdbdb&raquo; show_divider=&raquo;on&raquo; divider_style=&raquo;dotted&raquo; divider_position=&raquo;center&raquo; divider_weight=&raquo;2&#8243; disabled_on=&raquo;on|on|off&raquo; admin_label=&raquo;Skillelinje&raquo; _builder_version=&raquo;3.0.47&#8243; hide_on_mobile=&raquo;on&raquo;] [\/et_pb_divider][et_pb_text admin_label=&raquo;Introduksjon til praksisstudier&raquo; _builder_version=&raquo;3.0.47&#8243; header_font_size=&raquo;20px&raquo; background_size=&raquo;initial&raquo; background_position=&raquo;top_left&raquo; background_repeat=&raquo;repeat&raquo; use_border_color=&raquo;off&raquo; border_style=&raquo;solid&raquo; inline_fonts=&raquo;Roboto Light,Droid Serif&raquo;]<\/p>\n<h1><span style=\"font-family: 'Droid Serif'; font-weight: normal; font-size: x-large;\"><strong>Introduksjon til praksisstudier<\/strong><\/span><\/h1>\n<p>[\/et_pb_text][\/et_pb_column][\/et_pb_row][et_pb_row admin_label=&raquo;Rad&raquo; _builder_version=&raquo;3.0.47&#8243; background_size=&raquo;initial&raquo; background_position=&raquo;top_left&raquo; background_repeat=&raquo;repeat&raquo;][et_pb_column type=&raquo;2_3&#8243; _builder_version=&raquo;3.0.47&#8243; parallax=&raquo;off&raquo; parallax_method=&raquo;on&raquo;][et_pb_text admin_label=&raquo;Introduksjon &#8211; video&raquo; _builder_version=&raquo;3.0.47&#8243; background_size=&raquo;initial&raquo; background_position=&raquo;top_left&raquo; background_repeat=&raquo;repeat&raquo; use_border_color=&raquo;off&raquo; border_style=&raquo;solid&raquo;]<iframe src=\"https:\/\/mediasite.uit.no\/Mediasite\/Play\/b386e80679bf468eade633b405d759331d\" width=\"675\" height=\"450\" frameborder=\"0\" marginwidth=\"0\" marginheight=\"0\" scrolling=\"auto\"><\/iframe><br \/>\n[\/et_pb_text][\/et_pb_column][et_pb_column type=&raquo;1_3&#8243; _builder_version=&raquo;3.0.47&#8243; parallax=&raquo;off&raquo; parallax_method=&raquo;on&raquo;][et_pb_text admin_label=&raquo;Intro&raquo; _builder_version=&raquo;3.0.47&#8243; background_size=&raquo;initial&raquo; background_position=&raquo;top_left&raquo; background_repeat=&raquo;repeat&raquo; use_border_color=&raquo;off&raquo; border_color=&raquo;#ffffff&raquo; border_style=&raquo;solid&raquo;]<\/p>\n<p style=\"text-align: left;\">Stefan Bye og Ingunn Steffensen introduserer denne ressursen og gir veiledning om hva som er viktig i praksisstudier.<\/p>\n<p style=\"text-align: left;\"><a href='https:\/\/www.youtube.com\/watch?v=qnn8qWa_w9Y' class='small-button smallblack' target=\"_blank\">Se video: Sykepleier er eksperter II<\/a> <div class='et-box et-bio'>\n\t\t\t\t\t<div class='et-box-content'><strong>Refleksjonsp\u00f8rsm\u00e5l:<\/strong><\/p>\n<p style=\"text-align: left;\"><span style=\"font-size: 14px;\">Etter \u00e5 ha sett denne videoen:\u00a0<\/span><\/p>\n<ul>\n<li>Etter \u00e5 ha sett denne videoen, hvilke tanker gj\u00f8r du deg om den kommende praksisperioden?<\/div><\/div><\/li>\n<\/ul>\n<p>[\/et_pb_text][\/et_pb_column][\/et_pb_row][et_pb_row admin_label=&raquo;Rad&raquo; _builder_version=&raquo;3.0.98&#8243; background_size=&raquo;initial&raquo; background_position=&raquo;top_left&raquo; background_repeat=&raquo;repeat&raquo; disabled_on=&raquo;off|off|on&raquo;][et_pb_column type=&raquo;4_4&#8243; _builder_version=&raquo;3.0.47&#8243; parallax=&raquo;off&raquo; parallax_method=&raquo;on&raquo;][et_pb_divider color=&raquo;#dbdbdb&raquo; show_divider=&raquo;on&raquo; divider_style=&raquo;dotted&raquo; divider_position=&raquo;center&raquo; divider_weight=&raquo;2&#8243; disabled_on=&raquo;on|on|off&raquo; admin_label=&raquo;Skillelinje&raquo; _builder_version=&raquo;3.0.47&#8243; hide_on_mobile=&raquo;on&raquo;] [\/et_pb_divider][et_pb_text admin_label=&raquo;L\u00e6ringsteorier&raquo; _builder_version=&raquo;3.0.47&#8243; header_font_size=&raquo;20px&raquo; background_size=&raquo;initial&raquo; background_position=&raquo;top_left&raquo; background_repeat=&raquo;repeat&raquo; use_border_color=&raquo;off&raquo; border_style=&raquo;solid&raquo; inline_fonts=&raquo;Roboto Light,Droid Serif&raquo;]<\/p>\n<h1><span style=\"font-family: 'Droid Serif'; font-weight: normal; font-size: x-large;\"><strong>L\u00e6ringsteorier (kommer)<\/strong><\/span><\/h1>\n<p>[\/et_pb_text][\/et_pb_column][\/et_pb_row][et_pb_row padding_mobile=&raquo;off&raquo; column_padding_mobile=&raquo;on&raquo; parallax_method_1=&raquo;off&raquo; parallax_method_2=&raquo;off&raquo; disabled_on=&raquo;off|off|on&raquo; admin_label=&raquo;Rad&raquo; _builder_version=&raquo;3.0.98&#8243; background_size=&raquo;initial&raquo; background_position=&raquo;top_left&raquo; background_repeat=&raquo;repeat&raquo;][et_pb_column type=&raquo;2_3&#8243; _builder_version=&raquo;3.0.47&#8243; column_padding_mobile=&raquo;on&raquo; parallax=&raquo;off&raquo; parallax_method=&raquo;off&raquo;][et_pb_text admin_label=&raquo;L\u00e6ringsteorier &#8211; video&raquo; _builder_version=&raquo;3.0.47&#8243; background_size=&raquo;initial&raquo; background_position=&raquo;top_left&raquo; background_repeat=&raquo;repeat&raquo; use_border_color=&raquo;off&raquo; border_style=&raquo;solid&raquo;]<\/p>\n<div class=\"h_iframe\"><img decoding=\"async\" class=\"ratio\" src=\"http:\/\/placehold.it\/16x9\" \/><\/div>\n<p>[\/et_pb_text][\/et_pb_column][et_pb_column type=&raquo;1_3&#8243; _builder_version=&raquo;3.0.47&#8243; column_padding_mobile=&raquo;on&raquo; parallax=&raquo;off&raquo; parallax_method=&raquo;off&raquo;][et_pb_text admin_label=&raquo;Teorier&raquo; _builder_version=&raquo;3.0.47&#8243; background_size=&raquo;initial&raquo; background_position=&raquo;top_left&raquo; background_repeat=&raquo;repeat&raquo; use_border_color=&raquo;off&raquo; border_style=&raquo;solid&raquo;]<\/p>\n<h2 style=\"text-align: left;\">L\u00e6ringsteorier\u00a0veiledning i praksisstudier.<\/h2>\n<p><div class='et-box et-bio'>\n\t\t\t\t\t<div class='et-box-content'><strong>Refleksjonssp\u00f8rsm\u00e5l:<\/strong><\/p>\n<p>&nbsp;<\/p>\n<p>&nbsp;<\/p>\n<p>L\u00e6ringsteorier (kommer)<\/div><\/div> [\/et_pb_text][\/et_pb_column][\/et_pb_row][et_pb_row custom_padding=&raquo;28px|0px|27px|0px&raquo; admin_label=&raquo;Rad&raquo; _builder_version=&raquo;3.0.47&#8243; background_size=&raquo;initial&raquo; background_position=&raquo;top_left&raquo; background_repeat=&raquo;repeat&raquo;][et_pb_column type=&raquo;4_4&#8243; _builder_version=&raquo;3.0.47&#8243; parallax=&raquo;off&raquo; parallax_method=&raquo;on&raquo;][et_pb_divider color=&raquo;#dbdbdb&raquo; show_divider=&raquo;on&raquo; divider_style=&raquo;dotted&raquo; divider_position=&raquo;center&raquo; divider_weight=&raquo;2&#8243; disabled_on=&raquo;on|on|off&raquo; admin_label=&raquo;Skillelinje&raquo; _builder_version=&raquo;3.0.47&#8243; hide_on_mobile=&raquo;on&raquo;] [\/et_pb_divider][et_pb_text admin_label=&raquo;Veiledning og personlig m\u00e5lsetting&raquo; _builder_version=&raquo;3.0.47&#8243; header_font_size=&raquo;20px&raquo; background_size=&raquo;initial&raquo; background_position=&raquo;top_left&raquo; background_repeat=&raquo;repeat&raquo; use_border_color=&raquo;off&raquo; border_style=&raquo;solid&raquo; inline_fonts=&raquo;Roboto Light,Droid Serif&raquo;]<\/p>\n<h1><span style=\"font-family: 'Droid Serif'; font-weight: normal; font-size: x-large;\"><strong>Veiledning og personlig m\u00e5lsetting<\/strong><\/span><\/h1>\n<p>[\/et_pb_text][\/et_pb_column][\/et_pb_row][et_pb_row admin_label=&raquo;Rad&raquo; _builder_version=&raquo;3.0.47&#8243; background_size=&raquo;initial&raquo; background_position=&raquo;top_left&raquo; background_repeat=&raquo;repeat&raquo;][et_pb_column type=&raquo;2_3&#8243; _builder_version=&raquo;3.0.47&#8243; parallax=&raquo;off&raquo; parallax_method=&raquo;on&raquo;][et_pb_text admin_label=&raquo;Veiledning og personlig m\u00e5lsetting &#8211; video&raquo; _builder_version=&raquo;3.0.47&#8243; background_size=&raquo;initial&raquo; background_position=&raquo;top_left&raquo; background_repeat=&raquo;repeat&raquo; use_border_color=&raquo;off&raquo; border_style=&raquo;solid&raquo;]<iframe src=\"https:\/\/mediasite.uit.no\/Mediasite\/Play\/972f788c62104b0ba397f38cf582f9211d\" width=\"675\" height=\"450\" frameborder=\"0\" marginwidth=\"0\" marginheight=\"0\" scrolling=\"auto\"><\/iframe><br \/>\n[\/et_pb_text][\/et_pb_column][et_pb_column type=&raquo;1_3&#8243; _builder_version=&raquo;3.0.47&#8243; parallax=&raquo;off&raquo; parallax_method=&raquo;on&raquo;][et_pb_text admin_label=&raquo;Personlig&raquo; _builder_version=&raquo;3.0.47&#8243; background_size=&raquo;initial&raquo; background_position=&raquo;top_left&raquo; background_repeat=&raquo;repeat&raquo; use_border_color=&raquo;off&raquo; border_style=&raquo;solid&raquo;]<\/p>\n<p class=\"pull-left\">Case med Ingunn Steffensen og Catrine Buck Jensen<\/p>\n<p style=\"text-align: left;\"><a href='https:\/\/result.uit.no\/kip\/wp-content\/uploads\/sites\/38\/2017\/03\/Mal-personlig-m\u00e5lsetning.doc' class='small-button smallblack' target=\"_blank\">Vedlegg: Mal for personlig m\u00e5lsetning<\/a><\/p>\n<p style=\"text-align: left;\"><div class='et-box et-bio'>\n\t\t\t\t\t<div class='et-box-content'><strong>Refleksjonssp\u00f8rsm\u00e5l:<\/strong><\/p>\n<ul>\n<li>Hvilke ressurser og utfordringer tar du med deg inn i praksisstudiene?<\/li>\n<li>Hva \u00f8nsker du \u00e5 fokusere p\u00e5 i din kommende praksisperiode?<\/li>\n<\/ul>\n<p><em>Bruk malen over til \u00e5 begynne utformingen av dine personlige m\u00e5lsetninger.\u00a0<\/em><\/p>\n<p style=\"text-align: left;\"><\/div><\/div> [\/et_pb_text][\/et_pb_column][\/et_pb_row][\/et_pb_section]<\/p>\n","protected":false},"excerpt":{"rendered":"<p>Hensikten med denne modulen er \u00e5 forberede deg p\u00e5 hva det inneb\u00e6rer \u00e5 l\u00e6re i praksisstudier. Gjennom \u00e5 arbeide deg gjennom videoene og refleksjonssp\u00f8rsm\u00e5lene som h\u00f8rer til kan du forberede deg til hvordan du kan f\u00e5r st\u00f8rst mulig utbytte av praksisstudiene. Du vil f\u00e5 innsikt i hva praksisstudier er hva l\u00e6ring i praksis inneb\u00e6rer hvordan [&hellip;]<\/p>\n","protected":false},"author":7,"featured_media":0,"parent":0,"menu_order":0,"comment_status":"closed","ping_status":"closed","template":"","meta":{"_et_pb_use_builder":"on","_et_pb_old_content":"","_et_gb_content_width":"","footnotes":""},"class_list":["post-85","page","type-page","status-publish","hentry"],"yoast_head":"<!-- This site is optimized with the Yoast SEO plugin v27.5 - https:\/\/yoast.com\/product\/yoast-seo-wordpress\/ -->\n<title>Modul 1 - \u00c5 l\u00e6re i praksisstudier - kvalitet i praksis<\/title>\n<meta name=\"robots\" content=\"index, follow, max-snippet:-1, max-image-preview:large, max-video-preview:-1\" \/>\n<link rel=\"canonical\" href=\"https:\/\/result.uit.no\/kip\/modul-1-a-laere-i-praksisstudier\/\" \/>\n<meta property=\"og:locale\" content=\"nb_NO\" \/>\n<meta property=\"og:type\" content=\"article\" \/>\n<meta property=\"og:title\" content=\"Modul 1 - \u00c5 l\u00e6re i praksisstudier - kvalitet i praksis\" \/>\n<meta property=\"og:description\" content=\"Hensikten med denne modulen er \u00e5 forberede deg p\u00e5 hva det inneb\u00e6rer \u00e5 l\u00e6re i praksisstudier. Gjennom \u00e5 arbeide deg gjennom videoene og refleksjonssp\u00f8rsm\u00e5lene som h\u00f8rer til kan du forberede deg til hvordan du kan f\u00e5r st\u00f8rst mulig utbytte av praksisstudiene. Du vil f\u00e5 innsikt i hva praksisstudier er hva l\u00e6ring i praksis inneb\u00e6rer hvordan [&hellip;]\" \/>\n<meta property=\"og:url\" content=\"https:\/\/result.uit.no\/kip\/modul-1-a-laere-i-praksisstudier\/\" \/>\n<meta property=\"og:site_name\" content=\"kvalitet i praksis\" \/>\n<meta property=\"article:publisher\" content=\"https:\/\/www.facebook.com\/UniTromso\/\" \/>\n<meta property=\"article:modified_time\" content=\"2018-07-13T09:59:15+00:00\" \/>\n<meta property=\"og:image\" content=\"http:\/\/placehold.it\/16x9\" \/>\n<meta name=\"twitter:card\" content=\"summary_large_image\" \/>\n<meta name=\"twitter:label1\" content=\"Ansl. lesetid\" \/>\n\t<meta name=\"twitter:data1\" content=\"7 minutter\" \/>\n<script type=\"application\/ld+json\" class=\"yoast-schema-graph\">{\"@context\":\"https:\\\/\\\/schema.org\",\"@graph\":[{\"@type\":\"WebPage\",\"@id\":\"https:\\\/\\\/result.uit.no\\\/kip\\\/modul-1-a-laere-i-praksisstudier\\\/\",\"url\":\"https:\\\/\\\/result.uit.no\\\/kip\\\/modul-1-a-laere-i-praksisstudier\\\/\",\"name\":\"Modul 1 - \u00c5 l\u00e6re i praksisstudier - kvalitet i praksis\",\"isPartOf\":{\"@id\":\"https:\\\/\\\/result.uit.no\\\/kip\\\/#website\"},\"primaryImageOfPage\":{\"@id\":\"https:\\\/\\\/result.uit.no\\\/kip\\\/modul-1-a-laere-i-praksisstudier\\\/#primaryimage\"},\"image\":{\"@id\":\"https:\\\/\\\/result.uit.no\\\/kip\\\/modul-1-a-laere-i-praksisstudier\\\/#primaryimage\"},\"thumbnailUrl\":\"http:\\\/\\\/placehold.it\\\/16x9\",\"datePublished\":\"2017-02-13T14:43:34+00:00\",\"dateModified\":\"2018-07-13T09:59:15+00:00\",\"breadcrumb\":{\"@id\":\"https:\\\/\\\/result.uit.no\\\/kip\\\/modul-1-a-laere-i-praksisstudier\\\/#breadcrumb\"},\"inLanguage\":\"nb-NO\",\"potentialAction\":[{\"@type\":\"ReadAction\",\"target\":[\"https:\\\/\\\/result.uit.no\\\/kip\\\/modul-1-a-laere-i-praksisstudier\\\/\"]}]},{\"@type\":\"ImageObject\",\"inLanguage\":\"nb-NO\",\"@id\":\"https:\\\/\\\/result.uit.no\\\/kip\\\/modul-1-a-laere-i-praksisstudier\\\/#primaryimage\",\"url\":\"http:\\\/\\\/placehold.it\\\/16x9\",\"contentUrl\":\"http:\\\/\\\/placehold.it\\\/16x9\"},{\"@type\":\"BreadcrumbList\",\"@id\":\"https:\\\/\\\/result.uit.no\\\/kip\\\/modul-1-a-laere-i-praksisstudier\\\/#breadcrumb\",\"itemListElement\":[{\"@type\":\"ListItem\",\"position\":1,\"name\":\"Hjem\",\"item\":\"https:\\\/\\\/result.uit.no\\\/kip\\\/\"},{\"@type\":\"ListItem\",\"position\":2,\"name\":\"Modul 1 &#8211; \u00c5 l\u00e6re i praksisstudier\"}]},{\"@type\":\"WebSite\",\"@id\":\"https:\\\/\\\/result.uit.no\\\/kip\\\/#website\",\"url\":\"https:\\\/\\\/result.uit.no\\\/kip\\\/\",\"name\":\"kvalitet i praksis\",\"description\":\"praksisportalen\",\"publisher\":{\"@id\":\"https:\\\/\\\/result.uit.no\\\/kip\\\/#organization\"},\"potentialAction\":[{\"@type\":\"SearchAction\",\"target\":{\"@type\":\"EntryPoint\",\"urlTemplate\":\"https:\\\/\\\/result.uit.no\\\/kip\\\/?s={search_term_string}\"},\"query-input\":{\"@type\":\"PropertyValueSpecification\",\"valueRequired\":true,\"valueName\":\"search_term_string\"}}],\"inLanguage\":\"nb-NO\"},{\"@type\":\"Organization\",\"@id\":\"https:\\\/\\\/result.uit.no\\\/kip\\\/#organization\",\"name\":\"Universitetet i Troms\u00f8\",\"url\":\"https:\\\/\\\/result.uit.no\\\/kip\\\/\",\"logo\":{\"@type\":\"ImageObject\",\"inLanguage\":\"nb-NO\",\"@id\":\"https:\\\/\\\/result.uit.no\\\/kip\\\/#\\\/schema\\\/logo\\\/image\\\/\",\"url\":\"https:\\\/\\\/result.uit.no\\\/kip\\\/wp-content\\\/uploads\\\/sites\\\/38\\\/2017\\\/02\\\/UiT_samarbeidslogo_bokmal_300ppi.png\",\"contentUrl\":\"https:\\\/\\\/result.uit.no\\\/kip\\\/wp-content\\\/uploads\\\/sites\\\/38\\\/2017\\\/02\\\/UiT_samarbeidslogo_bokmal_300ppi.png\",\"width\":399,\"height\":403,\"caption\":\"Universitetet i Troms\u00f8\"},\"image\":{\"@id\":\"https:\\\/\\\/result.uit.no\\\/kip\\\/#\\\/schema\\\/logo\\\/image\\\/\"},\"sameAs\":[\"https:\\\/\\\/www.facebook.com\\\/UniTromso\\\/\"]}]}<\/script>\n<!-- \/ Yoast SEO plugin. -->","yoast_head_json":{"title":"Modul 1 - \u00c5 l\u00e6re i praksisstudier - kvalitet i praksis","robots":{"index":"index","follow":"follow","max-snippet":"max-snippet:-1","max-image-preview":"max-image-preview:large","max-video-preview":"max-video-preview:-1"},"canonical":"https:\/\/result.uit.no\/kip\/modul-1-a-laere-i-praksisstudier\/","og_locale":"nb_NO","og_type":"article","og_title":"Modul 1 - \u00c5 l\u00e6re i praksisstudier - kvalitet i praksis","og_description":"Hensikten med denne modulen er \u00e5 forberede deg p\u00e5 hva det inneb\u00e6rer \u00e5 l\u00e6re i praksisstudier. Gjennom \u00e5 arbeide deg gjennom videoene og refleksjonssp\u00f8rsm\u00e5lene som h\u00f8rer til kan du forberede deg til hvordan du kan f\u00e5r st\u00f8rst mulig utbytte av praksisstudiene. Du vil f\u00e5 innsikt i hva praksisstudier er hva l\u00e6ring i praksis inneb\u00e6rer hvordan [&hellip;]","og_url":"https:\/\/result.uit.no\/kip\/modul-1-a-laere-i-praksisstudier\/","og_site_name":"kvalitet i praksis","article_publisher":"https:\/\/www.facebook.com\/UniTromso\/","article_modified_time":"2018-07-13T09:59:15+00:00","og_image":[{"url":"http:\/\/placehold.it\/16x9","type":"","width":"","height":""}],"twitter_card":"summary_large_image","twitter_misc":{"Ansl. lesetid":"7 minutter"},"schema":{"@context":"https:\/\/schema.org","@graph":[{"@type":"WebPage","@id":"https:\/\/result.uit.no\/kip\/modul-1-a-laere-i-praksisstudier\/","url":"https:\/\/result.uit.no\/kip\/modul-1-a-laere-i-praksisstudier\/","name":"Modul 1 - \u00c5 l\u00e6re i praksisstudier - kvalitet i praksis","isPartOf":{"@id":"https:\/\/result.uit.no\/kip\/#website"},"primaryImageOfPage":{"@id":"https:\/\/result.uit.no\/kip\/modul-1-a-laere-i-praksisstudier\/#primaryimage"},"image":{"@id":"https:\/\/result.uit.no\/kip\/modul-1-a-laere-i-praksisstudier\/#primaryimage"},"thumbnailUrl":"http:\/\/placehold.it\/16x9","datePublished":"2017-02-13T14:43:34+00:00","dateModified":"2018-07-13T09:59:15+00:00","breadcrumb":{"@id":"https:\/\/result.uit.no\/kip\/modul-1-a-laere-i-praksisstudier\/#breadcrumb"},"inLanguage":"nb-NO","potentialAction":[{"@type":"ReadAction","target":["https:\/\/result.uit.no\/kip\/modul-1-a-laere-i-praksisstudier\/"]}]},{"@type":"ImageObject","inLanguage":"nb-NO","@id":"https:\/\/result.uit.no\/kip\/modul-1-a-laere-i-praksisstudier\/#primaryimage","url":"http:\/\/placehold.it\/16x9","contentUrl":"http:\/\/placehold.it\/16x9"},{"@type":"BreadcrumbList","@id":"https:\/\/result.uit.no\/kip\/modul-1-a-laere-i-praksisstudier\/#breadcrumb","itemListElement":[{"@type":"ListItem","position":1,"name":"Hjem","item":"https:\/\/result.uit.no\/kip\/"},{"@type":"ListItem","position":2,"name":"Modul 1 &#8211; \u00c5 l\u00e6re i praksisstudier"}]},{"@type":"WebSite","@id":"https:\/\/result.uit.no\/kip\/#website","url":"https:\/\/result.uit.no\/kip\/","name":"kvalitet i praksis","description":"praksisportalen","publisher":{"@id":"https:\/\/result.uit.no\/kip\/#organization"},"potentialAction":[{"@type":"SearchAction","target":{"@type":"EntryPoint","urlTemplate":"https:\/\/result.uit.no\/kip\/?s={search_term_string}"},"query-input":{"@type":"PropertyValueSpecification","valueRequired":true,"valueName":"search_term_string"}}],"inLanguage":"nb-NO"},{"@type":"Organization","@id":"https:\/\/result.uit.no\/kip\/#organization","name":"Universitetet i Troms\u00f8","url":"https:\/\/result.uit.no\/kip\/","logo":{"@type":"ImageObject","inLanguage":"nb-NO","@id":"https:\/\/result.uit.no\/kip\/#\/schema\/logo\/image\/","url":"https:\/\/result.uit.no\/kip\/wp-content\/uploads\/sites\/38\/2017\/02\/UiT_samarbeidslogo_bokmal_300ppi.png","contentUrl":"https:\/\/result.uit.no\/kip\/wp-content\/uploads\/sites\/38\/2017\/02\/UiT_samarbeidslogo_bokmal_300ppi.png","width":399,"height":403,"caption":"Universitetet i Troms\u00f8"},"image":{"@id":"https:\/\/result.uit.no\/kip\/#\/schema\/logo\/image\/"},"sameAs":["https:\/\/www.facebook.com\/UniTromso\/"]}]}},"_links":{"self":[{"href":"https:\/\/result.uit.no\/kip\/wp-json\/wp\/v2\/pages\/85","targetHints":{"allow":["GET"]}}],"collection":[{"href":"https:\/\/result.uit.no\/kip\/wp-json\/wp\/v2\/pages"}],"about":[{"href":"https:\/\/result.uit.no\/kip\/wp-json\/wp\/v2\/types\/page"}],"author":[{"embeddable":true,"href":"https:\/\/result.uit.no\/kip\/wp-json\/wp\/v2\/users\/7"}],"replies":[{"embeddable":true,"href":"https:\/\/result.uit.no\/kip\/wp-json\/wp\/v2\/comments?post=85"}],"version-history":[{"count":0,"href":"https:\/\/result.uit.no\/kip\/wp-json\/wp\/v2\/pages\/85\/revisions"}],"wp:attachment":[{"href":"https:\/\/result.uit.no\/kip\/wp-json\/wp\/v2\/media?parent=85"}],"curies":[{"name":"wp","href":"https:\/\/api.w.org\/{rel}","templated":true}]}}