{"id":141,"date":"2017-02-13T18:58:33","date_gmt":"2017-02-13T18:58:33","guid":{"rendered":"https:\/\/result.uit.no\/kip\/?page_id=141"},"modified":"2024-05-30T10:29:26","modified_gmt":"2024-05-30T09:29:26","slug":"modul-3-a-mote-pasienten-i-praksisstudier","status":"publish","type":"page","link":"https:\/\/result.uit.no\/kip\/modul-3-a-mote-pasienten-i-praksisstudier\/","title":{"rendered":"Modul 3 &#8211; \u00c5 m\u00f8te pasienten"},"content":{"rendered":"<p>[et_pb_section fb_built=&raquo;1&#8243; custom_padding_last_edited=&raquo;on|desktop&raquo; admin_label=&raquo;section&raquo; _builder_version=&raquo;4.16&#8243; background_color=&raquo;rgba(224,224,224,0)&raquo; custom_padding_tablet=&raquo;50px|0|50px|0&#8243; custom_padding_phone=&raquo;50px|0|50px|0&#8243; transparent_background=&raquo;off&raquo; padding_mobile=&raquo;off&raquo; make_fullwidth=&raquo;off&raquo; use_custom_width=&raquo;off&raquo; width_unit=&raquo;on&raquo; custom_width_px=&raquo;1080px&raquo; custom_width_percent=&raquo;80%&raquo; global_colors_info=&raquo;{}&raquo;][et_pb_row padding_mobile=&raquo;off&raquo; column_padding_mobile=&raquo;on&raquo; admin_label=&raquo;row&raquo; module_class=&raquo; et_pb_row_fullwidth&raquo; _builder_version=&raquo;4.16&#8243; background_image=&raquo;https:\/\/result.uit.no\/kip\/wp-content\/uploads\/sites\/38\/2017\/03\/1600px_COLOURBOX10718908.jpg&raquo; parallax=&raquo;on&raquo; width=&raquo;89%&raquo; width_tablet=&raquo;80%&raquo; width_phone=&raquo;80%&raquo; width_last_edited=&raquo;on|desktop&raquo; max_width=&raquo;89%&raquo; max_width_tablet=&raquo;80%&raquo; max_width_phone=&raquo;80%&raquo; max_width_last_edited=&raquo;on|desktop&raquo; custom_css_main_element=&raquo;height: 250px;||border-bottom: 15px solid #1fb3e0;&raquo; make_fullwidth=&raquo;on&raquo; use_custom_width=&raquo;off&raquo; width_unit=&raquo;off&raquo; custom_width_px=&raquo;1080px&raquo; custom_width_percent=&raquo;80%&raquo; global_colors_info=&raquo;{}&raquo;][et_pb_column type=&raquo;4_4&#8243; _builder_version=&raquo;4.16&#8243; custom_padding=&raquo;|||&raquo; global_colors_info=&raquo;{}&raquo; custom_padding__hover=&raquo;|||&raquo;][et_pb_text admin_label=&raquo;Tekst&raquo; _builder_version=&raquo;4.16&#8243; header_font=&raquo;Chewy||||&raquo; header_font_size=&raquo;48px&raquo; background_color=&raquo;rgba(2,2,2,0.3)&raquo; background_size=&raquo;initial&raquo; background_position=&raquo;top_left&raquo; background_repeat=&raquo;repeat&raquo; background_layout=&raquo;dark&raquo; custom_padding=&raquo;3em|3em|3em|3em&raquo; header_font_size_tablet=&raquo;&raquo; header_font_size_phone=&raquo;26px&raquo; header_font_size_last_edited=&raquo;on|phone&raquo; use_border_color=&raquo;off&raquo; border_style=&raquo;solid&raquo; global_colors_info=&raquo;{}&raquo;]<\/p>\n<h1>\u00c5 m\u00f8te pasienten<\/h1>\n<h4>Hva kan du l\u00e6re?<\/h4>\n<p>[\/et_pb_text][\/et_pb_column][\/et_pb_row][et_pb_row column_structure=&raquo;2_3,1_3&#8243; admin_label=&raquo;Rad&raquo; _builder_version=&raquo;4.16&#8243; background_size=&raquo;initial&raquo; background_position=&raquo;top_left&raquo; background_repeat=&raquo;repeat&raquo; make_fullwidth=&raquo;off&raquo; use_custom_width=&raquo;off&raquo; width_unit=&raquo;off&raquo; custom_width_px=&raquo;1080px&raquo; custom_width_percent=&raquo;80%&raquo; global_colors_info=&raquo;{}&raquo;][et_pb_column type=&raquo;2_3&#8243; _builder_version=&raquo;4.16&#8243; custom_padding=&raquo;|||&raquo; global_colors_info=&raquo;{}&raquo; custom_padding__hover=&raquo;|||&raquo;][et_pb_text admin_label=&raquo;Introtekst&raquo; _builder_version=&raquo;4.16&#8243; header_font=&raquo;Pacifico|on|||&raquo; header_font_size=&raquo;20px&raquo; background_size=&raquo;initial&raquo; background_position=&raquo;top_left&raquo; background_repeat=&raquo;repeat&raquo; use_border_color=&raquo;off&raquo; border_style=&raquo;solid&raquo; inline_fonts=&raquo;Roboto Light,Droid Serif&raquo; global_colors_info=&raquo;{}&raquo;]<\/p>\n<h1><span style=\"font-family: 'Droid Serif'; font-weight: normal; font-size: x-large;\"><strong>Introduksjon til modul 3<\/strong><\/span><\/h1>\n<p><span style=\"background-color: #ffffff; font-size: 16px; color: #333333; font-family: Georgia, 'Times New Roman', 'Bitstream Charter', Times, serif;\">Hensikten med denne modulen er at du som student f\u00e5r\u00a0<\/span><span style=\"background-color: #ffffff; font-size: 16px; color: #333333; font-family: Georgia, 'Times New Roman', 'Bitstream Charter', Times, serif;\">reflektere over sykepleierollen, pasientrollen og hva det vil si \u00e5 v\u00e6re i praksisstudier. I modulen f\u00e5r du anledning til \u00e5 \u00abkomme inn\u00bb p\u00e5 et sykehjem og m\u00f8te en av pasientene som bor der.\u00a0<\/span><\/p>\n<p>[\/et_pb_text][\/et_pb_column][et_pb_column type=&raquo;1_3&#8243; _builder_version=&raquo;4.16&#8243; custom_padding=&raquo;|||&raquo; global_colors_info=&raquo;{}&raquo; custom_padding__hover=&raquo;|||&raquo;][\/et_pb_column][\/et_pb_row][et_pb_row admin_label=&raquo;Rad&raquo; _builder_version=&raquo;4.16&#8243; background_size=&raquo;initial&raquo; background_position=&raquo;top_left&raquo; background_repeat=&raquo;repeat&raquo; make_fullwidth=&raquo;off&raquo; use_custom_width=&raquo;off&raquo; width_unit=&raquo;off&raquo; custom_width_px=&raquo;1080px&raquo; custom_width_percent=&raquo;80%&raquo; global_colors_info=&raquo;{}&raquo;][et_pb_column type=&raquo;4_4&#8243; _builder_version=&raquo;4.16&#8243; custom_padding=&raquo;|||&raquo; global_colors_info=&raquo;{}&raquo; custom_padding__hover=&raquo;|||&raquo;][et_pb_divider color=&raquo;#dbdbdb&raquo; divider_style=&raquo;dotted&raquo; divider_position=&raquo;center&raquo; divider_weight=&raquo;2&#8243; disabled_on=&raquo;on|on|off&raquo; admin_label=&raquo;Skillelinje&raquo; _builder_version=&raquo;4.16&#8243; hide_on_mobile=&raquo;on&raquo; global_colors_info=&raquo;{}&raquo;] [\/et_pb_divider][et_pb_text admin_label=&raquo;Video 1 modul 3&#8243; _builder_version=&raquo;4.16&#8243; header_font=&raquo;Pacifico|on|||&raquo; header_font_size=&raquo;20px&raquo; background_size=&raquo;initial&raquo; background_position=&raquo;top_left&raquo; background_repeat=&raquo;repeat&raquo; use_border_color=&raquo;off&raquo; border_style=&raquo;solid&raquo; inline_fonts=&raquo;Roboto Light,Droid Serif&raquo; global_colors_info=&raquo;{}&raquo;]<\/p>\n<h1><span style=\"font-size: x-large; font-family: 'Droid Serif'; font-weight: normal;\"><strong>Velkommen til &laquo;Soltun&raquo; sykehjem<\/strong><\/span><\/h1>\n<p>[\/et_pb_text][\/et_pb_column][\/et_pb_row][et_pb_row column_structure=&raquo;2_3,1_3&#8243; admin_label=&raquo;Rad&raquo; _builder_version=&raquo;4.16&#8243; background_size=&raquo;initial&raquo; background_position=&raquo;top_left&raquo; background_repeat=&raquo;repeat&raquo; make_fullwidth=&raquo;off&raquo; use_custom_width=&raquo;off&raquo; width_unit=&raquo;off&raquo; custom_width_px=&raquo;1080px&raquo; custom_width_percent=&raquo;80%&raquo; global_colors_info=&raquo;{}&raquo;][et_pb_column type=&raquo;2_3&#8243; _builder_version=&raquo;4.16&#8243; custom_padding=&raquo;|||&raquo; global_colors_info=&raquo;{}&raquo; custom_padding__hover=&raquo;|||&raquo;][et_pb_code admin_label=&raquo;Kode&raquo; _builder_version=&raquo;4.25.1&#8243; hover_enabled=&raquo;0&#8243; global_colors_info=&raquo;{}&raquo; sticky_enabled=&raquo;0&#8243;]<iframe width=\"675\" height=\"450\" data-original-width=\"640\" data-original-height=\"320\" src=\"https:\/\/www.thinglink.com\/view\/scene\/949591140716249090?autoplay=0&#038;autorotate=0&#038;displaytitle=1&#038;rel=1\" type=\"text\/html\" style=\"border: none;\" webkitallowfullscreen mozallowfullscreen allowfullscreen scrolling=\"no\"><\/iframe>[\/et_pb_code][\/et_pb_column][et_pb_column type=&raquo;1_3&#8243; _builder_version=&raquo;4.16&#8243; custom_padding=&raquo;|||&raquo; global_colors_info=&raquo;{}&raquo; custom_padding__hover=&raquo;|||&raquo;][et_pb_text admin_label=&raquo;Refleksjon &#8211; modul 3&#8243; _builder_version=&raquo;4.16&#8243; background_size=&raquo;initial&raquo; background_position=&raquo;top_left&raquo; background_repeat=&raquo;repeat&raquo; use_border_color=&raquo;off&raquo; border_style=&raquo;solid&raquo; global_colors_info=&raquo;{}&raquo;]<\/p>\n<p>Dette er noens hjem.<\/p>\n<p>Hva vet jeg om den som bor her? Behov og ressurser.<\/p>\n<p>Hvordan har jeg planlagt mitt m\u00f8te med den som bor her?<\/p>\n<p>Hva har jeg med av utstyr?<\/p>\n<p>Ikonforklaring<\/p>\n<ul class=\"ikoner\">\n<li><a href=\"https:\/\/result.uit.no\/kip\/wp-content\/uploads\/sites\/38\/2017\/02\/noekkelhull.png\"><img decoding=\"async\" class=\"alignleft wp-image-551 lazyload\" data-src=\"https:\/\/result.uit.no\/kip\/wp-content\/uploads\/sites\/38\/2017\/02\/noekkelhull.png\" alt=\"\" width=\"32\" height=\"32\" data-srcset=\"https:\/\/result.uit.no\/kip\/wp-content\/uploads\/sites\/38\/2017\/02\/noekkelhull.png 256w, https:\/\/result.uit.no\/kip\/wp-content\/uploads\/sites\/38\/2017\/02\/noekkelhull-150x150.png 150w\" data-sizes=\"(max-width: 32px) 100vw, 32px\" src=\"data:image\/svg+xml;base64,PHN2ZyB3aWR0aD0iMSIgaGVpZ2h0PSIxIiB4bWxucz0iaHR0cDovL3d3dy53My5vcmcvMjAwMC9zdmciPjwvc3ZnPg==\" style=\"--smush-placeholder-width: 32px; --smush-placeholder-aspect-ratio: 32\/32;\" \/><\/a>Navigasjon mellom rom<\/li>\n<li><img decoding=\"async\" class=\"alignleft wp-image-537 lazyload\" data-src=\"https:\/\/result.uit.no\/kip\/wp-content\/uploads\/sites\/38\/2017\/02\/sp\u00f8rsm\u00e5lsegn_icon_bl\u00e5.png\" alt=\"\" width=\"32\" height=\"32\" data-srcset=\"https:\/\/result.uit.no\/kip\/wp-content\/uploads\/sites\/38\/2017\/02\/sp\u00f8rsm\u00e5lsegn_icon_bl\u00e5.png 256w, https:\/\/result.uit.no\/kip\/wp-content\/uploads\/sites\/38\/2017\/02\/sp\u00f8rsm\u00e5lsegn_icon_bl\u00e5-150x150.png 150w\" data-sizes=\"(max-width: 32px) 100vw, 32px\" src=\"data:image\/svg+xml;base64,PHN2ZyB3aWR0aD0iMSIgaGVpZ2h0PSIxIiB4bWxucz0iaHR0cDovL3d3dy53My5vcmcvMjAwMC9zdmciPjwvc3ZnPg==\" style=\"--smush-placeholder-width: 32px; --smush-placeholder-aspect-ratio: 32\/32;\" \/>Refleksjonsp\u00f8rsm\u00e5l<\/li>\n<li><img decoding=\"async\" class=\"alignleft wp-image-538 lazyload\" data-src=\"https:\/\/result.uit.no\/kip\/wp-content\/uploads\/sites\/38\/2017\/02\/video_icon_pink.png\" alt=\"\" width=\"32\" height=\"32\" data-srcset=\"https:\/\/result.uit.no\/kip\/wp-content\/uploads\/sites\/38\/2017\/02\/video_icon_pink.png 256w, https:\/\/result.uit.no\/kip\/wp-content\/uploads\/sites\/38\/2017\/02\/video_icon_pink-150x150.png 150w\" data-sizes=\"(max-width: 32px) 100vw, 32px\" src=\"data:image\/svg+xml;base64,PHN2ZyB3aWR0aD0iMSIgaGVpZ2h0PSIxIiB4bWxucz0iaHR0cDovL3d3dy53My5vcmcvMjAwMC9zdmciPjwvc3ZnPg==\" style=\"--smush-placeholder-width: 32px; --smush-placeholder-aspect-ratio: 32\/32;\" \/>Ekstra videoressurs<\/li>\n<li><img decoding=\"async\" class=\"alignleft wp-image-535 lazyload\" data-src=\"https:\/\/result.uit.no\/kip\/wp-content\/uploads\/sites\/38\/2017\/02\/mer_info_icon.png\" alt=\"\" width=\"32\" height=\"32\" data-srcset=\"https:\/\/result.uit.no\/kip\/wp-content\/uploads\/sites\/38\/2017\/02\/mer_info_icon.png 256w, https:\/\/result.uit.no\/kip\/wp-content\/uploads\/sites\/38\/2017\/02\/mer_info_icon-150x150.png 150w\" data-sizes=\"(max-width: 32px) 100vw, 32px\" src=\"data:image\/svg+xml;base64,PHN2ZyB3aWR0aD0iMSIgaGVpZ2h0PSIxIiB4bWxucz0iaHR0cDovL3d3dy53My5vcmcvMjAwMC9zdmciPjwvc3ZnPg==\" style=\"--smush-placeholder-width: 32px; --smush-placeholder-aspect-ratio: 32\/32;\" \/>Utfyllende informasjon<\/li>\n<li><a href=\"https:\/\/result.uit.no\/kip\/wp-content\/uploads\/sites\/38\/2017\/02\/mer_info_icon_gr\u00f8nn-Recovered.png\"><img decoding=\"async\" class=\"alignleft wp-image-550 lazyload\" data-src=\"https:\/\/result.uit.no\/kip\/wp-content\/uploads\/sites\/38\/2017\/02\/mer_info_icon_gr\u00f8nn-Recovered.png\" alt=\"\" width=\"32\" height=\"32\" data-srcset=\"https:\/\/result.uit.no\/kip\/wp-content\/uploads\/sites\/38\/2017\/02\/mer_info_icon_gr\u00f8nn-Recovered.png 256w, https:\/\/result.uit.no\/kip\/wp-content\/uploads\/sites\/38\/2017\/02\/mer_info_icon_gr\u00f8nn-Recovered-150x150.png 150w\" data-sizes=\"(max-width: 32px) 100vw, 32px\" src=\"data:image\/svg+xml;base64,PHN2ZyB3aWR0aD0iMSIgaGVpZ2h0PSIxIiB4bWxucz0iaHR0cDovL3d3dy53My5vcmcvMjAwMC9zdmciPjwvc3ZnPg==\" style=\"--smush-placeholder-width: 32px; --smush-placeholder-aspect-ratio: 32\/32;\" \/><\/a>\u00a0Startinformasjon<\/li>\n<\/ul>\n<p>\u00a0<\/p>\n<p>[\/et_pb_text][\/et_pb_column][\/et_pb_row][et_pb_row admin_label=&raquo;Rad&raquo; _builder_version=&raquo;4.16&#8243; background_size=&raquo;initial&raquo; background_position=&raquo;top_left&raquo; background_repeat=&raquo;repeat&raquo; make_fullwidth=&raquo;off&raquo; use_custom_width=&raquo;off&raquo; width_unit=&raquo;off&raquo; custom_width_px=&raquo;1080px&raquo; custom_width_percent=&raquo;80%&raquo; global_colors_info=&raquo;{}&raquo;][et_pb_column type=&raquo;4_4&#8243; _builder_version=&raquo;4.16&#8243; custom_padding=&raquo;|||&raquo; global_colors_info=&raquo;{}&raquo; custom_padding__hover=&raquo;|||&raquo;][et_pb_divider color=&raquo;#dbdbdb&raquo; divider_style=&raquo;dotted&raquo; divider_position=&raquo;center&raquo; divider_weight=&raquo;2&#8243; disabled_on=&raquo;on|on|off&raquo; admin_label=&raquo;Skillelinje&raquo; _builder_version=&raquo;4.16&#8243; hide_on_mobile=&raquo;on&raquo; global_colors_info=&raquo;{}&raquo;] [\/et_pb_divider][\/et_pb_column][\/et_pb_row][et_pb_row column_structure=&raquo;3_4,1_4&#8243; disabled_on=&raquo;on|on|on&raquo; admin_label=&raquo;Rad&raquo; _builder_version=&raquo;4.16&#8243; background_size=&raquo;initial&raquo; background_position=&raquo;top_left&raquo; background_repeat=&raquo;repeat&raquo; make_fullwidth=&raquo;off&raquo; use_custom_width=&raquo;off&raquo; width_unit=&raquo;off&raquo; custom_width_px=&raquo;1080px&raquo; custom_width_percent=&raquo;80%&raquo; disabled=&raquo;on&raquo; global_colors_info=&raquo;{}&raquo;][et_pb_column type=&raquo;3_4&#8243; _builder_version=&raquo;4.16&#8243; custom_padding=&raquo;|||&raquo; global_colors_info=&raquo;{}&raquo; custom_padding__hover=&raquo;|||&raquo;][et_pb_text admin_label=&raquo;video&raquo; _builder_version=&raquo;4.16&#8243; background_size=&raquo;initial&raquo; background_position=&raquo;top_left&raquo; background_repeat=&raquo;repeat&raquo; hover_enabled=&raquo;0&#8243; use_border_color=&raquo;off&raquo; border_style=&raquo;solid&raquo; global_colors_info=&raquo;{}&raquo; sticky_enabled=&raquo;0&#8243;]<iframe class=\"wp-embedded-content\" sandbox=\"allow-scripts\" security=\"restricted\" src=\"https:\/\/www.thinglink.com\/card\/949591140716249090#?secret=t15zA2k1kn\" data-secret=\"t15zA2k1kn\" width=\"640\" height=\"360\" frameborder=\"0\"><\/iframe><br \/>\n[\/et_pb_text][\/et_pb_column][et_pb_column type=&raquo;1_4&#8243; _builder_version=&raquo;4.16&#8243; custom_padding=&raquo;|||&raquo; global_colors_info=&raquo;{}&raquo; custom_padding__hover=&raquo;|||&raquo;][\/et_pb_column][\/et_pb_row][\/et_pb_section]<\/p>\n","protected":false},"excerpt":{"rendered":"<p>\u00c5 m\u00f8te pasienten Hva kan du l\u00e6re?Introduksjon til modul 3 Hensikten med denne modulen er at du som student f\u00e5r\u00a0reflektere over sykepleierollen, pasientrollen og hva det vil si \u00e5 v\u00e6re i praksisstudier. I modulen f\u00e5r du anledning til \u00e5 \u00abkomme inn\u00bb p\u00e5 et sykehjem og m\u00f8te en av pasientene som bor der.\u00a0 Velkommen til &laquo;Soltun&raquo; [&hellip;]<\/p>\n","protected":false},"author":7,"featured_media":0,"parent":0,"menu_order":0,"comment_status":"closed","ping_status":"closed","template":"","meta":{"_et_pb_use_builder":"on","_et_pb_old_content":"","_et_gb_content_width":"","footnotes":""},"class_list":["post-141","page","type-page","status-publish","hentry"],"yoast_head":"<!-- This site is optimized with the Yoast SEO plugin v27.5 - https:\/\/yoast.com\/product\/yoast-seo-wordpress\/ -->\n<title>Modul 3 - \u00c5 m\u00f8te pasienten - kvalitet i praksis<\/title>\n<meta name=\"robots\" content=\"index, follow, max-snippet:-1, max-image-preview:large, max-video-preview:-1\" \/>\n<link rel=\"canonical\" href=\"https:\/\/result.uit.no\/kip\/modul-3-a-mote-pasienten-i-praksisstudier\/\" \/>\n<meta property=\"og:locale\" content=\"nb_NO\" \/>\n<meta property=\"og:type\" content=\"article\" \/>\n<meta property=\"og:title\" content=\"Modul 3 - \u00c5 m\u00f8te pasienten - kvalitet i praksis\" \/>\n<meta property=\"og:description\" content=\"\u00c5 m\u00f8te pasienten Hva kan du l\u00e6re?Introduksjon til modul 3 Hensikten med denne modulen er at du som student f\u00e5r\u00a0reflektere over sykepleierollen, pasientrollen og hva det vil si \u00e5 v\u00e6re i praksisstudier. I modulen f\u00e5r du anledning til \u00e5 \u00abkomme inn\u00bb p\u00e5 et sykehjem og m\u00f8te en av pasientene som bor der.\u00a0 Velkommen til &quot;Soltun&quot; [&hellip;]\" \/>\n<meta property=\"og:url\" content=\"https:\/\/result.uit.no\/kip\/modul-3-a-mote-pasienten-i-praksisstudier\/\" \/>\n<meta property=\"og:site_name\" content=\"kvalitet i praksis\" \/>\n<meta property=\"article:publisher\" content=\"https:\/\/www.facebook.com\/UniTromso\/\" \/>\n<meta property=\"article:modified_time\" content=\"2024-05-30T09:29:26+00:00\" \/>\n<meta property=\"og:image\" content=\"https:\/\/result.uit.no\/kip\/wp-content\/uploads\/sites\/38\/2017\/02\/noekkelhull.png\" \/>\n<meta name=\"twitter:card\" content=\"summary_large_image\" \/>\n<meta name=\"twitter:label1\" content=\"Ansl. lesetid\" \/>\n\t<meta name=\"twitter:data1\" content=\"5 minutter\" \/>\n<script type=\"application\/ld+json\" class=\"yoast-schema-graph\">{\"@context\":\"https:\\\/\\\/schema.org\",\"@graph\":[{\"@type\":\"WebPage\",\"@id\":\"https:\\\/\\\/result.uit.no\\\/kip\\\/modul-3-a-mote-pasienten-i-praksisstudier\\\/\",\"url\":\"https:\\\/\\\/result.uit.no\\\/kip\\\/modul-3-a-mote-pasienten-i-praksisstudier\\\/\",\"name\":\"Modul 3 - \u00c5 m\u00f8te pasienten - kvalitet i praksis\",\"isPartOf\":{\"@id\":\"https:\\\/\\\/result.uit.no\\\/kip\\\/#website\"},\"primaryImageOfPage\":{\"@id\":\"https:\\\/\\\/result.uit.no\\\/kip\\\/modul-3-a-mote-pasienten-i-praksisstudier\\\/#primaryimage\"},\"image\":{\"@id\":\"https:\\\/\\\/result.uit.no\\\/kip\\\/modul-3-a-mote-pasienten-i-praksisstudier\\\/#primaryimage\"},\"thumbnailUrl\":\"https:\\\/\\\/result.uit.no\\\/kip\\\/wp-content\\\/uploads\\\/sites\\\/38\\\/2017\\\/02\\\/noekkelhull.png\",\"datePublished\":\"2017-02-13T18:58:33+00:00\",\"dateModified\":\"2024-05-30T09:29:26+00:00\",\"breadcrumb\":{\"@id\":\"https:\\\/\\\/result.uit.no\\\/kip\\\/modul-3-a-mote-pasienten-i-praksisstudier\\\/#breadcrumb\"},\"inLanguage\":\"nb-NO\",\"potentialAction\":[{\"@type\":\"ReadAction\",\"target\":[\"https:\\\/\\\/result.uit.no\\\/kip\\\/modul-3-a-mote-pasienten-i-praksisstudier\\\/\"]}]},{\"@type\":\"ImageObject\",\"inLanguage\":\"nb-NO\",\"@id\":\"https:\\\/\\\/result.uit.no\\\/kip\\\/modul-3-a-mote-pasienten-i-praksisstudier\\\/#primaryimage\",\"url\":\"https:\\\/\\\/result.uit.no\\\/kip\\\/wp-content\\\/uploads\\\/sites\\\/38\\\/2017\\\/02\\\/noekkelhull.png\",\"contentUrl\":\"https:\\\/\\\/result.uit.no\\\/kip\\\/wp-content\\\/uploads\\\/sites\\\/38\\\/2017\\\/02\\\/noekkelhull.png\"},{\"@type\":\"BreadcrumbList\",\"@id\":\"https:\\\/\\\/result.uit.no\\\/kip\\\/modul-3-a-mote-pasienten-i-praksisstudier\\\/#breadcrumb\",\"itemListElement\":[{\"@type\":\"ListItem\",\"position\":1,\"name\":\"Hjem\",\"item\":\"https:\\\/\\\/result.uit.no\\\/kip\\\/\"},{\"@type\":\"ListItem\",\"position\":2,\"name\":\"Modul 3 &#8211; \u00c5 m\u00f8te pasienten\"}]},{\"@type\":\"WebSite\",\"@id\":\"https:\\\/\\\/result.uit.no\\\/kip\\\/#website\",\"url\":\"https:\\\/\\\/result.uit.no\\\/kip\\\/\",\"name\":\"kvalitet i praksis\",\"description\":\"praksisportalen\",\"publisher\":{\"@id\":\"https:\\\/\\\/result.uit.no\\\/kip\\\/#organization\"},\"potentialAction\":[{\"@type\":\"SearchAction\",\"target\":{\"@type\":\"EntryPoint\",\"urlTemplate\":\"https:\\\/\\\/result.uit.no\\\/kip\\\/?s={search_term_string}\"},\"query-input\":{\"@type\":\"PropertyValueSpecification\",\"valueRequired\":true,\"valueName\":\"search_term_string\"}}],\"inLanguage\":\"nb-NO\"},{\"@type\":\"Organization\",\"@id\":\"https:\\\/\\\/result.uit.no\\\/kip\\\/#organization\",\"name\":\"Universitetet i Troms\u00f8\",\"url\":\"https:\\\/\\\/result.uit.no\\\/kip\\\/\",\"logo\":{\"@type\":\"ImageObject\",\"inLanguage\":\"nb-NO\",\"@id\":\"https:\\\/\\\/result.uit.no\\\/kip\\\/#\\\/schema\\\/logo\\\/image\\\/\",\"url\":\"https:\\\/\\\/result.uit.no\\\/kip\\\/wp-content\\\/uploads\\\/sites\\\/38\\\/2017\\\/02\\\/UiT_samarbeidslogo_bokmal_300ppi.png\",\"contentUrl\":\"https:\\\/\\\/result.uit.no\\\/kip\\\/wp-content\\\/uploads\\\/sites\\\/38\\\/2017\\\/02\\\/UiT_samarbeidslogo_bokmal_300ppi.png\",\"width\":399,\"height\":403,\"caption\":\"Universitetet i Troms\u00f8\"},\"image\":{\"@id\":\"https:\\\/\\\/result.uit.no\\\/kip\\\/#\\\/schema\\\/logo\\\/image\\\/\"},\"sameAs\":[\"https:\\\/\\\/www.facebook.com\\\/UniTromso\\\/\"]}]}<\/script>\n<!-- \/ Yoast SEO plugin. -->","yoast_head_json":{"title":"Modul 3 - \u00c5 m\u00f8te pasienten - kvalitet i praksis","robots":{"index":"index","follow":"follow","max-snippet":"max-snippet:-1","max-image-preview":"max-image-preview:large","max-video-preview":"max-video-preview:-1"},"canonical":"https:\/\/result.uit.no\/kip\/modul-3-a-mote-pasienten-i-praksisstudier\/","og_locale":"nb_NO","og_type":"article","og_title":"Modul 3 - \u00c5 m\u00f8te pasienten - kvalitet i praksis","og_description":"\u00c5 m\u00f8te pasienten Hva kan du l\u00e6re?Introduksjon til modul 3 Hensikten med denne modulen er at du som student f\u00e5r\u00a0reflektere over sykepleierollen, pasientrollen og hva det vil si \u00e5 v\u00e6re i praksisstudier. I modulen f\u00e5r du anledning til \u00e5 \u00abkomme inn\u00bb p\u00e5 et sykehjem og m\u00f8te en av pasientene som bor der.\u00a0 Velkommen til \"Soltun\" [&hellip;]","og_url":"https:\/\/result.uit.no\/kip\/modul-3-a-mote-pasienten-i-praksisstudier\/","og_site_name":"kvalitet i praksis","article_publisher":"https:\/\/www.facebook.com\/UniTromso\/","article_modified_time":"2024-05-30T09:29:26+00:00","og_image":[{"url":"https:\/\/result.uit.no\/kip\/wp-content\/uploads\/sites\/38\/2017\/02\/noekkelhull.png","type":"","width":"","height":""}],"twitter_card":"summary_large_image","twitter_misc":{"Ansl. lesetid":"5 minutter"},"schema":{"@context":"https:\/\/schema.org","@graph":[{"@type":"WebPage","@id":"https:\/\/result.uit.no\/kip\/modul-3-a-mote-pasienten-i-praksisstudier\/","url":"https:\/\/result.uit.no\/kip\/modul-3-a-mote-pasienten-i-praksisstudier\/","name":"Modul 3 - \u00c5 m\u00f8te pasienten - kvalitet i praksis","isPartOf":{"@id":"https:\/\/result.uit.no\/kip\/#website"},"primaryImageOfPage":{"@id":"https:\/\/result.uit.no\/kip\/modul-3-a-mote-pasienten-i-praksisstudier\/#primaryimage"},"image":{"@id":"https:\/\/result.uit.no\/kip\/modul-3-a-mote-pasienten-i-praksisstudier\/#primaryimage"},"thumbnailUrl":"https:\/\/result.uit.no\/kip\/wp-content\/uploads\/sites\/38\/2017\/02\/noekkelhull.png","datePublished":"2017-02-13T18:58:33+00:00","dateModified":"2024-05-30T09:29:26+00:00","breadcrumb":{"@id":"https:\/\/result.uit.no\/kip\/modul-3-a-mote-pasienten-i-praksisstudier\/#breadcrumb"},"inLanguage":"nb-NO","potentialAction":[{"@type":"ReadAction","target":["https:\/\/result.uit.no\/kip\/modul-3-a-mote-pasienten-i-praksisstudier\/"]}]},{"@type":"ImageObject","inLanguage":"nb-NO","@id":"https:\/\/result.uit.no\/kip\/modul-3-a-mote-pasienten-i-praksisstudier\/#primaryimage","url":"https:\/\/result.uit.no\/kip\/wp-content\/uploads\/sites\/38\/2017\/02\/noekkelhull.png","contentUrl":"https:\/\/result.uit.no\/kip\/wp-content\/uploads\/sites\/38\/2017\/02\/noekkelhull.png"},{"@type":"BreadcrumbList","@id":"https:\/\/result.uit.no\/kip\/modul-3-a-mote-pasienten-i-praksisstudier\/#breadcrumb","itemListElement":[{"@type":"ListItem","position":1,"name":"Hjem","item":"https:\/\/result.uit.no\/kip\/"},{"@type":"ListItem","position":2,"name":"Modul 3 &#8211; \u00c5 m\u00f8te pasienten"}]},{"@type":"WebSite","@id":"https:\/\/result.uit.no\/kip\/#website","url":"https:\/\/result.uit.no\/kip\/","name":"kvalitet i praksis","description":"praksisportalen","publisher":{"@id":"https:\/\/result.uit.no\/kip\/#organization"},"potentialAction":[{"@type":"SearchAction","target":{"@type":"EntryPoint","urlTemplate":"https:\/\/result.uit.no\/kip\/?s={search_term_string}"},"query-input":{"@type":"PropertyValueSpecification","valueRequired":true,"valueName":"search_term_string"}}],"inLanguage":"nb-NO"},{"@type":"Organization","@id":"https:\/\/result.uit.no\/kip\/#organization","name":"Universitetet i Troms\u00f8","url":"https:\/\/result.uit.no\/kip\/","logo":{"@type":"ImageObject","inLanguage":"nb-NO","@id":"https:\/\/result.uit.no\/kip\/#\/schema\/logo\/image\/","url":"https:\/\/result.uit.no\/kip\/wp-content\/uploads\/sites\/38\/2017\/02\/UiT_samarbeidslogo_bokmal_300ppi.png","contentUrl":"https:\/\/result.uit.no\/kip\/wp-content\/uploads\/sites\/38\/2017\/02\/UiT_samarbeidslogo_bokmal_300ppi.png","width":399,"height":403,"caption":"Universitetet i Troms\u00f8"},"image":{"@id":"https:\/\/result.uit.no\/kip\/#\/schema\/logo\/image\/"},"sameAs":["https:\/\/www.facebook.com\/UniTromso\/"]}]}},"_links":{"self":[{"href":"https:\/\/result.uit.no\/kip\/wp-json\/wp\/v2\/pages\/141","targetHints":{"allow":["GET"]}}],"collection":[{"href":"https:\/\/result.uit.no\/kip\/wp-json\/wp\/v2\/pages"}],"about":[{"href":"https:\/\/result.uit.no\/kip\/wp-json\/wp\/v2\/types\/page"}],"author":[{"embeddable":true,"href":"https:\/\/result.uit.no\/kip\/wp-json\/wp\/v2\/users\/7"}],"replies":[{"embeddable":true,"href":"https:\/\/result.uit.no\/kip\/wp-json\/wp\/v2\/comments?post=141"}],"version-history":[{"count":0,"href":"https:\/\/result.uit.no\/kip\/wp-json\/wp\/v2\/pages\/141\/revisions"}],"wp:attachment":[{"href":"https:\/\/result.uit.no\/kip\/wp-json\/wp\/v2\/media?parent=141"}],"curies":[{"name":"wp","href":"https:\/\/api.w.org\/{rel}","templated":true}]}}