{"id":136,"date":"2017-02-13T18:50:52","date_gmt":"2017-02-13T18:50:52","guid":{"rendered":"https:\/\/result.uit.no\/kip\/?page_id=136"},"modified":"2017-03-21T17:29:20","modified_gmt":"2017-03-21T17:29:20","slug":"136-2","status":"publish","type":"page","link":"https:\/\/result.uit.no\/kip\/136-2\/","title":{"rendered":"Modul 4 &#8211; Veilederrollen i praksisstudier"},"content":{"rendered":"<p>[et_pb_section admin_label=&raquo;section&raquo; transparent_background=&raquo;off&raquo; background_color=&raquo;rgba(224,224,224,0)&raquo; allow_player_pause=&raquo;off&raquo; inner_shadow=&raquo;off&raquo; parallax=&raquo;off&raquo; parallax_method=&raquo;on&raquo; padding_mobile=&raquo;off&raquo; make_fullwidth=&raquo;off&raquo; use_custom_width=&raquo;off&raquo; width_unit=&raquo;on&raquo; custom_width_px=&raquo;1080px&raquo; custom_width_percent=&raquo;80%&raquo; make_equal=&raquo;off&raquo; use_custom_gutter=&raquo;off&raquo; fullwidth=&raquo;off&raquo; specialty=&raquo;off&raquo; disabled=&raquo;off&raquo;][et_pb_row admin_label=&raquo;row&raquo; make_fullwidth=&raquo;on&raquo; use_custom_width=&raquo;off&raquo; width_unit=&raquo;off&raquo; use_custom_gutter=&raquo;off&raquo; padding_mobile=&raquo;off&raquo; background_image=&raquo;https:\/\/result.uit.no\/kip\/wp-content\/uploads\/sites\/38\/2017\/03\/1600px_COLOURBOX10718910.jpg&raquo; allow_player_pause=&raquo;off&raquo; parallax=&raquo;on&raquo; parallax_method=&raquo;on&raquo; make_equal=&raquo;off&raquo; column_padding_mobile=&raquo;on&raquo; parallax_1=&raquo;off&raquo; parallax_method_1=&raquo;off&raquo; parallax_2=&raquo;off&raquo; parallax_method_2=&raquo;on&raquo; parallax_3=&raquo;off&raquo; parallax_method_3=&raquo;on&raquo; parallax_4=&raquo;off&raquo; parallax_method_4=&raquo;on&raquo; custom_css_main_element=&raquo;height: 250px;||border-bottom: 15px solid #bf1fe2;&raquo; disabled=&raquo;off&raquo;][et_pb_column type=&raquo;4_4&#8243;][et_pb_text admin_label=&raquo;Tekst&raquo; background_layout=&raquo;dark&raquo; text_orientation=&raquo;left&raquo; header_font=&raquo;Chewy||||&raquo; header_font_size=&raquo;48px&raquo; header_font_size_phone=&raquo;26px&raquo; header_font_size_last_edited=&raquo;on|phone&raquo; background_color=&raquo;rgba(7,7,7,0.3)&raquo; use_border_color=&raquo;off&raquo; border_style=&raquo;solid&raquo; custom_padding=&raquo;3em|3em|3em|3em&raquo; disabled=&raquo;off&raquo;]<\/p>\n<h1>Veilederrollen<\/h1>\n<h4>Hvordan veilede studenter i praksisstudier?<\/h4>\n<p>[\/et_pb_text][\/et_pb_column][\/et_pb_row][et_pb_row admin_label=&raquo;Rad&raquo; make_fullwidth=&raquo;off&raquo; use_custom_width=&raquo;off&raquo; width_unit=&raquo;off&raquo; custom_width_px=&raquo;1080px&raquo; custom_width_percent=&raquo;80%&raquo; use_custom_gutter=&raquo;off&raquo; gutter_width=&raquo;3&#8243; allow_player_pause=&raquo;off&raquo; parallax=&raquo;off&raquo; parallax_method=&raquo;on&raquo; make_equal=&raquo;off&raquo; parallax_1=&raquo;off&raquo; parallax_method_1=&raquo;on&raquo; parallax_2=&raquo;off&raquo; parallax_method_2=&raquo;on&raquo; parallax_3=&raquo;off&raquo; parallax_method_3=&raquo;on&raquo; parallax_4=&raquo;off&raquo; parallax_method_4=&raquo;on&raquo; disabled=&raquo;off&raquo;][et_pb_column type=&raquo;2_3&#8243;][et_pb_text admin_label=&raquo;Introtekst&raquo; background_layout=&raquo;light&raquo; text_orientation=&raquo;left&raquo; header_font=&raquo;Pacifico|on|||&raquo; header_font_size=&raquo;20px&raquo; use_border_color=&raquo;off&raquo; border_style=&raquo;solid&raquo; disabled=&raquo;off&raquo; inline_fonts=&raquo;Roboto Light,Droid Serif&raquo;]<\/p>\n<h1><span style=\"font-family: 'Droid Serif'; font-weight: normal; font-size: x-large;\"><strong>Introduksjon til modul 4<\/strong><\/span><\/h1>\n<p>Hensikten med denne modulen er at du som veileder sykepleierstudenter i praksisstudier skal kunne forberede deg p\u00e5 din rolle i veiledningen, og hva du kan forvente av studenten.<\/p>\n<p>Gjennom \u00e5 se videoene under og \u00e5 arbeide med refleksjonssp\u00f8rsm\u00e5lene som h\u00f8rer til, skal du etter denne modulen ha innsikt i hva som forventes av deg som praksisveileder.<\/p>\n<p>[\/et_pb_text][\/et_pb_column][et_pb_column type=&raquo;1_3&#8243;][et_pb_text admin_label=&raquo;Utbytte1&#8243; background_layout=&raquo;light&raquo; text_orientation=&raquo;left&raquo; use_border_color=&raquo;off&raquo; border_style=&raquo;solid&raquo; disabled=&raquo;off&raquo;] <div class='et-box et-info'>\n\t\t\t\t\t<div class='et-box-content'><strong>Etter denne modulen skal du kunne:<\/strong><\/p>\n<ul>\n<li>Beskrive din rolle i veiledning av sykepleierstudenter<\/li>\n<li>Gj\u00f8re rede for dine forventninger til studentene du m\u00f8ter i sine praksisstudier<\/li>\n<\/ul><\/div><\/div> [\/et_pb_text][\/et_pb_column][\/et_pb_row][et_pb_row admin_label=&raquo;Rad&raquo; make_fullwidth=&raquo;off&raquo; use_custom_width=&raquo;off&raquo; width_unit=&raquo;off&raquo; custom_width_px=&raquo;1080px&raquo; custom_width_percent=&raquo;80%&raquo; use_custom_gutter=&raquo;off&raquo; gutter_width=&raquo;3&#8243; allow_player_pause=&raquo;off&raquo; parallax=&raquo;off&raquo; parallax_method=&raquo;on&raquo; make_equal=&raquo;off&raquo; parallax_1=&raquo;off&raquo; parallax_method_1=&raquo;on&raquo; parallax_2=&raquo;off&raquo; parallax_method_2=&raquo;on&raquo; parallax_3=&raquo;off&raquo; parallax_method_3=&raquo;on&raquo; parallax_4=&raquo;off&raquo; parallax_method_4=&raquo;on&raquo; disabled=&raquo;off&raquo;][et_pb_column type=&raquo;4_4&#8243;][et_pb_divider admin_label=&raquo;Skillelinje&raquo; color=&raquo;#dbdbdb&raquo; show_divider=&raquo;on&raquo; divider_style=&raquo;dotted&raquo; divider_position=&raquo;center&raquo; divider_weight=&raquo;2&#8243; hide_on_mobile=&raquo;on&raquo; disabled=&raquo;off&raquo;] [\/et_pb_divider][et_pb_text admin_label=&raquo;\u00c5 v\u00e6re veileder&raquo; background_layout=&raquo;light&raquo; text_orientation=&raquo;left&raquo; header_font=&raquo;Pacifico|on|||&raquo; header_font_size=&raquo;20px&raquo; use_border_color=&raquo;off&raquo; border_style=&raquo;solid&raquo; disabled=&raquo;off&raquo; inline_fonts=&raquo;Roboto Light,Droid Serif&raquo;]<\/p>\n<h1><span style=\"font-family: 'Droid Serif'; font-weight: normal; font-size: x-large;\"><strong>\u00c5 v\u00e6re veileder<\/strong><\/span><\/h1>\n<p>[\/et_pb_text][\/et_pb_column][\/et_pb_row][et_pb_row admin_label=&raquo;Rad&raquo; make_fullwidth=&raquo;off&raquo; use_custom_width=&raquo;off&raquo; width_unit=&raquo;off&raquo; custom_width_px=&raquo;1080px&raquo; custom_width_percent=&raquo;80%&raquo; use_custom_gutter=&raquo;off&raquo; gutter_width=&raquo;3&#8243; allow_player_pause=&raquo;off&raquo; parallax=&raquo;off&raquo; parallax_method=&raquo;on&raquo; make_equal=&raquo;off&raquo; parallax_1=&raquo;off&raquo; parallax_method_1=&raquo;on&raquo; parallax_2=&raquo;off&raquo; parallax_method_2=&raquo;on&raquo; parallax_3=&raquo;off&raquo; parallax_method_3=&raquo;on&raquo; parallax_4=&raquo;off&raquo; parallax_method_4=&raquo;on&raquo; disabled=&raquo;off&raquo;][et_pb_column type=&raquo;2_3&#8243;][et_pb_text admin_label=&raquo;\u00c5 v\u00e6re veileder &#8211; video&raquo; background_layout=&raquo;light&raquo; text_orientation=&raquo;left&raquo; use_border_color=&raquo;off&raquo; border_style=&raquo;solid&raquo; disabled=&raquo;off&raquo;] <iframe src=\"https:\/\/mediasite.uit.no\/Mediasite\/Play\/08703c9b3cef48e5bdb8fada37e2b20e1d\" width=\"675\" height=\"450\" frameborder=\"0\" marginwidth=\"0\" marginheight=\"0\" scrolling=\"no\"><\/iframe> [\/et_pb_text][\/et_pb_column][et_pb_column type=&raquo;1_3&#8243;][et_pb_text admin_label=&raquo;Lauv\u00e5s1&#8243; background_layout=&raquo;light&raquo; text_orientation=&raquo;left&raquo; use_border_color=&raquo;off&raquo; border_style=&raquo;solid&raquo; disabled=&raquo;off&raquo; border_color=&raquo;#ffffff&raquo;]<\/p>\n<p style=\"text-align: left;\">Professor Per Lauv\u00e5s foreleser om forholdet mellom tanke- og handlingsmodell.<\/p>\n<p><div class='et-box et-bio'>\n\t\t\t\t\t<div class='et-box-content'><strong>Refleksjonsp\u00f8rsm\u00e5l:<\/strong><\/p>\n<ul>\n<li>Hvordan er du som veileder?<\/li>\n<li>Tenk gjennom veiledningssamtaler du har hatt, hvilke strukturer har de hatt?<\/li>\n<\/ul><\/div><\/div> [\/et_pb_text][\/et_pb_column][\/et_pb_row][et_pb_row admin_label=&raquo;Rad&raquo; make_fullwidth=&raquo;off&raquo; use_custom_width=&raquo;off&raquo; width_unit=&raquo;off&raquo; custom_width_px=&raquo;1080px&raquo; custom_width_percent=&raquo;80%&raquo; use_custom_gutter=&raquo;off&raquo; gutter_width=&raquo;3&#8243; allow_player_pause=&raquo;off&raquo; parallax=&raquo;off&raquo; parallax_method=&raquo;on&raquo; make_equal=&raquo;off&raquo; parallax_1=&raquo;off&raquo; parallax_method_1=&raquo;on&raquo; parallax_2=&raquo;off&raquo; parallax_method_2=&raquo;on&raquo; parallax_3=&raquo;off&raquo; parallax_method_3=&raquo;on&raquo; parallax_4=&raquo;off&raquo; parallax_method_4=&raquo;on&raquo; disabled=&raquo;off&raquo;][et_pb_column type=&raquo;4_4&#8243;][et_pb_divider admin_label=&raquo;Skillelinje&raquo; color=&raquo;#dbdbdb&raquo; show_divider=&raquo;on&raquo; divider_style=&raquo;dotted&raquo; divider_position=&raquo;center&raquo; divider_weight=&raquo;2&#8243; hide_on_mobile=&raquo;on&raquo; disabled=&raquo;off&raquo;] [\/et_pb_divider][et_pb_text admin_label=&raquo;Helsefaglig praksisveiledning case&raquo; background_layout=&raquo;light&raquo; text_orientation=&raquo;left&raquo; header_font=&raquo;Pacifico|on|||&raquo; header_font_size=&raquo;20px&raquo; use_border_color=&raquo;off&raquo; border_style=&raquo;solid&raquo; disabled=&raquo;off&raquo; inline_fonts=&raquo;Roboto Light,Droid Serif&raquo;]<\/p>\n<h1><strong><span style=\"font-family: 'Droid Serif'; font-size: x-large;\">Helsefaglig praksisveiledning case<\/span><\/strong><\/h1>\n<p>[\/et_pb_text][\/et_pb_column][\/et_pb_row][et_pb_row admin_label=&raquo;Rad&raquo; make_fullwidth=&raquo;off&raquo; use_custom_width=&raquo;off&raquo; width_unit=&raquo;on&raquo; custom_width_px=&raquo;1080px&raquo; custom_width_percent=&raquo;80%&raquo; use_custom_gutter=&raquo;off&raquo; gutter_width=&raquo;3&#8243; padding_mobile=&raquo;off&raquo; allow_player_pause=&raquo;off&raquo; parallax=&raquo;off&raquo; parallax_method=&raquo;off&raquo; make_equal=&raquo;off&raquo; column_padding_mobile=&raquo;on&raquo; parallax_1=&raquo;off&raquo; parallax_method_1=&raquo;off&raquo; parallax_2=&raquo;off&raquo; parallax_method_2=&raquo;off&raquo; parallax_3=&raquo;off&raquo; parallax_method_3=&raquo;on&raquo; parallax_4=&raquo;off&raquo; parallax_method_4=&raquo;on&raquo; disabled_on=&raquo;off|off|off&raquo; disabled=&raquo;off&raquo;][et_pb_column type=&raquo;2_3&#8243;][et_pb_text admin_label=&raquo;Helsefaglig prakisveiledning &#8211; video&raquo; background_layout=&raquo;light&raquo; text_orientation=&raquo;left&raquo; use_border_color=&raquo;off&raquo; border_style=&raquo;solid&raquo; disabled=&raquo;off&raquo;] <iframe src=\"https:\/\/mediasite.uit.no\/Mediasite\/Play\/05f8569523a744beb07c4c60b523d3dd1d\" width=\"675\" height=\"450\" frameborder=\"0\" marginwidth=\"0\" marginheight=\"0\" scrolling=\"no\"><\/iframe> [\/et_pb_text][\/et_pb_column][et_pb_column type=&raquo;1_3&#8243;][et_pb_text admin_label=&raquo;Case1&#8243; background_layout=&raquo;light&raquo; text_orientation=&raquo;left&raquo; use_border_color=&raquo;off&raquo; border_style=&raquo;solid&raquo; disabled=&raquo;off&raquo; border_color=&raquo;#ffffff&raquo;]<\/p>\n<hr \/>\n<p style=\"text-align: left;\">Helsefaglig praksisveiledning case 1 med Siri Skommesvik og Catrine Buck Jensen:<\/p>\n<p><div class='et-box et-bio'>\n\t\t\t\t\t<div class='et-box-content'><strong>Refleksjonssp\u00f8rsm\u00e5l:<\/strong><\/p>\n<ul>\n<li>Hva tenker du om veilederens rolle og fokus i denne situasjonen?<\/li>\n<li>Hva ville du eventuelt ha gjort anderledes?<\/li>\n<li>Hva tror du studenten opplever i denne situasjonen?<\/li>\n<\/ul><\/div><\/div> [\/et_pb_text][\/et_pb_column][\/et_pb_row][et_pb_row admin_label=&raquo;Rad&raquo; make_fullwidth=&raquo;off&raquo; use_custom_width=&raquo;off&raquo; width_unit=&raquo;off&raquo; custom_width_px=&raquo;1080px&raquo; custom_width_percent=&raquo;80%&raquo; use_custom_gutter=&raquo;off&raquo; gutter_width=&raquo;3&#8243; allow_player_pause=&raquo;off&raquo; parallax=&raquo;off&raquo; parallax_method=&raquo;on&raquo; make_equal=&raquo;off&raquo; parallax_1=&raquo;off&raquo; parallax_method_1=&raquo;on&raquo; parallax_2=&raquo;off&raquo; parallax_method_2=&raquo;on&raquo; parallax_3=&raquo;off&raquo; parallax_method_3=&raquo;on&raquo; parallax_4=&raquo;off&raquo; parallax_method_4=&raquo;on&raquo; disabled=&raquo;off&raquo;][et_pb_column type=&raquo;4_4&#8243;][et_pb_divider admin_label=&raquo;Skillelinje&raquo; color=&raquo;#dbdbdb&raquo; show_divider=&raquo;on&raquo; divider_style=&raquo;dotted&raquo; divider_position=&raquo;center&raquo; divider_weight=&raquo;2&#8243; hide_on_mobile=&raquo;on&raquo; disabled=&raquo;off&raquo;] [\/et_pb_divider][et_pb_text admin_label=&raquo;Samtale med Per Lauv\u00e5s&raquo; background_layout=&raquo;light&raquo; text_orientation=&raquo;left&raquo; header_font=&raquo;Pacifico|on|||&raquo; header_font_size=&raquo;20px&raquo; use_border_color=&raquo;off&raquo; border_style=&raquo;solid&raquo; disabled=&raquo;off&raquo; inline_fonts=&raquo;Roboto Light,Droid Serif&raquo;]<\/p>\n<h1><span style=\"font-size: x-large;\"><strong><span style=\"font-family: 'Droid Serif';\">Samtale med Per Lauv\u00e5s<\/span><\/strong><\/span><\/h1>\n<p>[\/et_pb_text][\/et_pb_column][\/et_pb_row][et_pb_row admin_label=&raquo;Rad&raquo; make_fullwidth=&raquo;off&raquo; use_custom_width=&raquo;off&raquo; width_unit=&raquo;off&raquo; custom_width_px=&raquo;1080px&raquo; custom_width_percent=&raquo;80%&raquo; use_custom_gutter=&raquo;off&raquo; gutter_width=&raquo;3&#8243; allow_player_pause=&raquo;off&raquo; parallax=&raquo;off&raquo; parallax_method=&raquo;on&raquo; make_equal=&raquo;off&raquo; parallax_1=&raquo;off&raquo; parallax_method_1=&raquo;on&raquo; parallax_2=&raquo;off&raquo; parallax_method_2=&raquo;on&raquo; parallax_3=&raquo;off&raquo; parallax_method_3=&raquo;on&raquo; parallax_4=&raquo;off&raquo; parallax_method_4=&raquo;on&raquo; disabled=&raquo;off&raquo;][et_pb_column type=&raquo;2_3&#8243;][et_pb_text admin_label=&raquo;Samtale med per &#8211; video&raquo; background_layout=&raquo;light&raquo; text_orientation=&raquo;left&raquo; use_border_color=&raquo;off&raquo; border_style=&raquo;solid&raquo; disabled=&raquo;off&raquo;]<\/p>\n<p><iframe src=\"https:\/\/mediasite.uit.no\/Mediasite\/Play\/16704623fa9b4c48afbc7a7ef82c1b641d\" width=\"675\" height=\"450\" frameborder=\"0\" marginwidth=\"0\" marginheight=\"0\" scrolling=\"no\"><\/iframe><\/p>\n<p>[\/et_pb_text][\/et_pb_column][et_pb_column type=&raquo;1_3&#8243;][et_pb_text admin_label=&raquo;Samtale&raquo; background_layout=&raquo;light&raquo; text_orientation=&raquo;left&raquo; use_border_color=&raquo;off&raquo; border_style=&raquo;solid&raquo; disabled=&raquo;off&raquo; border_color=&raquo;#ffffff&raquo;]<\/p>\n<hr \/>\n<p style=\"text-align: left;\">\u00a0Samtale med Per Lauv\u00e5s (Anita Iversen og Per Lauv\u00e5s)<\/p>\n<p><div class='et-box et-bio'>\n\t\t\t\t\t<div class='et-box-content'><strong>Refleksjonssp\u00f8rsm\u00e5l:<\/strong><\/p>\n<ul>\n<li>Hva motiverer deg i din veilederrolle?<\/li>\n<li>Hva er dine styrker som veileder?<\/li>\n<li>Hva synes du er vanskelig som veileder?<\/li>\n<li>Hvilken mulighet har du for \u00e5 reflektere over og diskutere veiledningsrollen i ditt fagmilj\u00f8?<\/li>\n<\/ul><\/div><\/div> [\/et_pb_text][\/et_pb_column][\/et_pb_row][\/et_pb_section]<\/p>\n","protected":false},"excerpt":{"rendered":"<p>Veilederrollen Hvordan veilede studenter i praksisstudier? Introduksjon til modul 4 Hensikten med denne modulen er at du som veileder sykepleierstudenter i praksisstudier skal kunne forberede deg p\u00e5 din rolle i veiledningen, og hva du kan forvente av studenten. Gjennom \u00e5 se videoene under og \u00e5 arbeide med refleksjonssp\u00f8rsm\u00e5lene som h\u00f8rer til, skal du etter denne [&hellip;]<\/p>\n","protected":false},"author":7,"featured_media":0,"parent":0,"menu_order":0,"comment_status":"closed","ping_status":"closed","template":"","meta":{"_et_pb_use_builder":"on","_et_pb_old_content":"","_et_gb_content_width":"","footnotes":""},"class_list":["post-136","page","type-page","status-publish","hentry"],"yoast_head":"<!-- This site is optimized with the Yoast SEO plugin v27.5 - https:\/\/yoast.com\/product\/yoast-seo-wordpress\/ -->\n<title>Modul 4 - Veilederrollen i praksisstudier - kvalitet i praksis<\/title>\n<meta name=\"robots\" content=\"index, follow, max-snippet:-1, max-image-preview:large, max-video-preview:-1\" \/>\n<link rel=\"canonical\" href=\"https:\/\/result.uit.no\/kip\/136-2\/\" \/>\n<meta property=\"og:locale\" content=\"nb_NO\" \/>\n<meta property=\"og:type\" content=\"article\" \/>\n<meta property=\"og:title\" content=\"Modul 4 - Veilederrollen i praksisstudier - kvalitet i praksis\" \/>\n<meta property=\"og:description\" content=\"Veilederrollen Hvordan veilede studenter i praksisstudier? Introduksjon til modul 4 Hensikten med denne modulen er at du som veileder sykepleierstudenter i praksisstudier skal kunne forberede deg p\u00e5 din rolle i veiledningen, og hva du kan forvente av studenten. Gjennom \u00e5 se videoene under og \u00e5 arbeide med refleksjonssp\u00f8rsm\u00e5lene som h\u00f8rer til, skal du etter denne [&hellip;]\" \/>\n<meta property=\"og:url\" content=\"https:\/\/result.uit.no\/kip\/136-2\/\" \/>\n<meta property=\"og:site_name\" content=\"kvalitet i praksis\" \/>\n<meta property=\"article:publisher\" content=\"https:\/\/www.facebook.com\/UniTromso\/\" \/>\n<meta property=\"article:modified_time\" content=\"2017-03-21T17:29:20+00:00\" \/>\n<meta name=\"twitter:card\" content=\"summary_large_image\" \/>\n<meta name=\"twitter:label1\" content=\"Ansl. lesetid\" \/>\n\t<meta name=\"twitter:data1\" content=\"7 minutter\" \/>\n<script type=\"application\/ld+json\" class=\"yoast-schema-graph\">{\"@context\":\"https:\\\/\\\/schema.org\",\"@graph\":[{\"@type\":\"WebPage\",\"@id\":\"https:\\\/\\\/result.uit.no\\\/kip\\\/136-2\\\/\",\"url\":\"https:\\\/\\\/result.uit.no\\\/kip\\\/136-2\\\/\",\"name\":\"Modul 4 - Veilederrollen i praksisstudier - kvalitet i praksis\",\"isPartOf\":{\"@id\":\"https:\\\/\\\/result.uit.no\\\/kip\\\/#website\"},\"datePublished\":\"2017-02-13T18:50:52+00:00\",\"dateModified\":\"2017-03-21T17:29:20+00:00\",\"breadcrumb\":{\"@id\":\"https:\\\/\\\/result.uit.no\\\/kip\\\/136-2\\\/#breadcrumb\"},\"inLanguage\":\"nb-NO\",\"potentialAction\":[{\"@type\":\"ReadAction\",\"target\":[\"https:\\\/\\\/result.uit.no\\\/kip\\\/136-2\\\/\"]}]},{\"@type\":\"BreadcrumbList\",\"@id\":\"https:\\\/\\\/result.uit.no\\\/kip\\\/136-2\\\/#breadcrumb\",\"itemListElement\":[{\"@type\":\"ListItem\",\"position\":1,\"name\":\"Hjem\",\"item\":\"https:\\\/\\\/result.uit.no\\\/kip\\\/\"},{\"@type\":\"ListItem\",\"position\":2,\"name\":\"Modul 4 &#8211; Veilederrollen i praksisstudier\"}]},{\"@type\":\"WebSite\",\"@id\":\"https:\\\/\\\/result.uit.no\\\/kip\\\/#website\",\"url\":\"https:\\\/\\\/result.uit.no\\\/kip\\\/\",\"name\":\"kvalitet i praksis\",\"description\":\"praksisportalen\",\"publisher\":{\"@id\":\"https:\\\/\\\/result.uit.no\\\/kip\\\/#organization\"},\"potentialAction\":[{\"@type\":\"SearchAction\",\"target\":{\"@type\":\"EntryPoint\",\"urlTemplate\":\"https:\\\/\\\/result.uit.no\\\/kip\\\/?s={search_term_string}\"},\"query-input\":{\"@type\":\"PropertyValueSpecification\",\"valueRequired\":true,\"valueName\":\"search_term_string\"}}],\"inLanguage\":\"nb-NO\"},{\"@type\":\"Organization\",\"@id\":\"https:\\\/\\\/result.uit.no\\\/kip\\\/#organization\",\"name\":\"Universitetet i Troms\u00f8\",\"url\":\"https:\\\/\\\/result.uit.no\\\/kip\\\/\",\"logo\":{\"@type\":\"ImageObject\",\"inLanguage\":\"nb-NO\",\"@id\":\"https:\\\/\\\/result.uit.no\\\/kip\\\/#\\\/schema\\\/logo\\\/image\\\/\",\"url\":\"https:\\\/\\\/result.uit.no\\\/kip\\\/wp-content\\\/uploads\\\/sites\\\/38\\\/2017\\\/02\\\/UiT_samarbeidslogo_bokmal_300ppi.png\",\"contentUrl\":\"https:\\\/\\\/result.uit.no\\\/kip\\\/wp-content\\\/uploads\\\/sites\\\/38\\\/2017\\\/02\\\/UiT_samarbeidslogo_bokmal_300ppi.png\",\"width\":399,\"height\":403,\"caption\":\"Universitetet i Troms\u00f8\"},\"image\":{\"@id\":\"https:\\\/\\\/result.uit.no\\\/kip\\\/#\\\/schema\\\/logo\\\/image\\\/\"},\"sameAs\":[\"https:\\\/\\\/www.facebook.com\\\/UniTromso\\\/\"]}]}<\/script>\n<!-- \/ Yoast SEO plugin. -->","yoast_head_json":{"title":"Modul 4 - Veilederrollen i praksisstudier - kvalitet i praksis","robots":{"index":"index","follow":"follow","max-snippet":"max-snippet:-1","max-image-preview":"max-image-preview:large","max-video-preview":"max-video-preview:-1"},"canonical":"https:\/\/result.uit.no\/kip\/136-2\/","og_locale":"nb_NO","og_type":"article","og_title":"Modul 4 - Veilederrollen i praksisstudier - kvalitet i praksis","og_description":"Veilederrollen Hvordan veilede studenter i praksisstudier? Introduksjon til modul 4 Hensikten med denne modulen er at du som veileder sykepleierstudenter i praksisstudier skal kunne forberede deg p\u00e5 din rolle i veiledningen, og hva du kan forvente av studenten. Gjennom \u00e5 se videoene under og \u00e5 arbeide med refleksjonssp\u00f8rsm\u00e5lene som h\u00f8rer til, skal du etter denne [&hellip;]","og_url":"https:\/\/result.uit.no\/kip\/136-2\/","og_site_name":"kvalitet i praksis","article_publisher":"https:\/\/www.facebook.com\/UniTromso\/","article_modified_time":"2017-03-21T17:29:20+00:00","twitter_card":"summary_large_image","twitter_misc":{"Ansl. lesetid":"7 minutter"},"schema":{"@context":"https:\/\/schema.org","@graph":[{"@type":"WebPage","@id":"https:\/\/result.uit.no\/kip\/136-2\/","url":"https:\/\/result.uit.no\/kip\/136-2\/","name":"Modul 4 - Veilederrollen i praksisstudier - kvalitet i praksis","isPartOf":{"@id":"https:\/\/result.uit.no\/kip\/#website"},"datePublished":"2017-02-13T18:50:52+00:00","dateModified":"2017-03-21T17:29:20+00:00","breadcrumb":{"@id":"https:\/\/result.uit.no\/kip\/136-2\/#breadcrumb"},"inLanguage":"nb-NO","potentialAction":[{"@type":"ReadAction","target":["https:\/\/result.uit.no\/kip\/136-2\/"]}]},{"@type":"BreadcrumbList","@id":"https:\/\/result.uit.no\/kip\/136-2\/#breadcrumb","itemListElement":[{"@type":"ListItem","position":1,"name":"Hjem","item":"https:\/\/result.uit.no\/kip\/"},{"@type":"ListItem","position":2,"name":"Modul 4 &#8211; Veilederrollen i praksisstudier"}]},{"@type":"WebSite","@id":"https:\/\/result.uit.no\/kip\/#website","url":"https:\/\/result.uit.no\/kip\/","name":"kvalitet i praksis","description":"praksisportalen","publisher":{"@id":"https:\/\/result.uit.no\/kip\/#organization"},"potentialAction":[{"@type":"SearchAction","target":{"@type":"EntryPoint","urlTemplate":"https:\/\/result.uit.no\/kip\/?s={search_term_string}"},"query-input":{"@type":"PropertyValueSpecification","valueRequired":true,"valueName":"search_term_string"}}],"inLanguage":"nb-NO"},{"@type":"Organization","@id":"https:\/\/result.uit.no\/kip\/#organization","name":"Universitetet i Troms\u00f8","url":"https:\/\/result.uit.no\/kip\/","logo":{"@type":"ImageObject","inLanguage":"nb-NO","@id":"https:\/\/result.uit.no\/kip\/#\/schema\/logo\/image\/","url":"https:\/\/result.uit.no\/kip\/wp-content\/uploads\/sites\/38\/2017\/02\/UiT_samarbeidslogo_bokmal_300ppi.png","contentUrl":"https:\/\/result.uit.no\/kip\/wp-content\/uploads\/sites\/38\/2017\/02\/UiT_samarbeidslogo_bokmal_300ppi.png","width":399,"height":403,"caption":"Universitetet i Troms\u00f8"},"image":{"@id":"https:\/\/result.uit.no\/kip\/#\/schema\/logo\/image\/"},"sameAs":["https:\/\/www.facebook.com\/UniTromso\/"]}]}},"_links":{"self":[{"href":"https:\/\/result.uit.no\/kip\/wp-json\/wp\/v2\/pages\/136","targetHints":{"allow":["GET"]}}],"collection":[{"href":"https:\/\/result.uit.no\/kip\/wp-json\/wp\/v2\/pages"}],"about":[{"href":"https:\/\/result.uit.no\/kip\/wp-json\/wp\/v2\/types\/page"}],"author":[{"embeddable":true,"href":"https:\/\/result.uit.no\/kip\/wp-json\/wp\/v2\/users\/7"}],"replies":[{"embeddable":true,"href":"https:\/\/result.uit.no\/kip\/wp-json\/wp\/v2\/comments?post=136"}],"version-history":[{"count":0,"href":"https:\/\/result.uit.no\/kip\/wp-json\/wp\/v2\/pages\/136\/revisions"}],"wp:attachment":[{"href":"https:\/\/result.uit.no\/kip\/wp-json\/wp\/v2\/media?parent=136"}],"curies":[{"name":"wp","href":"https:\/\/api.w.org\/{rel}","templated":true}]}}