{"id":133,"date":"2017-02-13T17:52:50","date_gmt":"2017-02-13T17:52:50","guid":{"rendered":"https:\/\/result.uit.no\/kip\/?page_id=133"},"modified":"2017-03-21T17:25:34","modified_gmt":"2017-03-21T17:25:34","slug":"133-2","status":"publish","type":"page","link":"https:\/\/result.uit.no\/kip\/133-2\/","title":{"rendered":"Modul 2 &#8211; Veilederrollen"},"content":{"rendered":"<p>[et_pb_section admin_label=&raquo;section&raquo; transparent_background=&raquo;off&raquo; background_color=&raquo;rgba(224,224,224,0)&raquo; allow_player_pause=&raquo;off&raquo; inner_shadow=&raquo;off&raquo; parallax=&raquo;off&raquo; parallax_method=&raquo;on&raquo; padding_mobile=&raquo;off&raquo; make_fullwidth=&raquo;off&raquo; use_custom_width=&raquo;off&raquo; width_unit=&raquo;on&raquo; custom_width_px=&raquo;1080px&raquo; custom_width_percent=&raquo;80%&raquo; make_equal=&raquo;off&raquo; use_custom_gutter=&raquo;off&raquo; fullwidth=&raquo;off&raquo; specialty=&raquo;off&raquo; disabled=&raquo;off&raquo; locked=&raquo;off&raquo;][et_pb_row admin_label=&raquo;row&raquo; make_fullwidth=&raquo;on&raquo; use_custom_width=&raquo;off&raquo; width_unit=&raquo;off&raquo; use_custom_gutter=&raquo;off&raquo; padding_mobile=&raquo;off&raquo; background_image=&raquo;https:\/\/result.uit.no\/kip\/wp-content\/uploads\/sites\/38\/2017\/03\/1600px_COLOURBOX1251117.jpg&raquo; allow_player_pause=&raquo;off&raquo; parallax=&raquo;on&raquo; parallax_method=&raquo;on&raquo; make_equal=&raquo;off&raquo; column_padding_mobile=&raquo;on&raquo; parallax_1=&raquo;off&raquo; parallax_method_1=&raquo;off&raquo; parallax_2=&raquo;off&raquo; parallax_method_2=&raquo;on&raquo; parallax_3=&raquo;off&raquo; parallax_method_3=&raquo;on&raquo; parallax_4=&raquo;off&raquo; parallax_method_4=&raquo;on&raquo; custom_css_main_element=&raquo;height: 250px;||border-bottom: 15px solid #81dd1f;&raquo; disabled=&raquo;off&raquo;][et_pb_column type=&raquo;4_4&#8243;][et_pb_text admin_label=&raquo;Tekst&raquo; background_layout=&raquo;dark&raquo; text_orientation=&raquo;left&raquo; header_font=&raquo;Chewy||||&raquo; header_font_size=&raquo;48px&raquo; header_font_size_phone=&raquo;26px&raquo; header_font_size_last_edited=&raquo;on|phone&raquo; background_color=&raquo;rgba(2,2,2,0.3)&raquo; use_border_color=&raquo;off&raquo; border_style=&raquo;solid&raquo; custom_padding=&raquo;3em|3em|3em|3em&raquo; disabled=&raquo;off&raquo;]<\/p>\n<h1>Studentenes rolle i veiledning<\/h1>\n<h4>Hva kan du l\u00e6re i praksis?<\/h4>\n<p>[\/et_pb_text][\/et_pb_column][\/et_pb_row][et_pb_row admin_label=&raquo;Rad&raquo; make_fullwidth=&raquo;off&raquo; use_custom_width=&raquo;off&raquo; width_unit=&raquo;off&raquo; custom_width_px=&raquo;1080px&raquo; custom_width_percent=&raquo;80%&raquo; use_custom_gutter=&raquo;off&raquo; gutter_width=&raquo;3&#8243; allow_player_pause=&raquo;off&raquo; parallax=&raquo;off&raquo; parallax_method=&raquo;on&raquo; make_equal=&raquo;off&raquo; parallax_1=&raquo;off&raquo; parallax_method_1=&raquo;on&raquo; parallax_2=&raquo;off&raquo; parallax_method_2=&raquo;on&raquo; parallax_3=&raquo;off&raquo; parallax_method_3=&raquo;on&raquo; parallax_4=&raquo;off&raquo; parallax_method_4=&raquo;on&raquo; disabled=&raquo;off&raquo;][et_pb_column type=&raquo;2_3&#8243;][et_pb_text admin_label=&raquo;Introtekst&raquo; background_layout=&raquo;light&raquo; text_orientation=&raquo;left&raquo; header_font=&raquo;Pacifico|on|||&raquo; header_font_size=&raquo;20px&raquo; use_border_color=&raquo;off&raquo; border_style=&raquo;solid&raquo; disabled=&raquo;off&raquo; inline_fonts=&raquo;Roboto Light,Droid Serif&raquo;]<\/p>\n<h1><span style=\"font-family: 'Droid Serif'; font-weight: normal; font-size: x-large;\"><strong>Introduksjon til\u00a0modul 2<\/strong><\/span><\/h1>\n<p>Hensikten med denne modulen er \u00e5 \u00f8ke din forst\u00e5else av hva veiledning i praksisstudier er, og hva som er din rolle i veiledning.\u00a0Kunnskap om veiledning\u00a0er viktig for at ditt l\u00e6ringsutbytte blir best mulig. I denne modulen f\u00e5r du ogs\u00e5\u00a0kjennskap til begrepene summativ og formativ vurdering og hva som er forskjellen.Kjennskap til forskjellen kan bidra til et bedre l\u00e6ringsklima i praksisstudiene.<\/p>\n<p>Modulen inneholder 3 videoer og refleksjonssp\u00f8rsm\u00e5l som er nyttig b\u00e5de f\u00f8r- under og etter praksisperioden. Vi anbefaler modulen til bruk i veiledningssamtaler.<\/p>\n<p>[\/et_pb_text][\/et_pb_column][et_pb_column type=&raquo;1_3&#8243;][et_pb_text admin_label=&raquo;Utbytte1&#8243; background_layout=&raquo;light&raquo; text_orientation=&raquo;left&raquo; use_border_color=&raquo;off&raquo; border_style=&raquo;solid&raquo; disabled=&raquo;off&raquo;] <div class='et-box et-info'>\n\t\t\t\t\t<div class='et-box-content'><strong> Etter modul 2 skal du kunne:<\/strong><\/p>\n<ul>\n<li>Forst\u00e5 hva veiledning er og hvilken rolle studenten selv\u00a0har i veiledning<\/li>\n<\/ul>\n<ul>\n<li>Delta aktivt i veiledning og vurdering<\/li>\n<\/ul><\/div><\/div><br \/>\n[\/et_pb_text][\/et_pb_column][\/et_pb_row][et_pb_row admin_label=&raquo;Rad&raquo; make_fullwidth=&raquo;off&raquo; use_custom_width=&raquo;off&raquo; width_unit=&raquo;off&raquo; custom_width_px=&raquo;1080px&raquo; custom_width_percent=&raquo;80%&raquo; use_custom_gutter=&raquo;off&raquo; gutter_width=&raquo;3&#8243; allow_player_pause=&raquo;off&raquo; parallax=&raquo;off&raquo; parallax_method=&raquo;on&raquo; make_equal=&raquo;off&raquo; parallax_1=&raquo;off&raquo; parallax_method_1=&raquo;on&raquo; parallax_2=&raquo;off&raquo; parallax_method_2=&raquo;on&raquo; parallax_3=&raquo;off&raquo; parallax_method_3=&raquo;on&raquo; parallax_4=&raquo;off&raquo; parallax_method_4=&raquo;on&raquo; disabled=&raquo;off&raquo;][et_pb_column type=&raquo;4_4&#8243;][et_pb_divider admin_label=&raquo;Skillelinje&raquo; color=&raquo;#dbdbdb&raquo; show_divider=&raquo;on&raquo; divider_style=&raquo;dotted&raquo; divider_position=&raquo;center&raquo; divider_weight=&raquo;2&#8243; hide_on_mobile=&raquo;on&raquo; disabled=&raquo;off&raquo;] [\/et_pb_divider][et_pb_text admin_label=&raquo;Fokus i veiledningen&raquo; background_layout=&raquo;light&raquo; text_orientation=&raquo;left&raquo; header_font_size=&raquo;20px&raquo; use_border_color=&raquo;off&raquo; border_style=&raquo;solid&raquo; disabled=&raquo;off&raquo; inline_fonts=&raquo;Droid Serif&raquo;]<\/p>\n<h1><span style=\"font-family: 'Droid Serif'; font-weight: normal; font-size: x-large;\"><strong>Fokus i veiledning<\/strong><\/span><\/h1>\n<p>[\/et_pb_text][\/et_pb_column][\/et_pb_row][et_pb_row admin_label=&raquo;Rad&raquo; make_fullwidth=&raquo;off&raquo; use_custom_width=&raquo;off&raquo; width_unit=&raquo;off&raquo; custom_width_px=&raquo;1080px&raquo; custom_width_percent=&raquo;80%&raquo; use_custom_gutter=&raquo;off&raquo; gutter_width=&raquo;3&#8243; allow_player_pause=&raquo;off&raquo; parallax=&raquo;off&raquo; parallax_method=&raquo;on&raquo; make_equal=&raquo;off&raquo; parallax_1=&raquo;off&raquo; parallax_method_1=&raquo;on&raquo; parallax_2=&raquo;off&raquo; parallax_method_2=&raquo;on&raquo; parallax_3=&raquo;off&raquo; parallax_method_3=&raquo;on&raquo; parallax_4=&raquo;off&raquo; parallax_method_4=&raquo;on&raquo; disabled=&raquo;off&raquo;][et_pb_column type=&raquo;2_3&#8243;][et_pb_text admin_label=&raquo;Fokus i veiledning &#8211; video&raquo; background_layout=&raquo;light&raquo; text_orientation=&raquo;left&raquo; use_border_color=&raquo;off&raquo; border_style=&raquo;solid&raquo; disabled=&raquo;off&raquo;]<\/p>\n<p><iframe src=\"https:\/\/mediasite.uit.no\/Mediasite\/Play\/124b1bc6356445c383074c134a7253141d\" width=\"675\" height=\"450\" frameborder=\"0\" marginwidth=\"0\" marginheight=\"0\" scrolling=\"no\"><\/iframe><\/p>\n<p>[\/et_pb_text][\/et_pb_column][et_pb_column type=&raquo;1_3&#8243;][et_pb_text admin_label=&raquo;Case2&#8243; background_layout=&raquo;light&raquo; text_orientation=&raquo;left&raquo; use_border_color=&raquo;off&raquo; border_style=&raquo;solid&raquo; disabled=&raquo;off&raquo;]<\/p>\n<p style=\"text-align: left;\">Fokus i veiledning, del II (Helsefaglig praksisveiledning case 2)<\/p>\n<p><div class='et-box et-bio'>\n\t\t\t\t\t<div class='et-box-content'><strong>Refleksjonsp\u00f8rsm\u00e5l:<\/strong><\/p>\n<p>&nbsp;<\/p>\n<ul>\n<li>Hvordan synes du studenten hadde forberedt seg f\u00f8r veiledningssamtalen?<\/li>\n<li>Hva var det studentene \u00f8nsket \u00e5 bruke veiledningstimen til?<\/li>\n<li>Hvilke sp\u00f8rsm\u00e5l begynner veilederen med og hvordan avsluttes samtalen?<\/li>\n<\/ul><\/div><\/div> [\/et_pb_text][\/et_pb_column][\/et_pb_row][et_pb_row admin_label=&raquo;Rad&raquo; make_fullwidth=&raquo;off&raquo; use_custom_width=&raquo;off&raquo; width_unit=&raquo;off&raquo; custom_width_px=&raquo;1080px&raquo; custom_width_percent=&raquo;80%&raquo; use_custom_gutter=&raquo;off&raquo; gutter_width=&raquo;3&#8243; allow_player_pause=&raquo;off&raquo; parallax=&raquo;off&raquo; parallax_method=&raquo;on&raquo; make_equal=&raquo;off&raquo; parallax_1=&raquo;off&raquo; parallax_method_1=&raquo;on&raquo; parallax_2=&raquo;off&raquo; parallax_method_2=&raquo;on&raquo; parallax_3=&raquo;off&raquo; parallax_method_3=&raquo;on&raquo; parallax_4=&raquo;off&raquo; parallax_method_4=&raquo;on&raquo; disabled=&raquo;off&raquo;][et_pb_column type=&raquo;4_4&#8243;][et_pb_divider admin_label=&raquo;Skillelinje&raquo; color=&raquo;#dbdbdb&raquo; show_divider=&raquo;on&raquo; divider_style=&raquo;dotted&raquo; divider_position=&raquo;center&raquo; divider_weight=&raquo;2&#8243; hide_on_mobile=&raquo;on&raquo; disabled=&raquo;off&raquo;] [\/et_pb_divider][et_pb_text admin_label=&raquo;Fokus i veiledningen&raquo; background_layout=&raquo;light&raquo; text_orientation=&raquo;left&raquo; header_font_size=&raquo;20px&raquo; use_border_color=&raquo;off&raquo; border_style=&raquo;solid&raquo; disabled=&raquo;off&raquo; inline_fonts=&raquo;Droid Serif&raquo;]<\/p>\n<h1><span style=\"font-family: 'Droid Serif'; font-weight: normal; font-size: x-large;\"><strong>Formativ og summativ vurdering i praksisstudier<\/strong><\/span><\/h1>\n<p>[\/et_pb_text][\/et_pb_column][\/et_pb_row][et_pb_row admin_label=&raquo;Rad&raquo; make_fullwidth=&raquo;off&raquo; use_custom_width=&raquo;off&raquo; width_unit=&raquo;on&raquo; custom_width_px=&raquo;1080px&raquo; custom_width_percent=&raquo;80%&raquo; use_custom_gutter=&raquo;off&raquo; gutter_width=&raquo;3&#8243; padding_mobile=&raquo;off&raquo; allow_player_pause=&raquo;off&raquo; parallax=&raquo;off&raquo; parallax_method=&raquo;off&raquo; make_equal=&raquo;off&raquo; column_padding_mobile=&raquo;on&raquo; parallax_1=&raquo;off&raquo; parallax_method_1=&raquo;off&raquo; parallax_2=&raquo;off&raquo; parallax_method_2=&raquo;off&raquo; parallax_3=&raquo;off&raquo; parallax_method_3=&raquo;on&raquo; parallax_4=&raquo;off&raquo; parallax_method_4=&raquo;on&raquo; disabled_on=&raquo;off|off|off&raquo; disabled=&raquo;off&raquo;][et_pb_column type=&raquo;2_3&#8243;][et_pb_text admin_label=&raquo;Formativ &#8211; video&raquo; background_layout=&raquo;light&raquo; text_orientation=&raquo;left&raquo; use_border_color=&raquo;off&raquo; border_style=&raquo;solid&raquo; disabled=&raquo;off&raquo;]<\/p>\n<p><iframe src=\"https:\/\/mediasite.uit.no\/Mediasite\/Play\/2e059d6145da4e59bbcc4c3491d9a1e81d\" width=\"675\" height=\"450\" frameborder=\"0\" marginwidth=\"0\" marginheight=\"0\" scrolling=\"no\"><\/iframe><\/p>\n<p>[\/et_pb_text][\/et_pb_column][et_pb_column type=&raquo;1_3&#8243;][et_pb_text admin_label=&raquo;Formativ&raquo; background_layout=&raquo;light&raquo; text_orientation=&raquo;left&raquo; use_border_color=&raquo;off&raquo; border_style=&raquo;solid&raquo; disabled=&raquo;off&raquo;]<\/p>\n<p style=\"text-align: left;\">Formativ og summativ vurdering i praksisstudier. Svenja De Smedt foreleser.<\/p>\n<div class='et-box et-bio'>\n\t\t\t\t\t<div class='et-box-content'><strong>Refleksjonssp\u00f8rsm\u00e5l:<\/strong><\/p>\n<ul>\n<li>Hvilke forventninger har du til deg selv i praksisstudiene?<\/li>\n<li>Hvordan \u00f8nsker du \u00e5 f\u00e5 tilbakemelding p\u00e5 det du gj\u00f8r i praksisstudiene?<\/li>\n<li>Hvordan skal du motta og jobbe videre med tilbakemeldingene du f\u00e5r?<\/li>\n<\/ul><\/div><\/div>\n<div class=\"et-box-content\"><\/div>\n<div class=\"et-box-content\"><\/div>\n<p>[\/et_pb_text][\/et_pb_column][\/et_pb_row][et_pb_row admin_label=&raquo;Rad&raquo; make_fullwidth=&raquo;off&raquo; use_custom_width=&raquo;off&raquo; width_unit=&raquo;off&raquo; custom_width_px=&raquo;1080px&raquo; custom_width_percent=&raquo;80%&raquo; use_custom_gutter=&raquo;off&raquo; gutter_width=&raquo;3&#8243; allow_player_pause=&raquo;off&raquo; parallax=&raquo;off&raquo; parallax_method=&raquo;on&raquo; make_equal=&raquo;off&raquo; parallax_1=&raquo;off&raquo; parallax_method_1=&raquo;on&raquo; parallax_2=&raquo;off&raquo; parallax_method_2=&raquo;on&raquo; parallax_3=&raquo;off&raquo; parallax_method_3=&raquo;on&raquo; parallax_4=&raquo;off&raquo; parallax_method_4=&raquo;on&raquo; disabled=&raquo;off&raquo;][et_pb_column type=&raquo;4_4&#8243;][et_pb_divider admin_label=&raquo;Skillelinje&raquo; color=&raquo;#dbdbdb&raquo; show_divider=&raquo;on&raquo; divider_style=&raquo;dotted&raquo; divider_position=&raquo;center&raquo; divider_weight=&raquo;2&#8243; hide_on_mobile=&raquo;on&raquo; disabled=&raquo;off&raquo;] [\/et_pb_divider][et_pb_text admin_label=&raquo;Veiledning i praksisstudier&raquo; background_layout=&raquo;light&raquo; text_orientation=&raquo;left&raquo; header_font_size=&raquo;20px&raquo; use_border_color=&raquo;off&raquo; border_style=&raquo;solid&raquo; disabled=&raquo;off&raquo; inline_fonts=&raquo;Droid Serif&raquo;]<\/p>\n<h1><span style=\"font-family: 'Droid Serif'; font-weight: normal; font-size: x-large;\"><strong>Veiledning i praksisstudier<\/strong><\/span><\/h1>\n<p>[\/et_pb_text][\/et_pb_column][\/et_pb_row][et_pb_row admin_label=&raquo;Rad&raquo; make_fullwidth=&raquo;off&raquo; use_custom_width=&raquo;off&raquo; width_unit=&raquo;off&raquo; custom_width_px=&raquo;1080px&raquo; custom_width_percent=&raquo;80%&raquo; use_custom_gutter=&raquo;off&raquo; gutter_width=&raquo;3&#8243; allow_player_pause=&raquo;off&raquo; parallax=&raquo;off&raquo; parallax_method=&raquo;on&raquo; make_equal=&raquo;off&raquo; parallax_1=&raquo;off&raquo; parallax_method_1=&raquo;on&raquo; parallax_2=&raquo;off&raquo; parallax_method_2=&raquo;on&raquo; parallax_3=&raquo;off&raquo; parallax_method_3=&raquo;on&raquo; parallax_4=&raquo;off&raquo; parallax_method_4=&raquo;on&raquo; disabled=&raquo;off&raquo;][et_pb_column type=&raquo;2_3&#8243;][et_pb_text admin_label=&raquo;M\u00e5lsettinger i praksisstudier &#8211; video&raquo; background_layout=&raquo;light&raquo; text_orientation=&raquo;left&raquo; use_border_color=&raquo;off&raquo; border_style=&raquo;solid&raquo; disabled=&raquo;off&raquo;]<\/p>\n<p><iframe src=\"https:\/\/mediasite.uit.no\/Mediasite\/Play\/214dfb1e17b541be9bd73d006d259ee81d\" width=\"675\" height=\"450\" frameborder=\"0\" marginwidth=\"0\" marginheight=\"0\" scrolling=\"no\"><\/iframe><\/p>\n<p>[\/et_pb_text][\/et_pb_column][et_pb_column type=&raquo;1_3&#8243;][et_pb_text admin_label=&raquo;Svenja&raquo; background_layout=&raquo;light&raquo; text_orientation=&raquo;left&raquo; use_border_color=&raquo;off&raquo; border_style=&raquo;solid&raquo; disabled=&raquo;off&raquo;]<\/p>\n<hr \/>\n<p style=\"text-align: left;\">M\u00e5lsetninger med\u00a0veiledning i praksisstudier.<\/p>\n<p><div class='et-box et-bio'>\n\t\t\t\t\t<div class='et-box-content'><strong>Refleksjonssp\u00f8rsm\u00e5l:<\/strong><\/p>\n<p>&nbsp;<\/p>\n<p><em>Refleksjonssp\u00f8rsm\u00e5l til student;<\/em><\/p>\n<ul>\n<li>Hva er viktig for deg i veiledning?<\/li>\n<li>Hva mener du er hensikten med veiledningen?<\/li>\n<li>Hva kan du selv bidra med for \u00e5 oppn\u00e5 hensikten?<\/li>\n<\/ul>\n<p><em>Refleksjonssp\u00f8rsm\u00e5l til veileder:<\/em><\/p>\n<ul>\n<li>Hvem er studenten?<\/li>\n<li>Hva skal l\u00e6res?<\/li>\n<li>Hva er veiledning?<\/li>\n<li>Hvordan tror jeg mennesker l\u00e6rer?<\/li>\n<\/ul><\/div><\/div> [\/et_pb_text][\/et_pb_column][\/et_pb_row][\/et_pb_section]<\/p>\n","protected":false},"excerpt":{"rendered":"<p>Studentenes rolle i veiledning Hva kan du l\u00e6re i praksis? Introduksjon til\u00a0modul 2 Hensikten med denne modulen er \u00e5 \u00f8ke din forst\u00e5else av hva veiledning i praksisstudier er, og hva som er din rolle i veiledning.\u00a0Kunnskap om veiledning\u00a0er viktig for at ditt l\u00e6ringsutbytte blir best mulig. I denne modulen f\u00e5r du ogs\u00e5\u00a0kjennskap til begrepene summativ [&hellip;]<\/p>\n","protected":false},"author":7,"featured_media":0,"parent":0,"menu_order":0,"comment_status":"closed","ping_status":"closed","template":"","meta":{"_et_pb_use_builder":"on","_et_pb_old_content":"","_et_gb_content_width":"","footnotes":""},"class_list":["post-133","page","type-page","status-publish","hentry"],"yoast_head":"<!-- This site is optimized with the Yoast SEO plugin v27.4 - https:\/\/yoast.com\/product\/yoast-seo-wordpress\/ -->\n<title>Modul 2 - Veilederrollen - kvalitet i praksis<\/title>\n<meta name=\"robots\" content=\"index, follow, max-snippet:-1, max-image-preview:large, max-video-preview:-1\" \/>\n<link rel=\"canonical\" href=\"https:\/\/result.uit.no\/kip\/133-2\/\" \/>\n<meta property=\"og:locale\" content=\"nb_NO\" \/>\n<meta property=\"og:type\" content=\"article\" \/>\n<meta property=\"og:title\" content=\"Modul 2 - Veilederrollen - kvalitet i praksis\" \/>\n<meta property=\"og:description\" content=\"Studentenes rolle i veiledning Hva kan du l\u00e6re i praksis? Introduksjon til\u00a0modul 2 Hensikten med denne modulen er \u00e5 \u00f8ke din forst\u00e5else av hva veiledning i praksisstudier er, og hva som er din rolle i veiledning.\u00a0Kunnskap om veiledning\u00a0er viktig for at ditt l\u00e6ringsutbytte blir best mulig. I denne modulen f\u00e5r du ogs\u00e5\u00a0kjennskap til begrepene summativ [&hellip;]\" \/>\n<meta property=\"og:url\" content=\"https:\/\/result.uit.no\/kip\/133-2\/\" \/>\n<meta property=\"og:site_name\" content=\"kvalitet i praksis\" \/>\n<meta property=\"article:publisher\" content=\"https:\/\/www.facebook.com\/UniTromso\/\" \/>\n<meta property=\"article:modified_time\" content=\"2017-03-21T17:25:34+00:00\" \/>\n<meta name=\"twitter:card\" content=\"summary_large_image\" \/>\n<meta name=\"twitter:label1\" content=\"Ansl. lesetid\" \/>\n\t<meta name=\"twitter:data1\" content=\"7 minutter\" \/>\n<script type=\"application\/ld+json\" class=\"yoast-schema-graph\">{\"@context\":\"https:\\\/\\\/schema.org\",\"@graph\":[{\"@type\":\"WebPage\",\"@id\":\"https:\\\/\\\/result.uit.no\\\/kip\\\/133-2\\\/\",\"url\":\"https:\\\/\\\/result.uit.no\\\/kip\\\/133-2\\\/\",\"name\":\"Modul 2 - Veilederrollen - kvalitet i praksis\",\"isPartOf\":{\"@id\":\"https:\\\/\\\/result.uit.no\\\/kip\\\/#website\"},\"datePublished\":\"2017-02-13T17:52:50+00:00\",\"dateModified\":\"2017-03-21T17:25:34+00:00\",\"breadcrumb\":{\"@id\":\"https:\\\/\\\/result.uit.no\\\/kip\\\/133-2\\\/#breadcrumb\"},\"inLanguage\":\"nb-NO\",\"potentialAction\":[{\"@type\":\"ReadAction\",\"target\":[\"https:\\\/\\\/result.uit.no\\\/kip\\\/133-2\\\/\"]}]},{\"@type\":\"BreadcrumbList\",\"@id\":\"https:\\\/\\\/result.uit.no\\\/kip\\\/133-2\\\/#breadcrumb\",\"itemListElement\":[{\"@type\":\"ListItem\",\"position\":1,\"name\":\"Hjem\",\"item\":\"https:\\\/\\\/result.uit.no\\\/kip\\\/\"},{\"@type\":\"ListItem\",\"position\":2,\"name\":\"Modul 2 &#8211; Veilederrollen\"}]},{\"@type\":\"WebSite\",\"@id\":\"https:\\\/\\\/result.uit.no\\\/kip\\\/#website\",\"url\":\"https:\\\/\\\/result.uit.no\\\/kip\\\/\",\"name\":\"kvalitet i praksis\",\"description\":\"praksisportalen\",\"publisher\":{\"@id\":\"https:\\\/\\\/result.uit.no\\\/kip\\\/#organization\"},\"potentialAction\":[{\"@type\":\"SearchAction\",\"target\":{\"@type\":\"EntryPoint\",\"urlTemplate\":\"https:\\\/\\\/result.uit.no\\\/kip\\\/?s={search_term_string}\"},\"query-input\":{\"@type\":\"PropertyValueSpecification\",\"valueRequired\":true,\"valueName\":\"search_term_string\"}}],\"inLanguage\":\"nb-NO\"},{\"@type\":\"Organization\",\"@id\":\"https:\\\/\\\/result.uit.no\\\/kip\\\/#organization\",\"name\":\"Universitetet i Troms\u00f8\",\"url\":\"https:\\\/\\\/result.uit.no\\\/kip\\\/\",\"logo\":{\"@type\":\"ImageObject\",\"inLanguage\":\"nb-NO\",\"@id\":\"https:\\\/\\\/result.uit.no\\\/kip\\\/#\\\/schema\\\/logo\\\/image\\\/\",\"url\":\"https:\\\/\\\/result.uit.no\\\/kip\\\/wp-content\\\/uploads\\\/sites\\\/38\\\/2017\\\/02\\\/UiT_samarbeidslogo_bokmal_300ppi.png\",\"contentUrl\":\"https:\\\/\\\/result.uit.no\\\/kip\\\/wp-content\\\/uploads\\\/sites\\\/38\\\/2017\\\/02\\\/UiT_samarbeidslogo_bokmal_300ppi.png\",\"width\":399,\"height\":403,\"caption\":\"Universitetet i Troms\u00f8\"},\"image\":{\"@id\":\"https:\\\/\\\/result.uit.no\\\/kip\\\/#\\\/schema\\\/logo\\\/image\\\/\"},\"sameAs\":[\"https:\\\/\\\/www.facebook.com\\\/UniTromso\\\/\"]}]}<\/script>\n<!-- \/ Yoast SEO plugin. -->","yoast_head_json":{"title":"Modul 2 - Veilederrollen - kvalitet i praksis","robots":{"index":"index","follow":"follow","max-snippet":"max-snippet:-1","max-image-preview":"max-image-preview:large","max-video-preview":"max-video-preview:-1"},"canonical":"https:\/\/result.uit.no\/kip\/133-2\/","og_locale":"nb_NO","og_type":"article","og_title":"Modul 2 - Veilederrollen - kvalitet i praksis","og_description":"Studentenes rolle i veiledning Hva kan du l\u00e6re i praksis? Introduksjon til\u00a0modul 2 Hensikten med denne modulen er \u00e5 \u00f8ke din forst\u00e5else av hva veiledning i praksisstudier er, og hva som er din rolle i veiledning.\u00a0Kunnskap om veiledning\u00a0er viktig for at ditt l\u00e6ringsutbytte blir best mulig. I denne modulen f\u00e5r du ogs\u00e5\u00a0kjennskap til begrepene summativ [&hellip;]","og_url":"https:\/\/result.uit.no\/kip\/133-2\/","og_site_name":"kvalitet i praksis","article_publisher":"https:\/\/www.facebook.com\/UniTromso\/","article_modified_time":"2017-03-21T17:25:34+00:00","twitter_card":"summary_large_image","twitter_misc":{"Ansl. lesetid":"7 minutter"},"schema":{"@context":"https:\/\/schema.org","@graph":[{"@type":"WebPage","@id":"https:\/\/result.uit.no\/kip\/133-2\/","url":"https:\/\/result.uit.no\/kip\/133-2\/","name":"Modul 2 - Veilederrollen - kvalitet i praksis","isPartOf":{"@id":"https:\/\/result.uit.no\/kip\/#website"},"datePublished":"2017-02-13T17:52:50+00:00","dateModified":"2017-03-21T17:25:34+00:00","breadcrumb":{"@id":"https:\/\/result.uit.no\/kip\/133-2\/#breadcrumb"},"inLanguage":"nb-NO","potentialAction":[{"@type":"ReadAction","target":["https:\/\/result.uit.no\/kip\/133-2\/"]}]},{"@type":"BreadcrumbList","@id":"https:\/\/result.uit.no\/kip\/133-2\/#breadcrumb","itemListElement":[{"@type":"ListItem","position":1,"name":"Hjem","item":"https:\/\/result.uit.no\/kip\/"},{"@type":"ListItem","position":2,"name":"Modul 2 &#8211; Veilederrollen"}]},{"@type":"WebSite","@id":"https:\/\/result.uit.no\/kip\/#website","url":"https:\/\/result.uit.no\/kip\/","name":"kvalitet i praksis","description":"praksisportalen","publisher":{"@id":"https:\/\/result.uit.no\/kip\/#organization"},"potentialAction":[{"@type":"SearchAction","target":{"@type":"EntryPoint","urlTemplate":"https:\/\/result.uit.no\/kip\/?s={search_term_string}"},"query-input":{"@type":"PropertyValueSpecification","valueRequired":true,"valueName":"search_term_string"}}],"inLanguage":"nb-NO"},{"@type":"Organization","@id":"https:\/\/result.uit.no\/kip\/#organization","name":"Universitetet i Troms\u00f8","url":"https:\/\/result.uit.no\/kip\/","logo":{"@type":"ImageObject","inLanguage":"nb-NO","@id":"https:\/\/result.uit.no\/kip\/#\/schema\/logo\/image\/","url":"https:\/\/result.uit.no\/kip\/wp-content\/uploads\/sites\/38\/2017\/02\/UiT_samarbeidslogo_bokmal_300ppi.png","contentUrl":"https:\/\/result.uit.no\/kip\/wp-content\/uploads\/sites\/38\/2017\/02\/UiT_samarbeidslogo_bokmal_300ppi.png","width":399,"height":403,"caption":"Universitetet i Troms\u00f8"},"image":{"@id":"https:\/\/result.uit.no\/kip\/#\/schema\/logo\/image\/"},"sameAs":["https:\/\/www.facebook.com\/UniTromso\/"]}]}},"_links":{"self":[{"href":"https:\/\/result.uit.no\/kip\/wp-json\/wp\/v2\/pages\/133","targetHints":{"allow":["GET"]}}],"collection":[{"href":"https:\/\/result.uit.no\/kip\/wp-json\/wp\/v2\/pages"}],"about":[{"href":"https:\/\/result.uit.no\/kip\/wp-json\/wp\/v2\/types\/page"}],"author":[{"embeddable":true,"href":"https:\/\/result.uit.no\/kip\/wp-json\/wp\/v2\/users\/7"}],"replies":[{"embeddable":true,"href":"https:\/\/result.uit.no\/kip\/wp-json\/wp\/v2\/comments?post=133"}],"version-history":[{"count":0,"href":"https:\/\/result.uit.no\/kip\/wp-json\/wp\/v2\/pages\/133\/revisions"}],"wp:attachment":[{"href":"https:\/\/result.uit.no\/kip\/wp-json\/wp\/v2\/media?parent=133"}],"curies":[{"name":"wp","href":"https:\/\/api.w.org\/{rel}","templated":true}]}}