{"id":158,"date":"2024-05-24T00:08:06","date_gmt":"2024-05-23T22:08:06","guid":{"rendered":"https:\/\/result.uit.no\/ilp-ressurser\/?page_id=158"},"modified":"2024-05-30T17:48:25","modified_gmt":"2024-05-30T15:48:25","slug":"program-og-pamelding","status":"publish","type":"page","link":"https:\/\/result.uit.no\/ilp-ressurser\/program-og-pamelding\/","title":{"rendered":"Program og p\u00e5melding"},"content":{"rendered":"<p>[et_pb_section fb_built=&raquo;1&#8243; custom_padding_last_edited=&raquo;on|desktop&raquo; admin_label=&raquo;Header&raquo; _builder_version=&raquo;4.25.1&#8243; background_enable_image=&raquo;off&raquo; background_size=&raquo;custom&raquo; custom_padding=&raquo;110px||19px||false|false&raquo; custom_padding_tablet=&raquo;140px|0px|50px|0px|false|false&raquo; custom_padding_phone=&raquo;120px|||&raquo; top_divider_style=&raquo;slant2&#8243; top_divider_color=&raquo;rgba(1,160,115,0.08)&raquo; bottom_divider_style=&raquo;ramp2&#8243; bottom_divider_color=&raquo;rgba(1,160,115,0.08)&raquo; global_colors_info=&raquo;{}&raquo;][et_pb_row _builder_version=&raquo;4.16&#8243; max_width=&raquo;1280px&raquo; use_custom_width=&raquo;on&raquo; custom_width_px=&raquo;1280px&raquo; global_colors_info=&raquo;{}&raquo;][et_pb_column type=&raquo;4_4&#8243; _builder_version=&raquo;4.16&#8243; custom_padding=&raquo;|||&raquo; global_colors_info=&raquo;{}&raquo; custom_padding__hover=&raquo;|||&raquo;][et_pb_text _builder_version=&raquo;4.25.1&#8243; text_font=&raquo;||||||||&raquo; text_font_size=&raquo;18px&raquo; text_line_height=&raquo;2em&raquo; header_font=&raquo;EB Garamond||||||||&raquo; header_font_size=&raquo;60px&raquo; header_line_height=&raquo;1.3em&raquo; text_font_size_tablet=&raquo;&raquo; text_font_size_phone=&raquo;15px&raquo; text_font_size_last_edited=&raquo;on|phone&raquo; text_line_height_tablet=&raquo;&raquo; text_line_height_phone=&raquo;1.6em&raquo; text_line_height_last_edited=&raquo;on|phone&raquo; header_font_size_tablet=&raquo;50px&raquo; header_font_size_phone=&raquo;32px&raquo; header_font_size_last_edited=&raquo;on|phone&raquo; global_colors_info=&raquo;{}&raquo;]<\/p>\n<h1>Vi h\u00e5per du har funnet noe som frister!<\/h1>\n<p>Meld deg opp til de \u00f8ktene som frister, men husk at det er f\u00f8rstemann til m\u00f8lla-prinsippet som gjelder!<\/p>\n<p>&nbsp;<\/p>\n<p>&nbsp;<\/p>\n<p>[\/et_pb_text][\/et_pb_column][\/et_pb_row][\/et_pb_section][et_pb_section fb_built=&raquo;1&#8243; admin_label=&raquo;Courses&raquo; _builder_version=&raquo;4.25.1&#8243; custom_padding=&raquo;50px|0px|50px|0px|false|false&raquo; top_divider_style=&raquo;slant2&#8243; top_divider_color=&raquo;rgba(1,160,115,0.08)&raquo; top_divider_height=&raquo;50px&raquo; top_divider_arrangement=&raquo;above_content&raquo; bottom_divider_style=&raquo;ramp2&#8243; bottom_divider_color=&raquo;rgba(1,160,115,0.08)&raquo; bottom_divider_height=&raquo;50px&raquo; bottom_divider_arrangement=&raquo;above_content&raquo; global_colors_info=&raquo;{}&raquo;][et_pb_row _builder_version=&raquo;4.16&#8243; global_colors_info=&raquo;{}&raquo;][et_pb_column type=&raquo;4_4&#8243; _builder_version=&raquo;4.16&#8243; custom_padding=&raquo;|||&raquo; global_colors_info=&raquo;{}&raquo; custom_padding__hover=&raquo;|||&raquo;][et_pb_text _builder_version=&raquo;4.25.1&#8243; text_font=&raquo;EB Garamond|700|||||||&raquo; text_text_color=&raquo;rgba(0,0,0,0.02)&raquo; text_font_size=&raquo;80px&raquo; text_line_height=&raquo;0em&raquo; header_2_font=&raquo;EB Garamond||||||||&raquo; header_2_font_size=&raquo;50px&raquo; header_2_line_height=&raquo;1.3em&raquo; text_orientation=&raquo;center&raquo; text_font_size_tablet=&raquo;50px&raquo; text_font_size_phone=&raquo;30px&raquo; text_font_size_last_edited=&raquo;on|desktop&raquo; header_2_font_size_tablet=&raquo;40px&raquo; header_2_font_size_phone=&raquo;30px&raquo; header_2_font_size_last_edited=&raquo;on|phone&raquo; global_colors_info=&raquo;{}&raquo;][\/et_pb_text][et_pb_text _builder_version=&raquo;4.25.1&#8243; _module_preset=&raquo;default&raquo; global_colors_info=&raquo;{}&raquo;]<\/p>\n<p>Dagen vil starte med en felles \u00f8kt i Teorifagbygget. Deretter g\u00e5r vi videre til de \u00f8ktene du har valgt. Du skal velge 5 \u00f8kter*, samt lunsj. Du m\u00e5 selv passe p\u00e5 at du ikke melder deg opp til andre poster under lunsjen eller samme \u00f8kt flere ganger.<\/p>\n<p>P\u00e5 hver \u00f8kt vil du f\u00e5 et stempel i kortet du f\u00e5r p\u00e5 den f\u00f8rste felles\u00f8kten. N\u00e5r dagen er over leverer du kortet i en postkasse nede i f\u00f8rste etasje. Etter karrieredagen vil det bli trukket en vinner blant de som har stempel fra alle 5* \u00f8ktene man deltok p\u00e5.<\/p>\n<p>* Et av foredragene g\u00e5r over 2 \u00f8kter, s\u00e5 om man deltar p\u00e5 det kan man bare velge 4 \u00f8kter.<\/p>\n<p>Denne siden er ikke tilpasset mobil s\u00e5 det anbefaler at du bruker PC eller nettbrett for \u00e5 melde deg p\u00e5 de ulike postene.<\/p>\n<p>&nbsp;<\/p>\n<h6><a href=\"https:\/\/nettskjema.no\/a\/432485\" target=\"_blank\" rel=\"noopener\"><span style=\"color: #800000\"><strong>L\u00e6rere m\u00e5 melde seg opp til hvilke \u00f8kter de vil delta p\u00e5 her.<\/strong><\/span><\/a><\/h6>\n<p>[\/et_pb_text][\/et_pb_column][\/et_pb_row][et_pb_row _builder_version=&raquo;4.25.1&#8243; _module_preset=&raquo;default&raquo; global_colors_info=&raquo;{}&raquo;][et_pb_column type=&raquo;4_4&#8243; _builder_version=&raquo;4.25.1&#8243; _module_preset=&raquo;default&raquo; global_colors_info=&raquo;{}&raquo;][et_pb_toggle title=&raquo;\u00d8kt 1 (10.30-11.00)&raquo; _builder_version=&raquo;4.25.1&#8243; _module_preset=&raquo;default&raquo; global_colors_info=&raquo;{}&raquo;]<\/p>\n<p>Trykk p\u00e5 lenken for \u00e5 g\u00e5 til p\u00e5melding.<\/p>\n<p>&nbsp;<\/p>\n<table border=\"0\" style=\"width: 100%;border-collapse: collapse;border-style: none;margin-left: auto;margin-right: auto;height: 96px\">\n<tbody>\n<tr style=\"height: 24px\">\n<td style=\"width: 34.4203%;height: 24px\"><a href=\"https:\/\/nettskjema.no\/a\/432421\" target=\"_blank\" rel=\"noopener\">Fremtidssmia p\u00e5 ILP<\/a><\/td>\n<td style=\"width: 32.2463%;height: 24px\"><a href=\"https:\/\/nettskjema.no\/a\/432425\" target=\"_blank\" rel=\"noopener\">Forelesning: H\u00f8yere utdanning og me, myself and I<\/a><\/td>\n<td style=\"width: 33.3333%;height: 24px\"><a href=\"https:\/\/nettskjema.no\/a\/432426\" target=\"_blank\" rel=\"noopener\">Minikonsert <span style=\"color: #d62828\">(ingen ledige plasser)<\/span><\/a><\/td>\n<\/tr>\n<tr style=\"height: 24px\">\n<td style=\"width: 34.4203%;height: 24px\"><a href=\"https:\/\/nettskjema.no\/a\/432427\" target=\"_blank\" rel=\"noopener\">Workshop: Hva tenker du om karrierevalg?<\/a><\/td>\n<td style=\"width: 32.2463%;height: 24px\"><a href=\"https:\/\/nettskjema.no\/a\/432428\" target=\"_blank\" rel=\"noopener\">Tips og triks for studie og eksamen<\/a><\/td>\n<td style=\"width: 33.3333%;height: 24px\"><a href=\"https:\/\/nettskjema.no\/a\/432429\" target=\"_blank\" rel=\"noopener\">Hvordan er det <em>egentlig<\/em> \u00e5 v\u00e6re student?<\/a><\/td>\n<\/tr>\n<tr style=\"height: 24px\">\n<td style=\"width: 34.4203%;height: 24px\"><a href=\"https:\/\/nettskjema.no\/a\/432430\" target=\"_blank\" rel=\"noopener\">Praksis (i Norge og utlandet)<\/a><\/td>\n<td style=\"width: 32.2463%;height: 24px\"><a href=\"https:\/\/nettskjema.no\/a\/432431\" target=\"_blank\" rel=\"noopener\">Studer i utlandet! <span style=\"color: #d62828\">(ingen ledige plasser)<\/span><\/a><\/td>\n<td style=\"width: 33.3333%;height: 24px\"><a href=\"https:\/\/nettskjema.no\/a\/432432\" target=\"_blank\" rel=\"noopener\">Pr\u00f8v pickleball! <\/a><a href=\"https:\/\/nettskjema.no\/a\/432426\" target=\"_blank\" rel=\"noopener\"><span style=\"color: #d62828\">(ingen ledige plasser)<\/span><\/a><a href=\"https:\/\/nettskjema.no\/a\/432432\" target=\"_blank\" rel=\"noopener\"><\/a><\/td>\n<\/tr>\n<tr style=\"height: 24px\">\n<td style=\"width: 34.4203%;height: 24px\"><a href=\"https:\/\/nettskjema.no\/a\/432433\" target=\"_blank\" rel=\"noopener\">Kan vi bruke generativ KI for \u00e5 skape noe p\u00e5 en &laquo;riktig&raquo; m\u00e5te?<\/a><\/td>\n<td style=\"width: 32.2463%;height: 24px\"><a href=\"https:\/\/nettskjema.no\/a\/432423\" target=\"_blank\" rel=\"noopener\">Quiz! <\/a><a href=\"https:\/\/nettskjema.no\/a\/432426\" target=\"_blank\" rel=\"noopener\"><span style=\"color: #d62828\">(ingen ledige plasser)<\/span><\/a><a href=\"https:\/\/nettskjema.no\/a\/432423\" target=\"_blank\" rel=\"noopener\"><\/a><\/td>\n<td style=\"width: 33.3333%;height: 24px\"><\/td>\n<\/tr>\n<\/tbody>\n<\/table>\n<p>[\/et_pb_toggle][\/et_pb_column][\/et_pb_row][et_pb_row _builder_version=&raquo;4.25.1&#8243; _module_preset=&raquo;default&raquo; global_colors_info=&raquo;{}&raquo;][et_pb_column type=&raquo;4_4&#8243; _builder_version=&raquo;4.25.1&#8243; _module_preset=&raquo;default&raquo; global_colors_info=&raquo;{}&raquo;][et_pb_toggle title=&raquo;\u00d8kt 2 (11.00-11.30) &#8211; Kun lunsj tilgjengelig&raquo; _builder_version=&raquo;4.25.1&#8243; _module_preset=&raquo;default&raquo; global_colors_info=&raquo;{}&raquo;]<\/p>\n<p>Trykk p\u00e5 lenken for \u00e5 g\u00e5 til p\u00e5melding.<\/p>\n<p>&nbsp;<\/p>\n<table border=\"0\" style=\"width: 100%;border-collapse: collapse;border-style: none;margin-left: auto;margin-right: auto\">\n<tbody>\n<tr style=\"height: 24px\">\n<td style=\"width: 33.3333%;height: 24px\"><a href=\"https:\/\/nettskjema.no\/a\/432434\" target=\"_blank\" rel=\"noopener\">Fremtidssmia p\u00e5 ILP <\/a><a href=\"https:\/\/nettskjema.no\/a\/432436\" target=\"_blank\" rel=\"noopener\"><span style=\"color: #d62828\">(ingen ledige plasser)<\/span><\/a><a href=\"https:\/\/nettskjema.no\/a\/432434\" target=\"_blank\" rel=\"noopener\"><\/a><\/td>\n<td style=\"width: 33.3333%;height: 24px\"><a href=\"https:\/\/nettskjema.no\/a\/432436\" target=\"_blank\" rel=\"noopener\">Workshop: Hva tenker du om karrierevalg? <span style=\"color: #d62828\">(ingen ledige plasser)<\/span><\/a><\/td>\n<td style=\"width: 33.3333%;height: 24px\"><a href=\"https:\/\/nettskjema.no\/a\/432437\" target=\"_blank\" rel=\"noopener\">Tips og triks for studie og eksamen <\/a><a href=\"https:\/\/nettskjema.no\/a\/432436\" target=\"_blank\" rel=\"noopener\"><span style=\"color: #d62828\">(ingen ledige plasser)<\/span><\/a><a href=\"https:\/\/nettskjema.no\/a\/432437\" target=\"_blank\" rel=\"noopener\"><\/a><a href=\"https:\/\/nettskjema.no\/a\/432437\" target=\"_blank\" rel=\"noopener\"><\/a><\/td>\n<\/tr>\n<tr style=\"height: 24px\">\n<td style=\"width: 33.3333%;height: 24px\"><a href=\"https:\/\/nettskjema.no\/a\/432439\" target=\"_blank\" rel=\"noopener\" title=\"Pr\u00f8v pickleball!\">Pickleball <span style=\"color: #d62828\">(ingen ledige plasser)<\/span><\/a><\/td>\n<td style=\"width: 33.3333%;height: 24px\"><a href=\"https:\/\/nettskjema.no\/a\/432440\" target=\"_blank\" rel=\"noopener\">Kan vi bruke generativ KI for \u00e5 skape noe p\u00e5 en &laquo;riktig&raquo; m\u00e5te? <\/a><a href=\"https:\/\/nettskjema.no\/a\/432436\" target=\"_blank\" rel=\"noopener\"><span style=\"color: #d62828\">(ingen ledige plasser)<\/span><\/a><a href=\"https:\/\/nettskjema.no\/a\/432440\" target=\"_blank\" rel=\"noopener\"><\/a><\/td>\n<td style=\"width: 33.3333%;height: 24px\"><a href=\"https:\/\/nettskjema.no\/a\/432441\" target=\"_blank\" rel=\"noopener\">Spr\u00e5kverksted! <\/a><a href=\"https:\/\/nettskjema.no\/a\/432436\" target=\"_blank\" rel=\"noopener\"><span style=\"color: #d62828\">(ingen ledige plasser)<\/span><\/a><a href=\"https:\/\/nettskjema.no\/a\/432441\" target=\"_blank\" rel=\"noopener\"><\/a><\/td>\n<\/tr>\n<tr style=\"height: 24px\">\n<td style=\"width: 33.3333%;height: 24px\"><a href=\"https:\/\/nettskjema.no\/a\/432435\" target=\"_blank\" rel=\"noopener\">Tidlig lunsj<\/a> <span style=\"color: #9b1200\">NB! g\u00e5r over to \u00f8kter<\/span><\/td>\n<td style=\"width: 33.3333%;height: 24px\"><\/td>\n<td style=\"width: 33.3333%;height: 24px\"><\/td>\n<\/tr>\n<\/tbody>\n<\/table>\n<p>[\/et_pb_toggle][\/et_pb_column][\/et_pb_row][et_pb_row _builder_version=&raquo;4.25.1&#8243; _module_preset=&raquo;default&raquo; global_colors_info=&raquo;{}&raquo;][et_pb_column type=&raquo;4_4&#8243; _builder_version=&raquo;4.25.1&#8243; _module_preset=&raquo;default&raquo; global_colors_info=&raquo;{}&raquo;][et_pb_toggle title=&raquo;\u00d8kt 3 (11.30-12.00) &#8211; ingen ledige plasser&raquo; _builder_version=&raquo;4.25.1&#8243; _module_preset=&raquo;default&raquo; global_colors_info=&raquo;{}&raquo;]<\/p>\n<p>Trykk p\u00e5 lenken for \u00e5 g\u00e5 til p\u00e5melding.<\/p>\n<p><span style=\"color: #660000\">Om du har meldt deg p\u00e5 tidlig lunsj trenger du ikke \u00e5 velge noe p\u00e5 denne \u00f8kta.\u00a0<\/span><\/p>\n<p>&nbsp;<\/p>\n<table border=\"0\" style=\"width: 100%;border-collapse: collapse;border-style: none;margin-left: auto;margin-right: auto\">\n<tbody>\n<tr style=\"height: 24px\">\n<td style=\"width: 33.3333%;height: 24px\"><a href=\"https:\/\/nettskjema.no\/a\/432444\" target=\"_blank\" rel=\"noopener\">Hvordan er det egentlig \u00e5 v\u00e6re student? <\/a><a href=\"https:\/\/nettskjema.no\/a\/432448\" target=\"_blank\" rel=\"noopener\" title=\"Studer i utlandet!\"><span style=\"color: #d62828\">(ingen ledige plasser)<\/span><\/a><a href=\"https:\/\/nettskjema.no\/a\/432444\" target=\"_blank\" rel=\"noopener\"><\/a><\/td>\n<td style=\"width: 33.3333%;height: 24px\"><a href=\"https:\/\/nettskjema.no\/a\/432445\" target=\"_blank\" rel=\"noopener\">Praksis (i Norge og utlandet) <\/a><a href=\"https:\/\/nettskjema.no\/a\/432448\" target=\"_blank\" rel=\"noopener\" title=\"Studer i utlandet!\"><span style=\"color: #d62828\">(ingen ledige plasser)<\/span><\/a><a href=\"https:\/\/nettskjema.no\/a\/432445\" target=\"_blank\" rel=\"noopener\"><\/a><\/td>\n<td style=\"width: 33.3333%;height: 24px\"><a href=\"https:\/\/nettskjema.no\/a\/432448\" target=\"_blank\" rel=\"noopener\" title=\"Studer i utlandet!\">Utveksling <span style=\"color: #d62828\">(ingen ledige plasser)<\/span><\/a><\/td>\n<\/tr>\n<tr style=\"height: 24px\">\n<td style=\"width: 33.3333%;height: 24px\"><a href=\"https:\/\/nettskjema.no\/a\/432446\" target=\"_blank\" rel=\"noopener\">Spr\u00e5kverksted! <\/a><a href=\"https:\/\/nettskjema.no\/a\/432448\" target=\"_blank\" rel=\"noopener\" title=\"Studer i utlandet!\"><span style=\"color: #d62828\">(ingen ledige plasser)<\/span><\/a><a href=\"https:\/\/nettskjema.no\/a\/432446\" target=\"_blank\" rel=\"noopener\"><\/a><\/td>\n<td style=\"width: 33.3333%;height: 24px\"><a href=\"https:\/\/nettskjema.no\/a\/432447\" target=\"_blank\" rel=\"noopener\">En pedagogikkstudents erfaringer <\/a><a href=\"https:\/\/nettskjema.no\/a\/432448\" target=\"_blank\" rel=\"noopener\" title=\"Studer i utlandet!\"><span style=\"color: #d62828\">(ingen ledige plasser)<\/span><\/a><a href=\"https:\/\/nettskjema.no\/a\/432447\" target=\"_blank\" rel=\"noopener\"><\/a><\/td>\n<td style=\"width: 33.3333%;height: 24px\"><\/td>\n<\/tr>\n<\/tbody>\n<\/table>\n<p>[\/et_pb_toggle][\/et_pb_column][\/et_pb_row][et_pb_row _builder_version=&raquo;4.25.1&#8243; _module_preset=&raquo;default&raquo; global_colors_info=&raquo;{}&raquo;][et_pb_column type=&raquo;4_4&#8243; _builder_version=&raquo;4.25.1&#8243; _module_preset=&raquo;default&raquo; global_colors_info=&raquo;{}&raquo;][et_pb_toggle title=&raquo;\u00d8kt 4 (12.00-12.30)&raquo; _builder_version=&raquo;4.25.1&#8243; _module_preset=&raquo;default&raquo; global_colors_info=&raquo;{}&raquo;]<\/p>\n<p>Trykk p\u00e5 lenken for \u00e5 g\u00e5 til p\u00e5melding.<\/p>\n<p>&nbsp;<\/p>\n<table border=\"0\" style=\"width: 100%;border-collapse: collapse;border-style: none;margin-left: auto;margin-right: auto\">\n<tbody>\n<tr style=\"height: 24px\">\n<td style=\"width: 33.3333%;height: 24px\"><a href=\"https:\/\/nettskjema.no\/a\/432443\" target=\"_blank\" rel=\"noopener\">Fremtidssmia p\u00e5 ILP<\/a><\/td>\n<td style=\"width: 33.3333%;height: 24px\"><a href=\"https:\/\/nettskjema.no\/a\/432451\" target=\"_blank\" rel=\"noopener\">Quiz! <span style=\"color: #d62828\">(ingen ledige plasser)<\/span><\/a><\/td>\n<td style=\"width: 33.3333%;height: 24px\"><a href=\"https:\/\/nettskjema.no\/a\/432452\">Drama, lek og l\u00e6ring<\/a><\/td>\n<\/tr>\n<tr style=\"height: 24px\">\n<td style=\"width: 33.3333%;height: 24px\"><a href=\"https:\/\/nettskjema.no\/a\/432453\" target=\"_blank\" rel=\"noopener\">En pedagogikkstudents erfaringer<\/a><\/td>\n<td style=\"width: 33.3333%;height: 24px\"><a href=\"https:\/\/nettskjema.no\/a\/432454\" target=\"_blank\" rel=\"noopener\">\u00c5 v\u00e6re l\u00e6rer: en \u00e6rlig innsikt i undervisningens gleder og utfordringer<\/a><\/td>\n<td style=\"width: 33.3333%;height: 24px\"><a href=\"https:\/\/nettskjema.no\/a\/432455\" target=\"_blank\" rel=\"noopener\">Et innblikk i en barnehagel\u00e6rers hverdag<\/a><\/td>\n<\/tr>\n<tr style=\"height: 24px\">\n<td style=\"width: 33.3333%;height: 24px\"><a href=\"https:\/\/nettskjema.no\/a\/432449\" target=\"_blank\" rel=\"noopener\">Sen lunsj<\/a>. <span style=\"color: #9b1200\">NB! g\u00e5r over to \u00f8kter<\/span><\/td>\n<td style=\"width: 33.3333%;height: 24px\"><\/td>\n<td style=\"width: 33.3333%;height: 24px\"><\/td>\n<\/tr>\n<\/tbody>\n<\/table>\n<p>[\/et_pb_toggle][\/et_pb_column][\/et_pb_row][et_pb_row _builder_version=&raquo;4.25.1&#8243; _module_preset=&raquo;default&raquo; global_colors_info=&raquo;{}&raquo;][et_pb_column type=&raquo;4_4&#8243; _builder_version=&raquo;4.25.1&#8243; _module_preset=&raquo;default&raquo; global_colors_info=&raquo;{}&raquo;][et_pb_toggle title=&raquo;\u00d8kt 5 (12.30-13.00)&raquo; _builder_version=&raquo;4.25.1&#8243; _module_preset=&raquo;default&raquo; global_colors_info=&raquo;{}&raquo;]<\/p>\n<p>Trykk p\u00e5 lenken for \u00e5 g\u00e5 til p\u00e5melding.<\/p>\n<p>&nbsp;<\/p>\n<table border=\"0\" style=\"width: 100%;border-collapse: collapse;border-style: none;margin-left: auto;margin-right: auto\">\n<tbody>\n<tr style=\"height: 24px\">\n<td style=\"width: 33.3333%;height: 24px\"><a href=\"https:\/\/nettskjema.no\/a\/432450\" target=\"_blank\" rel=\"noopener\">Fremtidssmia p\u00e5 ILP<\/a><\/td>\n<td style=\"width: 33.3333%;height: 24px\"><a href=\"https:\/\/nettskjema.no\/a\/432456\" target=\"_blank\" rel=\"noopener\">Quiz!<\/a><\/td>\n<td style=\"width: 33.3333%;height: 24px\"><a href=\"https:\/\/nettskjema.no\/a\/432457\" target=\"_blank\" rel=\"noopener\">Minikonsert<\/a><\/td>\n<\/tr>\n<tr style=\"height: 24px\">\n<td style=\"width: 33.3333%;height: 24px\"><a href=\"https:\/\/nettskjema.no\/a\/432458\" target=\"_blank\" rel=\"noopener\">Tips og triks for studie og eksamen<\/a><\/td>\n<td style=\"width: 33.3333%;height: 24px\"><a href=\"https:\/\/nettskjema.no\/a\/432459\" target=\"_blank\" rel=\"noopener\">Pr\u00f8v pickleball! <span style=\"color: #d62828\">(ingen ledige plasser)<\/span><\/a><\/td>\n<td style=\"width: 33.3333%;height: 24px\"><a href=\"https:\/\/nettskjema.no\/a\/432460\" target=\"_blank\" rel=\"noopener\">Spr\u00e5kverksted!<\/a><\/td>\n<\/tr>\n<tr style=\"height: 24px\">\n<td style=\"width: 33.3333%;height: 24px\"><a href=\"https:\/\/nettskjema.no\/a\/432461\" target=\"_blank\" rel=\"noopener\">\u00c5 v\u00e6re l\u00e6rer: en \u00e6rlig innsikt i undervisningens gleder og utfordringer<\/a><\/td>\n<td style=\"width: 33.3333%;height: 24px\"><\/td>\n<td style=\"width: 33.3333%;height: 24px\"><\/td>\n<\/tr>\n<\/tbody>\n<\/table>\n<p><span style=\"color: #660000\">Om du har meldt deg p\u00e5 sen lunsj trenger du ikke \u00e5 velge noe p\u00e5 denne \u00f8kta.\u00a0<\/span><\/p>\n<p>[\/et_pb_toggle][\/et_pb_column][\/et_pb_row][et_pb_row _builder_version=&raquo;4.25.1&#8243; _module_preset=&raquo;default&raquo; global_colors_info=&raquo;{}&raquo;][et_pb_column type=&raquo;4_4&#8243; _builder_version=&raquo;4.25.1&#8243; _module_preset=&raquo;default&raquo; global_colors_info=&raquo;{}&raquo;][et_pb_toggle title=&raquo;\u00d8kt 6 (13.00-13.30)&raquo; _builder_version=&raquo;4.25.1&#8243; _module_preset=&raquo;default&raquo; global_colors_info=&raquo;{}&raquo;]<\/p>\n<p>Trykk p\u00e5 lenken for \u00e5 g\u00e5 til p\u00e5melding.<\/p>\n<p>&nbsp;<\/p>\n<table border=\"0\" style=\"width: 100%;border-collapse: collapse;border-style: none;margin-left: auto;margin-right: auto;height: 96px\">\n<tbody>\n<tr style=\"height: 24px\">\n<td style=\"width: 33.3333%;height: 24px\"><a href=\"https:\/\/nettskjema.no\/a\/432463\" target=\"_blank\" rel=\"noopener\">Fremtidssmia p\u00e5 ILP<\/a><\/td>\n<td style=\"width: 33.3333%;height: 24px\"><a href=\"https:\/\/nettskjema.no\/a\/432464\" target=\"_blank\" rel=\"noopener\">Forelesning &laquo;H\u00f8yere utdanning og me, myself and I&raquo;<\/a><\/td>\n<td style=\"width: 33.3333%;height: 24px\"><a href=\"https:\/\/nettskjema.no\/a\/432465\" target=\"_blank\" rel=\"noopener\">Tips og triks for studie og eksamen <\/a><a href=\"https:\/\/nettskjema.no\/a\/432468\" target=\"_blank\" rel=\"noopener\"><span style=\"color: #d62828\">(ingen ledige plasser)<\/span><\/a><a href=\"https:\/\/nettskjema.no\/a\/432465\" target=\"_blank\" rel=\"noopener\"><\/a><\/td>\n<\/tr>\n<tr style=\"height: 24px\">\n<td style=\"width: 33.3333%;height: 24px\"><a href=\"https:\/\/nettskjema.no\/a\/432466\" target=\"_blank\" rel=\"noopener\">Hvordan er det egentlig \u00e5 v\u00e6re student?<\/a><\/td>\n<td style=\"width: 33.3333%;height: 24px\"><a href=\"https:\/\/nettskjema.no\/a\/432467\" target=\"_blank\" rel=\"noopener\">Praksis<\/a><\/td>\n<td style=\"width: 33.3333%;height: 24px\"><a href=\"https:\/\/nettskjema.no\/a\/432468\" target=\"_blank\" rel=\"noopener\">Pr\u00f8v pickleball! <span style=\"color: #d62828\">(ingen ledige plasser)<\/span><\/a><\/td>\n<\/tr>\n<tr style=\"height: 24px\">\n<td style=\"width: 33.3333%;height: 24px\"><a href=\"https:\/\/nettskjema.no\/a\/432469\" target=\"_blank\" rel=\"noopener\">Samiske temaer og perspektiver for alle<\/a><\/td>\n<td style=\"width: 33.3333%;height: 24px\"><a href=\"https:\/\/nettskjema.no\/a\/432472\" target=\"_blank\" rel=\"noopener\">\u00c5 v\u00e6re l\u00e6rer: en \u00e6rlig innsikt i undervisningens gleder og utfordringer<\/a><\/td>\n<td style=\"width: 33.3333%;height: 24px\"><a href=\"https:\/\/nettskjema.no\/a\/432473\" target=\"_blank\" rel=\"noopener\">Et innblikk i en barnehagel\u00e6rers hverdag<\/a><\/td>\n<\/tr>\n<tr style=\"height: 24px\">\n<td style=\"width: 33.3333%;height: 24px\"><a href=\"https:\/\/nettskjema.no\/a\/432471\" target=\"_blank\" rel=\"noopener\">Skolen som rus- og kriminalitetsforebygger<\/a> (NB! over to \u00f8kter)<\/td>\n<td style=\"width: 33.3333%;height: 24px\"><\/td>\n<td style=\"width: 33.3333%;height: 24px\"><\/td>\n<\/tr>\n<\/tbody>\n<\/table>\n<p>[\/et_pb_toggle][\/et_pb_column][\/et_pb_row][et_pb_row _builder_version=&raquo;4.25.1&#8243; _module_preset=&raquo;default&raquo; global_colors_info=&raquo;{}&raquo;][et_pb_column type=&raquo;4_4&#8243; _builder_version=&raquo;4.25.1&#8243; _module_preset=&raquo;default&raquo; global_colors_info=&raquo;{}&raquo;][et_pb_toggle title=&raquo;\u00d8kt 7 (13.30-14.00)&raquo; _builder_version=&raquo;4.25.1&#8243; _module_preset=&raquo;default&raquo; global_colors_info=&raquo;{}&raquo;]<\/p>\n<p>Trykk p\u00e5 lenken for \u00e5 g\u00e5 til p\u00e5melding.<\/p>\n<p><span style=\"color: #800000\">\u00a0Om du har meldt deg p\u00e5 foredraget med \u00d8rjan Holstad kan du ikke velge noen av disse.\u00a0<\/span><\/p>\n<table border=\"0\" style=\"width: 100%;border-collapse: collapse;border-style: none;margin-left: auto;margin-right: auto;height: 96px\">\n<tbody>\n<tr style=\"height: 24px\">\n<td style=\"width: 33.3333%;height: 24px\"><a href=\"https:\/\/nettskjema.no\/a\/432474\" target=\"_blank\" rel=\"noopener\">Quiz! <span style=\"color: #d62828\">(ingen ledige plasser)<\/span><\/a><\/td>\n<td style=\"width: 33.3333%;height: 24px\"><a href=\"https:\/\/nettskjema.no\/a\/432475\" target=\"_blank\" rel=\"noopener\">Drama, lek og l\u00e6ring<\/a><\/td>\n<td style=\"width: 33.3333%;height: 24px\"><a href=\"https:\/\/nettskjema.no\/a\/432476\" target=\"_blank\" rel=\"noopener\">Minikonsert <\/a><a href=\"https:\/\/nettskjema.no\/a\/432474\" target=\"_blank\" rel=\"noopener\"><span style=\"color: #d62828\">(ingen ledige plasser)<\/span><\/a><a href=\"https:\/\/nettskjema.no\/a\/432476\" target=\"_blank\" rel=\"noopener\"><\/a><\/td>\n<\/tr>\n<tr style=\"height: 24px\">\n<td style=\"width: 33.3333%;height: 24px\"><a href=\"https:\/\/nettskjema.no\/a\/432477\" target=\"_blank\" rel=\"noopener\">Workshop: Hva tenker du om karrierevalg?<\/a><\/td>\n<td style=\"width: 33.3333%;height: 24px\"><a href=\"https:\/\/nettskjema.no\/a\/432478\" target=\"_blank\" rel=\"noopener\">Tips og triks for studie og eksamen<\/a><\/td>\n<td style=\"width: 33.3333%;height: 24px\"><a href=\"https:\/\/nettskjema.no\/a\/432480\" target=\"_blank\" rel=\"noopener\">Hvordan er det egentlig \u00e5 v\u00e6re student?<\/a><\/td>\n<\/tr>\n<tr style=\"height: 24px\">\n<td style=\"width: 33.3333%;height: 24px\"><a href=\"https:\/\/nettskjema.no\/a\/432481\" target=\"_blank\" rel=\"noopener\">Studer i utlandet! <\/a><a href=\"https:\/\/nettskjema.no\/a\/432474\" target=\"_blank\" rel=\"noopener\"><span style=\"color: #d62828\">(ingen ledige plasser)<\/span><\/a><a href=\"https:\/\/nettskjema.no\/a\/432481\" target=\"_blank\" rel=\"noopener\"><\/a><\/td>\n<td style=\"width: 33.3333%;height: 24px\"><a href=\"https:\/\/nettskjema.no\/a\/432482\" target=\"_blank\" rel=\"noopener\">Samiske temaer og perspektiver for alle<\/a><\/td>\n<td style=\"width: 33.3333%;height: 24px\"><a href=\"https:\/\/nettskjema.no\/a\/432483\" target=\"_blank\" rel=\"noopener\">En pedagogikkstudents erfaringer<\/a><\/td>\n<\/tr>\n<tr style=\"height: 24px\">\n<td style=\"width: 33.3333%;height: 24px\"><\/td>\n<td style=\"width: 33.3333%;height: 24px\"><\/td>\n<td style=\"width: 33.3333%;height: 24px\"><\/td>\n<\/tr>\n<\/tbody>\n<\/table>\n<p>[\/et_pb_toggle][\/et_pb_column][\/et_pb_row][\/et_pb_section]<\/p>\n","protected":false},"excerpt":{"rendered":"<p>Vi h\u00e5per du har funnet noe som frister! Meld deg opp til de \u00f8ktene som frister, men husk at det er f\u00f8rstemann til m\u00f8lla-prinsippet som gjelder! &nbsp; &nbsp;Dagen vil starte med en felles \u00f8kt i Teorifagbygget. Deretter g\u00e5r vi videre til de \u00f8ktene du har valgt. Du skal velge 5 \u00f8kter*, samt lunsj. Du m\u00e5 [&hellip;]<\/p>\n","protected":false},"author":1078,"featured_media":0,"parent":0,"menu_order":0,"comment_status":"closed","ping_status":"closed","template":"","meta":{"_et_pb_use_builder":"on","_et_pb_old_content":"","_et_gb_content_width":"","iawp_total_views":299,"footnotes":""},"class_list":["post-158","page","type-page","status-publish","hentry"],"_links":{"self":[{"href":"https:\/\/result.uit.no\/ilp-ressurser\/wp-json\/wp\/v2\/pages\/158","targetHints":{"allow":["GET"]}}],"collection":[{"href":"https:\/\/result.uit.no\/ilp-ressurser\/wp-json\/wp\/v2\/pages"}],"about":[{"href":"https:\/\/result.uit.no\/ilp-ressurser\/wp-json\/wp\/v2\/types\/page"}],"author":[{"embeddable":true,"href":"https:\/\/result.uit.no\/ilp-ressurser\/wp-json\/wp\/v2\/users\/1078"}],"replies":[{"embeddable":true,"href":"https:\/\/result.uit.no\/ilp-ressurser\/wp-json\/wp\/v2\/comments?post=158"}],"version-history":[{"count":0,"href":"https:\/\/result.uit.no\/ilp-ressurser\/wp-json\/wp\/v2\/pages\/158\/revisions"}],"wp:attachment":[{"href":"https:\/\/result.uit.no\/ilp-ressurser\/wp-json\/wp\/v2\/media?parent=158"}],"curies":[{"name":"wp","href":"https:\/\/api.w.org\/{rel}","templated":true}]}}