{"id":758,"date":"2021-03-11T11:40:20","date_gmt":"2021-03-11T11:40:20","guid":{"rendered":"https:\/\/result.uit.no\/ikomp\/?page_id=758"},"modified":"2021-03-11T11:44:14","modified_gmt":"2021-03-11T11:44:14","slug":"about-privacy","status":"publish","type":"page","link":"https:\/\/result.uit.no\/ikomp\/about-privacy\/","title":{"rendered":"About privacy"},"content":{"rendered":"<p>[et_pb_section fb_built=&raquo;1&#8243; _builder_version=&raquo;3.22&#8243; locked=&raquo;off&raquo;][et_pb_row column_structure=&raquo;3_4,1_4&#8243; _builder_version=&raquo;3.25&#8243; background_size=&raquo;initial&raquo; background_position=&raquo;top_left&raquo; background_repeat=&raquo;repeat&raquo; custom_margin=&raquo;|auto||554px||&raquo;][et_pb_column type=&raquo;3_4&#8243; _builder_version=&raquo;3.25&#8243; custom_padding=&raquo;|||&raquo; custom_padding__hover=&raquo;|||&raquo;][et_pb_text _builder_version=&raquo;4.1&#8243; background_size=&raquo;initial&raquo; background_position=&raquo;top_left&raquo; background_repeat=&raquo;repeat&raquo;]<\/p>\n<h2 class=\"p1\"><b>Hvem vi er<\/b><\/h2>\n<p class=\"p2\">V\u00e5r nettstedsadresse er: <a href=\"https:\/\/result.uit.no\/ikomp\/\">https:\/\/result.uit.no\/ikomp\/<\/a><\/p>\n<p class=\"p2\">\n<p class=\"p2\">\n<h2 class=\"p1\"><b>Hvilke personopplysninger vi samler inn og hvorfor.<\/b><\/h2>\n<p class=\"p2\"><b>Kommentarer<\/b><\/p>\n<p class=\"p2\">N\u00e5r bes\u00f8kende legger inn kommentarer p\u00e5 siden, lagres informasjonen gitt inn i kommentarskjemaet i tillegg til IP-adressen til den bes\u00f8kende og den bes\u00f8kendes nettleserversjon. Dette gj\u00f8res for \u00e5 bidra til \u00e5 unng\u00e5 useri\u00f8se kommentarer.<\/p>\n<p class=\"p2\">En anonym tekststreng generert p\u00e5 grunnlag av e-postadressen din (ogs\u00e5 kalt en \u00abhash\u00bb) kan bli sendt til tjenesten Gravatar for \u00e5 unders\u00f8ke om du har en konto der. Personvernerkl\u00e6ringen til Gravatar ligger her: https:\/\/automattic.com\/privacy\/. Etter at kommentaren din er blitt godkjent, vil profilbildet ditt v\u00e6re synlig for hvem som helst i forbindelse med kommentaren din.<\/p>\n<p class=\"p2\"><b>Media<\/b><\/p>\n<p class=\"p2\">Hvis du laster opp bilder til nettstedet, b\u00f8r du unng\u00e5 \u00e5 laste opp bilder som inneholder informasjon om stedet det er tatt (EXIF GPS). Bes\u00f8kende p\u00e5 siden kan laste ned og hente ut slik informasjon fra bilder p\u00e5 siden.<\/p>\n<p class=\"p2\"><b>Kontaktskjemaer<\/b><\/p>\n<p class=\"p2\">Informasjon som vi mottar fra kontaktskjemaer p\u00e5 v\u00e5re nettsider blir tatt vare p\u00e5 i ubestemt tid. Her lagrer vi alle data som bruker har valgt \u00e5 fylle ut. Data fra disse blir ALDRI delt med noen utenfor Result. De brukes kun til utsendelse av kursbevis, og som verifisering av kursdeltagelse. Data fra andre skjema brukes til kontakt og intern oppf\u00f8lging. Foresp\u00f8rsler sendt inn via ett av nettstedets skjemaer tas vare p\u00e5 i ubestemt tid.<\/p>\n<p class=\"p2\"><b>Informasjonskapsler<\/b><\/p>\n<p class=\"p2\">Hvis du legger inn en kommentar p\u00e5 dette nettstedet, kan du be oss om \u00e5 huske navn, e-post og nettsted. Denne informasjonen lagres i en informasjonskapsel og er der for \u00e5 gj\u00f8re ting lettere for deg. Du trenger da ikke \u00e5 gi inn denne informasjonen p\u00e5 nytt neste gang du legger inn en kommentar. Disse informasjonskapslene utl\u00f8per etter ett \u00e5r.<\/p>\n<p class=\"p2\">Hvis du har en konto og logger deg inn p\u00e5 dette nettstedet, vil vi opprette en midlertidig informasjonskapsel for \u00e5 avgj\u00f8re om nettleseren din st\u00f8tter bruk av dette. Denne informasjonskapselen innholder ingen personopplysninger og forsvinner s\u00e5 snart du lukker nettleseren din.<\/p>\n<p class=\"p2\">N\u00e5r du logger deg inn, blir det opprettet informasjonskapsler som lagrer innloggingsinformasjonen din og valg du har tatt n\u00e5r det gjelder hvordan innhold skal vises. Informasjonskapsler med innloggingsinformasjon utl\u00f8per etter to dager, mens de med visningsvalg varer i ett \u00e5r. Hvis du krysser av for \u201cHusk meg\u201d vil innloggingsinformasjonen din oppbevares i to uker. Hvis du logger deg ut av kontoen din, vil disse informasjonskapslene forsvinne.<\/p>\n<p class=\"p2\">Hvis du redigerer eller publiserer en artikkel, vil ytterligere en informasjonskapsel bli lagret i nettleseren din. Denne informasjonskapselen inneholder ingen personopplysninger, men bare ID-en til artikkelen du nettopp redigerte. Den utl\u00f8per etter \u00e9n dag.<\/p>\n<p class=\"p2\"><span class=\"s1\">Les mer:<br \/> <\/span><a href=\"https:\/\/nettvett.no\/slik-administrer-du-informasjonskapsler\/\">Hvordan du fjerner informasjonskapsler (Nettvett)<\/a><br \/> <a href=\"https:\/\/www.nkom.no\/teknisk\/taushetsplikt-og-personvern\/elektroniske-spor\/informasjonskapsler-cookies\">Mer om informasjonskapsler og personvern (Post- og teletilsynet)<\/a><\/p>\n<p class=\"p2\"><b>Innebygd innhold fra andre nettsteder<\/b><\/p>\n<p class=\"p2\">Artikler p\u00e5 denne siden kan inkludere innebygd innhold (f.eks. videoer, bilder, artikler osv.). Innebygd innhold fra andre nettsteder oppf\u00f8rer seg p\u00e5 n\u00f8yaktig samme m\u00e5te som om den bes\u00f8kende hadde bes\u00f8kt nettstedet som det innebygde innholdet kommer fra.<\/p>\n<p class=\"p2\">Disse nettstedene kan samle inn opplysninger om deg, bruke informasjonskapsler eller bygge inn sporingssystemer fra en tredjepart og overv\u00e5ke hva du gj\u00f8r via dette innebygde innholdet. Dette omfatter ogs\u00e5 sporing av handlingene dine via det innebygde innholdet dersom du har en konto og er logget inn p\u00e5 nettstedet.<\/p>\n<h2 class=\"p1\"><b>Analyse<\/b><\/h2>\n<p class=\"p2\">Vi deler ikke opplysninger om deg til noen utenfor v\u00e5r egen, Result, eller UiT sin administrasjon. Vi deler aldri med eksterne og\/eller kommersielle akt\u00f8rer. Personopplysninger som er knyttet til din registrerte brukerkonto ligger i v\u00e5r database til du sletter eller ber om \u00e5 f\u00e5 slettet dine opplysninger.<\/p>\n<p class=\"p2\">For brukere som registrerer seg p\u00e5 dette nettstedet, lagres det ogs\u00e5 personopplysninger som de selv oppgir i brukerprofilen sin. Alle brukere kan se, redigere og slette sine egne personopplysninger n\u00e5r som helst (bortsett fra brukernavn). Nettstedets administratorer kan ogs\u00e5 se og redigere denne informasjonen.<\/p>\n<p class=\"p2\">Hvis du legger igjen en kommentar, blir kommentaren og informasjon om kommentaren lagret p\u00e5 ubestemt tid. Dette er for at vi kan gjenkjenne oppf\u00f8lgingskommentarer og godkjenne dem automatisk i stedet for \u00e5 legge dem i en k\u00f8 der de m\u00e5 godkjennes manuelt av en redakt\u00f8r.<\/p>\n<h2 class=\"p1\"><b>Rettighetene dine n\u00e5r det gjelder opplysninger vi har om deg<\/b><\/h2>\n<p class=\"p2\">Hvis du har en konto p\u00e5 dette nettstedet eller har lagt igjen kommentarer, kan du be om \u00e5 f\u00e5 en eksportfil som inneholder personopplysningene vi har om deg. Dette omfatter all data du har gitt oss. Du kan ogs\u00e5 be om at vi sletter alle personopplysninger vi har om deg. Dette omfatter ikke opplysninger vi er p\u00e5lagt \u00e5 lagre av administrative, juridiske eller sikkerhetsmessige \u00e5rsaker.<\/p>\n<h2 class=\"p1\"><b>Hvor vi sender opplysninger om deg<\/b><\/h2>\n<p class=\"p2\">Bes\u00f8kendes kommentarer kan bli kontrollert gjennom en automatisk gjenkjennelsestjeneste mot s\u00f8ppelkommentarer.<\/p>\n<h2><strong>Din kontaktinformasjon<\/strong><\/h2>\n<p>Har du sp\u00f8rsm\u00e5l eller kommentarer til eller om dette nettstedet kan du ta kontakt med Result. Kontaktinformasjon finner du nederst p\u00e5 denne siden, og i kolonnen til h\u00f8yre.<\/p>\n<h2><strong>Hvordan vi beskytter dine personopplysninger<\/strong><\/h2>\n<p>Dette nettstedet er hostet (ligger hos) p\u00e5 en av IT avdelingens servere for WordPress. har du sp\u00f8rsm\u00e5l om hvordan disse er sikret kan du sende sp\u00f8rsm\u00e5l direkte til <a href=\"https:\/\/uit.no\/om\/orakelet\" target=\"_blank\" rel=\"noopener noreferrer\">Orakeltjenesten<\/a> om dette.<\/p>\n<h2><strong>V\u00e5re rutiner for datalekkasjer<\/strong><\/h2>\n<p>Dette nettstedet har installert gratisversjon Wordfence sikkerhetsplugin. Denne monitorerer innlogging og innlogginsfors\u00f8k, og varsler administrator om mulig sikkerhetsproblemer. Ut over dette er det ikke innf\u00f8rt noen andre mekanismer for h\u00e5ndtering av eventuelle datalekkasjer. Dersom du tror eller vet at noen av dine opplysninger er kommet p\u00e5 avveie fra v\u00e5rt system m\u00e5 du ta kontakt med oss s\u00e5 snart som mulig slik at vi kan sette igang tiltak i samarbeid med ITA ved UiT. Dersom du har mistanke om innbrudd p\u00e5 din konto \u2013 skift innloggingspassord med en gang. <a href=\"https:\/\/result.uit.no\/wp-login.php?action=lostpassword\" target=\"_blank\" rel=\"noopener noreferrer\">Her kan du endre passord for dette nettstedet<\/a>, og <a href=\"https:\/\/passord.uit.no\/\" target=\"_blank\" rel=\"noopener noreferrer\">her kan du endre din AD-konto<\/a> (FEIDE)<\/p>\n<p>[\/et_pb_text][\/et_pb_column][et_pb_column type=&raquo;1_4&#8243; _builder_version=&raquo;3.25&#8243; custom_padding=&raquo;|||&raquo; custom_padding__hover=&raquo;|||&raquo;][et_pb_sidebar area=&raquo;cs-4&#8243; _builder_version=&raquo;3.0.98&#8243;]&nbsp;<br \/>\n[\/et_pb_sidebar][et_pb_text _builder_version=&raquo;4.1&#8243;]<strong>Telefon:<\/strong><br \/>\n77 64 63 80<\/p>\n<p><strong>Epost:<\/strong><br \/>\n<a href=\"mailto:postmottak@result.uit.no\">postmottak@result.uit.no<\/a><\/p>\n<p><strong>Postadresse:<\/strong><br \/>\nResult<br \/>\nUiT Norges Arktiske Universitet<br \/>\nPostboks 6050 Langnes<br \/>\n9037 Troms\u00f8<\/p>\n<p><strong>Organisasjonsnummer:<\/strong><br \/>\n970 422 528[\/et_pb_text][\/et_pb_column][\/et_pb_row][et_pb_row _builder_version=&raquo;3.25&#8243; background_color=&raquo;rgba(0,93,175,0.97)&raquo; background_size=&raquo;initial&raquo; background_position=&raquo;top_left&raquo; background_repeat=&raquo;repeat&raquo; custom_padding=&raquo;10px|0px|0px|20px&raquo;][et_pb_column type=&raquo;4_4&#8243; _builder_version=&raquo;3.25&#8243; custom_padding=&raquo;|||&raquo; custom_padding__hover=&raquo;|||&raquo;][et_pb_text _builder_version=&raquo;3.27.4&#8243; text_font=&raquo;||||||||&raquo; header_font=&raquo;||||||||&raquo; header_2_font=&raquo;||||||||&raquo; header_2_text_color=&raquo;#ffffff&raquo; header_2_font_size=&raquo;29px&raquo; custom_padding=&raquo;||20px|&raquo; custom_padding_tablet=&raquo;||1px|&raquo; custom_padding_phone=&raquo;&raquo; custom_padding_last_edited=&raquo;on|desktop&raquo;]<\/p>\n<h2 style=\"text-align: left;\">Rett til innsyn i dine data<\/h2>\n<p>[\/et_pb_text][\/et_pb_column][\/et_pb_row][et_pb_row column_structure=&raquo;1_4,1_4,1_4,1_4&#8243; _builder_version=&raquo;3.25&#8243; background_size=&raquo;initial&raquo; background_position=&raquo;top_left&raquo; background_repeat=&raquo;repeat&raquo; custom_padding=&raquo;48px|0px|91px|0px&raquo; animation_style=&raquo;slide&raquo;][et_pb_column type=&raquo;1_4&#8243; _builder_version=&raquo;3.25&#8243; custom_padding=&raquo;|||&raquo; custom_padding__hover=&raquo;|||&raquo;][et_pb_blurb title=&raquo;Rett til innsyn&raquo; _builder_version=&raquo;3.0.98&#8243; header_font=&raquo;||||||||&raquo; header_font_size=&raquo;23px&raquo; header_line_height=&raquo;1.6em&raquo; body_font=&raquo;||||||||&raquo; body_text_color=&raquo;rgba(0,0,0,0.5)&raquo; custom_padding=&raquo;15px|10px|10px|15px&raquo; border_radii=&raquo;on|5px|5px|5px|5px&raquo; border_color_all=&raquo;#0c71c3&#8243; border_radii_image=&raquo;on|3px|3px|3px|3px&raquo; border_width_all_image=&raquo;1px&raquo; box_shadow_style=&raquo;preset1&#8243; box_shadow_style_image=&raquo;preset1&#8243;]Du har rett og mulighet til \u00e5 f\u00e5 tilsendt alle data som vi har samlet om din bruker p\u00e5 v\u00e5rt system. <a href=\"mailto:postmottak@result.uit.no?subject=Foresp\u00f8rsel om innsyn i persondata\">Klikk her for \u00e5 be om innsyn.<\/a> N\u00e5r vi har f\u00e5tt behandlet kravet ditt s\u00e5 vil du f\u00e5 tilsendt en e-post hvor vi ber om lov til \u00e5 samle dine data for videresending til deg.<br \/>\n[\/et_pb_blurb][\/et_pb_column][et_pb_column type=&raquo;1_4&#8243; _builder_version=&raquo;3.25&#8243; custom_padding=&raquo;|||&raquo; custom_padding__hover=&raquo;|||&raquo;][et_pb_blurb title=&raquo;Rett til sletting&raquo; _builder_version=&raquo;3.0.98&#8243; header_font=&raquo;||||||||&raquo; header_font_size=&raquo;23px&raquo; header_line_height=&raquo;1.6em&raquo; body_font=&raquo;||||||||&raquo; body_text_color=&raquo;rgba(0,0,0,0.5)&raquo; custom_padding=&raquo;15px|10px|10px|15px&raquo; animation_style=&raquo;slide&raquo; border_radii=&raquo;on|5px|5px|5px|5px&raquo; border_color_all=&raquo;#0c71c3&#8243; border_radii_image=&raquo;on|3px|3px|3px|3px&raquo; border_width_all_image=&raquo;1px&raquo; box_shadow_style=&raquo;preset1&#8243; box_shadow_style_image=&raquo;preset1&#8243;]N\u00e5r du har sendt oss en foresp\u00f8rsel om innsyn i dataene vi har samlet p\u00e5 deg (<em>lenke i boksen til venstre<\/em>) s\u00e5 vil du motta en e-post med disse. Dersom du \u00f8nsker \u00e5 slette bruker\/data s\u00e5 kan du be om det ved \u00e5 <a href=\"mailto:postmottak@result.uit.no?subject=Foresp\u00f8rsel%20om%20sletting av persondata\">klikke her<br \/>\n<\/a><br \/>\n[\/et_pb_blurb][\/et_pb_column][et_pb_column type=&raquo;1_4&#8243; _builder_version=&raquo;3.25&#8243; custom_padding=&raquo;|||&raquo; custom_padding__hover=&raquo;|||&raquo;][et_pb_blurb title=&raquo;3. part plugins&raquo; _builder_version=&raquo;3.0.98&#8243; header_font=&raquo;||||||||&raquo; header_font_size=&raquo;23px&raquo; header_line_height=&raquo;1.6em&raquo; body_font=&raquo;||||||||&raquo; body_text_color=&raquo;rgba(0,0,0,0.5)&raquo; custom_padding=&raquo;15px|10px|10px|15px&raquo; animation_style=&raquo;slide&raquo; border_radii=&raquo;on|5px|5px|5px|5px&raquo; border_color_all=&raquo;#0c71c3&#8243; border_radii_image=&raquo;on|3px|3px|3px|3px&raquo; border_width_all_image=&raquo;1px&raquo; box_shadow_style=&raquo;preset1&#8243; box_shadow_style_image=&raquo;preset1&#8243;]Noen av verkt\u00f8yene som er i bruk p\u00e5 v\u00e5re nettsteder henter brukerdata om deg\u00a0som om du var p\u00e5 deres nettsted direkte. Hvordan de bruker denne informasjonen finner du at av ved \u00e5 bes\u00f8ke disse.<a href=\"mailto:postmottak@result.uit.no?subject=Foresp\u00f8rsel%20om innsyn i persondata\"><br \/>\n<\/a><br \/>\n[\/et_pb_blurb][\/et_pb_column][et_pb_column type=&raquo;1_4&#8243; _builder_version=&raquo;3.25&#8243; custom_padding=&raquo;|||&raquo; custom_padding__hover=&raquo;|||&raquo;][\/et_pb_column][\/et_pb_row][\/et_pb_section]<\/p>\n","protected":false},"excerpt":{"rendered":"<p>Hvem vi er V\u00e5r nettstedsadresse er: https:\/\/result.uit.no\/ikomp\/ Hvilke personopplysninger vi samler inn og hvorfor. Kommentarer N\u00e5r bes\u00f8kende legger inn kommentarer p\u00e5 siden, lagres informasjonen gitt inn i kommentarskjemaet i tillegg til IP-adressen til den bes\u00f8kende og den bes\u00f8kendes nettleserversjon. Dette gj\u00f8res for \u00e5 bidra til \u00e5 unng\u00e5 useri\u00f8se kommentarer. En anonym tekststreng generert p\u00e5 grunnlag [&hellip;]<\/p>\n","protected":false},"author":3,"featured_media":0,"parent":0,"menu_order":0,"comment_status":"closed","ping_status":"closed","template":"","meta":{"_et_pb_use_builder":"on","_et_pb_old_content":"","_et_gb_content_width":"","iawp_total_views":15,"footnotes":""},"class_list":["post-758","page","type-page","status-publish","hentry"],"_links":{"self":[{"href":"https:\/\/result.uit.no\/ikomp\/wp-json\/wp\/v2\/pages\/758","targetHints":{"allow":["GET"]}}],"collection":[{"href":"https:\/\/result.uit.no\/ikomp\/wp-json\/wp\/v2\/pages"}],"about":[{"href":"https:\/\/result.uit.no\/ikomp\/wp-json\/wp\/v2\/types\/page"}],"author":[{"embeddable":true,"href":"https:\/\/result.uit.no\/ikomp\/wp-json\/wp\/v2\/users\/3"}],"replies":[{"embeddable":true,"href":"https:\/\/result.uit.no\/ikomp\/wp-json\/wp\/v2\/comments?post=758"}],"version-history":[{"count":0,"href":"https:\/\/result.uit.no\/ikomp\/wp-json\/wp\/v2\/pages\/758\/revisions"}],"wp:attachment":[{"href":"https:\/\/result.uit.no\/ikomp\/wp-json\/wp\/v2\/media?parent=758"}],"curies":[{"name":"wp","href":"https:\/\/api.w.org\/{rel}","templated":true}]}}