{"id":30,"date":"2014-04-09T07:04:32","date_gmt":"2014-04-09T07:04:32","guid":{"rendered":"https:\/\/result.uit.no\/infolit\/?page_id=30"},"modified":"2022-05-11T12:45:20","modified_gmt":"2022-05-11T12:45:20","slug":"om","status":"publish","type":"page","link":"https:\/\/result.uit.no\/ikomp\/om\/","title":{"rendered":"Om"},"content":{"rendered":"<p>[et_pb_section fb_built=&raquo;1&#8243; admin_label=&raquo;section&raquo; _builder_version=&raquo;4.16&#8243; global_colors_info=&raquo;{}&raquo;][et_pb_row admin_label=&raquo;row&raquo; _builder_version=&raquo;4.16&#8243; background_size=&raquo;initial&raquo; background_position=&raquo;top_left&raquo; background_repeat=&raquo;repeat&raquo; global_colors_info=&raquo;{}&raquo;][et_pb_column type=&raquo;4_4&#8243; _builder_version=&raquo;4.16&#8243; custom_padding=&raquo;|||&raquo; global_colors_info=&raquo;{}&raquo; custom_padding__hover=&raquo;|||&raquo;][et_pb_text admin_label=&raquo;Text&raquo; _builder_version=&raquo;4.17.3&#8243; background_size=&raquo;initial&raquo; background_position=&raquo;top_left&raquo; background_repeat=&raquo;repeat&raquo; global_colors_info=&raquo;{}&raquo;]<\/p>\n<p>The <a href=\"http:\/\/en.uit.no\/startsida\">UiT<\/a> staff involved in this work together holds a substantial breadth of competences, experience, and perspectives. This expertise, combined with the students&#8217; and employees&#8217; continuous feedback, helps to ensure the quality and relevance of the course for its intended users.<\/p>\n<p>&nbsp;<\/p>\n<p><span style=\"font-size: large;\"><strong>University Library<\/strong><\/span><\/p>\n<p><strong><a href=\"https:\/\/en.uit.no\/ansatte\/helene.n.andreassen\" target=\"_blank\" rel=\"noopener noreferrer\">Helene N. Andreassen<\/a><\/strong> (Senior Academic Librarian, Linguistics &amp; Romance Languages)<\/p>\n<p><strong style=\"font-size: 14px;\"><a href=\"https:\/\/en.uit.no\/ansatte\/lars.figenschou\" target=\"_blank\" rel=\"noopener noreferrer\">Lars Figenschou<\/a><\/strong><span style=\"font-size: 14px;\"> (Senior Academic Librarian, Biology &amp; Fishery)<\/span><\/p>\n<p><span style=\"font-size: 14px;\"><strong><a href=\"https:\/\/uit.no\/ansatte\/torstein.lag\" target=\"_blank\" rel=\"noopener noreferrer\">Torstein L\u00e5g<\/a><\/strong><span> (Senior Academic Librarian, Psychology &amp; Psychiatry)<\/span><\/span><\/p>\n<p><strong><a href=\"https:\/\/en.uit.no\/ansatte\/Ellen.Nierenberg\">Ellen Nierenberg<\/a><\/strong>\u00a0Stipendiat,\u00a0Psykologi- og jusbiblioteket<\/p>\n<p><a href=\"https:\/\/en.uit.no\/ansatte\/grete.overvag\"><strong>Grete Overv\u00e5g<\/strong><\/a><span style=\"font-size: 14px;\">\u00a0(Subject Librarian, Art &amp; Literature)<\/span><\/p>\n<p><span style=\"font-size: 14px;\">\u00a0<\/span><\/p>\n<p><strong style=\"font-size: 14px;\"><\/strong><\/p>\n<p><strong><span style=\"font-size: large;\">Result<\/span> (<\/strong>Resource Center for Teaching, Learning &amp; Technology)<\/p>\n<p><strong style=\"font-size: 14px;\">Mark Stenersen<\/strong><span style=\"font-size: 14px;\"> (Graphic Designer)<\/span><\/p>\n<p><span style=\"font-size: 14px;\">\u00a0<\/span><\/p>\n<p>&nbsp;<\/p>\n<p>&nbsp;<\/p>\n<h2>ALUMNI<\/h2>\n<p>&nbsp;<\/p>\n<hr \/>\n<p><strong>Leif Roger\u00a0Olsen<\/strong><br \/>Tidl. Universitetsbibliotekar, Kultur- og samfunnsfagbiblioteket<\/p>\n<p><strong>Mariann L\u00f8kse\u00a0<\/strong><br \/>Hovedfag i engelsk, med spesialisering p\u00e5 tidlig 1800-tallslitteratur. Lang fartstid ved Universitetsbiblioteket som fagansvarlig for kunst og litteratur. Jobber n\u00e5 som seksjonsleder for Avdeling for publikumstjenester. Hovedinteresser er informasjonskompetanse og brukeratferd.<\/p>\n<p><strong>Vibeke Flytkj\u00e6r<\/strong> (<em>I ny stilling:\u00a0Strategisk konsulent i Telemedicin at Region Nordjylland<\/em>)<br \/>Master i IKT og l\u00e6ring. Lang fartstid med prosjektledelse og r\u00e5dgivning i kursutvikling og gjennomf\u00f8ring av fleksible studier, tidligere ved NST (Nasjonalt senter for samhandling og telemedisin) og de siste \u00e5rene ved UiT\/RESULT (Ressurssenter for undervisning, l\u00e6ring og teknologi). Var\u00a0RESULTs kontaktperson ved Det helsevitenskapelige fakultet og koordinerer gruppen p\u00e5 RESULT som jobber med IKT og l\u00e6ring.<\/p>\n<p>[\/et_pb_text][\/et_pb_column][\/et_pb_row][\/et_pb_section]<\/p>\n","protected":false},"excerpt":{"rendered":"<p>The UiT staff involved in this work together holds a substantial breadth of competences, experience, and perspectives. This expertise, combined with the students&#8217; and employees&#8217; continuous feedback, helps to ensure the quality and relevance of the course for its intended users. &nbsp; University Library Helene N. Andreassen (Senior Academic Librarian, Linguistics &amp; Romance Languages) Lars [&hellip;]<\/p>\n","protected":false},"author":3,"featured_media":0,"parent":0,"menu_order":0,"comment_status":"closed","ping_status":"closed","template":"","meta":{"_et_pb_use_builder":"on","_et_pb_old_content":"The <a href=\"http:\/\/en.uit.no\/startsida\">UiT<\/a> staff involved in this work together holds a substantial breadth of competences, experience, and perspectives. This expertise, combined with the students' and employees' continuous feedback, helps to ensure the quality and relevance of the course for its intended users.\n\n<strong>University Library\n<\/strong>\n\n<strong><a href=\"http:\/\/en.uit.no\/ansatte\/organisasjon\/ansatte\/person?p_document_id=43786&amp;p_dimension_id=\" target=\"_blank\" rel=\"noopener noreferrer\">Helene N. Andreassen<\/a><\/strong> (Senior Academic Librarian, Linguistics &amp; Romance Languages)\n\n<strong><a href=\"http:\/\/en.uit.no\/ub\/ansatte\/person?p_document_id=43906\" target=\"_blank\" rel=\"noopener noreferrer\">Lars Figenschou<\/a><\/strong> (Senior Academic Librarian, Biology &amp; Fishery)\n\n<a href=\"https:\/\/uit.no\/ub\/ansatte\/person?p_document_id=41225\" target=\"_blank\" rel=\"noopener noreferrer\"><strong>Grete Overv\u00e5g<\/strong><\/a>&nbsp;(Subject Librarian, Art &amp; Literature)\n\n<strong><a href=\"http:\/\/en.uit.no\/ub\/ansatte\/person?p_document_id=42306\" target=\"_blank\" rel=\"noopener noreferrer\">Torstein L\u00e5g<\/a><\/strong> (Senior Academic Librarian, Psychology &amp; Psychiatry)\n\n<strong><a href=\"https:\/\/uit.no\/ub\/ansatte\/person?p_document_id=194773\" target=\"_blank\" rel=\"noopener noreferrer\">Leif Roger&nbsp;Olsen<\/a><\/strong> (Universitetsbibliotekar, Kultur- og samfunnsfagbiblioteket)\n\n&nbsp;\n\n<strong>Resource Center for Teaching, Learning &amp; Technology<\/strong>\n\n<strong><a href=\"http:\/\/en.uit.no\/ub\/ansatte\/person?p_document_id=41292\" target=\"_blank\" rel=\"noopener noreferrer\">Mark Stenersen<\/a><\/strong> (Graphic Designer)\n\n&nbsp;\n\n&nbsp;\n<h2>ALUMNI<\/h2>\n\n<hr>\n\n<a href=\"mailto:mariann.lokse@uit.no\" target=\"_blank\" rel=\"noopener noreferrer\">Mariann L\u00f8kse<\/a>&nbsp;\nHovedfag i engelsk, med spesialisering p\u00e5 tidlig 1800-tallslitteratur. Lang fartstid ved Universitetsbiblioteket som fagansvarlig for kunst og litteratur. Jobber n\u00e5 som seksjonsleder for Avdeling for publikumstjenester. Hovedinteresser er informasjonskompetanse og brukeratferd.\n\n<strong>Vibeke Flytkj\u00e6r<\/strong> (<em>I ny stilling:&nbsp;Strategisk konsulent i Telemedicin at Region Nordjylland<\/em>)\nMaster i IKT og l\u00e6ring. Lang fartstid med prosjektledelse og r\u00e5dgivning i kursutvikling og gjennomf\u00f8ring av fleksible studier, tidligere ved NST (Nasjonalt senter for samhandling og telemedisin) og de siste \u00e5rene ved UiT\/RESULT (Ressurssenter for undervisning, l\u00e6ring og teknologi). Var&nbsp;RESULTs kontaktperson ved Det helsevitenskapelige fakultet og koordinerer gruppen p\u00e5 RESULT som jobber med IKT og l\u00e6ring.","_et_gb_content_width":"","iawp_total_views":348,"footnotes":""},"class_list":["post-30","page","type-page","status-publish","hentry"],"_links":{"self":[{"href":"https:\/\/result.uit.no\/ikomp\/wp-json\/wp\/v2\/pages\/30","targetHints":{"allow":["GET"]}}],"collection":[{"href":"https:\/\/result.uit.no\/ikomp\/wp-json\/wp\/v2\/pages"}],"about":[{"href":"https:\/\/result.uit.no\/ikomp\/wp-json\/wp\/v2\/types\/page"}],"author":[{"embeddable":true,"href":"https:\/\/result.uit.no\/ikomp\/wp-json\/wp\/v2\/users\/3"}],"replies":[{"embeddable":true,"href":"https:\/\/result.uit.no\/ikomp\/wp-json\/wp\/v2\/comments?post=30"}],"version-history":[{"count":0,"href":"https:\/\/result.uit.no\/ikomp\/wp-json\/wp\/v2\/pages\/30\/revisions"}],"wp:attachment":[{"href":"https:\/\/result.uit.no\/ikomp\/wp-json\/wp\/v2\/media?parent=30"}],"curies":[{"name":"wp","href":"https:\/\/api.w.org\/{rel}","templated":true}]}}