{"id":269,"date":"2015-08-19T12:02:39","date_gmt":"2015-08-19T12:02:39","guid":{"rendered":"https:\/\/result.uit.no\/ikomp\/?page_id=269"},"modified":"2025-10-28T07:50:29","modified_gmt":"2025-10-28T07:50:29","slug":"ikomp-informasjonskompetanse","status":"publish","type":"page","link":"https:\/\/result.uit.no\/ikomp\/","title":{"rendered":"iKomp informasjonskompetanse"},"content":{"rendered":"<p>[et_pb_section fb_built=&raquo;1&#8243; admin_label=&raquo;section&raquo; module_id=&raquo;front_video_poster&raquo; _builder_version=&raquo;4.16&#8243; background_color=&raquo;#27323a&raquo; width=&raquo;99.7%&raquo; transparent_background=&raquo;off&raquo; global_colors_info=&raquo;{}&raquo;][et_pb_row admin_label=&raquo;row&raquo; _builder_version=&raquo;4.16&#8243; background_size=&raquo;initial&raquo; background_position=&raquo;top_left&raquo; background_repeat=&raquo;repeat&raquo; global_colors_info=&raquo;{}&raquo;][et_pb_column type=&raquo;4_4&#8243; _builder_version=&raquo;4.16&#8243; custom_padding=&raquo;|||&raquo; global_colors_info=&raquo;{}&raquo; custom_padding__hover=&raquo;|||&raquo;][et_pb_text disabled_on=&raquo;on|on|on&raquo; admin_label=&raquo;Text&raquo; _builder_version=&raquo;4.16&#8243; background_size=&raquo;initial&raquo; background_position=&raquo;top_left&raquo; background_repeat=&raquo;repeat&raquo; text_orientation=&raquo;center&raquo; background_layout=&raquo;dark&raquo; module_alignment=&raquo;center&raquo; use_border_color=&raquo;off&raquo; border_style=&raquo;solid&raquo; disabled=&raquo;on&raquo; global_colors_info=&raquo;{}&raquo;]<\/p>\n<h1 style=\"font-size: 72px\">iKomp<\/h1>\n<h2><em>Informasjonskompetanse | Information literacy<\/em><\/h2>\n<p>[\/et_pb_text][et_pb_video src=&raquo;https:\/\/player.vimeo.com\/video\/372826965?h=6f18433950&#038;dnt=1&#038;app_id=122963&#8243; image_src=&raquo;\/\/i.ytimg.com\/vi\/HPQzcGilb4s\/hqdefault.jpg&raquo; thumbnail_overlay_color=&raquo;rgba(0,0,0,0.6)&raquo; admin_label=&raquo;Introduksjon til iKomp&raquo; module_id=&raquo;introvideo&raquo; module_class=&raquo;introvideo&raquo; _builder_version=&raquo;4.16&#8243; saved_tabs=&raquo;all&raquo; global_colors_info=&raquo;{}&raquo;][\/et_pb_video][\/et_pb_column][\/et_pb_row][\/et_pb_section][et_pb_section fb_built=&raquo;1&#8243; custom_padding_last_edited=&raquo;on|desktop&raquo; disabled_on=&raquo;off|off|off&raquo; admin_label=&raquo;section&raquo; _builder_version=&raquo;4.16&#8243; custom_padding_tablet=&raquo;50px|0|50px|0&#8243; custom_padding_phone=&raquo;&raquo; transparent_background=&raquo;off&raquo; padding_mobile=&raquo;off&raquo; locked=&raquo;off&raquo; global_colors_info=&raquo;{}&raquo;][et_pb_row column_padding_mobile=&raquo;on&raquo; disabled_on=&raquo;off|off|off&raquo; admin_label=&raquo;row&raquo; _builder_version=&raquo;4.27.4&#8243; background_size=&raquo;initial&raquo; background_position=&raquo;top_left&raquo; background_repeat=&raquo;repeat&raquo; custom_margin=&raquo;-32px||||false|false&raquo; custom_padding=&raquo;||40px||false|false&raquo; border_width_bottom=&raquo;2px&raquo; global_colors_info=&raquo;{}&raquo;][et_pb_column type=&raquo;4_4&#8243; _builder_version=&raquo;4.16&#8243; custom_padding=&raquo;|||&raquo; global_colors_info=&raquo;{}&raquo; custom_padding__hover=&raquo;|||&raquo;][et_pb_text disabled_on=&raquo;on|on|on&raquo; _builder_version=&raquo;4.27.4&#8243; _module_preset=&raquo;default&raquo; text_font=&raquo;|300|||||||&raquo; text_font_size=&raquo;26px&raquo; text_line_height=&raquo;40px&raquo; header_2_font_size=&raquo;40px&raquo; header_2_line_height=&raquo;1.3em&raquo; background_color=&raquo;#eeef97&#8243; custom_padding=&raquo;30px|30px|30px|30px|false|false&raquo; hover_enabled=&raquo;0&#8243; global_colors_info=&raquo;{}&raquo; sticky_enabled=&raquo;0&#8243; disabled=&raquo;on&raquo;]<\/p>\n<h2 style=\"text-align: center;\"><span style=\"color: #ff0000;\">Planlagt nedetid<\/span><\/h2>\n<p style=\"text-align: center;\"><strong>I l\u00f8pet av kveld\/natt til fredag 17. eller l\u00f8rdag 18.<\/strong> er det planlagt oppdatering av servere. Det betyr at kursene iKomp og AsK er <strong>utilgjengelige i ca. 90 minutter<\/strong> fra arbeidet starter.<\/p>\n<p>[\/et_pb_text][et_pb_text admin_label=&raquo;Midlertidig stengt&raquo; _builder_version=&raquo;4.27.4&#8243; text_font_size=&raquo;19&#8243; text_line_height=&raquo;1.8em&raquo; header_font_size=&raquo;34px&raquo; use_border_color=&raquo;off&raquo; border_style=&raquo;solid&raquo; global_colors_info=&raquo;{}&raquo;]<\/p>\n<h2 style=\"text-align: center\"><span style=\"color: #800000\">Ny versjon av iKomp Bokm\u00e5l og Nynorsk<\/span><\/h2>\n<p style=\"text-align: center\">Nye versjoner startet <strong>s\u00f8ndag 10. august.<\/strong> Da stengte ogs\u00e5 de gamle versjonene av iKomp.\u00a0<em>Dersom du tok iKomp f\u00f8r 10. august 2025, s\u00e5 er den versjonen arkivert, <\/em><em>men du har fremdeles tilgang til den.<\/em><\/p>\n<p style=\"text-align: center\"><em><\/em><\/p>\n<p style=\"text-align: center\">New <strong>English version<\/strong> of iKomp will be <span style=\"text-decoration: underline\">coming soon<\/span><\/p>\n<p>[\/et_pb_text][\/et_pb_column][\/et_pb_row][et_pb_row padding_mobile=&raquo;off&raquo; column_padding_mobile=&raquo;on&raquo; disabled_on=&raquo;off|off|off&raquo; _builder_version=&raquo;4.16&#8243; background_size=&raquo;initial&raquo; background_position=&raquo;top_left&raquo; background_repeat=&raquo;repeat&raquo; global_colors_info=&raquo;{}&raquo;][et_pb_column type=&raquo;4_4&#8243; _builder_version=&raquo;4.16&#8243; custom_padding=&raquo;|||&raquo; global_colors_info=&raquo;{}&raquo; custom_padding__hover=&raquo;|||&raquo;][et_pb_text disabled_on=&raquo;off|off|off&raquo; _builder_version=&raquo;4.16&#8243; background_size=&raquo;initial&raquo; background_position=&raquo;top_left&raquo; background_repeat=&raquo;repeat&raquo; use_border_color=&raquo;off&raquo; border_style=&raquo;solid&raquo; global_colors_info=&raquo;{}&raquo;]<\/p>\n<h2 style=\"text-align: center\">Velg spr\u00e5k nedenfor\/Choose language below<\/h2>\n<p>[\/et_pb_text][\/et_pb_column][\/et_pb_row][et_pb_row column_structure=&raquo;1_2,1_2&#8243; padding_mobile=&raquo;off&raquo; column_padding_mobile=&raquo;on&raquo; disabled_on=&raquo;off|off|off&raquo; admin_label=&raquo;row&raquo; _builder_version=&raquo;4.16&#8243; background_size=&raquo;initial&raquo; background_position=&raquo;top_left&raquo; background_repeat=&raquo;repeat&raquo; global_colors_info=&raquo;{}&raquo;][et_pb_column type=&raquo;1_2&#8243; _builder_version=&raquo;4.16&#8243; custom_padding=&raquo;|||&raquo; global_colors_info=&raquo;{}&raquo; custom_padding__hover=&raquo;|||&raquo;][et_pb_image src=&raquo;https:\/\/result.uit.no\/ikomp\/wp-content\/uploads\/sites\/6\/2025\/07\/iKomp_poster_Bokm_2025.jpg&raquo; alt=&raquo;iKomp Norsk bokm\u00e5lversjon&raquo; title_text=&raquo;iKomp_poster_Bokm_2025&#8243; url=&raquo;https:\/\/open.uit.no\/courses\/course-v1:UiT+iKomp+Bokmal-2025\/about&raquo; url_new_window=&raquo;on&raquo; align_tablet=&raquo;center&raquo; align_phone=&raquo;&raquo; align_last_edited=&raquo;on|desktop&raquo; admin_label=&raquo;Norsk versjon IMG&raquo; module_class=&raquo;front_course_poster&raquo; _builder_version=&raquo;4.27.4&#8243; use_border_color=&raquo;off&raquo; border_color=&raquo;#ffffff&raquo; border_width=&raquo;1px&raquo; border_style=&raquo;solid&raquo; animation=&raquo;off&raquo; sticky=&raquo;off&raquo; global_colors_info=&raquo;{}&raquo;][\/et_pb_image][et_pb_text admin_label=&raquo;No husk!&raquo; _builder_version=&raquo;4.27.4&#8243; text_font_size=&raquo;16px&raquo; background_size=&raquo;initial&raquo; background_position=&raquo;top_left&raquo; background_repeat=&raquo;repeat&raquo; custom_margin=&raquo;||15px||false|false&raquo; custom_padding=&raquo;||0px|||&raquo; use_border_color=&raquo;off&raquo; border_color=&raquo;#ffffff&raquo; border_style=&raquo;solid&raquo; global_colors_info=&raquo;{}&raquo;]<\/p>\n<p><span style=\"text-decoration: underline\"><strong>Student (ved UiT):<\/strong><\/span> <a href=\"https:\/\/apps.open.uit.no\/authn\/register\"><span style=\"text-decoration: underline\">Registrer deg med FEIDE direkte<\/span>.<\/a> <em>(PS: ikke gj\u00f8r noen endringer i registreringsskjemaet. Dette er data som hentes.)<\/em><\/p>\n<p>Hvis du er ny student ved UiT anbefaler vi deg \u00e5 vente\u00a0 til du har f\u00e5tt brukernavn og passord til UiTs IT-systemer (dette kalles din FEIDE-bruker). Med dette brukernavnet og passordet kan du logge deg inn direkte.<\/p>\n<p><strong><span style=\"text-decoration: underline\">Ikke student:<\/span><\/strong> da m\u00e5 du registrere deg for \u00e5 logge inn.<\/p>\n<p><strong>NB!<\/strong> Hvis du registrerer deg manuelt og ikke bruker FEIDE-p\u00e5logging, er det viktig at du sjekker at det ikke er noen skrivefeil i e-postadressen, da du vil motta en aktiveringskode p\u00e5 e-post.<\/p>\n<p>[\/et_pb_text][et_pb_button button_url=&raquo;https:\/\/open.uit.no\/courses\/course-v1:UiT+iKomp+Bokmal-2025\/about&raquo; url_new_window=&raquo;on&raquo; button_text=&raquo;G\u00e5 til iKomp bokm\u00e5l-versjon&raquo; _builder_version=&raquo;4.27.4&#8243; _module_preset=&raquo;default&raquo; custom_button=&raquo;on&raquo; button_text_size=&raquo;16px&raquo; button_border_width=&raquo;0px&raquo; button_icon=&raquo;&#x24;||divi||400&#8243; box_shadow_style=&raquo;preset2&#8243; box_shadow_blur=&raquo;9px&raquo; box_shadow_spread=&raquo;-6px&raquo; global_colors_info=&raquo;{}&raquo;][\/et_pb_button][\/et_pb_column][et_pb_column type=&raquo;1_2&#8243; _builder_version=&raquo;4.16&#8243; custom_padding=&raquo;|||&raquo; global_colors_info=&raquo;{}&raquo; custom_padding__hover=&raquo;|||&raquo;][et_pb_image src=&raquo;https:\/\/result.uit.no\/ikomp\/wp-content\/uploads\/sites\/6\/2021\/10\/iKomp_bg_ENG.jpg&raquo; alt=&raquo;English versjon of iKomp&raquo; title_text=&raquo;English versjon of iKomp&raquo; url=&raquo;https:\/\/open.uit.no\/courses\/course-v1:UiT+iKomp+English-2025\/about&raquo; url_new_window=&raquo;on&raquo; align_tablet=&raquo;center&raquo; align_phone=&raquo;&raquo; align_last_edited=&raquo;on|desktop&raquo; admin_label=&raquo;English versjon of iKomp&raquo; module_class=&raquo;front_course_poster&raquo; _builder_version=&raquo;4.27.4&#8243; use_border_color=&raquo;off&raquo; border_color=&raquo;#ffffff&raquo; border_width=&raquo;1px&raquo; border_style=&raquo;solid&raquo; animation=&raquo;off&raquo; sticky=&raquo;off&raquo; global_colors_info=&raquo;{}&raquo;][\/et_pb_image][et_pb_text admin_label=&raquo;Eng reminder!&raquo; _builder_version=&raquo;4.27.4&#8243; text_font_size=&raquo;16px&raquo; background_size=&raquo;initial&raquo; background_position=&raquo;top_left&raquo; background_repeat=&raquo;repeat&raquo; custom_margin=&raquo;||15px||false|false&raquo; use_border_color=&raquo;off&raquo; border_color=&raquo;#ffffff&raquo; border_style=&raquo;solid&raquo; global_colors_info=&raquo;{}&raquo;]<\/p>\n<p><em><span style=\"text-decoration: underline\"><strong>OBS! <\/strong>New updated version of course coming soon.<\/span><\/em><\/p>\n<p><span style=\"text-decoration: underline\"><strong>Student (at UiT):<\/strong><\/span> <a href=\"https:\/\/apps.open.uit.no\/authn\/register\"><span style=\"text-decoration: underline\">Register directly with your Student (FEIDE) account.<\/span><\/a> <em>(PS: ikke gj\u00f8r noen endringer i registreringsskjemaet. This is data that has been fetched.)<br \/><\/em><br \/>If you are just starting your studies at UiT we would suggest that you wait until you have received your username and password for all UiT systems (this is called your FEIDE user). This is the username and password\u00a0you should use to sign in with.<\/p>\n<p><strong><span style=\"text-decoration: underline\">Not a student:<\/span><\/strong> then you have to register an account first.<\/p>\n<p><strong>NB!<\/strong> If you register manually, and not with FEIDE, check twice to make sure that there are no misspellings in your email address, as you will receive an activation code in your mail account.<\/p>\n<p>[\/et_pb_text][et_pb_button button_url=&raquo;https:\/\/open.uit.no\/courses\/course-v1:UiT+iKomp+English-2025\/about&raquo; url_new_window=&raquo;on&raquo; button_text=&raquo;Go to iKomp english-version&raquo; _builder_version=&raquo;4.27.4&#8243; _module_preset=&raquo;default&raquo; custom_button=&raquo;on&raquo; button_text_size=&raquo;16px&raquo; button_border_width=&raquo;0px&raquo; button_icon=&raquo;&#x24;||divi||400&#8243; box_shadow_style=&raquo;preset2&#8243; box_shadow_blur=&raquo;9px&raquo; box_shadow_spread=&raquo;-6px&raquo; global_colors_info=&raquo;{}&raquo;][\/et_pb_button][\/et_pb_column][\/et_pb_row][et_pb_row column_structure=&raquo;1_2,1_2&#8243; padding_mobile=&raquo;off&raquo; column_padding_mobile=&raquo;on&raquo; disabled_on=&raquo;off|off|off&raquo; admin_label=&raquo;row&raquo; _builder_version=&raquo;4.16&#8243; background_size=&raquo;initial&raquo; background_position=&raquo;top_left&raquo; background_repeat=&raquo;repeat&raquo; global_colors_info=&raquo;{}&raquo;][et_pb_column type=&raquo;1_2&#8243; _builder_version=&raquo;4.16&#8243; custom_padding=&raquo;|||&raquo; global_colors_info=&raquo;{}&raquo; custom_padding__hover=&raquo;|||&raquo;][et_pb_image src=&raquo;https:\/\/result.uit.no\/ikomp\/wp-content\/uploads\/sites\/6\/2025\/07\/iKomp_poster_2025_Nyno.jpg&raquo; alt=&raquo;iKomp poster &#8211; Nynorsk versjon&raquo; title_text=&raquo;iKomp_poster_2025_Nyno&raquo; url=&raquo;https:\/\/open.uit.no\/courses\/course-v1:UiT+iKomp+Nynorsk-2025\/about&raquo; url_new_window=&raquo;on&raquo; align_tablet=&raquo;center&raquo; align_phone=&raquo;&raquo; align_last_edited=&raquo;on|desktop&raquo; admin_label=&raquo;Nynorsk versjon&raquo; module_class=&raquo;front_course_poster&raquo; _builder_version=&raquo;4.27.4&#8243; use_border_color=&raquo;off&raquo; border_color=&raquo;#ffffff&raquo; border_width=&raquo;1px&raquo; border_style=&raquo;solid&raquo; animation=&raquo;off&raquo; sticky=&raquo;off&raquo; global_colors_info=&raquo;{}&raquo;][\/et_pb_image][et_pb_text disabled_on=&raquo;off|off|off&raquo; admin_label=&raquo;Nynorsk husk!&raquo; _builder_version=&raquo;4.27.4&#8243; text_font_size=&raquo;16px&raquo; background_size=&raquo;initial&raquo; background_position=&raquo;top_left&raquo; background_repeat=&raquo;repeat&raquo; custom_margin=&raquo;||15px||false|false&raquo; use_border_color=&raquo;off&raquo; border_color=&raquo;#ffffff&raquo; border_style=&raquo;solid&raquo; global_colors_info=&raquo;{}&raquo;]<\/p>\n<p><span style=\"text-decoration: underline\"><strong>Student (ved UiT):<\/strong><\/span> <span style=\"text-decoration: underline\"><a href=\"https:\/\/apps.open.uit.no\/authn\/register\">Registrer deg med FEIDE direkte<\/a>. <em>(PS: ikkje gjer nokon endringar i registreringsskjemaet. Dette er data som blir henta.)<br \/><\/em><\/span><br \/>Viss du er ny student ved UiT, tilr\u00e5r vi at du ventar med \u00e5 registrere deg til du har f\u00e5tt brukarnamn og passord til UiTs IT-system (dette heiter din FEIDE-bruker). Med dette brukarnamnet og passordet kan du logge deg inn direkte.<\/p>\n<p><strong><span style=\"text-decoration: underline\">Ikkje student:<\/span><\/strong> da m\u00e5 du registrere deg for \u00e5 logge inn.<\/p>\n<p><strong>NB!<\/strong> Viss du registrerer deg manuelt og ikkje nyttar FEIDE-p\u00e5logging, er det viktig at du sjekker at du ikkje har nokon skrivefeil i e-postadressen, da du vil motta ein aktiveringskode p\u00e5 e-post.<\/p>\n<p>[\/et_pb_text][et_pb_button button_url=&raquo;https:\/\/open.uit.no\/courses\/course-v1:UiT+iKomp+Nynorsk-2025\/about&raquo; url_new_window=&raquo;on&raquo; button_text=&raquo;G\u00e5 til iKomp nynorsk-versjon&raquo; _builder_version=&raquo;4.27.4&#8243; _module_preset=&raquo;default&raquo; custom_button=&raquo;on&raquo; button_text_size=&raquo;16px&raquo; button_border_width=&raquo;0px&raquo; button_icon=&raquo;&#x24;||divi||400&#8243; box_shadow_style=&raquo;preset2&#8243; box_shadow_blur=&raquo;9px&raquo; box_shadow_spread=&raquo;-6px&raquo; global_colors_info=&raquo;{}&raquo;][\/et_pb_button][\/et_pb_column][et_pb_column type=&raquo;1_2&#8243; _builder_version=&raquo;4.16&#8243; custom_padding=&raquo;|||&raquo; global_colors_info=&raquo;{}&raquo; custom_padding__hover=&raquo;|||&raquo;][et_pb_image src=&raquo;https:\/\/result.uit.no\/ikomp\/wp-content\/uploads\/sites\/6\/2021\/10\/ikompVGS_Poster_v2.jpg&raquo; alt=&raquo;Norsk versjon&raquo; title_text=&raquo;Norsk versjon&raquo; url=&raquo;https:\/\/open.uit.no\/courses\/course-v1:UiT+iKomp-VGS+Norsk\/about&raquo; url_new_window=&raquo;on&raquo; align_tablet=&raquo;center&raquo; align_phone=&raquo;&raquo; align_last_edited=&raquo;on|desktop&raquo; admin_label=&raquo;Videreg\u00e5ende skole&raquo; module_class=&raquo;front_course_poster&raquo; _builder_version=&raquo;4.23.4&#8243; use_border_color=&raquo;off&raquo; border_color=&raquo;#ffffff&raquo; border_width=&raquo;1px&raquo; border_style=&raquo;solid&raquo; animation=&raquo;off&raquo; sticky=&raquo;off&raquo; global_colors_info=&raquo;{}&raquo;][\/et_pb_image][et_pb_text admin_label=&raquo;VGS Husk!&raquo; _builder_version=&raquo;4.27.4&#8243; text_font_size=&raquo;16px&raquo; background_size=&raquo;initial&raquo; background_position=&raquo;top_left&raquo; background_repeat=&raquo;repeat&raquo; custom_margin=&raquo;||15px||false|false&raquo; custom_padding=&raquo;||11px|||&raquo; use_border_color=&raquo;off&raquo; border_color=&raquo;#ffffff&raquo; border_style=&raquo;solid&raquo; global_colors_info=&raquo;{}&raquo;]<\/p>\n<p><strong>Kurset er n\u00e5 \u00e5pent for alle, uten registrering.\u00a0<\/strong><\/p>\n<p><strong>NB!<\/strong> Hvis du velger \u00e5 registrere deg, for \u00e5 f\u00f8lge fremgangen din i kurset, er det viktig at du sjekker at det ikke er noen skrivefeil i e-postadressen din da du vil motta en aktiveringskode p\u00e5 e-post.<\/p>\n<p>[\/et_pb_text][et_pb_button button_url=&raquo;https:\/\/open.uit.no\/courses\/course-v1:UiT+iKomp-VGS+Norsk\/about&raquo; url_new_window=&raquo;on&raquo; button_text=&raquo;G\u00e5 til iKomp VGS-versjon&raquo; _builder_version=&raquo;4.27.4&#8243; _module_preset=&raquo;default&raquo; custom_button=&raquo;on&raquo; button_text_size=&raquo;16px&raquo; button_border_width=&raquo;0px&raquo; button_icon=&raquo;&#x24;||divi||400&#8243; box_shadow_style=&raquo;preset2&#8243; box_shadow_blur=&raquo;9px&raquo; box_shadow_spread=&raquo;-6px&raquo; global_colors_info=&raquo;{}&raquo;][\/et_pb_button][\/et_pb_column][\/et_pb_row][et_pb_row column_structure=&raquo;1_2,1_2&#8243; _builder_version=&raquo;4.16&#8243; background_size=&raquo;initial&raquo; background_position=&raquo;top_left&raquo; background_repeat=&raquo;repeat&raquo; global_colors_info=&raquo;{}&raquo;][et_pb_column type=&raquo;1_2&#8243; _builder_version=&raquo;4.16&#8243; custom_padding=&raquo;|||&raquo; global_colors_info=&raquo;{}&raquo; custom_padding__hover=&raquo;|||&raquo;][et_pb_code admin_label=&raquo;CC lisens&raquo; _builder_version=&raquo;3.19.18&#8243; global_module=&raquo;465&#8243; saved_tabs=&raquo;all&raquo; global_colors_info=&raquo;{}&raquo;]<a rel=\"license\" href=\"http:\/\/creativecommons.org\/licenses\/by-sa\/4.0\/\"><img decoding=\"async\" alt=\"Creative Commons Licence\" style=\"border-width:0\" data-src=\"https:\/\/i.creativecommons.org\/l\/by-sa\/4.0\/88x31.png\" src=\"data:image\/svg+xml;base64,PHN2ZyB3aWR0aD0iMSIgaGVpZ2h0PSIxIiB4bWxucz0iaHR0cDovL3d3dy53My5vcmcvMjAwMC9zdmciPjwvc3ZnPg==\" class=\"lazyload\" \/><\/a><!\u2013- [et_pb_br_holder] -\u2013><span>iKomp is created<\/span> by <a href=\"http:\/\/uit.no\/ub\" rel=\"cc:attributionURL\">UiT The Arctic University of Norway \/UB\/Result<\/a> is licensed under a <a rel=\"license\" href=\"http:\/\/creativecommons.org\/licenses\/by-sa\/4.0\/\">Creative Commons Attribution-ShareAlike 4.0 International License<\/a>.[\/et_pb_code][\/et_pb_column][et_pb_column type=&raquo;1_2&#8243; _builder_version=&raquo;4.16&#8243; custom_padding=&raquo;|||&raquo; global_colors_info=&raquo;{}&raquo; custom_padding__hover=&raquo;|||&raquo;][\/et_pb_column][\/et_pb_row][\/et_pb_section]<\/p>\n","protected":false},"excerpt":{"rendered":"<p>iKomp Informasjonskompetanse | Information literacy Planlagt nedetid I l\u00f8pet av kveld\/natt til fredag 17. eller l\u00f8rdag 18. er det planlagt oppdatering av servere. Det betyr at kursene iKomp og AsK er utilgjengelige i ca. 90 minutter fra arbeidet starter.Ny versjon av iKomp Bokm\u00e5l og Nynorsk Nye versjoner startet s\u00f8ndag 10. august. Da stengte ogs\u00e5 de [&hellip;]<\/p>\n","protected":false},"author":3,"featured_media":0,"parent":0,"menu_order":0,"comment_status":"closed","ping_status":"closed","template":"","meta":{"_et_pb_use_builder":"on","_et_pb_old_content":"","_et_gb_content_width":"","iawp_total_views":28526,"footnotes":""},"class_list":["post-269","page","type-page","status-publish","hentry"],"_links":{"self":[{"href":"https:\/\/result.uit.no\/ikomp\/wp-json\/wp\/v2\/pages\/269","targetHints":{"allow":["GET"]}}],"collection":[{"href":"https:\/\/result.uit.no\/ikomp\/wp-json\/wp\/v2\/pages"}],"about":[{"href":"https:\/\/result.uit.no\/ikomp\/wp-json\/wp\/v2\/types\/page"}],"author":[{"embeddable":true,"href":"https:\/\/result.uit.no\/ikomp\/wp-json\/wp\/v2\/users\/3"}],"replies":[{"embeddable":true,"href":"https:\/\/result.uit.no\/ikomp\/wp-json\/wp\/v2\/comments?post=269"}],"version-history":[{"count":0,"href":"https:\/\/result.uit.no\/ikomp\/wp-json\/wp\/v2\/pages\/269\/revisions"}],"wp:attachment":[{"href":"https:\/\/result.uit.no\/ikomp\/wp-json\/wp\/v2\/media?parent=269"}],"curies":[{"name":"wp","href":"https:\/\/api.w.org\/{rel}","templated":true}]}}