{"id":758,"date":"2024-09-17T15:33:13","date_gmt":"2024-09-17T13:33:13","guid":{"rendered":"https:\/\/result.uit.no\/grunnleggende-gehor-musikkteori\/?page_id=758"},"modified":"2024-11-17T10:02:42","modified_gmt":"2024-11-17T09:02:42","slug":"noter-rytmer-selv-sekstendeler","status":"publish","type":"page","link":"https:\/\/result.uit.no\/grunnleggende-gehor-musikkteori\/noter-rytmer-selv-sekstendeler\/","title":{"rendered":"Noter rytmer selv! Sekstendeler"},"content":{"rendered":"<p>[et_pb_section fb_built=&raquo;1&#8243; _builder_version=&raquo;4.27.0&#8243; _module_preset=&raquo;default&raquo; custom_padding=&raquo;||2px|0px||&raquo; global_colors_info=&raquo;{}&raquo;][et_pb_row _builder_version=&raquo;4.27.0&#8243; _module_preset=&raquo;default&raquo; global_colors_info=&raquo;{}&raquo;][et_pb_column type=&raquo;4_4&#8243; _builder_version=&raquo;4.27.0&#8243; _module_preset=&raquo;default&raquo; global_colors_info=&raquo;{}&raquo;][et_pb_text _builder_version=&raquo;4.27.3&#8243; _module_preset=&raquo;default&raquo; global_colors_info=&raquo;{}&raquo;]<\/p>\n<h1><span style=\"color: #800080\">Noter rytmer selv!\u00a0<\/span><\/h1>\n<p>[\/et_pb_text][et_pb_text _builder_version=&raquo;4.27.3&#8243; _module_preset=&raquo;default&raquo; custom_margin=&raquo;-18px|||||&raquo; hover_enabled=&raquo;0&#8243; global_colors_info=&raquo;{}&raquo; sticky_enabled=&raquo;0&#8243;]<\/p>\n<h3><span style=\"color: #800080\">Sekstendeler og de andre grunnleggende noteverdiene<\/span><\/h3>\n<p>[\/et_pb_text][\/et_pb_column][\/et_pb_row][et_pb_row column_structure=&raquo;2_5,3_5&#8243; _builder_version=&raquo;4.27.0&#8243; _module_preset=&raquo;default&raquo; global_colors_info=&raquo;{}&raquo;][et_pb_column type=&raquo;2_5&#8243; _builder_version=&raquo;4.27.0&#8243; _module_preset=&raquo;default&raquo; global_colors_info=&raquo;{}&raquo;][et_pb_image src=&raquo;https:\/\/result.uit.no\/grunnleggende-gehor-musikkteori\/wp-content\/uploads\/sites\/63\/2024\/09\/attendel.jpg&raquo; title_text=&raquo;\u00e5ttendel&raquo; _builder_version=&raquo;4.27.0&#8243; _module_preset=&raquo;default&raquo; global_colors_info=&raquo;{}&raquo;][\/et_pb_image][\/et_pb_column][et_pb_column type=&raquo;3_5&#8243; _builder_version=&raquo;4.27.0&#8243; _module_preset=&raquo;default&raquo; global_colors_info=&raquo;{}&raquo;][et_pb_text _builder_version=&raquo;4.27.2&#8243; _module_preset=&raquo;default&raquo; text_font=&raquo;Arial||||||||&raquo; text_line_height=&raquo;1.5em&raquo; global_colors_info=&raquo;{}&raquo;]<\/p>\n<p style=\"margin: 0cm;font-size: medium;font-family: Calibri, sans-serif;color: #000000;line-height: 24px\">Finn frem\u00a0notepapir og blyant!<\/p>\n<p style=\"margin: 0cm;font-size: medium;font-family: Calibri, sans-serif;color: #000000;line-height: 24px\">I oppgavene som f\u00f8lger f\u00e5r du h\u00f8re korte melodier der melodirytmen best\u00e5r av sekstendeler og de andre noteverdiene du har l\u00e6rt i tidligere kapitler. Lytt til melodien mange nok ganger til at du kan synge den uten \u00e5 anstrenge deg for \u00e5 huske den.\u00a0<\/p>\n<p style=\"margin: 0cm;font-size: medium;font-family: Calibri, sans-serif;color: #000000;line-height: 24px\">Syng melodien mens du klapper pulsen. Noter deretter melodirytmen.<\/p>\n<p style=\"margin: 0cm;font-size: medium;font-family: Calibri, sans-serif;color: #000000;line-height: 24px\">\n<p style=\"margin: 0cm;font-size: medium;font-family: Calibri, sans-serif;color: #000000;line-height: 24px\">Nb: I disse oppgavene skal du ikke notere toneh\u00f8ydene. Melodirytmen kan noteres p\u00e5 \u00e9n linje i det femlinjede notesystemet, eller p\u00e5 et enlinjet system slik som du s\u00e5 i lese\u00f8velsene i oppgave 1.<\/p>\n<p style=\"margin: 0cm;font-size: medium;font-family: Calibri, sans-serif;color: #000000;line-height: 24px\">N\u00e5r du er i m\u00e5l, kan du kontrollere mot fasiten som ligger under hver oppgave.<\/p>\n<p>[\/et_pb_text][\/et_pb_column][\/et_pb_row][et_pb_row column_structure=&raquo;1_2,1_2&#8243; _builder_version=&raquo;4.27.0&#8243; _module_preset=&raquo;default&raquo; global_colors_info=&raquo;{}&raquo;][et_pb_column type=&raquo;1_2&#8243; _builder_version=&raquo;4.27.0&#8243; _module_preset=&raquo;default&raquo; global_colors_info=&raquo;{}&raquo;][et_pb_text _builder_version=&raquo;4.27.0&#8243; _module_preset=&raquo;default&raquo; global_colors_info=&raquo;{}&raquo;]<\/p>\n<h3>Oppgave a<\/h3>\n<p>[\/et_pb_text][et_pb_text _builder_version=&raquo;4.27.0&#8243; _module_preset=&raquo;default&raquo; global_colors_info=&raquo;{}&raquo;]<\/p>\n<p style=\"font-size: 16px\">Lytt, syng og noter!<\/p>\n<p style=\"font-size: 16px\">Melodien g\u00e5r i 4\/4-takt. Melodien spilles to ganger.<\/p>\n<p>[\/et_pb_text][et_pb_audio audio=&raquo;https:\/\/result.uit.no\/grunnleggende-gehor-musikkteori\/wp-content\/uploads\/sites\/63\/2024\/09\/Diktat-4a.mp3&#8243; _builder_version=&raquo;4.27.0&#8243; _module_preset=&raquo;default&raquo; custom_padding=&raquo;2px||2px|||&raquo; global_colors_info=&raquo;{}&raquo;][\/et_pb_audio][et_pb_toggle title=&raquo;Fasit&raquo; _builder_version=&raquo;4.27.0&#8243; _module_preset=&raquo;default&raquo; global_colors_info=&raquo;{}&raquo;]<\/p>\n<p><img loading=\"lazy\" decoding=\"async\" src=\"https:\/\/result.uit.no\/grunnleggende-gehor-musikkteori\/wp-content\/uploads\/sites\/63\/2024\/09\/noter-rytmer-med-sekstendeler-a.png\" width=\"2171\" height=\"115\" alt=\"\" class=\"wp-image-783 alignnone size-full\" srcset=\"https:\/\/result.uit.no\/grunnleggende-gehor-musikkteori\/wp-content\/uploads\/sites\/63\/2024\/09\/noter-rytmer-med-sekstendeler-a.png 2171w, https:\/\/result.uit.no\/grunnleggende-gehor-musikkteori\/wp-content\/uploads\/sites\/63\/2024\/09\/noter-rytmer-med-sekstendeler-a-1280x68.png 1280w, https:\/\/result.uit.no\/grunnleggende-gehor-musikkteori\/wp-content\/uploads\/sites\/63\/2024\/09\/noter-rytmer-med-sekstendeler-a-980x52.png 980w, https:\/\/result.uit.no\/grunnleggende-gehor-musikkteori\/wp-content\/uploads\/sites\/63\/2024\/09\/noter-rytmer-med-sekstendeler-a-480x25.png 480w\" sizes=\"(min-width: 0px) and (max-width: 480px) 480px, (min-width: 481px) and (max-width: 980px) 980px, (min-width: 981px) and (max-width: 1280px) 1280px, (min-width: 1281px) 2171px, 100vw\" \/><\/p>\n<p>[\/et_pb_toggle][\/et_pb_column][et_pb_column type=&raquo;1_2&#8243; _builder_version=&raquo;4.27.0&#8243; _module_preset=&raquo;default&raquo; global_colors_info=&raquo;{}&raquo;][et_pb_text _builder_version=&raquo;4.27.0&#8243; _module_preset=&raquo;default&raquo; global_colors_info=&raquo;{}&raquo;]<\/p>\n<h3>Oppgave b<\/h3>\n<p>[\/et_pb_text][et_pb_text _builder_version=&raquo;4.27.0&#8243; _module_preset=&raquo;default&raquo; global_colors_info=&raquo;{}&raquo;]<\/p>\n<p style=\"font-size: 16px\">Lytt, syng og noter!<\/p>\n<p style=\"font-size: 16px\">Melodien g\u00e5r i 2\/4-takt.\u00a0<\/p>\n<p>[\/et_pb_text][et_pb_audio audio=&raquo;https:\/\/result.uit.no\/grunnleggende-gehor-musikkteori\/wp-content\/uploads\/sites\/63\/2024\/09\/Diktat-4b.mp3&#8243; _builder_version=&raquo;4.27.0&#8243; _module_preset=&raquo;default&raquo; custom_padding=&raquo;2px||2px|||&raquo; global_colors_info=&raquo;{}&raquo;][\/et_pb_audio][et_pb_toggle title=&raquo;Fasit&raquo; _builder_version=&raquo;4.27.0&#8243; _module_preset=&raquo;default&raquo; global_colors_info=&raquo;{}&raquo;]<\/p>\n<p><img loading=\"lazy\" decoding=\"async\" src=\"https:\/\/result.uit.no\/grunnleggende-gehor-musikkteori\/wp-content\/uploads\/sites\/63\/2024\/09\/noter-rytmer-med-sekstendeler-b.png\" width=\"2172\" height=\"432\" alt=\"\" class=\"wp-image-784 alignnone size-full\" srcset=\"https:\/\/result.uit.no\/grunnleggende-gehor-musikkteori\/wp-content\/uploads\/sites\/63\/2024\/09\/noter-rytmer-med-sekstendeler-b.png 2172w, https:\/\/result.uit.no\/grunnleggende-gehor-musikkteori\/wp-content\/uploads\/sites\/63\/2024\/09\/noter-rytmer-med-sekstendeler-b-1280x255.png 1280w, https:\/\/result.uit.no\/grunnleggende-gehor-musikkteori\/wp-content\/uploads\/sites\/63\/2024\/09\/noter-rytmer-med-sekstendeler-b-980x195.png 980w, https:\/\/result.uit.no\/grunnleggende-gehor-musikkteori\/wp-content\/uploads\/sites\/63\/2024\/09\/noter-rytmer-med-sekstendeler-b-480x95.png 480w\" sizes=\"(min-width: 0px) and (max-width: 480px) 480px, (min-width: 481px) and (max-width: 980px) 980px, (min-width: 981px) and (max-width: 1280px) 1280px, (min-width: 1281px) 2172px, 100vw\" \/><\/p>\n<p>[\/et_pb_toggle][\/et_pb_column][\/et_pb_row][et_pb_row column_structure=&raquo;1_2,1_2&#8243; _builder_version=&raquo;4.27.0&#8243; _module_preset=&raquo;default&raquo; global_colors_info=&raquo;{}&raquo;][et_pb_column type=&raquo;1_2&#8243; _builder_version=&raquo;4.27.0&#8243; _module_preset=&raquo;default&raquo; global_colors_info=&raquo;{}&raquo;][et_pb_text _builder_version=&raquo;4.27.0&#8243; _module_preset=&raquo;default&raquo; global_colors_info=&raquo;{}&raquo;]<\/p>\n<h3>Oppgave c<\/h3>\n<p>[\/et_pb_text][et_pb_text _builder_version=&raquo;4.27.0&#8243; _module_preset=&raquo;default&raquo; global_colors_info=&raquo;{}&raquo;]<\/p>\n<p style=\"font-size: 16px\">Lytt, syng og noter!<\/p>\n<p style=\"font-size: 16px\">Melodien g\u00e5r i 2\/4-takt.<\/p>\n<p>[\/et_pb_text][et_pb_audio audio=&raquo;https:\/\/result.uit.no\/grunnleggende-gehor-musikkteori\/wp-content\/uploads\/sites\/63\/2024\/09\/4c.mp3&#8243; _builder_version=&raquo;4.27.0&#8243; _module_preset=&raquo;default&raquo; custom_padding=&raquo;2px||2px|||&raquo; global_colors_info=&raquo;{}&raquo;][\/et_pb_audio][et_pb_toggle title=&raquo;Fasit&raquo; _builder_version=&raquo;4.27.0&#8243; _module_preset=&raquo;default&raquo; global_colors_info=&raquo;{}&raquo;]<\/p>\n<p><img loading=\"lazy\" decoding=\"async\" src=\"https:\/\/result.uit.no\/grunnleggende-gehor-musikkteori\/wp-content\/uploads\/sites\/63\/2024\/09\/noter-rytmer-med-sekstendeler-c.png\" width=\"2171\" height=\"115\" alt=\"\" class=\"wp-image-786 alignnone size-full\" srcset=\"https:\/\/result.uit.no\/grunnleggende-gehor-musikkteori\/wp-content\/uploads\/sites\/63\/2024\/09\/noter-rytmer-med-sekstendeler-c.png 2171w, https:\/\/result.uit.no\/grunnleggende-gehor-musikkteori\/wp-content\/uploads\/sites\/63\/2024\/09\/noter-rytmer-med-sekstendeler-c-1280x68.png 1280w, https:\/\/result.uit.no\/grunnleggende-gehor-musikkteori\/wp-content\/uploads\/sites\/63\/2024\/09\/noter-rytmer-med-sekstendeler-c-980x52.png 980w, https:\/\/result.uit.no\/grunnleggende-gehor-musikkteori\/wp-content\/uploads\/sites\/63\/2024\/09\/noter-rytmer-med-sekstendeler-c-480x25.png 480w\" sizes=\"(min-width: 0px) and (max-width: 480px) 480px, (min-width: 481px) and (max-width: 980px) 980px, (min-width: 981px) and (max-width: 1280px) 1280px, (min-width: 1281px) 2171px, 100vw\" \/><\/p>\n<p>[\/et_pb_toggle][\/et_pb_column][et_pb_column type=&raquo;1_2&#8243; _builder_version=&raquo;4.27.0&#8243; _module_preset=&raquo;default&raquo; global_colors_info=&raquo;{}&raquo;][et_pb_text _builder_version=&raquo;4.27.0&#8243; _module_preset=&raquo;default&raquo; global_colors_info=&raquo;{}&raquo;]<\/p>\n<h3>Oppgave d<\/h3>\n<p>[\/et_pb_text][et_pb_text _builder_version=&raquo;4.27.0&#8243; _module_preset=&raquo;default&raquo; global_colors_info=&raquo;{}&raquo;]<\/p>\n<p style=\"font-size: 16px\">Lytt, syng og noter!<\/p>\n<p style=\"font-size: 16px\">Melodien g\u00e5r i 3\/4-takt.\u00a0<\/p>\n<p>[\/et_pb_text][et_pb_audio audio=&raquo;https:\/\/result.uit.no\/grunnleggende-gehor-musikkteori\/wp-content\/uploads\/sites\/63\/2024\/09\/4d-take-2.mp3&#8243; _builder_version=&raquo;4.27.0&#8243; _module_preset=&raquo;default&raquo; custom_padding=&raquo;2px||2px|||&raquo; global_colors_info=&raquo;{}&raquo;][\/et_pb_audio][et_pb_toggle title=&raquo;Fasit&raquo; _builder_version=&raquo;4.27.0&#8243; _module_preset=&raquo;default&raquo; global_colors_info=&raquo;{}&raquo;]<\/p>\n<p><img loading=\"lazy\" decoding=\"async\" src=\"https:\/\/result.uit.no\/grunnleggende-gehor-musikkteori\/wp-content\/uploads\/sites\/63\/2024\/09\/noter-rytmer-med-sekstendeler-d.png\" width=\"2171\" height=\"115\" alt=\"\" class=\"wp-image-788 alignnone size-full\" srcset=\"https:\/\/result.uit.no\/grunnleggende-gehor-musikkteori\/wp-content\/uploads\/sites\/63\/2024\/09\/noter-rytmer-med-sekstendeler-d.png 2171w, https:\/\/result.uit.no\/grunnleggende-gehor-musikkteori\/wp-content\/uploads\/sites\/63\/2024\/09\/noter-rytmer-med-sekstendeler-d-1280x68.png 1280w, https:\/\/result.uit.no\/grunnleggende-gehor-musikkteori\/wp-content\/uploads\/sites\/63\/2024\/09\/noter-rytmer-med-sekstendeler-d-980x52.png 980w, https:\/\/result.uit.no\/grunnleggende-gehor-musikkteori\/wp-content\/uploads\/sites\/63\/2024\/09\/noter-rytmer-med-sekstendeler-d-480x25.png 480w\" sizes=\"(min-width: 0px) and (max-width: 480px) 480px, (min-width: 481px) and (max-width: 980px) 980px, (min-width: 981px) and (max-width: 1280px) 1280px, (min-width: 1281px) 2171px, 100vw\" \/><\/p>\n<p>[\/et_pb_toggle][\/et_pb_column][\/et_pb_row][\/et_pb_section]<\/p>\n","protected":false},"excerpt":{"rendered":"<p>Noter rytmer selv!\u00a0Sekstendeler og de andre grunnleggende noteverdieneFinn frem\u00a0notepapir og blyant! I oppgavene som f\u00f8lger f\u00e5r du h\u00f8re korte melodier der melodirytmen best\u00e5r av sekstendeler og de andre noteverdiene du har l\u00e6rt i tidligere kapitler. Lytt til melodien mange nok ganger til at du kan synge den uten \u00e5 anstrenge deg for \u00e5 huske den.\u00a0 [&hellip;]<\/p>\n","protected":false},"author":1974,"featured_media":0,"parent":0,"menu_order":0,"comment_status":"closed","ping_status":"closed","template":"","meta":{"_et_pb_use_builder":"on","_et_pb_old_content":"<!-- wp:divi\/placeholder \/-->","_et_gb_content_width":"","iawp_total_views":19,"footnotes":""},"class_list":["post-758","page","type-page","status-publish","hentry"],"yoast_head":"<!-- This site is optimized with the Yoast SEO plugin v27.5 - https:\/\/yoast.com\/product\/yoast-seo-wordpress\/ -->\n<title>Noter rytmer selv! Sekstendeler - Geh\u00f8r og musikkteori<\/title>\n<meta name=\"robots\" content=\"index, follow, max-snippet:-1, max-image-preview:large, max-video-preview:-1\" \/>\n<link rel=\"canonical\" href=\"https:\/\/result.uit.no\/grunnleggende-gehor-musikkteori\/noter-rytmer-selv-sekstendeler\/\" \/>\n<script type=\"application\/ld+json\" class=\"yoast-schema-graph\">{\"@context\":\"https:\\\/\\\/schema.org\",\"@graph\":[{\"@type\":\"WebPage\",\"@id\":\"https:\\\/\\\/result.uit.no\\\/grunnleggende-gehor-musikkteori\\\/noter-rytmer-selv-sekstendeler\\\/\",\"url\":\"https:\\\/\\\/result.uit.no\\\/grunnleggende-gehor-musikkteori\\\/noter-rytmer-selv-sekstendeler\\\/\",\"name\":\"Noter rytmer selv! Sekstendeler - Geh\u00f8r og musikkteori\",\"isPartOf\":{\"@id\":\"https:\\\/\\\/result.uit.no\\\/grunnleggende-gehor-musikkteori\\\/#website\"},\"primaryImageOfPage\":{\"@id\":\"https:\\\/\\\/result.uit.no\\\/grunnleggende-gehor-musikkteori\\\/noter-rytmer-selv-sekstendeler\\\/#primaryimage\"},\"image\":{\"@id\":\"https:\\\/\\\/result.uit.no\\\/grunnleggende-gehor-musikkteori\\\/noter-rytmer-selv-sekstendeler\\\/#primaryimage\"},\"thumbnailUrl\":\"https:\\\/\\\/result.uit.no\\\/grunnleggende-gehor-musikkteori\\\/wp-content\\\/uploads\\\/sites\\\/63\\\/2024\\\/09\\\/noter-rytmer-med-sekstendeler-a.png\",\"datePublished\":\"2024-09-17T13:33:13+00:00\",\"dateModified\":\"2024-11-17T09:02:42+00:00\",\"breadcrumb\":{\"@id\":\"https:\\\/\\\/result.uit.no\\\/grunnleggende-gehor-musikkteori\\\/noter-rytmer-selv-sekstendeler\\\/#breadcrumb\"},\"inLanguage\":\"nb-NO\",\"potentialAction\":[{\"@type\":\"ReadAction\",\"target\":[\"https:\\\/\\\/result.uit.no\\\/grunnleggende-gehor-musikkteori\\\/noter-rytmer-selv-sekstendeler\\\/\"]}]},{\"@type\":\"ImageObject\",\"inLanguage\":\"nb-NO\",\"@id\":\"https:\\\/\\\/result.uit.no\\\/grunnleggende-gehor-musikkteori\\\/noter-rytmer-selv-sekstendeler\\\/#primaryimage\",\"url\":\"https:\\\/\\\/result.uit.no\\\/grunnleggende-gehor-musikkteori\\\/wp-content\\\/uploads\\\/sites\\\/63\\\/2024\\\/09\\\/noter-rytmer-med-sekstendeler-a.png\",\"contentUrl\":\"https:\\\/\\\/result.uit.no\\\/grunnleggende-gehor-musikkteori\\\/wp-content\\\/uploads\\\/sites\\\/63\\\/2024\\\/09\\\/noter-rytmer-med-sekstendeler-a.png\",\"width\":2171,\"height\":115},{\"@type\":\"BreadcrumbList\",\"@id\":\"https:\\\/\\\/result.uit.no\\\/grunnleggende-gehor-musikkteori\\\/noter-rytmer-selv-sekstendeler\\\/#breadcrumb\",\"itemListElement\":[{\"@type\":\"ListItem\",\"position\":1,\"name\":\"Home\",\"item\":\"https:\\\/\\\/result.uit.no\\\/grunnleggende-gehor-musikkteori\\\/\"},{\"@type\":\"ListItem\",\"position\":2,\"name\":\"Noter rytmer selv! Sekstendeler\"}]},{\"@type\":\"WebSite\",\"@id\":\"https:\\\/\\\/result.uit.no\\\/grunnleggende-gehor-musikkteori\\\/#website\",\"url\":\"https:\\\/\\\/result.uit.no\\\/grunnleggende-gehor-musikkteori\\\/\",\"name\":\"Geh\u00f8r og musikkteori\",\"description\":\"Geh\u00f8r og musikkteori\",\"publisher\":{\"@id\":\"https:\\\/\\\/result.uit.no\\\/grunnleggende-gehor-musikkteori\\\/#organization\"},\"potentialAction\":[{\"@type\":\"SearchAction\",\"target\":{\"@type\":\"EntryPoint\",\"urlTemplate\":\"https:\\\/\\\/result.uit.no\\\/grunnleggende-gehor-musikkteori\\\/?s={search_term_string}\"},\"query-input\":{\"@type\":\"PropertyValueSpecification\",\"valueRequired\":true,\"valueName\":\"search_term_string\"}}],\"inLanguage\":\"nb-NO\"},{\"@type\":\"Organization\",\"@id\":\"https:\\\/\\\/result.uit.no\\\/grunnleggende-gehor-musikkteori\\\/#organization\",\"name\":\"UiT\",\"url\":\"https:\\\/\\\/result.uit.no\\\/grunnleggende-gehor-musikkteori\\\/\",\"logo\":{\"@type\":\"ImageObject\",\"inLanguage\":\"nb-NO\",\"@id\":\"https:\\\/\\\/result.uit.no\\\/grunnleggende-gehor-musikkteori\\\/#\\\/schema\\\/logo\\\/image\\\/\",\"url\":\"https:\\\/\\\/result.uit.no\\\/grunnleggende-gehor-musikkteori\\\/wp-content\\\/uploads\\\/sites\\\/63\\\/2024\\\/11\\\/UiT_Segl_Eng_Bla_960px.png\",\"contentUrl\":\"https:\\\/\\\/result.uit.no\\\/grunnleggende-gehor-musikkteori\\\/wp-content\\\/uploads\\\/sites\\\/63\\\/2024\\\/11\\\/UiT_Segl_Eng_Bla_960px.png\",\"width\":960,\"height\":960,\"caption\":\"UiT\"},\"image\":{\"@id\":\"https:\\\/\\\/result.uit.no\\\/grunnleggende-gehor-musikkteori\\\/#\\\/schema\\\/logo\\\/image\\\/\"}}]}<\/script>\n<!-- \/ Yoast SEO plugin. -->","yoast_head_json":{"title":"Noter rytmer selv! Sekstendeler - Geh\u00f8r og musikkteori","robots":{"index":"index","follow":"follow","max-snippet":"max-snippet:-1","max-image-preview":"max-image-preview:large","max-video-preview":"max-video-preview:-1"},"canonical":"https:\/\/result.uit.no\/grunnleggende-gehor-musikkteori\/noter-rytmer-selv-sekstendeler\/","schema":{"@context":"https:\/\/schema.org","@graph":[{"@type":"WebPage","@id":"https:\/\/result.uit.no\/grunnleggende-gehor-musikkteori\/noter-rytmer-selv-sekstendeler\/","url":"https:\/\/result.uit.no\/grunnleggende-gehor-musikkteori\/noter-rytmer-selv-sekstendeler\/","name":"Noter rytmer selv! Sekstendeler - Geh\u00f8r og musikkteori","isPartOf":{"@id":"https:\/\/result.uit.no\/grunnleggende-gehor-musikkteori\/#website"},"primaryImageOfPage":{"@id":"https:\/\/result.uit.no\/grunnleggende-gehor-musikkteori\/noter-rytmer-selv-sekstendeler\/#primaryimage"},"image":{"@id":"https:\/\/result.uit.no\/grunnleggende-gehor-musikkteori\/noter-rytmer-selv-sekstendeler\/#primaryimage"},"thumbnailUrl":"https:\/\/result.uit.no\/grunnleggende-gehor-musikkteori\/wp-content\/uploads\/sites\/63\/2024\/09\/noter-rytmer-med-sekstendeler-a.png","datePublished":"2024-09-17T13:33:13+00:00","dateModified":"2024-11-17T09:02:42+00:00","breadcrumb":{"@id":"https:\/\/result.uit.no\/grunnleggende-gehor-musikkteori\/noter-rytmer-selv-sekstendeler\/#breadcrumb"},"inLanguage":"nb-NO","potentialAction":[{"@type":"ReadAction","target":["https:\/\/result.uit.no\/grunnleggende-gehor-musikkteori\/noter-rytmer-selv-sekstendeler\/"]}]},{"@type":"ImageObject","inLanguage":"nb-NO","@id":"https:\/\/result.uit.no\/grunnleggende-gehor-musikkteori\/noter-rytmer-selv-sekstendeler\/#primaryimage","url":"https:\/\/result.uit.no\/grunnleggende-gehor-musikkteori\/wp-content\/uploads\/sites\/63\/2024\/09\/noter-rytmer-med-sekstendeler-a.png","contentUrl":"https:\/\/result.uit.no\/grunnleggende-gehor-musikkteori\/wp-content\/uploads\/sites\/63\/2024\/09\/noter-rytmer-med-sekstendeler-a.png","width":2171,"height":115},{"@type":"BreadcrumbList","@id":"https:\/\/result.uit.no\/grunnleggende-gehor-musikkteori\/noter-rytmer-selv-sekstendeler\/#breadcrumb","itemListElement":[{"@type":"ListItem","position":1,"name":"Home","item":"https:\/\/result.uit.no\/grunnleggende-gehor-musikkteori\/"},{"@type":"ListItem","position":2,"name":"Noter rytmer selv! Sekstendeler"}]},{"@type":"WebSite","@id":"https:\/\/result.uit.no\/grunnleggende-gehor-musikkteori\/#website","url":"https:\/\/result.uit.no\/grunnleggende-gehor-musikkteori\/","name":"Geh\u00f8r og musikkteori","description":"Geh\u00f8r og musikkteori","publisher":{"@id":"https:\/\/result.uit.no\/grunnleggende-gehor-musikkteori\/#organization"},"potentialAction":[{"@type":"SearchAction","target":{"@type":"EntryPoint","urlTemplate":"https:\/\/result.uit.no\/grunnleggende-gehor-musikkteori\/?s={search_term_string}"},"query-input":{"@type":"PropertyValueSpecification","valueRequired":true,"valueName":"search_term_string"}}],"inLanguage":"nb-NO"},{"@type":"Organization","@id":"https:\/\/result.uit.no\/grunnleggende-gehor-musikkteori\/#organization","name":"UiT","url":"https:\/\/result.uit.no\/grunnleggende-gehor-musikkteori\/","logo":{"@type":"ImageObject","inLanguage":"nb-NO","@id":"https:\/\/result.uit.no\/grunnleggende-gehor-musikkteori\/#\/schema\/logo\/image\/","url":"https:\/\/result.uit.no\/grunnleggende-gehor-musikkteori\/wp-content\/uploads\/sites\/63\/2024\/11\/UiT_Segl_Eng_Bla_960px.png","contentUrl":"https:\/\/result.uit.no\/grunnleggende-gehor-musikkteori\/wp-content\/uploads\/sites\/63\/2024\/11\/UiT_Segl_Eng_Bla_960px.png","width":960,"height":960,"caption":"UiT"},"image":{"@id":"https:\/\/result.uit.no\/grunnleggende-gehor-musikkteori\/#\/schema\/logo\/image\/"}}]}},"_links":{"self":[{"href":"https:\/\/result.uit.no\/grunnleggende-gehor-musikkteori\/wp-json\/wp\/v2\/pages\/758","targetHints":{"allow":["GET"]}}],"collection":[{"href":"https:\/\/result.uit.no\/grunnleggende-gehor-musikkteori\/wp-json\/wp\/v2\/pages"}],"about":[{"href":"https:\/\/result.uit.no\/grunnleggende-gehor-musikkteori\/wp-json\/wp\/v2\/types\/page"}],"author":[{"embeddable":true,"href":"https:\/\/result.uit.no\/grunnleggende-gehor-musikkteori\/wp-json\/wp\/v2\/users\/1974"}],"replies":[{"embeddable":true,"href":"https:\/\/result.uit.no\/grunnleggende-gehor-musikkteori\/wp-json\/wp\/v2\/comments?post=758"}],"version-history":[{"count":0,"href":"https:\/\/result.uit.no\/grunnleggende-gehor-musikkteori\/wp-json\/wp\/v2\/pages\/758\/revisions"}],"wp:attachment":[{"href":"https:\/\/result.uit.no\/grunnleggende-gehor-musikkteori\/wp-json\/wp\/v2\/media?parent=758"}],"curies":[{"name":"wp","href":"https:\/\/api.w.org\/{rel}","templated":true}]}}